{"id":55014,"date":"2026-02-18T09:18:25","date_gmt":"2026-02-18T08:18:25","guid":{"rendered":"https:\/\/librairie7l.com\/?post_type=product&#038;p=55014"},"modified":"2026-04-20T18:14:46","modified_gmt":"2026-04-20T16:14:46","slug":"le-palais-des-doges-mythe-et-pouvoir-2","status":"publish","type":"product","link":"https:\/\/librairie7l.com\/en\/produit\/le-palais-des-doges-mythe-et-pouvoir-2\/","title":{"rendered":"LE PALAIS DES DOGES ; MYTHE ET POUVOIR"},"content":{"rendered":"<p>L&#8217;histoire de la construction du Palais des Doges est fortement li\u00e9e \u00e0 celle de la ville de Venise, se d\u00e9veloppant au gr\u00e9 de ses victoires et de ses d\u00e9faites. L&#8217;association entre le Palais et la basilique Saint-Marc, qui est en quelque sorte une \u00ab chapelle \u00bb du Palais, montre la volont\u00e9 de Venise d&#8217;associer \u00e9troitement l&#8217;administration politique de la cit\u00e9 \u00e0 son mythe constitutif, \u00e9labor\u00e9 au IXe si\u00e8cle, qui avait fait de l&#8217;\u00e9vang\u00e9liste Marc le saint patron de Venise. Ce choix est r\u00e9v\u00e9lateur d&#8217;une volont\u00e9 de pr\u00e9\u00e9minence, puisque saint Marc est le secr\u00e9taire de saint Pierre, qui est lui-m\u00eame le \u00ab prince \u00bb des ap\u00f4tres et le saint patron de Rome : c&#8217;est donc bien avec la ville des papes que Venise entend rivaliser.<\/p>\n<p>Le Palais des Doges a connu au cours des si\u00e8cles de nombreuses phases de construction et de reconstruction, mais c&#8217;est \u00e0 partir de 1342 qu&#8217;il commence \u00e0 prendre la forme que nous admirons encore aujourd&#8217;hui.<br \/>\nAu cours des agrandissements successifs, divers artistes de renom, parmi lesquels Giovanni et Gentile Bellini, Carpaccio, Titien, Tintoret, V\u00e9ron\u00e8se, Sansovino et Tiepolo, travaillent \u00e0 son ornementation, proclamant la richesse, la force et la moralit\u00e9 de la S\u00e9r\u00e9nissime ainsi que son droit \u00e0 la supr\u00e9matie.<\/p>\n<p>Cet ouvrage, illustr\u00e9 de photographies in\u00e9dites, nous permet d&#8217;en admirer la magnificence.<\/p>\n","protected":false},"excerpt":{"rendered":"<p>L&#8217;histoire de la construction du Palais des Doges est fortement li\u00e9e \u00e0 celle de la ville de Venise, se d\u00e9veloppant au gr\u00e9 de ses victoires et de ses d\u00e9faites. L&#8217;association entre le Palais et la basilique Saint-Marc, qui est en quelque sorte une \u00ab chapelle \u00bb du Palais, montre la volont\u00e9 de Venise d&#8217;associer \u00e9troitement [&hellip;]<\/p>\n","protected":false},"featured_media":55012,"template":"","meta":[],"product_cat":[2948],"product_tag":[],"acf":[],"yoast_head":"<!-- This site is optimized with the Yoast SEO plugin v20.11 - https:\/\/yoast.com\/wordpress\/plugins\/seo\/ -->\n<title>Le palais des Doges ; mythe et pouvoir - Librairie 7L<\/title>\n<meta name=\"robots\" content=\"index, follow, max-snippet:-1, max-image-preview:large, max-video-preview:-1\" \/>\n<link rel=\"canonical\" href=\"https:\/\/librairie7l.com\/en\/produit\/le-palais-des-doges-mythe-et-pouvoir-2\/\" \/>\n<meta property=\"og:locale\" content=\"en_US\" \/>\n<meta property=\"og:type\" content=\"article\" \/>\n<meta property=\"og:title\" content=\"Le palais des Doges ; mythe et pouvoir - Librairie 7L\" \/>\n<meta property=\"og:description\" content=\"L&#8217;histoire de la construction du Palais des Doges est fortement li\u00e9e \u00e0 celle de la ville de Venise, se d\u00e9veloppant au gr\u00e9 de ses victoires et de ses d\u00e9faites. L&#8217;association entre le Palais et la basilique Saint-Marc, qui est en quelque sorte une \u00ab chapelle \u00bb du Palais, montre la volont\u00e9 de Venise d&#8217;associer \u00e9troitement [&hellip;]\" \/>\n<meta property=\"og:url\" content=\"https:\/\/librairie7l.com\/en\/produit\/le-palais-des-doges-mythe-et-pouvoir-2\/\" \/>\n<meta property=\"og:site_name\" content=\"Librairie 7L\" \/>\n<meta property=\"article:modified_time\" content=\"2026-04-20T16:14:46+00:00\" \/>\n<meta property=\"og:image\" content=\"https:\/\/librairie7l.com\/wp-content\/uploads\/2014\/05\/9782021161830_1_75.jpg\" \/>\n\t<meta property=\"og:image:width\" content=\"500\" \/>\n\t<meta property=\"og:image:height\" content=\"591\" \/>\n\t<meta property=\"og:image:type\" content=\"image\/jpeg\" \/>\n<meta name=\"twitter:card\" content=\"summary_large_image\" \/>\n<meta name=\"twitter:label1\" content=\"Est. reading time\" \/>\n\t<meta name=\"twitter:data1\" content=\"1 minute\" \/>\n<script type=\"application\/ld+json\" class=\"yoast-schema-graph\">{\"@context\":\"https:\/\/schema.org\",\"@graph\":[{\"@type\":\"WebPage\",\"@id\":\"https:\/\/librairie7l.com\/en\/produit\/le-palais-des-doges-mythe-et-pouvoir-2\/\",\"url\":\"https:\/\/librairie7l.com\/en\/produit\/le-palais-des-doges-mythe-et-pouvoir-2\/\",\"name\":\"Le palais des Doges ; mythe et pouvoir - Librairie 7L\",\"isPartOf\":{\"@id\":\"https:\/\/librairie7l.com\/en\/#website\"},\"datePublished\":\"2026-02-18T08:18:25+00:00\",\"dateModified\":\"2026-04-20T16:14:46+00:00\",\"breadcrumb\":{\"@id\":\"https:\/\/librairie7l.com\/en\/produit\/le-palais-des-doges-mythe-et-pouvoir-2\/#breadcrumb\"},\"inLanguage\":\"en-US\",\"potentialAction\":[{\"@type\":\"ReadAction\",\"target\":[\"https:\/\/librairie7l.com\/en\/produit\/le-palais-des-doges-mythe-et-pouvoir-2\/\"]}]},{\"@type\":\"BreadcrumbList\",\"@id\":\"https:\/\/librairie7l.com\/en\/produit\/le-palais-des-doges-mythe-et-pouvoir-2\/#breadcrumb\",\"itemListElement\":[{\"@type\":\"ListItem\",\"position\":1,\"name\":\"Accueil\",\"item\":\"https:\/\/librairie7l.com\/en\/\"},{\"@type\":\"ListItem\",\"position\":2,\"name\":\"Shop\",\"item\":\"https:\/\/librairie7l.com\/en\/shop\/\"},{\"@type\":\"ListItem\",\"position\":3,\"name\":\"LE PALAIS DES DOGES ; MYTHE ET POUVOIR\"}]},{\"@type\":\"WebSite\",\"@id\":\"https:\/\/librairie7l.com\/en\/#website\",\"url\":\"https:\/\/librairie7l.com\/en\/\",\"name\":\"Librairie 7L\",\"description\":\"Librairie fond\u00e9e en 1999 par Karl Lagerfeld \u00e0 Paris\",\"publisher\":{\"@id\":\"https:\/\/librairie7l.com\/en\/#organization\"},\"potentialAction\":[{\"@type\":\"SearchAction\",\"target\":{\"@type\":\"EntryPoint\",\"urlTemplate\":\"https:\/\/librairie7l.com\/en\/?s={search_term_string}\"},\"query-input\":\"required name=search_term_string\"}],\"inLanguage\":\"en-US\"},{\"@type\":\"Organization\",\"@id\":\"https:\/\/librairie7l.com\/en\/#organization\",\"name\":\"Librairie 7L\",\"url\":\"https:\/\/librairie7l.com\/en\/\",\"logo\":{\"@type\":\"ImageObject\",\"inLanguage\":\"en-US\",\"@id\":\"https:\/\/librairie7l.com\/en\/#\/schema\/logo\/image\/\",\"url\":\"https:\/\/librairie7l.com\/wp-content\/uploads\/2022\/08\/logo-1.png\",\"contentUrl\":\"https:\/\/librairie7l.com\/wp-content\/uploads\/2022\/08\/logo-1.png\",\"width\":227,\"height\":301,\"caption\":\"Librairie 7L\"},\"image\":{\"@id\":\"https:\/\/librairie7l.com\/en\/#\/schema\/logo\/image\/\"}}]}<\/script>\n<!-- \/ Yoast SEO plugin. -->","yoast_head_json":{"title":"Le palais des Doges ; mythe et pouvoir - Librairie 7L","robots":{"index":"index","follow":"follow","max-snippet":"max-snippet:-1","max-image-preview":"max-image-preview:large","max-video-preview":"max-video-preview:-1"},"canonical":"https:\/\/librairie7l.com\/en\/produit\/le-palais-des-doges-mythe-et-pouvoir-2\/","og_locale":"en_US","og_type":"article","og_title":"Le palais des Doges ; mythe et pouvoir - Librairie 7L","og_description":"L&#8217;histoire de la construction du Palais des Doges est fortement li\u00e9e \u00e0 celle de la ville de Venise, se d\u00e9veloppant au gr\u00e9 de ses victoires et de ses d\u00e9faites. L&#8217;association entre le Palais et la basilique Saint-Marc, qui est en quelque sorte une \u00ab chapelle \u00bb du Palais, montre la volont\u00e9 de Venise d&#8217;associer \u00e9troitement [&hellip;]","og_url":"https:\/\/librairie7l.com\/en\/produit\/le-palais-des-doges-mythe-et-pouvoir-2\/","og_site_name":"Librairie 7L","article_modified_time":"2026-04-20T16:14:46+00:00","og_image":[{"width":500,"height":591,"url":"https:\/\/librairie7l.com\/wp-content\/uploads\/2014\/05\/9782021161830_1_75.jpg","type":"image\/jpeg"}],"twitter_card":"summary_large_image","twitter_misc":{"Est. reading time":"1 minute"},"schema":{"@context":"https:\/\/schema.org","@graph":[{"@type":"WebPage","@id":"https:\/\/librairie7l.com\/en\/produit\/le-palais-des-doges-mythe-et-pouvoir-2\/","url":"https:\/\/librairie7l.com\/en\/produit\/le-palais-des-doges-mythe-et-pouvoir-2\/","name":"Le palais des Doges ; mythe et pouvoir - Librairie 7L","isPartOf":{"@id":"https:\/\/librairie7l.com\/en\/#website"},"datePublished":"2026-02-18T08:18:25+00:00","dateModified":"2026-04-20T16:14:46+00:00","breadcrumb":{"@id":"https:\/\/librairie7l.com\/en\/produit\/le-palais-des-doges-mythe-et-pouvoir-2\/#breadcrumb"},"inLanguage":"en-US","potentialAction":[{"@type":"ReadAction","target":["https:\/\/librairie7l.com\/en\/produit\/le-palais-des-doges-mythe-et-pouvoir-2\/"]}]},{"@type":"BreadcrumbList","@id":"https:\/\/librairie7l.com\/en\/produit\/le-palais-des-doges-mythe-et-pouvoir-2\/#breadcrumb","itemListElement":[{"@type":"ListItem","position":1,"name":"Accueil","item":"https:\/\/librairie7l.com\/en\/"},{"@type":"ListItem","position":2,"name":"Shop","item":"https:\/\/librairie7l.com\/en\/shop\/"},{"@type":"ListItem","position":3,"name":"LE PALAIS DES DOGES ; MYTHE ET POUVOIR"}]},{"@type":"WebSite","@id":"https:\/\/librairie7l.com\/en\/#website","url":"https:\/\/librairie7l.com\/en\/","name":"Librairie 7L","description":"Librairie fond\u00e9e en 1999 par Karl Lagerfeld \u00e0 Paris","publisher":{"@id":"https:\/\/librairie7l.com\/en\/#organization"},"potentialAction":[{"@type":"SearchAction","target":{"@type":"EntryPoint","urlTemplate":"https:\/\/librairie7l.com\/en\/?s={search_term_string}"},"query-input":"required name=search_term_string"}],"inLanguage":"en-US"},{"@type":"Organization","@id":"https:\/\/librairie7l.com\/en\/#organization","name":"Librairie 7L","url":"https:\/\/librairie7l.com\/en\/","logo":{"@type":"ImageObject","inLanguage":"en-US","@id":"https:\/\/librairie7l.com\/en\/#\/schema\/logo\/image\/","url":"https:\/\/librairie7l.com\/wp-content\/uploads\/2022\/08\/logo-1.png","contentUrl":"https:\/\/librairie7l.com\/wp-content\/uploads\/2022\/08\/logo-1.png","width":227,"height":301,"caption":"Librairie 7L"},"image":{"@id":"https:\/\/librairie7l.com\/en\/#\/schema\/logo\/image\/"}}]}},"_links":{"self":[{"href":"https:\/\/librairie7l.com\/en\/wp-json\/wp\/v2\/product\/55014"}],"collection":[{"href":"https:\/\/librairie7l.com\/en\/wp-json\/wp\/v2\/product"}],"about":[{"href":"https:\/\/librairie7l.com\/en\/wp-json\/wp\/v2\/types\/product"}],"wp:featuredmedia":[{"embeddable":true,"href":"https:\/\/librairie7l.com\/en\/wp-json\/wp\/v2\/media\/55012"}],"wp:attachment":[{"href":"https:\/\/librairie7l.com\/en\/wp-json\/wp\/v2\/media?parent=55014"}],"wp:term":[{"taxonomy":"product_cat","embeddable":true,"href":"https:\/\/librairie7l.com\/en\/wp-json\/wp\/v2\/product_cat?post=55014"},{"taxonomy":"product_tag","embeddable":true,"href":"https:\/\/librairie7l.com\/en\/wp-json\/wp\/v2\/product_tag?post=55014"}],"curies":[{"name":"wp","href":"https:\/\/api.w.org\/{rel}","templated":true}]}}