{"id":55022,"date":"2026-02-18T10:16:09","date_gmt":"2026-02-18T09:16:09","guid":{"rendered":"https:\/\/librairie7l.com\/?post_type=product&#038;p=55022"},"modified":"2026-04-20T18:18:35","modified_gmt":"2026-04-20T16:18:35","slug":"lettres-decoratives-a-century-of-french-sign-painters-alphabets-2","status":"publish","type":"product","link":"https:\/\/librairie7l.com\/en\/produit\/lettres-decoratives-a-century-of-french-sign-painters-alphabets-2\/","title":{"rendered":"LETTRES D\u00c9CORATIVES : A CENTURY OF FRENCH SIGN PAINTERS&#8217; ALPHABETS"},"content":{"rendered":"<p>Cet ouvrage propose la reproduction fid\u00e8le de 12 albums alphab\u00e9tiques color\u00e9s qui \u00e9taient utilis\u00e9s par les peintres fran\u00e7ais denseignes du XIXe et du d\u00e9but du XXe si\u00e8cle. \u00c0 partir du XIXe si\u00e8cle, les peintres denseignes ornaient les les devantures des villes fran\u00e7aises avec des eiseignes dans des styles allant de l\u00e9l\u00e9gant \u00e0 lexcentrique. De grands portefeuilles chromolithographiques ont fourni \u00e0 ces artisans une gamme de mod\u00e8les pour sinspirer, des aides p\u00e9dagogiques et des d\u00e9monstrations de comp\u00e9tences techniques. Avec plus de 150 reproductions \u00e0 grande \u00e9chelle de ces lettrages uniques, Lettres D\u00e9coratives propose une s\u00e9lection de planches issues de ces portfolios publi\u00e9s \u00e0 lorigine du milieu des ann\u00e9es 1800 aux ann\u00e9es 1930. Con\u00e7u pour Letterform Archive par le studio fran\u00e7ais Violaine &amp; J\u00e9r\u00e9my, le livre-objet \u00e0 la fabrication luxueuse pr\u00e9sente un format impressionnant (utile pour les peintres en lettres) et une couverture originale.<\/p>\n","protected":false},"excerpt":{"rendered":"<p>Cet ouvrage propose la reproduction fid\u00e8le de 12 albums alphab\u00e9tiques color\u00e9s qui \u00e9taient utilis\u00e9s par les peintres fran\u00e7ais denseignes du XIXe et du d\u00e9but du XXe si\u00e8cle. \u00c0 partir du XIXe si\u00e8cle, les peintres denseignes ornaient les les devantures des villes fran\u00e7aises avec des eiseignes dans des styles allant de l\u00e9l\u00e9gant \u00e0 lexcentrique. De grands [&hellip;]<\/p>\n","protected":false},"featured_media":55020,"template":"","meta":[],"product_cat":[2948],"product_tag":[],"acf":[],"yoast_head":"<!-- This site is optimized with the Yoast SEO plugin v20.11 - https:\/\/yoast.com\/wordpress\/plugins\/seo\/ -->\n<title>Lettres D\u00e9coratives : A Century of French Sign Painters&#039; Alphabets - Librairie 7L<\/title>\n<meta name=\"robots\" content=\"index, follow, max-snippet:-1, max-image-preview:large, max-video-preview:-1\" \/>\n<link rel=\"canonical\" href=\"https:\/\/librairie7l.com\/en\/produit\/lettres-decoratives-a-century-of-french-sign-painters-alphabets-2\/\" \/>\n<meta property=\"og:locale\" content=\"en_US\" \/>\n<meta property=\"og:type\" content=\"article\" \/>\n<meta property=\"og:title\" content=\"Lettres D\u00e9coratives : A Century of French Sign Painters&#039; Alphabets - Librairie 7L\" \/>\n<meta property=\"og:description\" content=\"Cet ouvrage propose la reproduction fid\u00e8le de 12 albums alphab\u00e9tiques color\u00e9s qui \u00e9taient utilis\u00e9s par les peintres fran\u00e7ais denseignes du XIXe et du d\u00e9but du XXe si\u00e8cle. \u00c0 partir du XIXe si\u00e8cle, les peintres denseignes ornaient les les devantures des villes fran\u00e7aises avec des eiseignes dans des styles allant de l\u00e9l\u00e9gant \u00e0 lexcentrique. De grands [&hellip;]\" \/>\n<meta property=\"og:url\" content=\"https:\/\/librairie7l.com\/en\/produit\/lettres-decoratives-a-century-of-french-sign-painters-alphabets-2\/\" \/>\n<meta property=\"og:site_name\" content=\"Librairie 7L\" \/>\n<meta property=\"article:modified_time\" content=\"2026-04-20T16:18:35+00:00\" \/>\n<meta property=\"og:image\" content=\"https:\/\/librairie7l.com\/wp-content\/uploads\/2025\/08\/9798989142392_1_75.jpg\" \/>\n\t<meta property=\"og:image:width\" content=\"367\" \/>\n\t<meta property=\"og:image:height\" content=\"500\" \/>\n\t<meta property=\"og:image:type\" content=\"image\/jpeg\" \/>\n<meta name=\"twitter:card\" content=\"summary_large_image\" \/>\n<meta name=\"twitter:label1\" content=\"Est. reading time\" \/>\n\t<meta name=\"twitter:data1\" content=\"1 minute\" \/>\n<script type=\"application\/ld+json\" class=\"yoast-schema-graph\">{\"@context\":\"https:\/\/schema.org\",\"@graph\":[{\"@type\":\"WebPage\",\"@id\":\"https:\/\/librairie7l.com\/en\/produit\/lettres-decoratives-a-century-of-french-sign-painters-alphabets-2\/\",\"url\":\"https:\/\/librairie7l.com\/en\/produit\/lettres-decoratives-a-century-of-french-sign-painters-alphabets-2\/\",\"name\":\"Lettres D\u00e9coratives : A Century of French Sign Painters' Alphabets - Librairie 7L\",\"isPartOf\":{\"@id\":\"https:\/\/librairie7l.com\/en\/#website\"},\"datePublished\":\"2026-02-18T09:16:09+00:00\",\"dateModified\":\"2026-04-20T16:18:35+00:00\",\"breadcrumb\":{\"@id\":\"https:\/\/librairie7l.com\/en\/produit\/lettres-decoratives-a-century-of-french-sign-painters-alphabets-2\/#breadcrumb\"},\"inLanguage\":\"en-US\",\"potentialAction\":[{\"@type\":\"ReadAction\",\"target\":[\"https:\/\/librairie7l.com\/en\/produit\/lettres-decoratives-a-century-of-french-sign-painters-alphabets-2\/\"]}]},{\"@type\":\"BreadcrumbList\",\"@id\":\"https:\/\/librairie7l.com\/en\/produit\/lettres-decoratives-a-century-of-french-sign-painters-alphabets-2\/#breadcrumb\",\"itemListElement\":[{\"@type\":\"ListItem\",\"position\":1,\"name\":\"Accueil\",\"item\":\"https:\/\/librairie7l.com\/en\/\"},{\"@type\":\"ListItem\",\"position\":2,\"name\":\"Shop\",\"item\":\"https:\/\/librairie7l.com\/en\/shop\/\"},{\"@type\":\"ListItem\",\"position\":3,\"name\":\"LETTRES D\u00c9CORATIVES : A CENTURY OF FRENCH SIGN PAINTERS&#8217; ALPHABETS\"}]},{\"@type\":\"WebSite\",\"@id\":\"https:\/\/librairie7l.com\/en\/#website\",\"url\":\"https:\/\/librairie7l.com\/en\/\",\"name\":\"Librairie 7L\",\"description\":\"Librairie fond\u00e9e en 1999 par Karl Lagerfeld \u00e0 Paris\",\"publisher\":{\"@id\":\"https:\/\/librairie7l.com\/en\/#organization\"},\"potentialAction\":[{\"@type\":\"SearchAction\",\"target\":{\"@type\":\"EntryPoint\",\"urlTemplate\":\"https:\/\/librairie7l.com\/en\/?s={search_term_string}\"},\"query-input\":\"required name=search_term_string\"}],\"inLanguage\":\"en-US\"},{\"@type\":\"Organization\",\"@id\":\"https:\/\/librairie7l.com\/en\/#organization\",\"name\":\"Librairie 7L\",\"url\":\"https:\/\/librairie7l.com\/en\/\",\"logo\":{\"@type\":\"ImageObject\",\"inLanguage\":\"en-US\",\"@id\":\"https:\/\/librairie7l.com\/en\/#\/schema\/logo\/image\/\",\"url\":\"https:\/\/librairie7l.com\/wp-content\/uploads\/2022\/08\/logo-1.png\",\"contentUrl\":\"https:\/\/librairie7l.com\/wp-content\/uploads\/2022\/08\/logo-1.png\",\"width\":227,\"height\":301,\"caption\":\"Librairie 7L\"},\"image\":{\"@id\":\"https:\/\/librairie7l.com\/en\/#\/schema\/logo\/image\/\"}}]}<\/script>\n<!-- \/ Yoast SEO plugin. -->","yoast_head_json":{"title":"Lettres D\u00e9coratives : A Century of French Sign Painters' Alphabets - Librairie 7L","robots":{"index":"index","follow":"follow","max-snippet":"max-snippet:-1","max-image-preview":"max-image-preview:large","max-video-preview":"max-video-preview:-1"},"canonical":"https:\/\/librairie7l.com\/en\/produit\/lettres-decoratives-a-century-of-french-sign-painters-alphabets-2\/","og_locale":"en_US","og_type":"article","og_title":"Lettres D\u00e9coratives : A Century of French Sign Painters' Alphabets - Librairie 7L","og_description":"Cet ouvrage propose la reproduction fid\u00e8le de 12 albums alphab\u00e9tiques color\u00e9s qui \u00e9taient utilis\u00e9s par les peintres fran\u00e7ais denseignes du XIXe et du d\u00e9but du XXe si\u00e8cle. \u00c0 partir du XIXe si\u00e8cle, les peintres denseignes ornaient les les devantures des villes fran\u00e7aises avec des eiseignes dans des styles allant de l\u00e9l\u00e9gant \u00e0 lexcentrique. De grands [&hellip;]","og_url":"https:\/\/librairie7l.com\/en\/produit\/lettres-decoratives-a-century-of-french-sign-painters-alphabets-2\/","og_site_name":"Librairie 7L","article_modified_time":"2026-04-20T16:18:35+00:00","og_image":[{"width":367,"height":500,"url":"https:\/\/librairie7l.com\/wp-content\/uploads\/2025\/08\/9798989142392_1_75.jpg","type":"image\/jpeg"}],"twitter_card":"summary_large_image","twitter_misc":{"Est. reading time":"1 minute"},"schema":{"@context":"https:\/\/schema.org","@graph":[{"@type":"WebPage","@id":"https:\/\/librairie7l.com\/en\/produit\/lettres-decoratives-a-century-of-french-sign-painters-alphabets-2\/","url":"https:\/\/librairie7l.com\/en\/produit\/lettres-decoratives-a-century-of-french-sign-painters-alphabets-2\/","name":"Lettres D\u00e9coratives : A Century of French Sign Painters' Alphabets - Librairie 7L","isPartOf":{"@id":"https:\/\/librairie7l.com\/en\/#website"},"datePublished":"2026-02-18T09:16:09+00:00","dateModified":"2026-04-20T16:18:35+00:00","breadcrumb":{"@id":"https:\/\/librairie7l.com\/en\/produit\/lettres-decoratives-a-century-of-french-sign-painters-alphabets-2\/#breadcrumb"},"inLanguage":"en-US","potentialAction":[{"@type":"ReadAction","target":["https:\/\/librairie7l.com\/en\/produit\/lettres-decoratives-a-century-of-french-sign-painters-alphabets-2\/"]}]},{"@type":"BreadcrumbList","@id":"https:\/\/librairie7l.com\/en\/produit\/lettres-decoratives-a-century-of-french-sign-painters-alphabets-2\/#breadcrumb","itemListElement":[{"@type":"ListItem","position":1,"name":"Accueil","item":"https:\/\/librairie7l.com\/en\/"},{"@type":"ListItem","position":2,"name":"Shop","item":"https:\/\/librairie7l.com\/en\/shop\/"},{"@type":"ListItem","position":3,"name":"LETTRES D\u00c9CORATIVES : A CENTURY OF FRENCH SIGN PAINTERS&#8217; ALPHABETS"}]},{"@type":"WebSite","@id":"https:\/\/librairie7l.com\/en\/#website","url":"https:\/\/librairie7l.com\/en\/","name":"Librairie 7L","description":"Librairie fond\u00e9e en 1999 par Karl Lagerfeld \u00e0 Paris","publisher":{"@id":"https:\/\/librairie7l.com\/en\/#organization"},"potentialAction":[{"@type":"SearchAction","target":{"@type":"EntryPoint","urlTemplate":"https:\/\/librairie7l.com\/en\/?s={search_term_string}"},"query-input":"required name=search_term_string"}],"inLanguage":"en-US"},{"@type":"Organization","@id":"https:\/\/librairie7l.com\/en\/#organization","name":"Librairie 7L","url":"https:\/\/librairie7l.com\/en\/","logo":{"@type":"ImageObject","inLanguage":"en-US","@id":"https:\/\/librairie7l.com\/en\/#\/schema\/logo\/image\/","url":"https:\/\/librairie7l.com\/wp-content\/uploads\/2022\/08\/logo-1.png","contentUrl":"https:\/\/librairie7l.com\/wp-content\/uploads\/2022\/08\/logo-1.png","width":227,"height":301,"caption":"Librairie 7L"},"image":{"@id":"https:\/\/librairie7l.com\/en\/#\/schema\/logo\/image\/"}}]}},"_links":{"self":[{"href":"https:\/\/librairie7l.com\/en\/wp-json\/wp\/v2\/product\/55022"}],"collection":[{"href":"https:\/\/librairie7l.com\/en\/wp-json\/wp\/v2\/product"}],"about":[{"href":"https:\/\/librairie7l.com\/en\/wp-json\/wp\/v2\/types\/product"}],"wp:featuredmedia":[{"embeddable":true,"href":"https:\/\/librairie7l.com\/en\/wp-json\/wp\/v2\/media\/55020"}],"wp:attachment":[{"href":"https:\/\/librairie7l.com\/en\/wp-json\/wp\/v2\/media?parent=55022"}],"wp:term":[{"taxonomy":"product_cat","embeddable":true,"href":"https:\/\/librairie7l.com\/en\/wp-json\/wp\/v2\/product_cat?post=55022"},{"taxonomy":"product_tag","embeddable":true,"href":"https:\/\/librairie7l.com\/en\/wp-json\/wp\/v2\/product_tag?post=55022"}],"curies":[{"name":"wp","href":"https:\/\/api.w.org\/{rel}","templated":true}]}}