{"id":55034,"date":"2026-02-18T10:16:16","date_gmt":"2026-02-18T09:16:16","guid":{"rendered":"https:\/\/librairie7l.com\/?post_type=product&#038;p=55034"},"modified":"2026-04-20T18:17:43","modified_gmt":"2026-04-20T16:17:43","slug":"un-certain-gout-pour-lorient-xviiie-et-xixe-siecles-2","status":"publish","type":"product","link":"https:\/\/librairie7l.com\/en\/produit\/un-certain-gout-pour-lorient-xviiie-et-xixe-siecles-2\/","title":{"rendered":"UN CERTAIN GO\u00dbT POUR L&#8217;ORIENT ; XVIIIE ET XIXE SI\u00c8CLES"},"content":{"rendered":"<p>Au Si\u00e8cle des Lumi\u00e8res l&#8217;architecture int\u00e9rieure, qui tient un r\u00f4le primordial dans la qu\u00eate du bonheur, est soumise au nouvel imp\u00e9ratif d&#8217;une sensibilit\u00e9 que l&#8217;on ose revendiquer.<br \/>\n&#8221; Renouveler perp\u00e9tuellement les sensations, (&#8230;) faire &#8221; fr\u00e9mir l&#8217;\u00e2me &#8220;, telle est d\u00e9sormais l&#8217;ambition de tout un chacun &#8220;. Aux XVIIIe et XIXe si\u00e8cles, quelques architectes et th\u00e9oriciens, en butte \u00e0 la supr\u00e9matie du mod\u00e8le antique, invoquent de nouvelles sources d&#8217;inspiration pour obtenir la vari\u00e9t\u00e9 \u00e0 laquelle aspirent les riches commanditaires dans le d\u00e9cor int\u00e9rieur de leurs demeures. Le &#8221; go\u00fbt exotique &#8220;, qui d\u00e9signe le go\u00fbt des formes d&#8217;art et des moeurs des peuples lointains, autrement dit des cultures non-occidentales, appara\u00eet \u00e0 m\u00eame de stimuler l&#8217;imagination des cr\u00e9ateurs de d\u00e9cors et de leurs spectateurs.<br \/>\nLes salons chinois, les boudoirs &#8221; \u00e0 la turque &#8221; ou les chambres tendues de &#8221; perse &#8221; font leur apparition. Comble de la vari\u00e9t\u00e9, r\u00e9ponse ultime \u00e0 cette recherche perp\u00e9tuelle de plaisir et de d\u00e9paysement, on rencontre parfois, au sein d&#8217;un seul et m\u00eame appartement, une succession de d\u00e9cors qui transportent le propri\u00e9taire des lieux, sans sortir de chez lui, dans des univers diff\u00e9rents. De l&#8217;Angleterre \u00e0 la Su\u00e8de, du Portugal \u00e0 la Russie, certains de ces d\u00e9cors exotiques, parfois extravagants, sont parvenus jusqu&#8217;\u00e0 nous et continuent d&#8217;exercer leur fascinant pouvoir d\u00e9paysant sur les visiteurs contemporains.<br \/>\nNostalgie des origines, d&#8217;un monde meilleur fantasm\u00e9, ou volont\u00e9 d&#8217;\u00e9vasion, de fuite hors du temps et de l&#8217;espace, ils nous expliquent comment ces aspirations ont pris corps au sein de la sph\u00e8re priv\u00e9e ; qui \u00e9taient ces hommes, princes \u00e9rudits, artistes ou po\u00e8tes fortun\u00e9s, ayant pr\u00e9sid\u00e9 \u00e0 la cr\u00e9ation de ces lieux exotiques qui, aujourd&#8217;hui encore, nous transportent ailleurs.<\/p>\n","protected":false},"excerpt":{"rendered":"<p>Au Si\u00e8cle des Lumi\u00e8res l&#8217;architecture int\u00e9rieure, qui tient un r\u00f4le primordial dans la qu\u00eate du bonheur, est soumise au nouvel imp\u00e9ratif d&#8217;une sensibilit\u00e9 que l&#8217;on ose revendiquer. &#8221; Renouveler perp\u00e9tuellement les sensations, (&#8230;) faire &#8221; fr\u00e9mir l&#8217;\u00e2me &#8220;, telle est d\u00e9sormais l&#8217;ambition de tout un chacun &#8220;. Aux XVIIIe et XIXe si\u00e8cles, quelques architectes et [&hellip;]<\/p>\n","protected":false},"featured_media":55032,"template":"","meta":[],"product_cat":[2948],"product_tag":[],"acf":[],"yoast_head":"<!-- This site is optimized with the Yoast SEO plugin v20.11 - https:\/\/yoast.com\/wordpress\/plugins\/seo\/ -->\n<title>Un certain go\u00fbt pour l&#039;Orient ; XVIIIe et XIXe si\u00e8cles - Librairie 7L<\/title>\n<meta name=\"robots\" content=\"index, follow, max-snippet:-1, max-image-preview:large, max-video-preview:-1\" \/>\n<link rel=\"canonical\" href=\"https:\/\/librairie7l.com\/en\/produit\/un-certain-gout-pour-lorient-xviiie-et-xixe-siecles-2\/\" \/>\n<meta property=\"og:locale\" content=\"en_US\" \/>\n<meta property=\"og:type\" content=\"article\" \/>\n<meta property=\"og:title\" content=\"Un certain go\u00fbt pour l&#039;Orient ; XVIIIe et XIXe si\u00e8cles - Librairie 7L\" \/>\n<meta property=\"og:description\" content=\"Au Si\u00e8cle des Lumi\u00e8res l&#8217;architecture int\u00e9rieure, qui tient un r\u00f4le primordial dans la qu\u00eate du bonheur, est soumise au nouvel imp\u00e9ratif d&#8217;une sensibilit\u00e9 que l&#8217;on ose revendiquer. &#8221; Renouveler perp\u00e9tuellement les sensations, (&#8230;) faire &#8221; fr\u00e9mir l&#8217;\u00e2me &#8220;, telle est d\u00e9sormais l&#8217;ambition de tout un chacun &#8220;. Aux XVIIIe et XIXe si\u00e8cles, quelques architectes et [&hellip;]\" \/>\n<meta property=\"og:url\" content=\"https:\/\/librairie7l.com\/en\/produit\/un-certain-gout-pour-lorient-xviiie-et-xixe-siecles-2\/\" \/>\n<meta property=\"og:site_name\" content=\"Librairie 7L\" \/>\n<meta property=\"article:modified_time\" content=\"2026-04-20T16:17:43+00:00\" \/>\n<meta property=\"og:image\" content=\"https:\/\/librairie7l.com\/wp-content\/uploads\/2010\/06\/9782850882906_1_75.jpg\" \/>\n\t<meta property=\"og:image:width\" content=\"250\" \/>\n\t<meta property=\"og:image:height\" content=\"336\" \/>\n\t<meta property=\"og:image:type\" content=\"image\/jpeg\" \/>\n<meta name=\"twitter:card\" content=\"summary_large_image\" \/>\n<meta name=\"twitter:label1\" content=\"Est. reading time\" \/>\n\t<meta name=\"twitter:data1\" content=\"2 minutes\" \/>\n<script type=\"application\/ld+json\" class=\"yoast-schema-graph\">{\"@context\":\"https:\/\/schema.org\",\"@graph\":[{\"@type\":\"WebPage\",\"@id\":\"https:\/\/librairie7l.com\/en\/produit\/un-certain-gout-pour-lorient-xviiie-et-xixe-siecles-2\/\",\"url\":\"https:\/\/librairie7l.com\/en\/produit\/un-certain-gout-pour-lorient-xviiie-et-xixe-siecles-2\/\",\"name\":\"Un certain go\u00fbt pour l'Orient ; XVIIIe et XIXe si\u00e8cles - Librairie 7L\",\"isPartOf\":{\"@id\":\"https:\/\/librairie7l.com\/en\/#website\"},\"datePublished\":\"2026-02-18T09:16:16+00:00\",\"dateModified\":\"2026-04-20T16:17:43+00:00\",\"breadcrumb\":{\"@id\":\"https:\/\/librairie7l.com\/en\/produit\/un-certain-gout-pour-lorient-xviiie-et-xixe-siecles-2\/#breadcrumb\"},\"inLanguage\":\"en-US\",\"potentialAction\":[{\"@type\":\"ReadAction\",\"target\":[\"https:\/\/librairie7l.com\/en\/produit\/un-certain-gout-pour-lorient-xviiie-et-xixe-siecles-2\/\"]}]},{\"@type\":\"BreadcrumbList\",\"@id\":\"https:\/\/librairie7l.com\/en\/produit\/un-certain-gout-pour-lorient-xviiie-et-xixe-siecles-2\/#breadcrumb\",\"itemListElement\":[{\"@type\":\"ListItem\",\"position\":1,\"name\":\"Accueil\",\"item\":\"https:\/\/librairie7l.com\/en\/\"},{\"@type\":\"ListItem\",\"position\":2,\"name\":\"Shop\",\"item\":\"https:\/\/librairie7l.com\/en\/shop\/\"},{\"@type\":\"ListItem\",\"position\":3,\"name\":\"UN CERTAIN GO\u00dbT POUR L&#8217;ORIENT ; XVIIIE ET XIXE SI\u00c8CLES\"}]},{\"@type\":\"WebSite\",\"@id\":\"https:\/\/librairie7l.com\/en\/#website\",\"url\":\"https:\/\/librairie7l.com\/en\/\",\"name\":\"Librairie 7L\",\"description\":\"Librairie fond\u00e9e en 1999 par Karl Lagerfeld \u00e0 Paris\",\"publisher\":{\"@id\":\"https:\/\/librairie7l.com\/en\/#organization\"},\"potentialAction\":[{\"@type\":\"SearchAction\",\"target\":{\"@type\":\"EntryPoint\",\"urlTemplate\":\"https:\/\/librairie7l.com\/en\/?s={search_term_string}\"},\"query-input\":\"required name=search_term_string\"}],\"inLanguage\":\"en-US\"},{\"@type\":\"Organization\",\"@id\":\"https:\/\/librairie7l.com\/en\/#organization\",\"name\":\"Librairie 7L\",\"url\":\"https:\/\/librairie7l.com\/en\/\",\"logo\":{\"@type\":\"ImageObject\",\"inLanguage\":\"en-US\",\"@id\":\"https:\/\/librairie7l.com\/en\/#\/schema\/logo\/image\/\",\"url\":\"https:\/\/librairie7l.com\/wp-content\/uploads\/2022\/08\/logo-1.png\",\"contentUrl\":\"https:\/\/librairie7l.com\/wp-content\/uploads\/2022\/08\/logo-1.png\",\"width\":227,\"height\":301,\"caption\":\"Librairie 7L\"},\"image\":{\"@id\":\"https:\/\/librairie7l.com\/en\/#\/schema\/logo\/image\/\"}}]}<\/script>\n<!-- \/ Yoast SEO plugin. -->","yoast_head_json":{"title":"Un certain go\u00fbt pour l'Orient ; XVIIIe et XIXe si\u00e8cles - Librairie 7L","robots":{"index":"index","follow":"follow","max-snippet":"max-snippet:-1","max-image-preview":"max-image-preview:large","max-video-preview":"max-video-preview:-1"},"canonical":"https:\/\/librairie7l.com\/en\/produit\/un-certain-gout-pour-lorient-xviiie-et-xixe-siecles-2\/","og_locale":"en_US","og_type":"article","og_title":"Un certain go\u00fbt pour l'Orient ; XVIIIe et XIXe si\u00e8cles - Librairie 7L","og_description":"Au Si\u00e8cle des Lumi\u00e8res l&#8217;architecture int\u00e9rieure, qui tient un r\u00f4le primordial dans la qu\u00eate du bonheur, est soumise au nouvel imp\u00e9ratif d&#8217;une sensibilit\u00e9 que l&#8217;on ose revendiquer. &#8221; Renouveler perp\u00e9tuellement les sensations, (&#8230;) faire &#8221; fr\u00e9mir l&#8217;\u00e2me &#8220;, telle est d\u00e9sormais l&#8217;ambition de tout un chacun &#8220;. Aux XVIIIe et XIXe si\u00e8cles, quelques architectes et [&hellip;]","og_url":"https:\/\/librairie7l.com\/en\/produit\/un-certain-gout-pour-lorient-xviiie-et-xixe-siecles-2\/","og_site_name":"Librairie 7L","article_modified_time":"2026-04-20T16:17:43+00:00","og_image":[{"width":250,"height":336,"url":"https:\/\/librairie7l.com\/wp-content\/uploads\/2010\/06\/9782850882906_1_75.jpg","type":"image\/jpeg"}],"twitter_card":"summary_large_image","twitter_misc":{"Est. reading time":"2 minutes"},"schema":{"@context":"https:\/\/schema.org","@graph":[{"@type":"WebPage","@id":"https:\/\/librairie7l.com\/en\/produit\/un-certain-gout-pour-lorient-xviiie-et-xixe-siecles-2\/","url":"https:\/\/librairie7l.com\/en\/produit\/un-certain-gout-pour-lorient-xviiie-et-xixe-siecles-2\/","name":"Un certain go\u00fbt pour l'Orient ; XVIIIe et XIXe si\u00e8cles - Librairie 7L","isPartOf":{"@id":"https:\/\/librairie7l.com\/en\/#website"},"datePublished":"2026-02-18T09:16:16+00:00","dateModified":"2026-04-20T16:17:43+00:00","breadcrumb":{"@id":"https:\/\/librairie7l.com\/en\/produit\/un-certain-gout-pour-lorient-xviiie-et-xixe-siecles-2\/#breadcrumb"},"inLanguage":"en-US","potentialAction":[{"@type":"ReadAction","target":["https:\/\/librairie7l.com\/en\/produit\/un-certain-gout-pour-lorient-xviiie-et-xixe-siecles-2\/"]}]},{"@type":"BreadcrumbList","@id":"https:\/\/librairie7l.com\/en\/produit\/un-certain-gout-pour-lorient-xviiie-et-xixe-siecles-2\/#breadcrumb","itemListElement":[{"@type":"ListItem","position":1,"name":"Accueil","item":"https:\/\/librairie7l.com\/en\/"},{"@type":"ListItem","position":2,"name":"Shop","item":"https:\/\/librairie7l.com\/en\/shop\/"},{"@type":"ListItem","position":3,"name":"UN CERTAIN GO\u00dbT POUR L&#8217;ORIENT ; XVIIIE ET XIXE SI\u00c8CLES"}]},{"@type":"WebSite","@id":"https:\/\/librairie7l.com\/en\/#website","url":"https:\/\/librairie7l.com\/en\/","name":"Librairie 7L","description":"Librairie fond\u00e9e en 1999 par Karl Lagerfeld \u00e0 Paris","publisher":{"@id":"https:\/\/librairie7l.com\/en\/#organization"},"potentialAction":[{"@type":"SearchAction","target":{"@type":"EntryPoint","urlTemplate":"https:\/\/librairie7l.com\/en\/?s={search_term_string}"},"query-input":"required name=search_term_string"}],"inLanguage":"en-US"},{"@type":"Organization","@id":"https:\/\/librairie7l.com\/en\/#organization","name":"Librairie 7L","url":"https:\/\/librairie7l.com\/en\/","logo":{"@type":"ImageObject","inLanguage":"en-US","@id":"https:\/\/librairie7l.com\/en\/#\/schema\/logo\/image\/","url":"https:\/\/librairie7l.com\/wp-content\/uploads\/2022\/08\/logo-1.png","contentUrl":"https:\/\/librairie7l.com\/wp-content\/uploads\/2022\/08\/logo-1.png","width":227,"height":301,"caption":"Librairie 7L"},"image":{"@id":"https:\/\/librairie7l.com\/en\/#\/schema\/logo\/image\/"}}]}},"_links":{"self":[{"href":"https:\/\/librairie7l.com\/en\/wp-json\/wp\/v2\/product\/55034"}],"collection":[{"href":"https:\/\/librairie7l.com\/en\/wp-json\/wp\/v2\/product"}],"about":[{"href":"https:\/\/librairie7l.com\/en\/wp-json\/wp\/v2\/types\/product"}],"wp:featuredmedia":[{"embeddable":true,"href":"https:\/\/librairie7l.com\/en\/wp-json\/wp\/v2\/media\/55032"}],"wp:attachment":[{"href":"https:\/\/librairie7l.com\/en\/wp-json\/wp\/v2\/media?parent=55034"}],"wp:term":[{"taxonomy":"product_cat","embeddable":true,"href":"https:\/\/librairie7l.com\/en\/wp-json\/wp\/v2\/product_cat?post=55034"},{"taxonomy":"product_tag","embeddable":true,"href":"https:\/\/librairie7l.com\/en\/wp-json\/wp\/v2\/product_tag?post=55034"}],"curies":[{"name":"wp","href":"https:\/\/api.w.org\/{rel}","templated":true}]}}