{"id":55038,"date":"2026-02-18T10:16:19","date_gmt":"2026-02-18T09:16:19","guid":{"rendered":"https:\/\/librairie7l.com\/?post_type=product&#038;p=55038"},"modified":"2026-04-20T17:50:56","modified_gmt":"2026-04-20T15:50:56","slug":"tintoret-2","status":"publish","type":"product","link":"https:\/\/librairie7l.com\/en\/produit\/tintoret-2\/","title":{"rendered":"TINTORET"},"content":{"rendered":"<p>&#8211; La seule monographie disponible sur Tintoret depuis 1926.<\/p>\n<p>Tintoret (1518-1594) est l&#8217;un des rares peintres de la Renaissance v\u00e9nitienne \u00e0 \u00eatre v\u00e9ritablement originaire de la Cit\u00e9 des Doges. Titien, son grand rival, vient de la terraferma (Cadore) tout comme l&#8217;autre grand peintre de l&#8217;\u00e9poque, V\u00e9ron\u00e8se, n\u00e9 \u00e0 V\u00e9rone. L&#8217;ambition de cet ouvrage est de retrouver Tintoret en confrontant l&#8217;examen de son oeuvre au \u00ab mythe \u00bb forg\u00e9 par la litt\u00e9rature d&#8217;histoire de l&#8217;art autour de l&#8217;art et de la personnalit\u00e9 de Jacopo Robusti. Contrairement aux autres grands peintres v\u00e9nitiens contemporains (Titien, V\u00e9ron\u00e8se, principalement), Tintoret semble offrir au regard critique des facettes multiples, souvent contradictoires, qui rendent complexe. une saisie monographique de son oeuvre Il a \u00e9t\u00e9, ainsi, tour \u00e0 tour, per\u00e7u par certains sp\u00e9cialistes comme un peintre r\u00e9volutionnaire et mat\u00e9rialiste alors que d&#8217;autres voyaient en lui un artiste id\u00e9aliste et spiritualiste. Tintoret lui-m\u00eame, avec la c\u00e9l\u00e8bre formule inscrite sur le mur de son atelier (\u00ab Le dessin de Michel-Ange, la couleur de Titien \u00bb) a trac\u00e9 ce portrait d&#8217;un artiste \u00ab double \u00bb, cherchant par une ambition folle \u00e0 concilier l&#8217;inconciliable. Envisager les \u00ab doubles \u00bb qui traversent l&#8217;oeuvre du peintre permet de porter un regard nouveau sur une oeuvre profond\u00e9ment originale et d\u00e9routante. Le th\u00e8me du peintre visionnaire (en avance sur son temps) d\u00e9bouche dans les textes, in\u00e9vitablement, sur un Tintoret peintre de \u00ab visions \u00bb. C&#8217;est ce peintre de \u00ab visions \u00bb, pens\u00e9 \u00e0 partir de cette r\u00e9ception critique, qui constitue l&#8217;apport original de la seconde partie de cette \u00e9tude monographique. L&#8217;auteur aborde ainsi la question de l&#8217;inspiration dans le processus cr\u00e9atif de Tintoret, en repla\u00e7ant cette id\u00e9e dans son contexte local (opposition des lettr\u00e9s proches de Titien qui d\u00e9fendent l&#8217;application, l&#8217;\u00e9tude attentive, et des jeunes poligrafi du cercle de Tintoret qui pr\u00f4nent une nouvelle esth\u00e9tique fond\u00e9e sur l&#8217;improvisation, l&#8217;inspiration soudaine, le furor et la rapidit\u00e9 d&#8217;ex\u00e9cution qui l&#8217;accompagne). \u00c0 propos des grandes d\u00e9corations de la Scuola Grande di San Rocco, l&#8217;auteur propose ensuite sa \u00ab th\u00e9orie de l&#8217;espace \u00bb du Tintoret. Cet espace dynamique et dramatique, souvent pens\u00e9 pour fonctionner dans un lieu pr\u00e9cis, avec des conditions de visibilit\u00e9 particuli\u00e8res (les toiles lat\u00e9rales des chapelles par exemple), permet de poser un regard nouveau sur la storia, son exposition et sa logique. Par des raccourcis importants, Tintoret produit un espace original, \u00ab pr\u00e9cipit\u00e9 \u00bb, qui perturbe souvent la narration elle-m\u00eame. Au total, cette approche monographique renouvelle notre mani\u00e8re de consid\u00e9rer Tintoret dans son temps et dans l&#8217;histoire.<\/p>\n","protected":false},"excerpt":{"rendered":"<p>&#8211; La seule monographie disponible sur Tintoret depuis 1926. Tintoret (1518-1594) est l&#8217;un des rares peintres de la Renaissance v\u00e9nitienne \u00e0 \u00eatre v\u00e9ritablement originaire de la Cit\u00e9 des Doges. Titien, son grand rival, vient de la terraferma (Cadore) tout comme l&#8217;autre grand peintre de l&#8217;\u00e9poque, V\u00e9ron\u00e8se, n\u00e9 \u00e0 V\u00e9rone. L&#8217;ambition de cet ouvrage est de [&hellip;]<\/p>\n","protected":false},"featured_media":55036,"template":"","meta":[],"product_cat":[2948],"product_tag":[],"acf":[],"yoast_head":"<!-- This site is optimized with the Yoast SEO plugin v20.11 - https:\/\/yoast.com\/wordpress\/plugins\/seo\/ -->\n<title>Tintoret - Librairie 7L<\/title>\n<meta name=\"robots\" content=\"index, follow, max-snippet:-1, max-image-preview:large, max-video-preview:-1\" \/>\n<link rel=\"canonical\" href=\"https:\/\/librairie7l.com\/en\/produit\/tintoret-2\/\" \/>\n<meta property=\"og:locale\" content=\"en_US\" \/>\n<meta property=\"og:type\" content=\"article\" \/>\n<meta property=\"og:title\" content=\"Tintoret - Librairie 7L\" \/>\n<meta property=\"og:description\" content=\"&#8211; La seule monographie disponible sur Tintoret depuis 1926. Tintoret (1518-1594) est l&#8217;un des rares peintres de la Renaissance v\u00e9nitienne \u00e0 \u00eatre v\u00e9ritablement originaire de la Cit\u00e9 des Doges. Titien, son grand rival, vient de la terraferma (Cadore) tout comme l&#8217;autre grand peintre de l&#8217;\u00e9poque, V\u00e9ron\u00e8se, n\u00e9 \u00e0 V\u00e9rone. L&#8217;ambition de cet ouvrage est de [&hellip;]\" \/>\n<meta property=\"og:url\" content=\"https:\/\/librairie7l.com\/en\/produit\/tintoret-2\/\" \/>\n<meta property=\"og:site_name\" content=\"Librairie 7L\" \/>\n<meta property=\"article:modified_time\" content=\"2026-04-20T15:50:56+00:00\" \/>\n<meta property=\"og:image\" content=\"https:\/\/librairie7l.com\/wp-content\/uploads\/2009\/06\/9782754102865_1_75.jpg\" \/>\n\t<meta property=\"og:image:width\" content=\"600\" \/>\n\t<meta property=\"og:image:height\" content=\"716\" \/>\n\t<meta property=\"og:image:type\" content=\"image\/jpeg\" \/>\n<meta name=\"twitter:card\" content=\"summary_large_image\" \/>\n<meta name=\"twitter:label1\" content=\"Est. reading time\" \/>\n\t<meta name=\"twitter:data1\" content=\"2 minutes\" \/>\n<script type=\"application\/ld+json\" class=\"yoast-schema-graph\">{\"@context\":\"https:\/\/schema.org\",\"@graph\":[{\"@type\":\"WebPage\",\"@id\":\"https:\/\/librairie7l.com\/en\/produit\/tintoret-2\/\",\"url\":\"https:\/\/librairie7l.com\/en\/produit\/tintoret-2\/\",\"name\":\"Tintoret - Librairie 7L\",\"isPartOf\":{\"@id\":\"https:\/\/librairie7l.com\/en\/#website\"},\"datePublished\":\"2026-02-18T09:16:19+00:00\",\"dateModified\":\"2026-04-20T15:50:56+00:00\",\"breadcrumb\":{\"@id\":\"https:\/\/librairie7l.com\/en\/produit\/tintoret-2\/#breadcrumb\"},\"inLanguage\":\"en-US\",\"potentialAction\":[{\"@type\":\"ReadAction\",\"target\":[\"https:\/\/librairie7l.com\/en\/produit\/tintoret-2\/\"]}]},{\"@type\":\"BreadcrumbList\",\"@id\":\"https:\/\/librairie7l.com\/en\/produit\/tintoret-2\/#breadcrumb\",\"itemListElement\":[{\"@type\":\"ListItem\",\"position\":1,\"name\":\"Accueil\",\"item\":\"https:\/\/librairie7l.com\/en\/\"},{\"@type\":\"ListItem\",\"position\":2,\"name\":\"Shop\",\"item\":\"https:\/\/librairie7l.com\/en\/shop\/\"},{\"@type\":\"ListItem\",\"position\":3,\"name\":\"TINTORET\"}]},{\"@type\":\"WebSite\",\"@id\":\"https:\/\/librairie7l.com\/en\/#website\",\"url\":\"https:\/\/librairie7l.com\/en\/\",\"name\":\"Librairie 7L\",\"description\":\"Librairie fond\u00e9e en 1999 par Karl Lagerfeld \u00e0 Paris\",\"publisher\":{\"@id\":\"https:\/\/librairie7l.com\/en\/#organization\"},\"potentialAction\":[{\"@type\":\"SearchAction\",\"target\":{\"@type\":\"EntryPoint\",\"urlTemplate\":\"https:\/\/librairie7l.com\/en\/?s={search_term_string}\"},\"query-input\":\"required name=search_term_string\"}],\"inLanguage\":\"en-US\"},{\"@type\":\"Organization\",\"@id\":\"https:\/\/librairie7l.com\/en\/#organization\",\"name\":\"Librairie 7L\",\"url\":\"https:\/\/librairie7l.com\/en\/\",\"logo\":{\"@type\":\"ImageObject\",\"inLanguage\":\"en-US\",\"@id\":\"https:\/\/librairie7l.com\/en\/#\/schema\/logo\/image\/\",\"url\":\"https:\/\/librairie7l.com\/wp-content\/uploads\/2022\/08\/logo-1.png\",\"contentUrl\":\"https:\/\/librairie7l.com\/wp-content\/uploads\/2022\/08\/logo-1.png\",\"width\":227,\"height\":301,\"caption\":\"Librairie 7L\"},\"image\":{\"@id\":\"https:\/\/librairie7l.com\/en\/#\/schema\/logo\/image\/\"}}]}<\/script>\n<!-- \/ Yoast SEO plugin. -->","yoast_head_json":{"title":"Tintoret - Librairie 7L","robots":{"index":"index","follow":"follow","max-snippet":"max-snippet:-1","max-image-preview":"max-image-preview:large","max-video-preview":"max-video-preview:-1"},"canonical":"https:\/\/librairie7l.com\/en\/produit\/tintoret-2\/","og_locale":"en_US","og_type":"article","og_title":"Tintoret - Librairie 7L","og_description":"&#8211; La seule monographie disponible sur Tintoret depuis 1926. Tintoret (1518-1594) est l&#8217;un des rares peintres de la Renaissance v\u00e9nitienne \u00e0 \u00eatre v\u00e9ritablement originaire de la Cit\u00e9 des Doges. Titien, son grand rival, vient de la terraferma (Cadore) tout comme l&#8217;autre grand peintre de l&#8217;\u00e9poque, V\u00e9ron\u00e8se, n\u00e9 \u00e0 V\u00e9rone. L&#8217;ambition de cet ouvrage est de [&hellip;]","og_url":"https:\/\/librairie7l.com\/en\/produit\/tintoret-2\/","og_site_name":"Librairie 7L","article_modified_time":"2026-04-20T15:50:56+00:00","og_image":[{"width":600,"height":716,"url":"https:\/\/librairie7l.com\/wp-content\/uploads\/2009\/06\/9782754102865_1_75.jpg","type":"image\/jpeg"}],"twitter_card":"summary_large_image","twitter_misc":{"Est. reading time":"2 minutes"},"schema":{"@context":"https:\/\/schema.org","@graph":[{"@type":"WebPage","@id":"https:\/\/librairie7l.com\/en\/produit\/tintoret-2\/","url":"https:\/\/librairie7l.com\/en\/produit\/tintoret-2\/","name":"Tintoret - Librairie 7L","isPartOf":{"@id":"https:\/\/librairie7l.com\/en\/#website"},"datePublished":"2026-02-18T09:16:19+00:00","dateModified":"2026-04-20T15:50:56+00:00","breadcrumb":{"@id":"https:\/\/librairie7l.com\/en\/produit\/tintoret-2\/#breadcrumb"},"inLanguage":"en-US","potentialAction":[{"@type":"ReadAction","target":["https:\/\/librairie7l.com\/en\/produit\/tintoret-2\/"]}]},{"@type":"BreadcrumbList","@id":"https:\/\/librairie7l.com\/en\/produit\/tintoret-2\/#breadcrumb","itemListElement":[{"@type":"ListItem","position":1,"name":"Accueil","item":"https:\/\/librairie7l.com\/en\/"},{"@type":"ListItem","position":2,"name":"Shop","item":"https:\/\/librairie7l.com\/en\/shop\/"},{"@type":"ListItem","position":3,"name":"TINTORET"}]},{"@type":"WebSite","@id":"https:\/\/librairie7l.com\/en\/#website","url":"https:\/\/librairie7l.com\/en\/","name":"Librairie 7L","description":"Librairie fond\u00e9e en 1999 par Karl Lagerfeld \u00e0 Paris","publisher":{"@id":"https:\/\/librairie7l.com\/en\/#organization"},"potentialAction":[{"@type":"SearchAction","target":{"@type":"EntryPoint","urlTemplate":"https:\/\/librairie7l.com\/en\/?s={search_term_string}"},"query-input":"required name=search_term_string"}],"inLanguage":"en-US"},{"@type":"Organization","@id":"https:\/\/librairie7l.com\/en\/#organization","name":"Librairie 7L","url":"https:\/\/librairie7l.com\/en\/","logo":{"@type":"ImageObject","inLanguage":"en-US","@id":"https:\/\/librairie7l.com\/en\/#\/schema\/logo\/image\/","url":"https:\/\/librairie7l.com\/wp-content\/uploads\/2022\/08\/logo-1.png","contentUrl":"https:\/\/librairie7l.com\/wp-content\/uploads\/2022\/08\/logo-1.png","width":227,"height":301,"caption":"Librairie 7L"},"image":{"@id":"https:\/\/librairie7l.com\/en\/#\/schema\/logo\/image\/"}}]}},"_links":{"self":[{"href":"https:\/\/librairie7l.com\/en\/wp-json\/wp\/v2\/product\/55038"}],"collection":[{"href":"https:\/\/librairie7l.com\/en\/wp-json\/wp\/v2\/product"}],"about":[{"href":"https:\/\/librairie7l.com\/en\/wp-json\/wp\/v2\/types\/product"}],"wp:featuredmedia":[{"embeddable":true,"href":"https:\/\/librairie7l.com\/en\/wp-json\/wp\/v2\/media\/55036"}],"wp:attachment":[{"href":"https:\/\/librairie7l.com\/en\/wp-json\/wp\/v2\/media?parent=55038"}],"wp:term":[{"taxonomy":"product_cat","embeddable":true,"href":"https:\/\/librairie7l.com\/en\/wp-json\/wp\/v2\/product_cat?post=55038"},{"taxonomy":"product_tag","embeddable":true,"href":"https:\/\/librairie7l.com\/en\/wp-json\/wp\/v2\/product_tag?post=55038"}],"curies":[{"name":"wp","href":"https:\/\/api.w.org\/{rel}","templated":true}]}}