{"id":55042,"date":"2026-02-18T10:16:22","date_gmt":"2026-02-18T09:16:22","guid":{"rendered":"https:\/\/librairie7l.com\/?post_type=product&#038;p=55042"},"modified":"2026-04-20T12:06:16","modified_gmt":"2026-04-20T10:06:16","slug":"grand-canal-2","status":"publish","type":"product","link":"https:\/\/librairie7l.com\/en\/produit\/grand-canal-2\/","title":{"rendered":"GRAND CANAL"},"content":{"rendered":"<p>Le Grand Canal de Venise dans votre salon !<br \/>\n5 km \u00e0 photographier \/ 4500 photos \/ 300 images retenues Le Grand Canal, qui traverse la ville, est g\u00e9n\u00e9ralement la premi\u00e8re chose que l&#8217;on d\u00e9couvre \u00e0 Venise. Les palais v\u00e9nitiens qui le bordent, joyaux de la S\u00e9r\u00e9nissime, t\u00e9moignent \u00e0 eux seuls de la grandeur, de la puissance, et de la beaut\u00e9 de la ville, tandis que les places, les embarcad\u00e8res, les ponts, t\u00e9moignent de son activit\u00e9. Le bateau est de loin la meilleure solution pour le d\u00e9couvrir.<\/p>\n<p>C&#8217;est cette vision, frontale et syst\u00e9matique, que nous propose Laurent Dequick., dans un d\u00e9pliant spectaculaire de 38 m de long !<\/p>\n<p>La tonalit\u00e9 \u00e9th\u00e9r\u00e9e de ses images valorise la d\u00e9licatesse des \u00e9difices, et renforce le caract\u00e8re romanesque de la ville.<\/p>\n<p>Un index des principaux b\u00e2timents vient compl\u00e9ter le livre.<\/p>\n","protected":false},"excerpt":{"rendered":"<p>Le Grand Canal de Venise dans votre salon ! 5 km \u00e0 photographier \/ 4500 photos \/ 300 images retenues Le Grand Canal, qui traverse la ville, est g\u00e9n\u00e9ralement la premi\u00e8re chose que l&#8217;on d\u00e9couvre \u00e0 Venise. Les palais v\u00e9nitiens qui le bordent, joyaux de la S\u00e9r\u00e9nissime, t\u00e9moignent \u00e0 eux seuls de la grandeur, de [&hellip;]<\/p>\n","protected":false},"featured_media":55040,"template":"","meta":[],"product_cat":[2948],"product_tag":[],"acf":[],"yoast_head":"<!-- This site is optimized with the Yoast SEO plugin v20.11 - https:\/\/yoast.com\/wordpress\/plugins\/seo\/ -->\n<title>Grand Canal - Librairie 7L<\/title>\n<meta name=\"robots\" content=\"index, follow, max-snippet:-1, max-image-preview:large, max-video-preview:-1\" \/>\n<link rel=\"canonical\" href=\"https:\/\/librairie7l.com\/en\/produit\/grand-canal-2\/\" \/>\n<meta property=\"og:locale\" content=\"en_US\" \/>\n<meta property=\"og:type\" content=\"article\" \/>\n<meta property=\"og:title\" content=\"Grand Canal - Librairie 7L\" \/>\n<meta property=\"og:description\" content=\"Le Grand Canal de Venise dans votre salon ! 5 km \u00e0 photographier \/ 4500 photos \/ 300 images retenues Le Grand Canal, qui traverse la ville, est g\u00e9n\u00e9ralement la premi\u00e8re chose que l&#8217;on d\u00e9couvre \u00e0 Venise. Les palais v\u00e9nitiens qui le bordent, joyaux de la S\u00e9r\u00e9nissime, t\u00e9moignent \u00e0 eux seuls de la grandeur, de [&hellip;]\" \/>\n<meta property=\"og:url\" content=\"https:\/\/librairie7l.com\/en\/produit\/grand-canal-2\/\" \/>\n<meta property=\"og:site_name\" content=\"Librairie 7L\" \/>\n<meta property=\"article:modified_time\" content=\"2026-04-20T10:06:16+00:00\" \/>\n<meta property=\"og:image\" content=\"https:\/\/librairie7l.com\/wp-content\/uploads\/2019\/06\/9782812303609_1_75.jpg\" \/>\n\t<meta property=\"og:image:width\" content=\"776\" \/>\n\t<meta property=\"og:image:height\" content=\"600\" \/>\n\t<meta property=\"og:image:type\" content=\"image\/jpeg\" \/>\n<meta name=\"twitter:card\" content=\"summary_large_image\" \/>\n<meta name=\"twitter:label1\" content=\"Est. reading time\" \/>\n\t<meta name=\"twitter:data1\" content=\"1 minute\" \/>\n<script type=\"application\/ld+json\" class=\"yoast-schema-graph\">{\"@context\":\"https:\/\/schema.org\",\"@graph\":[{\"@type\":\"WebPage\",\"@id\":\"https:\/\/librairie7l.com\/en\/produit\/grand-canal-2\/\",\"url\":\"https:\/\/librairie7l.com\/en\/produit\/grand-canal-2\/\",\"name\":\"Grand Canal - Librairie 7L\",\"isPartOf\":{\"@id\":\"https:\/\/librairie7l.com\/en\/#website\"},\"datePublished\":\"2026-02-18T09:16:22+00:00\",\"dateModified\":\"2026-04-20T10:06:16+00:00\",\"breadcrumb\":{\"@id\":\"https:\/\/librairie7l.com\/en\/produit\/grand-canal-2\/#breadcrumb\"},\"inLanguage\":\"en-US\",\"potentialAction\":[{\"@type\":\"ReadAction\",\"target\":[\"https:\/\/librairie7l.com\/en\/produit\/grand-canal-2\/\"]}]},{\"@type\":\"BreadcrumbList\",\"@id\":\"https:\/\/librairie7l.com\/en\/produit\/grand-canal-2\/#breadcrumb\",\"itemListElement\":[{\"@type\":\"ListItem\",\"position\":1,\"name\":\"Accueil\",\"item\":\"https:\/\/librairie7l.com\/en\/\"},{\"@type\":\"ListItem\",\"position\":2,\"name\":\"Shop\",\"item\":\"https:\/\/librairie7l.com\/en\/shop\/\"},{\"@type\":\"ListItem\",\"position\":3,\"name\":\"GRAND CANAL\"}]},{\"@type\":\"WebSite\",\"@id\":\"https:\/\/librairie7l.com\/en\/#website\",\"url\":\"https:\/\/librairie7l.com\/en\/\",\"name\":\"Librairie 7L\",\"description\":\"Librairie fond\u00e9e en 1999 par Karl Lagerfeld \u00e0 Paris\",\"publisher\":{\"@id\":\"https:\/\/librairie7l.com\/en\/#organization\"},\"potentialAction\":[{\"@type\":\"SearchAction\",\"target\":{\"@type\":\"EntryPoint\",\"urlTemplate\":\"https:\/\/librairie7l.com\/en\/?s={search_term_string}\"},\"query-input\":\"required name=search_term_string\"}],\"inLanguage\":\"en-US\"},{\"@type\":\"Organization\",\"@id\":\"https:\/\/librairie7l.com\/en\/#organization\",\"name\":\"Librairie 7L\",\"url\":\"https:\/\/librairie7l.com\/en\/\",\"logo\":{\"@type\":\"ImageObject\",\"inLanguage\":\"en-US\",\"@id\":\"https:\/\/librairie7l.com\/en\/#\/schema\/logo\/image\/\",\"url\":\"https:\/\/librairie7l.com\/wp-content\/uploads\/2022\/08\/logo-1.png\",\"contentUrl\":\"https:\/\/librairie7l.com\/wp-content\/uploads\/2022\/08\/logo-1.png\",\"width\":227,\"height\":301,\"caption\":\"Librairie 7L\"},\"image\":{\"@id\":\"https:\/\/librairie7l.com\/en\/#\/schema\/logo\/image\/\"}}]}<\/script>\n<!-- \/ Yoast SEO plugin. -->","yoast_head_json":{"title":"Grand Canal - Librairie 7L","robots":{"index":"index","follow":"follow","max-snippet":"max-snippet:-1","max-image-preview":"max-image-preview:large","max-video-preview":"max-video-preview:-1"},"canonical":"https:\/\/librairie7l.com\/en\/produit\/grand-canal-2\/","og_locale":"en_US","og_type":"article","og_title":"Grand Canal - Librairie 7L","og_description":"Le Grand Canal de Venise dans votre salon ! 5 km \u00e0 photographier \/ 4500 photos \/ 300 images retenues Le Grand Canal, qui traverse la ville, est g\u00e9n\u00e9ralement la premi\u00e8re chose que l&#8217;on d\u00e9couvre \u00e0 Venise. Les palais v\u00e9nitiens qui le bordent, joyaux de la S\u00e9r\u00e9nissime, t\u00e9moignent \u00e0 eux seuls de la grandeur, de [&hellip;]","og_url":"https:\/\/librairie7l.com\/en\/produit\/grand-canal-2\/","og_site_name":"Librairie 7L","article_modified_time":"2026-04-20T10:06:16+00:00","og_image":[{"width":776,"height":600,"url":"https:\/\/librairie7l.com\/wp-content\/uploads\/2019\/06\/9782812303609_1_75.jpg","type":"image\/jpeg"}],"twitter_card":"summary_large_image","twitter_misc":{"Est. reading time":"1 minute"},"schema":{"@context":"https:\/\/schema.org","@graph":[{"@type":"WebPage","@id":"https:\/\/librairie7l.com\/en\/produit\/grand-canal-2\/","url":"https:\/\/librairie7l.com\/en\/produit\/grand-canal-2\/","name":"Grand Canal - Librairie 7L","isPartOf":{"@id":"https:\/\/librairie7l.com\/en\/#website"},"datePublished":"2026-02-18T09:16:22+00:00","dateModified":"2026-04-20T10:06:16+00:00","breadcrumb":{"@id":"https:\/\/librairie7l.com\/en\/produit\/grand-canal-2\/#breadcrumb"},"inLanguage":"en-US","potentialAction":[{"@type":"ReadAction","target":["https:\/\/librairie7l.com\/en\/produit\/grand-canal-2\/"]}]},{"@type":"BreadcrumbList","@id":"https:\/\/librairie7l.com\/en\/produit\/grand-canal-2\/#breadcrumb","itemListElement":[{"@type":"ListItem","position":1,"name":"Accueil","item":"https:\/\/librairie7l.com\/en\/"},{"@type":"ListItem","position":2,"name":"Shop","item":"https:\/\/librairie7l.com\/en\/shop\/"},{"@type":"ListItem","position":3,"name":"GRAND CANAL"}]},{"@type":"WebSite","@id":"https:\/\/librairie7l.com\/en\/#website","url":"https:\/\/librairie7l.com\/en\/","name":"Librairie 7L","description":"Librairie fond\u00e9e en 1999 par Karl Lagerfeld \u00e0 Paris","publisher":{"@id":"https:\/\/librairie7l.com\/en\/#organization"},"potentialAction":[{"@type":"SearchAction","target":{"@type":"EntryPoint","urlTemplate":"https:\/\/librairie7l.com\/en\/?s={search_term_string}"},"query-input":"required name=search_term_string"}],"inLanguage":"en-US"},{"@type":"Organization","@id":"https:\/\/librairie7l.com\/en\/#organization","name":"Librairie 7L","url":"https:\/\/librairie7l.com\/en\/","logo":{"@type":"ImageObject","inLanguage":"en-US","@id":"https:\/\/librairie7l.com\/en\/#\/schema\/logo\/image\/","url":"https:\/\/librairie7l.com\/wp-content\/uploads\/2022\/08\/logo-1.png","contentUrl":"https:\/\/librairie7l.com\/wp-content\/uploads\/2022\/08\/logo-1.png","width":227,"height":301,"caption":"Librairie 7L"},"image":{"@id":"https:\/\/librairie7l.com\/en\/#\/schema\/logo\/image\/"}}]}},"_links":{"self":[{"href":"https:\/\/librairie7l.com\/en\/wp-json\/wp\/v2\/product\/55042"}],"collection":[{"href":"https:\/\/librairie7l.com\/en\/wp-json\/wp\/v2\/product"}],"about":[{"href":"https:\/\/librairie7l.com\/en\/wp-json\/wp\/v2\/types\/product"}],"wp:featuredmedia":[{"embeddable":true,"href":"https:\/\/librairie7l.com\/en\/wp-json\/wp\/v2\/media\/55040"}],"wp:attachment":[{"href":"https:\/\/librairie7l.com\/en\/wp-json\/wp\/v2\/media?parent=55042"}],"wp:term":[{"taxonomy":"product_cat","embeddable":true,"href":"https:\/\/librairie7l.com\/en\/wp-json\/wp\/v2\/product_cat?post=55042"},{"taxonomy":"product_tag","embeddable":true,"href":"https:\/\/librairie7l.com\/en\/wp-json\/wp\/v2\/product_tag?post=55042"}],"curies":[{"name":"wp","href":"https:\/\/api.w.org\/{rel}","templated":true}]}}