{"id":55046,"date":"2026-02-18T10:16:25","date_gmt":"2026-02-18T09:16:25","guid":{"rendered":"https:\/\/librairie7l.com\/?post_type=product&#038;p=55046"},"modified":"2026-04-20T18:10:18","modified_gmt":"2026-04-20T16:10:18","slug":"venise-des-peintres-et-des-ecrivains-2","status":"publish","type":"product","link":"https:\/\/librairie7l.com\/en\/produit\/venise-des-peintres-et-des-ecrivains-2\/","title":{"rendered":"VENISE DES PEINTRES ET DES \u00c9CRIVAINS"},"content":{"rendered":"<p>Actualit\u00e9s : Expositions sur Venise aux Bassins de lumi\u00e8res (Bordeaux) \u00e0 partir du 11 f\u00e9vrier 2022 et aux Carri\u00e8res de Lumi\u00e8res (Aix-en-Provence) \u00e0  partir du 4 mars 2022.<br \/>\nDe la basilique Saint-Marc au pont des Soupirs, du palais des Doges au Grand Canal, ce livre propose une anthologie illustr\u00e9e in\u00e9dite qui puise dans la litt\u00e9rature et la peinture, du XVIe  si\u00e8cle \u00e0 nos jours, et met en valeur toutes les beaut\u00e9s de Venise. Ce dialogue riche et contrast\u00e9 entre citations choisies et tableaux de grands ma\u00eetres r\u00e9v\u00e8le une Venise tant\u00f4t flamboyante et prestigieuse, myst\u00e9rieuse et po\u00e9tique, dans une variation ininterrompue d&#8217;atmosph\u00e8res et d&#8217;\u00e9motions.<\/p>\n<p>Au commencement \u00e9tait l&#8217;eau&#8230; la mer, les marais o\u00f9 vivaient les premiers habitants des lagunes. Ici allait na\u00eetre cette \u00ab  ville-monde  \u00bb, dont l&#8217;histoire rejoint la l\u00e9gende. Pendant des si\u00e8cles, Venise a \u00e9t\u00e9 un \u00c9tat autonome, une r\u00e9publique rebelle et une puissance maritime redout\u00e9e. Une cit\u00e9 hors normes dont le prestige se nourrit aujourd&#8217;hui encore de l&#8217;imaginaire qu&#8217;elle suscite.<br \/>\nAussi bien byzantine que romane, cette ville incroyable, \u00e0 la fois maritime et terrestre, a su faire na\u00eetre et s&#8217;\u00e9panouir d&#8217;immenses talents artistiques  : les grands peintres v\u00e9nitiens comme Bellini, Carpaccio, Canaletto, Guardi ou V\u00e9ron\u00e8se, mais aussi Turner et Whistler ou encore les impressionnistes Manet, Monet et Renoir&#8230; Nombre d&#8217;\u00e9crivains c\u00e9l\u00e8bres qui y ont s\u00e9journ\u00e9 au fil des si\u00e8cles, tels Shakespeare, Goldoni, Chateaubriand, Musset, Proust, Thomas Mann ou Rilke. Tous, \u00e0 leur mani\u00e8re, ont \u00e9crit et peint le mythe de Venise et ont particip\u00e9 de son rayonnement.<\/p>\n","protected":false},"excerpt":{"rendered":"<p>Actualit\u00e9s : Expositions sur Venise aux Bassins de lumi\u00e8res (Bordeaux) \u00e0 partir du 11 f\u00e9vrier 2022 et aux Carri\u00e8res de Lumi\u00e8res (Aix-en-Provence) \u00e0 partir du 4 mars 2022. De la basilique Saint-Marc au pont des Soupirs, du palais des Doges au Grand Canal, ce livre propose une anthologie illustr\u00e9e in\u00e9dite qui puise dans la litt\u00e9rature [&hellip;]<\/p>\n","protected":false},"featured_media":55044,"template":"","meta":[],"product_cat":[2948],"product_tag":[],"acf":[],"yoast_head":"<!-- This site is optimized with the Yoast SEO plugin v20.11 - https:\/\/yoast.com\/wordpress\/plugins\/seo\/ -->\n<title>Venise des peintres et des \u00e9crivains - Librairie 7L<\/title>\n<meta name=\"robots\" content=\"index, follow, max-snippet:-1, max-image-preview:large, max-video-preview:-1\" \/>\n<link rel=\"canonical\" href=\"https:\/\/librairie7l.com\/en\/produit\/venise-des-peintres-et-des-ecrivains-2\/\" \/>\n<meta property=\"og:locale\" content=\"en_US\" \/>\n<meta property=\"og:type\" content=\"article\" \/>\n<meta property=\"og:title\" content=\"Venise des peintres et des \u00e9crivains - Librairie 7L\" \/>\n<meta property=\"og:description\" content=\"Actualit\u00e9s : Expositions sur Venise aux Bassins de lumi\u00e8res (Bordeaux) \u00e0 partir du 11 f\u00e9vrier 2022 et aux Carri\u00e8res de Lumi\u00e8res (Aix-en-Provence) \u00e0 partir du 4 mars 2022. De la basilique Saint-Marc au pont des Soupirs, du palais des Doges au Grand Canal, ce livre propose une anthologie illustr\u00e9e in\u00e9dite qui puise dans la litt\u00e9rature [&hellip;]\" \/>\n<meta property=\"og:url\" content=\"https:\/\/librairie7l.com\/en\/produit\/venise-des-peintres-et-des-ecrivains-2\/\" \/>\n<meta property=\"og:site_name\" content=\"Librairie 7L\" \/>\n<meta property=\"article:modified_time\" content=\"2026-04-20T16:10:18+00:00\" \/>\n<meta property=\"og:image\" content=\"https:\/\/librairie7l.com\/wp-content\/uploads\/2019\/05\/9782754111058_1_75.jpg\" \/>\n\t<meta property=\"og:image:width\" content=\"250\" \/>\n\t<meta property=\"og:image:height\" content=\"269\" \/>\n\t<meta property=\"og:image:type\" content=\"image\/jpeg\" \/>\n<meta name=\"twitter:card\" content=\"summary_large_image\" \/>\n<meta name=\"twitter:label1\" content=\"Est. reading time\" \/>\n\t<meta name=\"twitter:data1\" content=\"1 minute\" \/>\n<script type=\"application\/ld+json\" class=\"yoast-schema-graph\">{\"@context\":\"https:\/\/schema.org\",\"@graph\":[{\"@type\":\"WebPage\",\"@id\":\"https:\/\/librairie7l.com\/en\/produit\/venise-des-peintres-et-des-ecrivains-2\/\",\"url\":\"https:\/\/librairie7l.com\/en\/produit\/venise-des-peintres-et-des-ecrivains-2\/\",\"name\":\"Venise des peintres et des \u00e9crivains - Librairie 7L\",\"isPartOf\":{\"@id\":\"https:\/\/librairie7l.com\/en\/#website\"},\"datePublished\":\"2026-02-18T09:16:25+00:00\",\"dateModified\":\"2026-04-20T16:10:18+00:00\",\"breadcrumb\":{\"@id\":\"https:\/\/librairie7l.com\/en\/produit\/venise-des-peintres-et-des-ecrivains-2\/#breadcrumb\"},\"inLanguage\":\"en-US\",\"potentialAction\":[{\"@type\":\"ReadAction\",\"target\":[\"https:\/\/librairie7l.com\/en\/produit\/venise-des-peintres-et-des-ecrivains-2\/\"]}]},{\"@type\":\"BreadcrumbList\",\"@id\":\"https:\/\/librairie7l.com\/en\/produit\/venise-des-peintres-et-des-ecrivains-2\/#breadcrumb\",\"itemListElement\":[{\"@type\":\"ListItem\",\"position\":1,\"name\":\"Accueil\",\"item\":\"https:\/\/librairie7l.com\/en\/\"},{\"@type\":\"ListItem\",\"position\":2,\"name\":\"Shop\",\"item\":\"https:\/\/librairie7l.com\/en\/shop\/\"},{\"@type\":\"ListItem\",\"position\":3,\"name\":\"VENISE DES PEINTRES ET DES \u00c9CRIVAINS\"}]},{\"@type\":\"WebSite\",\"@id\":\"https:\/\/librairie7l.com\/en\/#website\",\"url\":\"https:\/\/librairie7l.com\/en\/\",\"name\":\"Librairie 7L\",\"description\":\"Librairie fond\u00e9e en 1999 par Karl Lagerfeld \u00e0 Paris\",\"publisher\":{\"@id\":\"https:\/\/librairie7l.com\/en\/#organization\"},\"potentialAction\":[{\"@type\":\"SearchAction\",\"target\":{\"@type\":\"EntryPoint\",\"urlTemplate\":\"https:\/\/librairie7l.com\/en\/?s={search_term_string}\"},\"query-input\":\"required name=search_term_string\"}],\"inLanguage\":\"en-US\"},{\"@type\":\"Organization\",\"@id\":\"https:\/\/librairie7l.com\/en\/#organization\",\"name\":\"Librairie 7L\",\"url\":\"https:\/\/librairie7l.com\/en\/\",\"logo\":{\"@type\":\"ImageObject\",\"inLanguage\":\"en-US\",\"@id\":\"https:\/\/librairie7l.com\/en\/#\/schema\/logo\/image\/\",\"url\":\"https:\/\/librairie7l.com\/wp-content\/uploads\/2022\/08\/logo-1.png\",\"contentUrl\":\"https:\/\/librairie7l.com\/wp-content\/uploads\/2022\/08\/logo-1.png\",\"width\":227,\"height\":301,\"caption\":\"Librairie 7L\"},\"image\":{\"@id\":\"https:\/\/librairie7l.com\/en\/#\/schema\/logo\/image\/\"}}]}<\/script>\n<!-- \/ Yoast SEO plugin. -->","yoast_head_json":{"title":"Venise des peintres et des \u00e9crivains - Librairie 7L","robots":{"index":"index","follow":"follow","max-snippet":"max-snippet:-1","max-image-preview":"max-image-preview:large","max-video-preview":"max-video-preview:-1"},"canonical":"https:\/\/librairie7l.com\/en\/produit\/venise-des-peintres-et-des-ecrivains-2\/","og_locale":"en_US","og_type":"article","og_title":"Venise des peintres et des \u00e9crivains - Librairie 7L","og_description":"Actualit\u00e9s : Expositions sur Venise aux Bassins de lumi\u00e8res (Bordeaux) \u00e0 partir du 11 f\u00e9vrier 2022 et aux Carri\u00e8res de Lumi\u00e8res (Aix-en-Provence) \u00e0 partir du 4 mars 2022. De la basilique Saint-Marc au pont des Soupirs, du palais des Doges au Grand Canal, ce livre propose une anthologie illustr\u00e9e in\u00e9dite qui puise dans la litt\u00e9rature [&hellip;]","og_url":"https:\/\/librairie7l.com\/en\/produit\/venise-des-peintres-et-des-ecrivains-2\/","og_site_name":"Librairie 7L","article_modified_time":"2026-04-20T16:10:18+00:00","og_image":[{"width":250,"height":269,"url":"https:\/\/librairie7l.com\/wp-content\/uploads\/2019\/05\/9782754111058_1_75.jpg","type":"image\/jpeg"}],"twitter_card":"summary_large_image","twitter_misc":{"Est. reading time":"1 minute"},"schema":{"@context":"https:\/\/schema.org","@graph":[{"@type":"WebPage","@id":"https:\/\/librairie7l.com\/en\/produit\/venise-des-peintres-et-des-ecrivains-2\/","url":"https:\/\/librairie7l.com\/en\/produit\/venise-des-peintres-et-des-ecrivains-2\/","name":"Venise des peintres et des \u00e9crivains - Librairie 7L","isPartOf":{"@id":"https:\/\/librairie7l.com\/en\/#website"},"datePublished":"2026-02-18T09:16:25+00:00","dateModified":"2026-04-20T16:10:18+00:00","breadcrumb":{"@id":"https:\/\/librairie7l.com\/en\/produit\/venise-des-peintres-et-des-ecrivains-2\/#breadcrumb"},"inLanguage":"en-US","potentialAction":[{"@type":"ReadAction","target":["https:\/\/librairie7l.com\/en\/produit\/venise-des-peintres-et-des-ecrivains-2\/"]}]},{"@type":"BreadcrumbList","@id":"https:\/\/librairie7l.com\/en\/produit\/venise-des-peintres-et-des-ecrivains-2\/#breadcrumb","itemListElement":[{"@type":"ListItem","position":1,"name":"Accueil","item":"https:\/\/librairie7l.com\/en\/"},{"@type":"ListItem","position":2,"name":"Shop","item":"https:\/\/librairie7l.com\/en\/shop\/"},{"@type":"ListItem","position":3,"name":"VENISE DES PEINTRES ET DES \u00c9CRIVAINS"}]},{"@type":"WebSite","@id":"https:\/\/librairie7l.com\/en\/#website","url":"https:\/\/librairie7l.com\/en\/","name":"Librairie 7L","description":"Librairie fond\u00e9e en 1999 par Karl Lagerfeld \u00e0 Paris","publisher":{"@id":"https:\/\/librairie7l.com\/en\/#organization"},"potentialAction":[{"@type":"SearchAction","target":{"@type":"EntryPoint","urlTemplate":"https:\/\/librairie7l.com\/en\/?s={search_term_string}"},"query-input":"required name=search_term_string"}],"inLanguage":"en-US"},{"@type":"Organization","@id":"https:\/\/librairie7l.com\/en\/#organization","name":"Librairie 7L","url":"https:\/\/librairie7l.com\/en\/","logo":{"@type":"ImageObject","inLanguage":"en-US","@id":"https:\/\/librairie7l.com\/en\/#\/schema\/logo\/image\/","url":"https:\/\/librairie7l.com\/wp-content\/uploads\/2022\/08\/logo-1.png","contentUrl":"https:\/\/librairie7l.com\/wp-content\/uploads\/2022\/08\/logo-1.png","width":227,"height":301,"caption":"Librairie 7L"},"image":{"@id":"https:\/\/librairie7l.com\/en\/#\/schema\/logo\/image\/"}}]}},"_links":{"self":[{"href":"https:\/\/librairie7l.com\/en\/wp-json\/wp\/v2\/product\/55046"}],"collection":[{"href":"https:\/\/librairie7l.com\/en\/wp-json\/wp\/v2\/product"}],"about":[{"href":"https:\/\/librairie7l.com\/en\/wp-json\/wp\/v2\/types\/product"}],"wp:featuredmedia":[{"embeddable":true,"href":"https:\/\/librairie7l.com\/en\/wp-json\/wp\/v2\/media\/55044"}],"wp:attachment":[{"href":"https:\/\/librairie7l.com\/en\/wp-json\/wp\/v2\/media?parent=55046"}],"wp:term":[{"taxonomy":"product_cat","embeddable":true,"href":"https:\/\/librairie7l.com\/en\/wp-json\/wp\/v2\/product_cat?post=55046"},{"taxonomy":"product_tag","embeddable":true,"href":"https:\/\/librairie7l.com\/en\/wp-json\/wp\/v2\/product_tag?post=55046"}],"curies":[{"name":"wp","href":"https:\/\/api.w.org\/{rel}","templated":true}]}}