{"id":55050,"date":"2026-02-18T10:16:27","date_gmt":"2026-02-18T09:16:27","guid":{"rendered":"https:\/\/librairie7l.com\/?post_type=product&#038;p=55050"},"modified":"2026-04-20T19:43:04","modified_gmt":"2026-04-20T17:43:04","slug":"casanova-mes-annees-venitiennes-2","status":"publish","type":"product","link":"https:\/\/librairie7l.com\/en\/produit\/casanova-mes-annees-venitiennes-2\/","title":{"rendered":"CASANOVA, MES ANN\u00c9ES V\u00c9NITIENNES"},"content":{"rendered":"<p>LE LIVREDes ruelles du quartier de San Marco o\u00f9 il na\u00eet au printemps 1725 aux Plombs, la prison du palais des Doges dont il s&#8217;\u00e9vade fin octobre 1756, Casanova fut v\u00e9nitien par excellence.Jusqu&#8217;\u00e0 l&#8217;\u00e2ge de quinze ans, le jeune homme est un espoir de l&#8217;\u00c9glise et re\u00e7oit les ordres mineurs. Mais d\u00e9j\u00e0, sa faconde charme les jeunes paroissiennes. Prot\u00e9g\u00e9 par de nobles V\u00e9nitiens, Malipiero puis Bragadin, il court de s\u00e9duction en s\u00e9duction, la ville pr\u00eatant ses d\u00e9cors et ses recoins d&#8217;ombre \u00e0 sa qu\u00eate des plaisirs de l&#8217;amour.Ses m\u00e9moires enlev\u00e9s inventent un monde \u00e0 l&#8217;image de celui des vedute de Canaletto et de Guardi, des fresques de Tiepolo, des sc\u00e8nes de genre de Longhi ou des portraits de Rosalba Carriera. Un monde plus grand, plus bariol\u00e9, plus \u00e9clatant, qui suscitera les d\u00e9lices complices du lecteur.    POINTS FORTS- Exposition au Grand Palais \u00abVenise ! Un XVIIIe si\u00e8cle \u00e9blouissant\u00bb 26 septembre 2018 &#8211; 21 janvier 2019.- La S\u00e9r\u00e9nissime et ses plaisirs dans les pas de son repr\u00e9sentant le plus illustre.- Un livre-objet raffin\u00e9 \u00e0 la mesure des r\u00e9jouissances de notre auteur \u00c9dition limit\u00e9e et num\u00e9rot\u00e9e Un livre de 448 pages reli\u00e9 en soie sous bo\u00eete en tissu damass\u00e9 v\u00e9nitien<\/p>\n","protected":false},"excerpt":{"rendered":"<p>LE LIVREDes ruelles du quartier de San Marco o\u00f9 il na\u00eet au printemps 1725 aux Plombs, la prison du palais des Doges dont il s&#8217;\u00e9vade fin octobre 1756, Casanova fut v\u00e9nitien par excellence.Jusqu&#8217;\u00e0 l&#8217;\u00e2ge de quinze ans, le jeune homme est un espoir de l&#8217;\u00c9glise et re\u00e7oit les ordres mineurs. Mais d\u00e9j\u00e0, sa faconde charme [&hellip;]<\/p>\n","protected":false},"featured_media":55048,"template":"","meta":[],"product_cat":[2948],"product_tag":[],"acf":[],"yoast_head":"<!-- This site is optimized with the Yoast SEO plugin v20.11 - https:\/\/yoast.com\/wordpress\/plugins\/seo\/ -->\n<title>Casanova, mes ann\u00e9es v\u00e9nitiennes - Librairie 7L<\/title>\n<meta name=\"robots\" content=\"index, follow, max-snippet:-1, max-image-preview:large, max-video-preview:-1\" \/>\n<link rel=\"canonical\" href=\"https:\/\/librairie7l.com\/en\/produit\/casanova-mes-annees-venitiennes-2\/\" \/>\n<meta property=\"og:locale\" content=\"en_US\" \/>\n<meta property=\"og:type\" content=\"article\" \/>\n<meta property=\"og:title\" content=\"Casanova, mes ann\u00e9es v\u00e9nitiennes - Librairie 7L\" \/>\n<meta property=\"og:description\" content=\"LE LIVREDes ruelles du quartier de San Marco o\u00f9 il na\u00eet au printemps 1725 aux Plombs, la prison du palais des Doges dont il s&#8217;\u00e9vade fin octobre 1756, Casanova fut v\u00e9nitien par excellence.Jusqu&#8217;\u00e0 l&#8217;\u00e2ge de quinze ans, le jeune homme est un espoir de l&#8217;\u00c9glise et re\u00e7oit les ordres mineurs. Mais d\u00e9j\u00e0, sa faconde charme [&hellip;]\" \/>\n<meta property=\"og:url\" content=\"https:\/\/librairie7l.com\/en\/produit\/casanova-mes-annees-venitiennes-2\/\" \/>\n<meta property=\"og:site_name\" content=\"Librairie 7L\" \/>\n<meta property=\"article:modified_time\" content=\"2026-04-20T17:43:04+00:00\" \/>\n<meta property=\"og:image\" content=\"https:\/\/librairie7l.com\/wp-content\/uploads\/2018\/05\/9782850887673_1_75.jpg\" \/>\n\t<meta property=\"og:image:width\" content=\"250\" \/>\n\t<meta property=\"og:image:height\" content=\"335\" \/>\n\t<meta property=\"og:image:type\" content=\"image\/jpeg\" \/>\n<meta name=\"twitter:card\" content=\"summary_large_image\" \/>\n<meta name=\"twitter:label1\" content=\"Est. reading time\" \/>\n\t<meta name=\"twitter:data1\" content=\"1 minute\" \/>\n<script type=\"application\/ld+json\" class=\"yoast-schema-graph\">{\"@context\":\"https:\/\/schema.org\",\"@graph\":[{\"@type\":\"WebPage\",\"@id\":\"https:\/\/librairie7l.com\/en\/produit\/casanova-mes-annees-venitiennes-2\/\",\"url\":\"https:\/\/librairie7l.com\/en\/produit\/casanova-mes-annees-venitiennes-2\/\",\"name\":\"Casanova, mes ann\u00e9es v\u00e9nitiennes - Librairie 7L\",\"isPartOf\":{\"@id\":\"https:\/\/librairie7l.com\/en\/#website\"},\"datePublished\":\"2026-02-18T09:16:27+00:00\",\"dateModified\":\"2026-04-20T17:43:04+00:00\",\"breadcrumb\":{\"@id\":\"https:\/\/librairie7l.com\/en\/produit\/casanova-mes-annees-venitiennes-2\/#breadcrumb\"},\"inLanguage\":\"en-US\",\"potentialAction\":[{\"@type\":\"ReadAction\",\"target\":[\"https:\/\/librairie7l.com\/en\/produit\/casanova-mes-annees-venitiennes-2\/\"]}]},{\"@type\":\"BreadcrumbList\",\"@id\":\"https:\/\/librairie7l.com\/en\/produit\/casanova-mes-annees-venitiennes-2\/#breadcrumb\",\"itemListElement\":[{\"@type\":\"ListItem\",\"position\":1,\"name\":\"Accueil\",\"item\":\"https:\/\/librairie7l.com\/en\/\"},{\"@type\":\"ListItem\",\"position\":2,\"name\":\"Shop\",\"item\":\"https:\/\/librairie7l.com\/en\/shop\/\"},{\"@type\":\"ListItem\",\"position\":3,\"name\":\"CASANOVA, MES ANN\u00c9ES V\u00c9NITIENNES\"}]},{\"@type\":\"WebSite\",\"@id\":\"https:\/\/librairie7l.com\/en\/#website\",\"url\":\"https:\/\/librairie7l.com\/en\/\",\"name\":\"Librairie 7L\",\"description\":\"Librairie fond\u00e9e en 1999 par Karl Lagerfeld \u00e0 Paris\",\"publisher\":{\"@id\":\"https:\/\/librairie7l.com\/en\/#organization\"},\"potentialAction\":[{\"@type\":\"SearchAction\",\"target\":{\"@type\":\"EntryPoint\",\"urlTemplate\":\"https:\/\/librairie7l.com\/en\/?s={search_term_string}\"},\"query-input\":\"required name=search_term_string\"}],\"inLanguage\":\"en-US\"},{\"@type\":\"Organization\",\"@id\":\"https:\/\/librairie7l.com\/en\/#organization\",\"name\":\"Librairie 7L\",\"url\":\"https:\/\/librairie7l.com\/en\/\",\"logo\":{\"@type\":\"ImageObject\",\"inLanguage\":\"en-US\",\"@id\":\"https:\/\/librairie7l.com\/en\/#\/schema\/logo\/image\/\",\"url\":\"https:\/\/librairie7l.com\/wp-content\/uploads\/2022\/08\/logo-1.png\",\"contentUrl\":\"https:\/\/librairie7l.com\/wp-content\/uploads\/2022\/08\/logo-1.png\",\"width\":227,\"height\":301,\"caption\":\"Librairie 7L\"},\"image\":{\"@id\":\"https:\/\/librairie7l.com\/en\/#\/schema\/logo\/image\/\"}}]}<\/script>\n<!-- \/ Yoast SEO plugin. -->","yoast_head_json":{"title":"Casanova, mes ann\u00e9es v\u00e9nitiennes - Librairie 7L","robots":{"index":"index","follow":"follow","max-snippet":"max-snippet:-1","max-image-preview":"max-image-preview:large","max-video-preview":"max-video-preview:-1"},"canonical":"https:\/\/librairie7l.com\/en\/produit\/casanova-mes-annees-venitiennes-2\/","og_locale":"en_US","og_type":"article","og_title":"Casanova, mes ann\u00e9es v\u00e9nitiennes - Librairie 7L","og_description":"LE LIVREDes ruelles du quartier de San Marco o\u00f9 il na\u00eet au printemps 1725 aux Plombs, la prison du palais des Doges dont il s&#8217;\u00e9vade fin octobre 1756, Casanova fut v\u00e9nitien par excellence.Jusqu&#8217;\u00e0 l&#8217;\u00e2ge de quinze ans, le jeune homme est un espoir de l&#8217;\u00c9glise et re\u00e7oit les ordres mineurs. Mais d\u00e9j\u00e0, sa faconde charme [&hellip;]","og_url":"https:\/\/librairie7l.com\/en\/produit\/casanova-mes-annees-venitiennes-2\/","og_site_name":"Librairie 7L","article_modified_time":"2026-04-20T17:43:04+00:00","og_image":[{"width":250,"height":335,"url":"https:\/\/librairie7l.com\/wp-content\/uploads\/2018\/05\/9782850887673_1_75.jpg","type":"image\/jpeg"}],"twitter_card":"summary_large_image","twitter_misc":{"Est. reading time":"1 minute"},"schema":{"@context":"https:\/\/schema.org","@graph":[{"@type":"WebPage","@id":"https:\/\/librairie7l.com\/en\/produit\/casanova-mes-annees-venitiennes-2\/","url":"https:\/\/librairie7l.com\/en\/produit\/casanova-mes-annees-venitiennes-2\/","name":"Casanova, mes ann\u00e9es v\u00e9nitiennes - Librairie 7L","isPartOf":{"@id":"https:\/\/librairie7l.com\/en\/#website"},"datePublished":"2026-02-18T09:16:27+00:00","dateModified":"2026-04-20T17:43:04+00:00","breadcrumb":{"@id":"https:\/\/librairie7l.com\/en\/produit\/casanova-mes-annees-venitiennes-2\/#breadcrumb"},"inLanguage":"en-US","potentialAction":[{"@type":"ReadAction","target":["https:\/\/librairie7l.com\/en\/produit\/casanova-mes-annees-venitiennes-2\/"]}]},{"@type":"BreadcrumbList","@id":"https:\/\/librairie7l.com\/en\/produit\/casanova-mes-annees-venitiennes-2\/#breadcrumb","itemListElement":[{"@type":"ListItem","position":1,"name":"Accueil","item":"https:\/\/librairie7l.com\/en\/"},{"@type":"ListItem","position":2,"name":"Shop","item":"https:\/\/librairie7l.com\/en\/shop\/"},{"@type":"ListItem","position":3,"name":"CASANOVA, MES ANN\u00c9ES V\u00c9NITIENNES"}]},{"@type":"WebSite","@id":"https:\/\/librairie7l.com\/en\/#website","url":"https:\/\/librairie7l.com\/en\/","name":"Librairie 7L","description":"Librairie fond\u00e9e en 1999 par Karl Lagerfeld \u00e0 Paris","publisher":{"@id":"https:\/\/librairie7l.com\/en\/#organization"},"potentialAction":[{"@type":"SearchAction","target":{"@type":"EntryPoint","urlTemplate":"https:\/\/librairie7l.com\/en\/?s={search_term_string}"},"query-input":"required name=search_term_string"}],"inLanguage":"en-US"},{"@type":"Organization","@id":"https:\/\/librairie7l.com\/en\/#organization","name":"Librairie 7L","url":"https:\/\/librairie7l.com\/en\/","logo":{"@type":"ImageObject","inLanguage":"en-US","@id":"https:\/\/librairie7l.com\/en\/#\/schema\/logo\/image\/","url":"https:\/\/librairie7l.com\/wp-content\/uploads\/2022\/08\/logo-1.png","contentUrl":"https:\/\/librairie7l.com\/wp-content\/uploads\/2022\/08\/logo-1.png","width":227,"height":301,"caption":"Librairie 7L"},"image":{"@id":"https:\/\/librairie7l.com\/en\/#\/schema\/logo\/image\/"}}]}},"_links":{"self":[{"href":"https:\/\/librairie7l.com\/en\/wp-json\/wp\/v2\/product\/55050"}],"collection":[{"href":"https:\/\/librairie7l.com\/en\/wp-json\/wp\/v2\/product"}],"about":[{"href":"https:\/\/librairie7l.com\/en\/wp-json\/wp\/v2\/types\/product"}],"wp:featuredmedia":[{"embeddable":true,"href":"https:\/\/librairie7l.com\/en\/wp-json\/wp\/v2\/media\/55048"}],"wp:attachment":[{"href":"https:\/\/librairie7l.com\/en\/wp-json\/wp\/v2\/media?parent=55050"}],"wp:term":[{"taxonomy":"product_cat","embeddable":true,"href":"https:\/\/librairie7l.com\/en\/wp-json\/wp\/v2\/product_cat?post=55050"},{"taxonomy":"product_tag","embeddable":true,"href":"https:\/\/librairie7l.com\/en\/wp-json\/wp\/v2\/product_tag?post=55050"}],"curies":[{"name":"wp","href":"https:\/\/api.w.org\/{rel}","templated":true}]}}