{"id":55054,"date":"2026-02-18T10:16:30","date_gmt":"2026-02-18T09:16:30","guid":{"rendered":"https:\/\/librairie7l.com\/?post_type=product&#038;p=55054"},"modified":"2026-04-20T19:34:33","modified_gmt":"2026-04-20T17:34:33","slug":"le-xviiie-siecle-libertin-de-marivaux-a-sade-2","status":"publish","type":"product","link":"https:\/\/librairie7l.com\/en\/produit\/le-xviiie-siecle-libertin-de-marivaux-a-sade-2\/","title":{"rendered":"LE XVIIIE SI\u00c8CLE LIBERTIN : DE MARIVAUX \u00c0 SADE"},"content":{"rendered":"<p>LE LIVRE De Marivaux \u00e0 Sade en passant par Cr\u00e9billon, Diderot, Voltaire, l&#8217;abb\u00e9 Pr\u00e9vost, Beaumarchais, Choderlos de Laclos, Casanova &#8230; &#8211; sans oublier des \u00e9crivains moins connus mais tout aussi savoureux -, cette anthologie nous convie \u00e0 parcourir un si\u00e8cle de litt\u00e9rature \u00e0 la lumi\u00e8re des grands peintres et dessinateurs du XVIIIe si\u00e8cle. Boucher, Fragonard, Greuze, Lancret, Saint-Aubin, Watteau et autres chantres de la f\u00eate galante accompagnent magnifiquement ces invites non d\u00e9guis\u00e9es \u00e0 la d\u00e9lectation.<br \/>\nRoman, th\u00e9\u00e2tre, correspondance, m\u00e9moires, po\u00e9sies ou chansons rivalisent de raffinement et de subtilit\u00e9s pour transcrire l&#8217;\u00e9moi naissant, la qu\u00eate du plaisir sensule, la passion effr\u00e9n\u00e9e et les d\u00e9lices de la jouissance. Au-del\u00e0 du jeu de la s\u00e9duction, des fantasmes \u00e9rotiques ou de la satire de moeurs, ces textes remarquables interrogent la libert\u00e9 humaine et la possibilit\u00e9 pour les \u00eatres d&#8217;atteindre le bonheur.<\/p>\n","protected":false},"excerpt":{"rendered":"<p>LE LIVRE De Marivaux \u00e0 Sade en passant par Cr\u00e9billon, Diderot, Voltaire, l&#8217;abb\u00e9 Pr\u00e9vost, Beaumarchais, Choderlos de Laclos, Casanova &#8230; &#8211; sans oublier des \u00e9crivains moins connus mais tout aussi savoureux -, cette anthologie nous convie \u00e0 parcourir un si\u00e8cle de litt\u00e9rature \u00e0 la lumi\u00e8re des grands peintres et dessinateurs du XVIIIe si\u00e8cle. Boucher, Fragonard, [&hellip;]<\/p>\n","protected":false},"featured_media":55052,"template":"","meta":[],"product_cat":[2948],"product_tag":[],"acf":[],"yoast_head":"<!-- This site is optimized with the Yoast SEO plugin v20.11 - https:\/\/yoast.com\/wordpress\/plugins\/seo\/ -->\n<title>Le XVIIIe si\u00e8cle libertin : de Marivaux \u00e0 Sade - Librairie 7L<\/title>\n<meta name=\"robots\" content=\"index, follow, max-snippet:-1, max-image-preview:large, max-video-preview:-1\" \/>\n<link rel=\"canonical\" href=\"https:\/\/librairie7l.com\/en\/produit\/le-xviiie-siecle-libertin-de-marivaux-a-sade-2\/\" \/>\n<meta property=\"og:locale\" content=\"en_US\" \/>\n<meta property=\"og:type\" content=\"article\" \/>\n<meta property=\"og:title\" content=\"Le XVIIIe si\u00e8cle libertin : de Marivaux \u00e0 Sade - Librairie 7L\" \/>\n<meta property=\"og:description\" content=\"LE LIVRE De Marivaux \u00e0 Sade en passant par Cr\u00e9billon, Diderot, Voltaire, l&#8217;abb\u00e9 Pr\u00e9vost, Beaumarchais, Choderlos de Laclos, Casanova &#8230; &#8211; sans oublier des \u00e9crivains moins connus mais tout aussi savoureux -, cette anthologie nous convie \u00e0 parcourir un si\u00e8cle de litt\u00e9rature \u00e0 la lumi\u00e8re des grands peintres et dessinateurs du XVIIIe si\u00e8cle. Boucher, Fragonard, [&hellip;]\" \/>\n<meta property=\"og:url\" content=\"https:\/\/librairie7l.com\/en\/produit\/le-xviiie-siecle-libertin-de-marivaux-a-sade-2\/\" \/>\n<meta property=\"og:site_name\" content=\"Librairie 7L\" \/>\n<meta property=\"article:modified_time\" content=\"2026-04-20T17:34:33+00:00\" \/>\n<meta property=\"og:image\" content=\"https:\/\/librairie7l.com\/wp-content\/uploads\/2021\/07\/9782850888748_1_75.jpg\" \/>\n\t<meta property=\"og:image:width\" content=\"600\" \/>\n\t<meta property=\"og:image:height\" content=\"748\" \/>\n\t<meta property=\"og:image:type\" content=\"image\/jpeg\" \/>\n<meta name=\"twitter:card\" content=\"summary_large_image\" \/>\n<meta name=\"twitter:label1\" content=\"Est. reading time\" \/>\n\t<meta name=\"twitter:data1\" content=\"1 minute\" \/>\n<script type=\"application\/ld+json\" class=\"yoast-schema-graph\">{\"@context\":\"https:\/\/schema.org\",\"@graph\":[{\"@type\":\"WebPage\",\"@id\":\"https:\/\/librairie7l.com\/en\/produit\/le-xviiie-siecle-libertin-de-marivaux-a-sade-2\/\",\"url\":\"https:\/\/librairie7l.com\/en\/produit\/le-xviiie-siecle-libertin-de-marivaux-a-sade-2\/\",\"name\":\"Le XVIIIe si\u00e8cle libertin : de Marivaux \u00e0 Sade - Librairie 7L\",\"isPartOf\":{\"@id\":\"https:\/\/librairie7l.com\/en\/#website\"},\"datePublished\":\"2026-02-18T09:16:30+00:00\",\"dateModified\":\"2026-04-20T17:34:33+00:00\",\"breadcrumb\":{\"@id\":\"https:\/\/librairie7l.com\/en\/produit\/le-xviiie-siecle-libertin-de-marivaux-a-sade-2\/#breadcrumb\"},\"inLanguage\":\"en-US\",\"potentialAction\":[{\"@type\":\"ReadAction\",\"target\":[\"https:\/\/librairie7l.com\/en\/produit\/le-xviiie-siecle-libertin-de-marivaux-a-sade-2\/\"]}]},{\"@type\":\"BreadcrumbList\",\"@id\":\"https:\/\/librairie7l.com\/en\/produit\/le-xviiie-siecle-libertin-de-marivaux-a-sade-2\/#breadcrumb\",\"itemListElement\":[{\"@type\":\"ListItem\",\"position\":1,\"name\":\"Accueil\",\"item\":\"https:\/\/librairie7l.com\/en\/\"},{\"@type\":\"ListItem\",\"position\":2,\"name\":\"Shop\",\"item\":\"https:\/\/librairie7l.com\/en\/shop\/\"},{\"@type\":\"ListItem\",\"position\":3,\"name\":\"LE XVIIIE SI\u00c8CLE LIBERTIN : DE MARIVAUX \u00c0 SADE\"}]},{\"@type\":\"WebSite\",\"@id\":\"https:\/\/librairie7l.com\/en\/#website\",\"url\":\"https:\/\/librairie7l.com\/en\/\",\"name\":\"Librairie 7L\",\"description\":\"Librairie fond\u00e9e en 1999 par Karl Lagerfeld \u00e0 Paris\",\"publisher\":{\"@id\":\"https:\/\/librairie7l.com\/en\/#organization\"},\"potentialAction\":[{\"@type\":\"SearchAction\",\"target\":{\"@type\":\"EntryPoint\",\"urlTemplate\":\"https:\/\/librairie7l.com\/en\/?s={search_term_string}\"},\"query-input\":\"required name=search_term_string\"}],\"inLanguage\":\"en-US\"},{\"@type\":\"Organization\",\"@id\":\"https:\/\/librairie7l.com\/en\/#organization\",\"name\":\"Librairie 7L\",\"url\":\"https:\/\/librairie7l.com\/en\/\",\"logo\":{\"@type\":\"ImageObject\",\"inLanguage\":\"en-US\",\"@id\":\"https:\/\/librairie7l.com\/en\/#\/schema\/logo\/image\/\",\"url\":\"https:\/\/librairie7l.com\/wp-content\/uploads\/2022\/08\/logo-1.png\",\"contentUrl\":\"https:\/\/librairie7l.com\/wp-content\/uploads\/2022\/08\/logo-1.png\",\"width\":227,\"height\":301,\"caption\":\"Librairie 7L\"},\"image\":{\"@id\":\"https:\/\/librairie7l.com\/en\/#\/schema\/logo\/image\/\"}}]}<\/script>\n<!-- \/ Yoast SEO plugin. -->","yoast_head_json":{"title":"Le XVIIIe si\u00e8cle libertin : de Marivaux \u00e0 Sade - Librairie 7L","robots":{"index":"index","follow":"follow","max-snippet":"max-snippet:-1","max-image-preview":"max-image-preview:large","max-video-preview":"max-video-preview:-1"},"canonical":"https:\/\/librairie7l.com\/en\/produit\/le-xviiie-siecle-libertin-de-marivaux-a-sade-2\/","og_locale":"en_US","og_type":"article","og_title":"Le XVIIIe si\u00e8cle libertin : de Marivaux \u00e0 Sade - Librairie 7L","og_description":"LE LIVRE De Marivaux \u00e0 Sade en passant par Cr\u00e9billon, Diderot, Voltaire, l&#8217;abb\u00e9 Pr\u00e9vost, Beaumarchais, Choderlos de Laclos, Casanova &#8230; &#8211; sans oublier des \u00e9crivains moins connus mais tout aussi savoureux -, cette anthologie nous convie \u00e0 parcourir un si\u00e8cle de litt\u00e9rature \u00e0 la lumi\u00e8re des grands peintres et dessinateurs du XVIIIe si\u00e8cle. Boucher, Fragonard, [&hellip;]","og_url":"https:\/\/librairie7l.com\/en\/produit\/le-xviiie-siecle-libertin-de-marivaux-a-sade-2\/","og_site_name":"Librairie 7L","article_modified_time":"2026-04-20T17:34:33+00:00","og_image":[{"width":600,"height":748,"url":"https:\/\/librairie7l.com\/wp-content\/uploads\/2021\/07\/9782850888748_1_75.jpg","type":"image\/jpeg"}],"twitter_card":"summary_large_image","twitter_misc":{"Est. reading time":"1 minute"},"schema":{"@context":"https:\/\/schema.org","@graph":[{"@type":"WebPage","@id":"https:\/\/librairie7l.com\/en\/produit\/le-xviiie-siecle-libertin-de-marivaux-a-sade-2\/","url":"https:\/\/librairie7l.com\/en\/produit\/le-xviiie-siecle-libertin-de-marivaux-a-sade-2\/","name":"Le XVIIIe si\u00e8cle libertin : de Marivaux \u00e0 Sade - Librairie 7L","isPartOf":{"@id":"https:\/\/librairie7l.com\/en\/#website"},"datePublished":"2026-02-18T09:16:30+00:00","dateModified":"2026-04-20T17:34:33+00:00","breadcrumb":{"@id":"https:\/\/librairie7l.com\/en\/produit\/le-xviiie-siecle-libertin-de-marivaux-a-sade-2\/#breadcrumb"},"inLanguage":"en-US","potentialAction":[{"@type":"ReadAction","target":["https:\/\/librairie7l.com\/en\/produit\/le-xviiie-siecle-libertin-de-marivaux-a-sade-2\/"]}]},{"@type":"BreadcrumbList","@id":"https:\/\/librairie7l.com\/en\/produit\/le-xviiie-siecle-libertin-de-marivaux-a-sade-2\/#breadcrumb","itemListElement":[{"@type":"ListItem","position":1,"name":"Accueil","item":"https:\/\/librairie7l.com\/en\/"},{"@type":"ListItem","position":2,"name":"Shop","item":"https:\/\/librairie7l.com\/en\/shop\/"},{"@type":"ListItem","position":3,"name":"LE XVIIIE SI\u00c8CLE LIBERTIN : DE MARIVAUX \u00c0 SADE"}]},{"@type":"WebSite","@id":"https:\/\/librairie7l.com\/en\/#website","url":"https:\/\/librairie7l.com\/en\/","name":"Librairie 7L","description":"Librairie fond\u00e9e en 1999 par Karl Lagerfeld \u00e0 Paris","publisher":{"@id":"https:\/\/librairie7l.com\/en\/#organization"},"potentialAction":[{"@type":"SearchAction","target":{"@type":"EntryPoint","urlTemplate":"https:\/\/librairie7l.com\/en\/?s={search_term_string}"},"query-input":"required name=search_term_string"}],"inLanguage":"en-US"},{"@type":"Organization","@id":"https:\/\/librairie7l.com\/en\/#organization","name":"Librairie 7L","url":"https:\/\/librairie7l.com\/en\/","logo":{"@type":"ImageObject","inLanguage":"en-US","@id":"https:\/\/librairie7l.com\/en\/#\/schema\/logo\/image\/","url":"https:\/\/librairie7l.com\/wp-content\/uploads\/2022\/08\/logo-1.png","contentUrl":"https:\/\/librairie7l.com\/wp-content\/uploads\/2022\/08\/logo-1.png","width":227,"height":301,"caption":"Librairie 7L"},"image":{"@id":"https:\/\/librairie7l.com\/en\/#\/schema\/logo\/image\/"}}]}},"_links":{"self":[{"href":"https:\/\/librairie7l.com\/en\/wp-json\/wp\/v2\/product\/55054"}],"collection":[{"href":"https:\/\/librairie7l.com\/en\/wp-json\/wp\/v2\/product"}],"about":[{"href":"https:\/\/librairie7l.com\/en\/wp-json\/wp\/v2\/types\/product"}],"wp:featuredmedia":[{"embeddable":true,"href":"https:\/\/librairie7l.com\/en\/wp-json\/wp\/v2\/media\/55052"}],"wp:attachment":[{"href":"https:\/\/librairie7l.com\/en\/wp-json\/wp\/v2\/media?parent=55054"}],"wp:term":[{"taxonomy":"product_cat","embeddable":true,"href":"https:\/\/librairie7l.com\/en\/wp-json\/wp\/v2\/product_cat?post=55054"},{"taxonomy":"product_tag","embeddable":true,"href":"https:\/\/librairie7l.com\/en\/wp-json\/wp\/v2\/product_tag?post=55054"}],"curies":[{"name":"wp","href":"https:\/\/api.w.org\/{rel}","templated":true}]}}