{"id":55058,"date":"2026-02-18T10:16:32","date_gmt":"2026-02-18T09:16:32","guid":{"rendered":"https:\/\/librairie7l.com\/?post_type=product&#038;p=55058"},"modified":"2026-04-20T17:51:43","modified_gmt":"2026-04-20T15:51:43","slug":"turner-2","status":"publish","type":"product","link":"https:\/\/librairie7l.com\/en\/produit\/turner-2\/","title":{"rendered":"TURNER"},"content":{"rendered":"<p>LE LIVRE Joseph Mallord William Turner (1775-1851) est, avec John Constable, son contemporain, le plus grand peintre anglais du XIXe si\u00e8cle. Fils d&#8217;un barbier-perruquier londonien, il s&#8217;illustre d&#8217;abord par ses aquarelles de paysages. \u00c0 26 ans, il est le plus jeune artiste jamais \u00e9lu \u00e0 la Royal Academy. Commence alors une longue et prolifique carri\u00e8re. Carnet de croquis en main, il n&#8217;aura de cesse de parcourir la Grande-Bretagne, mais aussi l&#8217;Europe, des Alpes aux rives du Rhin, de Calais \u00e0 Rome, de Nantes \u00e0 Venise en qu\u00eate d&#8217;\u00e9motions visuelles propres \u00e0 nourrir ses recherches picturales. Il \u00e9chappe peu \u00e0 peu aux traditions acad\u00e9miques, ses r\u00e9flexions sur la composition et la couleur le conduisant \u00e0 l&#8217;invention de formes radicalement nouvelles. Sa peinture capte d\u00e9sormais des impressions, des atmosph\u00e8res fugitives, o\u00f9 les figures se font \u00e9vanescentes. Cet embrasement progressif donne \u00e0 ses sujets une dimension onirique et fantastique dont ses contemporains ne saisiront pas la port\u00e9e visionnaire, \u00e0 l&#8217;exception notable de John Ruskin, qui d\u00e8s 1840 le hisse au panth\u00e9on des artistes anglais. \u00c0 sa suite Moreau, Monet, Pisarro, Renoir ou Ensor&#8230; prendront la mesure de la modernit\u00e9 du peintre et Pluie, Vapeur et Vitesse deviendra une sorte de talisman pour le groupe des impressionnistes.<br \/>\nDans ce livre, John Gage retrace brillamment le parcours intellectuel et les centres d&#8217;int\u00e9r\u00eat qui ont nourri l&#8217;oeuvre de Turner. \u00c0 travers une approche th\u00e9matique, il explore son g\u00e9nie \u00e0 sublimer l&#8217;h\u00e9ritage des ma\u00eetres du pass\u00e9 pour ouvrir \u00e0 la peinture des horizons singuliers.<\/p>\n","protected":false},"excerpt":{"rendered":"<p>LE LIVRE Joseph Mallord William Turner (1775-1851) est, avec John Constable, son contemporain, le plus grand peintre anglais du XIXe si\u00e8cle. Fils d&#8217;un barbier-perruquier londonien, il s&#8217;illustre d&#8217;abord par ses aquarelles de paysages. \u00c0 26 ans, il est le plus jeune artiste jamais \u00e9lu \u00e0 la Royal Academy. Commence alors une longue et prolifique carri\u00e8re. [&hellip;]<\/p>\n","protected":false},"featured_media":55056,"template":"","meta":[],"product_cat":[2948],"product_tag":[],"acf":[],"yoast_head":"<!-- This site is optimized with the Yoast SEO plugin v20.11 - https:\/\/yoast.com\/wordpress\/plugins\/seo\/ -->\n<title>Turner - Librairie 7L<\/title>\n<meta name=\"robots\" content=\"index, follow, max-snippet:-1, max-image-preview:large, max-video-preview:-1\" \/>\n<link rel=\"canonical\" href=\"https:\/\/librairie7l.com\/en\/produit\/turner-2\/\" \/>\n<meta property=\"og:locale\" content=\"en_US\" \/>\n<meta property=\"og:type\" content=\"article\" \/>\n<meta property=\"og:title\" content=\"Turner - Librairie 7L\" \/>\n<meta property=\"og:description\" content=\"LE LIVRE Joseph Mallord William Turner (1775-1851) est, avec John Constable, son contemporain, le plus grand peintre anglais du XIXe si\u00e8cle. Fils d&#8217;un barbier-perruquier londonien, il s&#8217;illustre d&#8217;abord par ses aquarelles de paysages. \u00c0 26 ans, il est le plus jeune artiste jamais \u00e9lu \u00e0 la Royal Academy. Commence alors une longue et prolifique carri\u00e8re. [&hellip;]\" \/>\n<meta property=\"og:url\" content=\"https:\/\/librairie7l.com\/en\/produit\/turner-2\/\" \/>\n<meta property=\"og:site_name\" content=\"Librairie 7L\" \/>\n<meta property=\"article:modified_time\" content=\"2026-04-20T15:51:43+00:00\" \/>\n<meta property=\"og:image\" content=\"https:\/\/librairie7l.com\/wp-content\/uploads\/2010\/01\/9782850883132_1_75.jpg\" \/>\n\t<meta property=\"og:image:width\" content=\"250\" \/>\n\t<meta property=\"og:image:height\" content=\"291\" \/>\n\t<meta property=\"og:image:type\" content=\"image\/jpeg\" \/>\n<meta name=\"twitter:card\" content=\"summary_large_image\" \/>\n<meta name=\"twitter:label1\" content=\"Est. reading time\" \/>\n\t<meta name=\"twitter:data1\" content=\"1 minute\" \/>\n<script type=\"application\/ld+json\" class=\"yoast-schema-graph\">{\"@context\":\"https:\/\/schema.org\",\"@graph\":[{\"@type\":\"WebPage\",\"@id\":\"https:\/\/librairie7l.com\/en\/produit\/turner-2\/\",\"url\":\"https:\/\/librairie7l.com\/en\/produit\/turner-2\/\",\"name\":\"Turner - Librairie 7L\",\"isPartOf\":{\"@id\":\"https:\/\/librairie7l.com\/en\/#website\"},\"datePublished\":\"2026-02-18T09:16:32+00:00\",\"dateModified\":\"2026-04-20T15:51:43+00:00\",\"breadcrumb\":{\"@id\":\"https:\/\/librairie7l.com\/en\/produit\/turner-2\/#breadcrumb\"},\"inLanguage\":\"en-US\",\"potentialAction\":[{\"@type\":\"ReadAction\",\"target\":[\"https:\/\/librairie7l.com\/en\/produit\/turner-2\/\"]}]},{\"@type\":\"BreadcrumbList\",\"@id\":\"https:\/\/librairie7l.com\/en\/produit\/turner-2\/#breadcrumb\",\"itemListElement\":[{\"@type\":\"ListItem\",\"position\":1,\"name\":\"Accueil\",\"item\":\"https:\/\/librairie7l.com\/en\/\"},{\"@type\":\"ListItem\",\"position\":2,\"name\":\"Shop\",\"item\":\"https:\/\/librairie7l.com\/en\/shop\/\"},{\"@type\":\"ListItem\",\"position\":3,\"name\":\"TURNER\"}]},{\"@type\":\"WebSite\",\"@id\":\"https:\/\/librairie7l.com\/en\/#website\",\"url\":\"https:\/\/librairie7l.com\/en\/\",\"name\":\"Librairie 7L\",\"description\":\"Librairie fond\u00e9e en 1999 par Karl Lagerfeld \u00e0 Paris\",\"publisher\":{\"@id\":\"https:\/\/librairie7l.com\/en\/#organization\"},\"potentialAction\":[{\"@type\":\"SearchAction\",\"target\":{\"@type\":\"EntryPoint\",\"urlTemplate\":\"https:\/\/librairie7l.com\/en\/?s={search_term_string}\"},\"query-input\":\"required name=search_term_string\"}],\"inLanguage\":\"en-US\"},{\"@type\":\"Organization\",\"@id\":\"https:\/\/librairie7l.com\/en\/#organization\",\"name\":\"Librairie 7L\",\"url\":\"https:\/\/librairie7l.com\/en\/\",\"logo\":{\"@type\":\"ImageObject\",\"inLanguage\":\"en-US\",\"@id\":\"https:\/\/librairie7l.com\/en\/#\/schema\/logo\/image\/\",\"url\":\"https:\/\/librairie7l.com\/wp-content\/uploads\/2022\/08\/logo-1.png\",\"contentUrl\":\"https:\/\/librairie7l.com\/wp-content\/uploads\/2022\/08\/logo-1.png\",\"width\":227,\"height\":301,\"caption\":\"Librairie 7L\"},\"image\":{\"@id\":\"https:\/\/librairie7l.com\/en\/#\/schema\/logo\/image\/\"}}]}<\/script>\n<!-- \/ Yoast SEO plugin. -->","yoast_head_json":{"title":"Turner - Librairie 7L","robots":{"index":"index","follow":"follow","max-snippet":"max-snippet:-1","max-image-preview":"max-image-preview:large","max-video-preview":"max-video-preview:-1"},"canonical":"https:\/\/librairie7l.com\/en\/produit\/turner-2\/","og_locale":"en_US","og_type":"article","og_title":"Turner - Librairie 7L","og_description":"LE LIVRE Joseph Mallord William Turner (1775-1851) est, avec John Constable, son contemporain, le plus grand peintre anglais du XIXe si\u00e8cle. Fils d&#8217;un barbier-perruquier londonien, il s&#8217;illustre d&#8217;abord par ses aquarelles de paysages. \u00c0 26 ans, il est le plus jeune artiste jamais \u00e9lu \u00e0 la Royal Academy. Commence alors une longue et prolifique carri\u00e8re. [&hellip;]","og_url":"https:\/\/librairie7l.com\/en\/produit\/turner-2\/","og_site_name":"Librairie 7L","article_modified_time":"2026-04-20T15:51:43+00:00","og_image":[{"width":250,"height":291,"url":"https:\/\/librairie7l.com\/wp-content\/uploads\/2010\/01\/9782850883132_1_75.jpg","type":"image\/jpeg"}],"twitter_card":"summary_large_image","twitter_misc":{"Est. reading time":"1 minute"},"schema":{"@context":"https:\/\/schema.org","@graph":[{"@type":"WebPage","@id":"https:\/\/librairie7l.com\/en\/produit\/turner-2\/","url":"https:\/\/librairie7l.com\/en\/produit\/turner-2\/","name":"Turner - Librairie 7L","isPartOf":{"@id":"https:\/\/librairie7l.com\/en\/#website"},"datePublished":"2026-02-18T09:16:32+00:00","dateModified":"2026-04-20T15:51:43+00:00","breadcrumb":{"@id":"https:\/\/librairie7l.com\/en\/produit\/turner-2\/#breadcrumb"},"inLanguage":"en-US","potentialAction":[{"@type":"ReadAction","target":["https:\/\/librairie7l.com\/en\/produit\/turner-2\/"]}]},{"@type":"BreadcrumbList","@id":"https:\/\/librairie7l.com\/en\/produit\/turner-2\/#breadcrumb","itemListElement":[{"@type":"ListItem","position":1,"name":"Accueil","item":"https:\/\/librairie7l.com\/en\/"},{"@type":"ListItem","position":2,"name":"Shop","item":"https:\/\/librairie7l.com\/en\/shop\/"},{"@type":"ListItem","position":3,"name":"TURNER"}]},{"@type":"WebSite","@id":"https:\/\/librairie7l.com\/en\/#website","url":"https:\/\/librairie7l.com\/en\/","name":"Librairie 7L","description":"Librairie fond\u00e9e en 1999 par Karl Lagerfeld \u00e0 Paris","publisher":{"@id":"https:\/\/librairie7l.com\/en\/#organization"},"potentialAction":[{"@type":"SearchAction","target":{"@type":"EntryPoint","urlTemplate":"https:\/\/librairie7l.com\/en\/?s={search_term_string}"},"query-input":"required name=search_term_string"}],"inLanguage":"en-US"},{"@type":"Organization","@id":"https:\/\/librairie7l.com\/en\/#organization","name":"Librairie 7L","url":"https:\/\/librairie7l.com\/en\/","logo":{"@type":"ImageObject","inLanguage":"en-US","@id":"https:\/\/librairie7l.com\/en\/#\/schema\/logo\/image\/","url":"https:\/\/librairie7l.com\/wp-content\/uploads\/2022\/08\/logo-1.png","contentUrl":"https:\/\/librairie7l.com\/wp-content\/uploads\/2022\/08\/logo-1.png","width":227,"height":301,"caption":"Librairie 7L"},"image":{"@id":"https:\/\/librairie7l.com\/en\/#\/schema\/logo\/image\/"}}]}},"_links":{"self":[{"href":"https:\/\/librairie7l.com\/en\/wp-json\/wp\/v2\/product\/55058"}],"collection":[{"href":"https:\/\/librairie7l.com\/en\/wp-json\/wp\/v2\/product"}],"about":[{"href":"https:\/\/librairie7l.com\/en\/wp-json\/wp\/v2\/types\/product"}],"wp:featuredmedia":[{"embeddable":true,"href":"https:\/\/librairie7l.com\/en\/wp-json\/wp\/v2\/media\/55056"}],"wp:attachment":[{"href":"https:\/\/librairie7l.com\/en\/wp-json\/wp\/v2\/media?parent=55058"}],"wp:term":[{"taxonomy":"product_cat","embeddable":true,"href":"https:\/\/librairie7l.com\/en\/wp-json\/wp\/v2\/product_cat?post=55058"},{"taxonomy":"product_tag","embeddable":true,"href":"https:\/\/librairie7l.com\/en\/wp-json\/wp\/v2\/product_tag?post=55058"}],"curies":[{"name":"wp","href":"https:\/\/api.w.org\/{rel}","templated":true}]}}