{"id":55062,"date":"2026-02-18T10:16:36","date_gmt":"2026-02-18T09:16:36","guid":{"rendered":"https:\/\/librairie7l.com\/?post_type=product&#038;p=55062"},"modified":"2026-04-20T16:27:54","modified_gmt":"2026-04-20T14:27:54","slug":"mantegna-2","status":"publish","type":"product","link":"https:\/\/librairie7l.com\/en\/produit\/mantegna-2\/","title":{"rendered":"MANTEGNA"},"content":{"rendered":"<p>Andrea Mantegna (1431-1506) est sans nul doute l&#8217;une des figures les plus insolites et les plus brillantes du Quattrocento italien. Son oeuvre, qui m\u00eale sans rel\u00e2che humanisme et r\u00e9f\u00e9rences \u00e0 l&#8217;Antiquit\u00e9, a pu parfois intriguer amateurs et historiens d&#8217;art. Si le grand public le conna\u00eet \u00e0 travers l&#8217;exceptionnel ensemble de fresques de la Chambre des \u00c9poux, qu&#8217;il a r\u00e9alis\u00e9 dans les ann\u00e9es 1470 au coeur du palais ducal de Mantoue, le castel San Giorgio, le reste de son oeuvre m\u00e9ritait une pr\u00e9sentation approfondie, \u00e0 laquelle se livre ici Alberta De Nicol\u00f3 Salmazo.<br \/>\nMantegna passe son enfance \u00e0 Padoue, ville de l&#8217;Italie du Nord rattach\u00e9e \u00e0 Venise, pr\u00e8s de laquelle il vit le jour. Cette ville de savants et d&#8217;artistes \u00e9tait en quelque sorte l&#8217;universit\u00e9 de la S\u00e9r\u00e9nissime. Les vestiges antiques \u00e9taient nombreux dans la ville, qui s&#8217;enorgueillissait \u00e9galement de la fameuse chapelle Scrovegni d\u00e9cor\u00e9e par Giotto, et o\u00f9 r\u00e9sidait Donatello dans les ann\u00e9es 1450. Le ma\u00eetre de Mantegna, Squarcione, poss\u00e9dait l&#8217;une des plus belles collections de la cit\u00e9 ; ainsi, Mantegna se forma sous la triple protection de Venise, de Florence, et de l&#8217;Antiquit\u00e9. Il faut \u00e9galement noter que Mantegna \u00e9pousa la soeur des peintres v\u00e9nitiens Gentile et Giovanni Bellini. Sa premi\u00e8re grande commande fut l&#8217;ensemble de fresques de l&#8217;\u00e9glise des Eremitani, en grande partie d\u00e9truites en 1944.<\/p>\n<p>\u00c0 pr\u00e8s de quarante ans, il s&#8217;installe \u00e0 Mantoue, o\u00f9 le marquis Ludovic de Gonzague l&#8217;attendait avec impatience ; la cour de ce dernier rassemblait princes lettr\u00e9s et artistes, condottieri et humanistes, qui r\u00e9servaient aux savants et aux peintres l&#8217;hospitalit\u00e9 la plus flatteuse. C&#8217;est ici qu&#8217;il r\u00e9alise entre 1464 et 1470 le cycle de fresques commun\u00e9ment appel\u00e9 Chambre des \u00c9poux, (camera picta), destin\u00e9 \u00e0 d\u00e9corer une pi\u00e8ce destin\u00e9e \u00e0 des fins priv\u00e9es autant qu&#8217;officielles. Cette chronique de la vie de cour des Gonzague, d\u00e9ploy\u00e9e sur trois murs est l&#8217;un des sommets du raffinement de cette premi\u00e8re Renaissance italienne. Quelques ann\u00e9es plus tard, l&#8217;artiste r\u00e9alisa un d\u00e9cor non moins spectaculaire, aujourd&#8217;hui conserv\u00e9 \u00e0 Hampton Court, Le Triomphe de Jules C\u00e9sar, une frise de vingt-sept m\u00e8tres sur trois. <\/p>\n<p>\u00c0 l&#8217;exception d&#8217;un bref voyage \u00e0 Rome, il v\u00e9cut \u00e0 Mantoue jusqu&#8217;\u00e0 sa mort. Il r\u00e9alisa nombre de retables, portraits, sc\u00e8nes religieuses ou mythologiques. Parall\u00e8lement, il d\u00e9ploya une activit\u00e9 de dessinateur et de graveur, dont le catalogue raisonn\u00e9 figurant \u00e0 la fin de l&#8217;ouvrage rend compte avec rigueur.<\/p>\n","protected":false},"excerpt":{"rendered":"<p>Andrea Mantegna (1431-1506) est sans nul doute l&#8217;une des figures les plus insolites et les plus brillantes du Quattrocento italien. Son oeuvre, qui m\u00eale sans rel\u00e2che humanisme et r\u00e9f\u00e9rences \u00e0 l&#8217;Antiquit\u00e9, a pu parfois intriguer amateurs et historiens d&#8217;art. Si le grand public le conna\u00eet \u00e0 travers l&#8217;exceptionnel ensemble de fresques de la Chambre des [&hellip;]<\/p>\n","protected":false},"featured_media":55060,"template":"","meta":[],"product_cat":[2948],"product_tag":[],"acf":[],"yoast_head":"<!-- This site is optimized with the Yoast SEO plugin v20.11 - https:\/\/yoast.com\/wordpress\/plugins\/seo\/ -->\n<title>Mantegna - Librairie 7L<\/title>\n<meta name=\"robots\" content=\"index, follow, max-snippet:-1, max-image-preview:large, max-video-preview:-1\" \/>\n<link rel=\"canonical\" href=\"https:\/\/librairie7l.com\/en\/produit\/mantegna-2\/\" \/>\n<meta property=\"og:locale\" content=\"en_US\" \/>\n<meta property=\"og:type\" content=\"article\" \/>\n<meta property=\"og:title\" content=\"Mantegna - Librairie 7L\" \/>\n<meta property=\"og:description\" content=\"Andrea Mantegna (1431-1506) est sans nul doute l&#8217;une des figures les plus insolites et les plus brillantes du Quattrocento italien. Son oeuvre, qui m\u00eale sans rel\u00e2che humanisme et r\u00e9f\u00e9rences \u00e0 l&#8217;Antiquit\u00e9, a pu parfois intriguer amateurs et historiens d&#8217;art. Si le grand public le conna\u00eet \u00e0 travers l&#8217;exceptionnel ensemble de fresques de la Chambre des [&hellip;]\" \/>\n<meta property=\"og:url\" content=\"https:\/\/librairie7l.com\/en\/produit\/mantegna-2\/\" \/>\n<meta property=\"og:site_name\" content=\"Librairie 7L\" \/>\n<meta property=\"article:modified_time\" content=\"2026-04-20T14:27:54+00:00\" \/>\n<meta property=\"og:image\" content=\"https:\/\/librairie7l.com\/wp-content\/uploads\/2004\/02\/9782850881145_1_75.jpg\" \/>\n\t<meta property=\"og:image:width\" content=\"250\" \/>\n\t<meta property=\"og:image:height\" content=\"293\" \/>\n\t<meta property=\"og:image:type\" content=\"image\/jpeg\" \/>\n<meta name=\"twitter:card\" content=\"summary_large_image\" \/>\n<meta name=\"twitter:label1\" content=\"Est. reading time\" \/>\n\t<meta name=\"twitter:data1\" content=\"2 minutes\" \/>\n<script type=\"application\/ld+json\" class=\"yoast-schema-graph\">{\"@context\":\"https:\/\/schema.org\",\"@graph\":[{\"@type\":\"WebPage\",\"@id\":\"https:\/\/librairie7l.com\/en\/produit\/mantegna-2\/\",\"url\":\"https:\/\/librairie7l.com\/en\/produit\/mantegna-2\/\",\"name\":\"Mantegna - Librairie 7L\",\"isPartOf\":{\"@id\":\"https:\/\/librairie7l.com\/en\/#website\"},\"datePublished\":\"2026-02-18T09:16:36+00:00\",\"dateModified\":\"2026-04-20T14:27:54+00:00\",\"breadcrumb\":{\"@id\":\"https:\/\/librairie7l.com\/en\/produit\/mantegna-2\/#breadcrumb\"},\"inLanguage\":\"en-US\",\"potentialAction\":[{\"@type\":\"ReadAction\",\"target\":[\"https:\/\/librairie7l.com\/en\/produit\/mantegna-2\/\"]}]},{\"@type\":\"BreadcrumbList\",\"@id\":\"https:\/\/librairie7l.com\/en\/produit\/mantegna-2\/#breadcrumb\",\"itemListElement\":[{\"@type\":\"ListItem\",\"position\":1,\"name\":\"Accueil\",\"item\":\"https:\/\/librairie7l.com\/en\/\"},{\"@type\":\"ListItem\",\"position\":2,\"name\":\"Shop\",\"item\":\"https:\/\/librairie7l.com\/en\/shop\/\"},{\"@type\":\"ListItem\",\"position\":3,\"name\":\"MANTEGNA\"}]},{\"@type\":\"WebSite\",\"@id\":\"https:\/\/librairie7l.com\/en\/#website\",\"url\":\"https:\/\/librairie7l.com\/en\/\",\"name\":\"Librairie 7L\",\"description\":\"Librairie fond\u00e9e en 1999 par Karl Lagerfeld \u00e0 Paris\",\"publisher\":{\"@id\":\"https:\/\/librairie7l.com\/en\/#organization\"},\"potentialAction\":[{\"@type\":\"SearchAction\",\"target\":{\"@type\":\"EntryPoint\",\"urlTemplate\":\"https:\/\/librairie7l.com\/en\/?s={search_term_string}\"},\"query-input\":\"required name=search_term_string\"}],\"inLanguage\":\"en-US\"},{\"@type\":\"Organization\",\"@id\":\"https:\/\/librairie7l.com\/en\/#organization\",\"name\":\"Librairie 7L\",\"url\":\"https:\/\/librairie7l.com\/en\/\",\"logo\":{\"@type\":\"ImageObject\",\"inLanguage\":\"en-US\",\"@id\":\"https:\/\/librairie7l.com\/en\/#\/schema\/logo\/image\/\",\"url\":\"https:\/\/librairie7l.com\/wp-content\/uploads\/2022\/08\/logo-1.png\",\"contentUrl\":\"https:\/\/librairie7l.com\/wp-content\/uploads\/2022\/08\/logo-1.png\",\"width\":227,\"height\":301,\"caption\":\"Librairie 7L\"},\"image\":{\"@id\":\"https:\/\/librairie7l.com\/en\/#\/schema\/logo\/image\/\"}}]}<\/script>\n<!-- \/ Yoast SEO plugin. -->","yoast_head_json":{"title":"Mantegna - Librairie 7L","robots":{"index":"index","follow":"follow","max-snippet":"max-snippet:-1","max-image-preview":"max-image-preview:large","max-video-preview":"max-video-preview:-1"},"canonical":"https:\/\/librairie7l.com\/en\/produit\/mantegna-2\/","og_locale":"en_US","og_type":"article","og_title":"Mantegna - Librairie 7L","og_description":"Andrea Mantegna (1431-1506) est sans nul doute l&#8217;une des figures les plus insolites et les plus brillantes du Quattrocento italien. Son oeuvre, qui m\u00eale sans rel\u00e2che humanisme et r\u00e9f\u00e9rences \u00e0 l&#8217;Antiquit\u00e9, a pu parfois intriguer amateurs et historiens d&#8217;art. Si le grand public le conna\u00eet \u00e0 travers l&#8217;exceptionnel ensemble de fresques de la Chambre des [&hellip;]","og_url":"https:\/\/librairie7l.com\/en\/produit\/mantegna-2\/","og_site_name":"Librairie 7L","article_modified_time":"2026-04-20T14:27:54+00:00","og_image":[{"width":250,"height":293,"url":"https:\/\/librairie7l.com\/wp-content\/uploads\/2004\/02\/9782850881145_1_75.jpg","type":"image\/jpeg"}],"twitter_card":"summary_large_image","twitter_misc":{"Est. reading time":"2 minutes"},"schema":{"@context":"https:\/\/schema.org","@graph":[{"@type":"WebPage","@id":"https:\/\/librairie7l.com\/en\/produit\/mantegna-2\/","url":"https:\/\/librairie7l.com\/en\/produit\/mantegna-2\/","name":"Mantegna - Librairie 7L","isPartOf":{"@id":"https:\/\/librairie7l.com\/en\/#website"},"datePublished":"2026-02-18T09:16:36+00:00","dateModified":"2026-04-20T14:27:54+00:00","breadcrumb":{"@id":"https:\/\/librairie7l.com\/en\/produit\/mantegna-2\/#breadcrumb"},"inLanguage":"en-US","potentialAction":[{"@type":"ReadAction","target":["https:\/\/librairie7l.com\/en\/produit\/mantegna-2\/"]}]},{"@type":"BreadcrumbList","@id":"https:\/\/librairie7l.com\/en\/produit\/mantegna-2\/#breadcrumb","itemListElement":[{"@type":"ListItem","position":1,"name":"Accueil","item":"https:\/\/librairie7l.com\/en\/"},{"@type":"ListItem","position":2,"name":"Shop","item":"https:\/\/librairie7l.com\/en\/shop\/"},{"@type":"ListItem","position":3,"name":"MANTEGNA"}]},{"@type":"WebSite","@id":"https:\/\/librairie7l.com\/en\/#website","url":"https:\/\/librairie7l.com\/en\/","name":"Librairie 7L","description":"Librairie fond\u00e9e en 1999 par Karl Lagerfeld \u00e0 Paris","publisher":{"@id":"https:\/\/librairie7l.com\/en\/#organization"},"potentialAction":[{"@type":"SearchAction","target":{"@type":"EntryPoint","urlTemplate":"https:\/\/librairie7l.com\/en\/?s={search_term_string}"},"query-input":"required name=search_term_string"}],"inLanguage":"en-US"},{"@type":"Organization","@id":"https:\/\/librairie7l.com\/en\/#organization","name":"Librairie 7L","url":"https:\/\/librairie7l.com\/en\/","logo":{"@type":"ImageObject","inLanguage":"en-US","@id":"https:\/\/librairie7l.com\/en\/#\/schema\/logo\/image\/","url":"https:\/\/librairie7l.com\/wp-content\/uploads\/2022\/08\/logo-1.png","contentUrl":"https:\/\/librairie7l.com\/wp-content\/uploads\/2022\/08\/logo-1.png","width":227,"height":301,"caption":"Librairie 7L"},"image":{"@id":"https:\/\/librairie7l.com\/en\/#\/schema\/logo\/image\/"}}]}},"_links":{"self":[{"href":"https:\/\/librairie7l.com\/en\/wp-json\/wp\/v2\/product\/55062"}],"collection":[{"href":"https:\/\/librairie7l.com\/en\/wp-json\/wp\/v2\/product"}],"about":[{"href":"https:\/\/librairie7l.com\/en\/wp-json\/wp\/v2\/types\/product"}],"wp:featuredmedia":[{"embeddable":true,"href":"https:\/\/librairie7l.com\/en\/wp-json\/wp\/v2\/media\/55060"}],"wp:attachment":[{"href":"https:\/\/librairie7l.com\/en\/wp-json\/wp\/v2\/media?parent=55062"}],"wp:term":[{"taxonomy":"product_cat","embeddable":true,"href":"https:\/\/librairie7l.com\/en\/wp-json\/wp\/v2\/product_cat?post=55062"},{"taxonomy":"product_tag","embeddable":true,"href":"https:\/\/librairie7l.com\/en\/wp-json\/wp\/v2\/product_tag?post=55062"}],"curies":[{"name":"wp","href":"https:\/\/api.w.org\/{rel}","templated":true}]}}