{"id":55105,"date":"2026-02-19T10:16:16","date_gmt":"2026-02-19T09:16:16","guid":{"rendered":"https:\/\/librairie7l.com\/?post_type=product&#038;p=55105"},"modified":"2026-04-20T16:36:48","modified_gmt":"2026-04-20T14:36:48","slug":"vivre-a-venise-2","status":"publish","type":"product","link":"https:\/\/librairie7l.com\/en\/produit\/vivre-a-venise-2\/","title":{"rendered":"VIVRE \u00c0 VENISE"},"content":{"rendered":"<p>Cet ouvrage, dirig\u00e9 par Toto Bergamo Rossi, en collaboration avec Emanuela Notarbartolo di Sciara, propose un voyage \u00e0 travers les sestieri du centre historique de la R\u00e9publique v\u00e9nitienne : San Marco, Cannaregio, San Polo, Santa Croce, Castello, Dorsoduro. A la fois beau livre et guide historique, il permet de d\u00e9couvrir les tr\u00e9sors cach\u00e9s de la ville, accessibles \u00e0 tous mais trop souvent oubli\u00e9s, ou r\u00e9cemment restaur\u00e9s, et encore peu connus.<br \/>\nCe grand format richement illustr\u00e9 par les photographies de Jean-Fran\u00e7ois Jaussaud, remarquable photographe fran\u00e7ais sp\u00e9cialis\u00e9 dans l&#8217;architecture et le design, pr\u00e9sente des images in\u00e9dites et exclusivement r\u00e9alis\u00e9es pour cet ouvrage entre juin et d\u00e9cembre 2013. L&#8217;auteur, qui a activement pris part \u00e0 la campagne photographique en s\u00e9lectionnant les diff\u00e9rents sites et sujets trait\u00e9s, propose un parcours destin\u00e9 \u00e0 mettre en avant les nombreuses institutions culturelles de la ville, chaque quartier \u00e9tant introduit par un chapitre d\u00e9di\u00e9 \u00e0 ses tr\u00e9sors.<br \/>\nFaisant suite au r\u00e9cit original de James Ivory intitul\u00e9 &#8220;Ma Venise&#8221;, dans lequel le c\u00e9l\u00e8bre metteur en sc\u00e8ne am\u00e9ricain raconte ses s\u00e9jours dans la cit\u00e9 lacustre des ann\u00e9es 1950 \u00e0 nos jours, les textes accompagnant cette iconographie, riches de nombreux renseignements historiques, d\u00e9crivent les diff\u00e9rents monuments et demeures. Gr\u00e2ce \u00e0 la connaissance du terrain de Toto Bergamo Rossi &#8211; directeur de la Fondazione Venetian Heritage et expert en restauration &#8211; et \u00e0 la sensibilit\u00e9 du photographe, ces chefs d&#8217;oeuvre cach\u00e9s dans les mus\u00e9es, les \u00e9glises et certains b\u00e2timents publics sont enfin accessibles aux lecteurs.<br \/>\nCette s\u00e9lection attentive des plus beaux int\u00e9rieurs historiques ou contemporains de la ville, pour la plupart inconnus, dresse \u00e0 travers les photographies de ces lieux in\u00e9dits le portrait des arts d\u00e9coratifs v\u00e9nitiens et r\u00e9v\u00e8le de nouvelles perspectives sur la ville.<\/p>\n","protected":false},"excerpt":{"rendered":"<p>Cet ouvrage, dirig\u00e9 par Toto Bergamo Rossi, en collaboration avec Emanuela Notarbartolo di Sciara, propose un voyage \u00e0 travers les sestieri du centre historique de la R\u00e9publique v\u00e9nitienne : San Marco, Cannaregio, San Polo, Santa Croce, Castello, Dorsoduro. A la fois beau livre et guide historique, il permet de d\u00e9couvrir les tr\u00e9sors cach\u00e9s de la [&hellip;]<\/p>\n","protected":false},"featured_media":55103,"template":"","meta":[],"product_cat":[2948],"product_tag":[],"acf":[],"yoast_head":"<!-- This site is optimized with the Yoast SEO plugin v20.11 - https:\/\/yoast.com\/wordpress\/plugins\/seo\/ -->\n<title>Vivre \u00e0 Venise - Librairie 7L<\/title>\n<meta name=\"robots\" content=\"index, follow, max-snippet:-1, max-image-preview:large, max-video-preview:-1\" \/>\n<link rel=\"canonical\" href=\"https:\/\/librairie7l.com\/en\/produit\/vivre-a-venise-2\/\" \/>\n<meta property=\"og:locale\" content=\"en_US\" \/>\n<meta property=\"og:type\" content=\"article\" \/>\n<meta property=\"og:title\" content=\"Vivre \u00e0 Venise - Librairie 7L\" \/>\n<meta property=\"og:description\" content=\"Cet ouvrage, dirig\u00e9 par Toto Bergamo Rossi, en collaboration avec Emanuela Notarbartolo di Sciara, propose un voyage \u00e0 travers les sestieri du centre historique de la R\u00e9publique v\u00e9nitienne : San Marco, Cannaregio, San Polo, Santa Croce, Castello, Dorsoduro. A la fois beau livre et guide historique, il permet de d\u00e9couvrir les tr\u00e9sors cach\u00e9s de la [&hellip;]\" \/>\n<meta property=\"og:url\" content=\"https:\/\/librairie7l.com\/en\/produit\/vivre-a-venise-2\/\" \/>\n<meta property=\"og:site_name\" content=\"Librairie 7L\" \/>\n<meta property=\"article:modified_time\" content=\"2026-04-20T14:36:48+00:00\" \/>\n<meta property=\"og:image\" content=\"https:\/\/librairie7l.com\/wp-content\/uploads\/2014\/06\/9782330036867_1_75.jpg\" \/>\n\t<meta property=\"og:image:width\" content=\"600\" \/>\n\t<meta property=\"og:image:height\" content=\"775\" \/>\n\t<meta property=\"og:image:type\" content=\"image\/jpeg\" \/>\n<meta name=\"twitter:card\" content=\"summary_large_image\" \/>\n<meta name=\"twitter:label1\" content=\"Est. reading time\" \/>\n\t<meta name=\"twitter:data1\" content=\"2 minutes\" \/>\n<script type=\"application\/ld+json\" class=\"yoast-schema-graph\">{\"@context\":\"https:\/\/schema.org\",\"@graph\":[{\"@type\":\"WebPage\",\"@id\":\"https:\/\/librairie7l.com\/en\/produit\/vivre-a-venise-2\/\",\"url\":\"https:\/\/librairie7l.com\/en\/produit\/vivre-a-venise-2\/\",\"name\":\"Vivre \u00e0 Venise - Librairie 7L\",\"isPartOf\":{\"@id\":\"https:\/\/librairie7l.com\/en\/#website\"},\"datePublished\":\"2026-02-19T09:16:16+00:00\",\"dateModified\":\"2026-04-20T14:36:48+00:00\",\"breadcrumb\":{\"@id\":\"https:\/\/librairie7l.com\/en\/produit\/vivre-a-venise-2\/#breadcrumb\"},\"inLanguage\":\"en-US\",\"potentialAction\":[{\"@type\":\"ReadAction\",\"target\":[\"https:\/\/librairie7l.com\/en\/produit\/vivre-a-venise-2\/\"]}]},{\"@type\":\"BreadcrumbList\",\"@id\":\"https:\/\/librairie7l.com\/en\/produit\/vivre-a-venise-2\/#breadcrumb\",\"itemListElement\":[{\"@type\":\"ListItem\",\"position\":1,\"name\":\"Accueil\",\"item\":\"https:\/\/librairie7l.com\/en\/\"},{\"@type\":\"ListItem\",\"position\":2,\"name\":\"Shop\",\"item\":\"https:\/\/librairie7l.com\/en\/shop\/\"},{\"@type\":\"ListItem\",\"position\":3,\"name\":\"VIVRE \u00c0 VENISE\"}]},{\"@type\":\"WebSite\",\"@id\":\"https:\/\/librairie7l.com\/en\/#website\",\"url\":\"https:\/\/librairie7l.com\/en\/\",\"name\":\"Librairie 7L\",\"description\":\"Librairie fond\u00e9e en 1999 par Karl Lagerfeld \u00e0 Paris\",\"publisher\":{\"@id\":\"https:\/\/librairie7l.com\/en\/#organization\"},\"potentialAction\":[{\"@type\":\"SearchAction\",\"target\":{\"@type\":\"EntryPoint\",\"urlTemplate\":\"https:\/\/librairie7l.com\/en\/?s={search_term_string}\"},\"query-input\":\"required name=search_term_string\"}],\"inLanguage\":\"en-US\"},{\"@type\":\"Organization\",\"@id\":\"https:\/\/librairie7l.com\/en\/#organization\",\"name\":\"Librairie 7L\",\"url\":\"https:\/\/librairie7l.com\/en\/\",\"logo\":{\"@type\":\"ImageObject\",\"inLanguage\":\"en-US\",\"@id\":\"https:\/\/librairie7l.com\/en\/#\/schema\/logo\/image\/\",\"url\":\"https:\/\/librairie7l.com\/wp-content\/uploads\/2022\/08\/logo-1.png\",\"contentUrl\":\"https:\/\/librairie7l.com\/wp-content\/uploads\/2022\/08\/logo-1.png\",\"width\":227,\"height\":301,\"caption\":\"Librairie 7L\"},\"image\":{\"@id\":\"https:\/\/librairie7l.com\/en\/#\/schema\/logo\/image\/\"}}]}<\/script>\n<!-- \/ Yoast SEO plugin. -->","yoast_head_json":{"title":"Vivre \u00e0 Venise - Librairie 7L","robots":{"index":"index","follow":"follow","max-snippet":"max-snippet:-1","max-image-preview":"max-image-preview:large","max-video-preview":"max-video-preview:-1"},"canonical":"https:\/\/librairie7l.com\/en\/produit\/vivre-a-venise-2\/","og_locale":"en_US","og_type":"article","og_title":"Vivre \u00e0 Venise - Librairie 7L","og_description":"Cet ouvrage, dirig\u00e9 par Toto Bergamo Rossi, en collaboration avec Emanuela Notarbartolo di Sciara, propose un voyage \u00e0 travers les sestieri du centre historique de la R\u00e9publique v\u00e9nitienne : San Marco, Cannaregio, San Polo, Santa Croce, Castello, Dorsoduro. A la fois beau livre et guide historique, il permet de d\u00e9couvrir les tr\u00e9sors cach\u00e9s de la [&hellip;]","og_url":"https:\/\/librairie7l.com\/en\/produit\/vivre-a-venise-2\/","og_site_name":"Librairie 7L","article_modified_time":"2026-04-20T14:36:48+00:00","og_image":[{"width":600,"height":775,"url":"https:\/\/librairie7l.com\/wp-content\/uploads\/2014\/06\/9782330036867_1_75.jpg","type":"image\/jpeg"}],"twitter_card":"summary_large_image","twitter_misc":{"Est. reading time":"2 minutes"},"schema":{"@context":"https:\/\/schema.org","@graph":[{"@type":"WebPage","@id":"https:\/\/librairie7l.com\/en\/produit\/vivre-a-venise-2\/","url":"https:\/\/librairie7l.com\/en\/produit\/vivre-a-venise-2\/","name":"Vivre \u00e0 Venise - Librairie 7L","isPartOf":{"@id":"https:\/\/librairie7l.com\/en\/#website"},"datePublished":"2026-02-19T09:16:16+00:00","dateModified":"2026-04-20T14:36:48+00:00","breadcrumb":{"@id":"https:\/\/librairie7l.com\/en\/produit\/vivre-a-venise-2\/#breadcrumb"},"inLanguage":"en-US","potentialAction":[{"@type":"ReadAction","target":["https:\/\/librairie7l.com\/en\/produit\/vivre-a-venise-2\/"]}]},{"@type":"BreadcrumbList","@id":"https:\/\/librairie7l.com\/en\/produit\/vivre-a-venise-2\/#breadcrumb","itemListElement":[{"@type":"ListItem","position":1,"name":"Accueil","item":"https:\/\/librairie7l.com\/en\/"},{"@type":"ListItem","position":2,"name":"Shop","item":"https:\/\/librairie7l.com\/en\/shop\/"},{"@type":"ListItem","position":3,"name":"VIVRE \u00c0 VENISE"}]},{"@type":"WebSite","@id":"https:\/\/librairie7l.com\/en\/#website","url":"https:\/\/librairie7l.com\/en\/","name":"Librairie 7L","description":"Librairie fond\u00e9e en 1999 par Karl Lagerfeld \u00e0 Paris","publisher":{"@id":"https:\/\/librairie7l.com\/en\/#organization"},"potentialAction":[{"@type":"SearchAction","target":{"@type":"EntryPoint","urlTemplate":"https:\/\/librairie7l.com\/en\/?s={search_term_string}"},"query-input":"required name=search_term_string"}],"inLanguage":"en-US"},{"@type":"Organization","@id":"https:\/\/librairie7l.com\/en\/#organization","name":"Librairie 7L","url":"https:\/\/librairie7l.com\/en\/","logo":{"@type":"ImageObject","inLanguage":"en-US","@id":"https:\/\/librairie7l.com\/en\/#\/schema\/logo\/image\/","url":"https:\/\/librairie7l.com\/wp-content\/uploads\/2022\/08\/logo-1.png","contentUrl":"https:\/\/librairie7l.com\/wp-content\/uploads\/2022\/08\/logo-1.png","width":227,"height":301,"caption":"Librairie 7L"},"image":{"@id":"https:\/\/librairie7l.com\/en\/#\/schema\/logo\/image\/"}}]}},"_links":{"self":[{"href":"https:\/\/librairie7l.com\/en\/wp-json\/wp\/v2\/product\/55105"}],"collection":[{"href":"https:\/\/librairie7l.com\/en\/wp-json\/wp\/v2\/product"}],"about":[{"href":"https:\/\/librairie7l.com\/en\/wp-json\/wp\/v2\/types\/product"}],"wp:featuredmedia":[{"embeddable":true,"href":"https:\/\/librairie7l.com\/en\/wp-json\/wp\/v2\/media\/55103"}],"wp:attachment":[{"href":"https:\/\/librairie7l.com\/en\/wp-json\/wp\/v2\/media?parent=55105"}],"wp:term":[{"taxonomy":"product_cat","embeddable":true,"href":"https:\/\/librairie7l.com\/en\/wp-json\/wp\/v2\/product_cat?post=55105"},{"taxonomy":"product_tag","embeddable":true,"href":"https:\/\/librairie7l.com\/en\/wp-json\/wp\/v2\/product_tag?post=55105"}],"curies":[{"name":"wp","href":"https:\/\/api.w.org\/{rel}","templated":true}]}}