{"id":55109,"date":"2026-02-19T10:16:20","date_gmt":"2026-02-19T09:16:20","guid":{"rendered":"https:\/\/librairie7l.com\/?post_type=product&#038;p=55109"},"modified":"2026-04-16T15:49:39","modified_gmt":"2026-04-16T13:49:39","slug":"peggy-guggenheim-un-fantasme-deternite-2","status":"publish","type":"product","link":"https:\/\/librairie7l.com\/en\/produit\/peggy-guggenheim-un-fantasme-deternite-2\/","title":{"rendered":"PEGGY GUGGENHEIM. UN FANTASME D&#8217;\u00c9TERNIT\u00c9"},"content":{"rendered":"<p>Peggy Guggenheim (1898-1979) fut toute sa vie en qu\u00eate de beaut\u00e9 absolue. Riche h\u00e9riti\u00e8re d&#8217;un p\u00e8re disparu pr\u00e9matur\u00e9ment dans le naufrage du Titanic, elle fut certes une grande pr\u00eatresse de l&#8217;art contemporain mais surtout une provocatrice \u00e0 la sensualit\u00e9 d\u00e9brid\u00e9e dont la trajectoire turbulente croisa celle des g\u00e9nies de son temps, d&#8217;Ernest Hemingway \u00e0 Truman Capote, de Jean Cocteau \u00e0 Salvador Dali.<br \/>\nMuse rat\u00e9e mais collectionneuse visionnaire qui contribua \u00e0 r\u00e9v\u00e9ler les peintres Mark Rothko et Jackson Pollock, elle v\u00e9cut sur un mode paroxystique, s\u00e9duisant au passage Max Ernst, son second \u00e9poux, mais aussi Marcel Duchamp, Yves Tanguy ou encore Samuel Beckett.<\/p>\n","protected":false},"excerpt":{"rendered":"<p>Peggy Guggenheim (1898-1979) fut toute sa vie en qu\u00eate de beaut\u00e9 absolue. Riche h\u00e9riti\u00e8re d&#8217;un p\u00e8re disparu pr\u00e9matur\u00e9ment dans le naufrage du Titanic, elle fut certes une grande pr\u00eatresse de l&#8217;art contemporain mais surtout une provocatrice \u00e0 la sensualit\u00e9 d\u00e9brid\u00e9e dont la trajectoire turbulente croisa celle des g\u00e9nies de son temps, d&#8217;Ernest Hemingway \u00e0 Truman [&hellip;]<\/p>\n","protected":false},"featured_media":55107,"template":"","meta":[],"product_cat":[2948],"product_tag":[],"acf":[],"yoast_head":"<!-- This site is optimized with the Yoast SEO plugin v20.11 - https:\/\/yoast.com\/wordpress\/plugins\/seo\/ -->\n<title>Peggy Guggenheim. un fantasme d&#039;\u00e9ternit\u00e9 - Librairie 7L<\/title>\n<meta name=\"robots\" content=\"index, follow, max-snippet:-1, max-image-preview:large, max-video-preview:-1\" \/>\n<link rel=\"canonical\" href=\"https:\/\/librairie7l.com\/en\/produit\/peggy-guggenheim-un-fantasme-deternite-2\/\" \/>\n<meta property=\"og:locale\" content=\"en_US\" \/>\n<meta property=\"og:type\" content=\"article\" \/>\n<meta property=\"og:title\" content=\"Peggy Guggenheim. un fantasme d&#039;\u00e9ternit\u00e9 - Librairie 7L\" \/>\n<meta property=\"og:description\" content=\"Peggy Guggenheim (1898-1979) fut toute sa vie en qu\u00eate de beaut\u00e9 absolue. Riche h\u00e9riti\u00e8re d&#8217;un p\u00e8re disparu pr\u00e9matur\u00e9ment dans le naufrage du Titanic, elle fut certes une grande pr\u00eatresse de l&#8217;art contemporain mais surtout une provocatrice \u00e0 la sensualit\u00e9 d\u00e9brid\u00e9e dont la trajectoire turbulente croisa celle des g\u00e9nies de son temps, d&#8217;Ernest Hemingway \u00e0 Truman [&hellip;]\" \/>\n<meta property=\"og:url\" content=\"https:\/\/librairie7l.com\/en\/produit\/peggy-guggenheim-un-fantasme-deternite-2\/\" \/>\n<meta property=\"og:site_name\" content=\"Librairie 7L\" \/>\n<meta property=\"article:modified_time\" content=\"2026-04-16T13:49:39+00:00\" \/>\n<meta property=\"og:image\" content=\"https:\/\/librairie7l.com\/wp-content\/uploads\/2013\/01\/9782228908658_1_75.jpg\" \/>\n\t<meta property=\"og:image:width\" content=\"600\" \/>\n\t<meta property=\"og:image:height\" content=\"926\" \/>\n\t<meta property=\"og:image:type\" content=\"image\/jpeg\" \/>\n<meta name=\"twitter:card\" content=\"summary_large_image\" \/>\n<meta name=\"twitter:label1\" content=\"Est. reading time\" \/>\n\t<meta name=\"twitter:data1\" content=\"1 minute\" \/>\n<script type=\"application\/ld+json\" class=\"yoast-schema-graph\">{\"@context\":\"https:\/\/schema.org\",\"@graph\":[{\"@type\":\"WebPage\",\"@id\":\"https:\/\/librairie7l.com\/en\/produit\/peggy-guggenheim-un-fantasme-deternite-2\/\",\"url\":\"https:\/\/librairie7l.com\/en\/produit\/peggy-guggenheim-un-fantasme-deternite-2\/\",\"name\":\"Peggy Guggenheim. un fantasme d'\u00e9ternit\u00e9 - Librairie 7L\",\"isPartOf\":{\"@id\":\"https:\/\/librairie7l.com\/en\/#website\"},\"datePublished\":\"2026-02-19T09:16:20+00:00\",\"dateModified\":\"2026-04-16T13:49:39+00:00\",\"breadcrumb\":{\"@id\":\"https:\/\/librairie7l.com\/en\/produit\/peggy-guggenheim-un-fantasme-deternite-2\/#breadcrumb\"},\"inLanguage\":\"en-US\",\"potentialAction\":[{\"@type\":\"ReadAction\",\"target\":[\"https:\/\/librairie7l.com\/en\/produit\/peggy-guggenheim-un-fantasme-deternite-2\/\"]}]},{\"@type\":\"BreadcrumbList\",\"@id\":\"https:\/\/librairie7l.com\/en\/produit\/peggy-guggenheim-un-fantasme-deternite-2\/#breadcrumb\",\"itemListElement\":[{\"@type\":\"ListItem\",\"position\":1,\"name\":\"Accueil\",\"item\":\"https:\/\/librairie7l.com\/en\/\"},{\"@type\":\"ListItem\",\"position\":2,\"name\":\"Shop\",\"item\":\"https:\/\/librairie7l.com\/en\/shop\/\"},{\"@type\":\"ListItem\",\"position\":3,\"name\":\"PEGGY GUGGENHEIM. UN FANTASME D&#8217;\u00c9TERNIT\u00c9\"}]},{\"@type\":\"WebSite\",\"@id\":\"https:\/\/librairie7l.com\/en\/#website\",\"url\":\"https:\/\/librairie7l.com\/en\/\",\"name\":\"Librairie 7L\",\"description\":\"Librairie fond\u00e9e en 1999 par Karl Lagerfeld \u00e0 Paris\",\"publisher\":{\"@id\":\"https:\/\/librairie7l.com\/en\/#organization\"},\"potentialAction\":[{\"@type\":\"SearchAction\",\"target\":{\"@type\":\"EntryPoint\",\"urlTemplate\":\"https:\/\/librairie7l.com\/en\/?s={search_term_string}\"},\"query-input\":\"required name=search_term_string\"}],\"inLanguage\":\"en-US\"},{\"@type\":\"Organization\",\"@id\":\"https:\/\/librairie7l.com\/en\/#organization\",\"name\":\"Librairie 7L\",\"url\":\"https:\/\/librairie7l.com\/en\/\",\"logo\":{\"@type\":\"ImageObject\",\"inLanguage\":\"en-US\",\"@id\":\"https:\/\/librairie7l.com\/en\/#\/schema\/logo\/image\/\",\"url\":\"https:\/\/librairie7l.com\/wp-content\/uploads\/2022\/08\/logo-1.png\",\"contentUrl\":\"https:\/\/librairie7l.com\/wp-content\/uploads\/2022\/08\/logo-1.png\",\"width\":227,\"height\":301,\"caption\":\"Librairie 7L\"},\"image\":{\"@id\":\"https:\/\/librairie7l.com\/en\/#\/schema\/logo\/image\/\"}}]}<\/script>\n<!-- \/ Yoast SEO plugin. -->","yoast_head_json":{"title":"Peggy Guggenheim. un fantasme d'\u00e9ternit\u00e9 - Librairie 7L","robots":{"index":"index","follow":"follow","max-snippet":"max-snippet:-1","max-image-preview":"max-image-preview:large","max-video-preview":"max-video-preview:-1"},"canonical":"https:\/\/librairie7l.com\/en\/produit\/peggy-guggenheim-un-fantasme-deternite-2\/","og_locale":"en_US","og_type":"article","og_title":"Peggy Guggenheim. un fantasme d'\u00e9ternit\u00e9 - Librairie 7L","og_description":"Peggy Guggenheim (1898-1979) fut toute sa vie en qu\u00eate de beaut\u00e9 absolue. Riche h\u00e9riti\u00e8re d&#8217;un p\u00e8re disparu pr\u00e9matur\u00e9ment dans le naufrage du Titanic, elle fut certes une grande pr\u00eatresse de l&#8217;art contemporain mais surtout une provocatrice \u00e0 la sensualit\u00e9 d\u00e9brid\u00e9e dont la trajectoire turbulente croisa celle des g\u00e9nies de son temps, d&#8217;Ernest Hemingway \u00e0 Truman [&hellip;]","og_url":"https:\/\/librairie7l.com\/en\/produit\/peggy-guggenheim-un-fantasme-deternite-2\/","og_site_name":"Librairie 7L","article_modified_time":"2026-04-16T13:49:39+00:00","og_image":[{"width":600,"height":926,"url":"https:\/\/librairie7l.com\/wp-content\/uploads\/2013\/01\/9782228908658_1_75.jpg","type":"image\/jpeg"}],"twitter_card":"summary_large_image","twitter_misc":{"Est. reading time":"1 minute"},"schema":{"@context":"https:\/\/schema.org","@graph":[{"@type":"WebPage","@id":"https:\/\/librairie7l.com\/en\/produit\/peggy-guggenheim-un-fantasme-deternite-2\/","url":"https:\/\/librairie7l.com\/en\/produit\/peggy-guggenheim-un-fantasme-deternite-2\/","name":"Peggy Guggenheim. un fantasme d'\u00e9ternit\u00e9 - Librairie 7L","isPartOf":{"@id":"https:\/\/librairie7l.com\/en\/#website"},"datePublished":"2026-02-19T09:16:20+00:00","dateModified":"2026-04-16T13:49:39+00:00","breadcrumb":{"@id":"https:\/\/librairie7l.com\/en\/produit\/peggy-guggenheim-un-fantasme-deternite-2\/#breadcrumb"},"inLanguage":"en-US","potentialAction":[{"@type":"ReadAction","target":["https:\/\/librairie7l.com\/en\/produit\/peggy-guggenheim-un-fantasme-deternite-2\/"]}]},{"@type":"BreadcrumbList","@id":"https:\/\/librairie7l.com\/en\/produit\/peggy-guggenheim-un-fantasme-deternite-2\/#breadcrumb","itemListElement":[{"@type":"ListItem","position":1,"name":"Accueil","item":"https:\/\/librairie7l.com\/en\/"},{"@type":"ListItem","position":2,"name":"Shop","item":"https:\/\/librairie7l.com\/en\/shop\/"},{"@type":"ListItem","position":3,"name":"PEGGY GUGGENHEIM. UN FANTASME D&#8217;\u00c9TERNIT\u00c9"}]},{"@type":"WebSite","@id":"https:\/\/librairie7l.com\/en\/#website","url":"https:\/\/librairie7l.com\/en\/","name":"Librairie 7L","description":"Librairie fond\u00e9e en 1999 par Karl Lagerfeld \u00e0 Paris","publisher":{"@id":"https:\/\/librairie7l.com\/en\/#organization"},"potentialAction":[{"@type":"SearchAction","target":{"@type":"EntryPoint","urlTemplate":"https:\/\/librairie7l.com\/en\/?s={search_term_string}"},"query-input":"required name=search_term_string"}],"inLanguage":"en-US"},{"@type":"Organization","@id":"https:\/\/librairie7l.com\/en\/#organization","name":"Librairie 7L","url":"https:\/\/librairie7l.com\/en\/","logo":{"@type":"ImageObject","inLanguage":"en-US","@id":"https:\/\/librairie7l.com\/en\/#\/schema\/logo\/image\/","url":"https:\/\/librairie7l.com\/wp-content\/uploads\/2022\/08\/logo-1.png","contentUrl":"https:\/\/librairie7l.com\/wp-content\/uploads\/2022\/08\/logo-1.png","width":227,"height":301,"caption":"Librairie 7L"},"image":{"@id":"https:\/\/librairie7l.com\/en\/#\/schema\/logo\/image\/"}}]}},"_links":{"self":[{"href":"https:\/\/librairie7l.com\/en\/wp-json\/wp\/v2\/product\/55109"}],"collection":[{"href":"https:\/\/librairie7l.com\/en\/wp-json\/wp\/v2\/product"}],"about":[{"href":"https:\/\/librairie7l.com\/en\/wp-json\/wp\/v2\/types\/product"}],"wp:featuredmedia":[{"embeddable":true,"href":"https:\/\/librairie7l.com\/en\/wp-json\/wp\/v2\/media\/55107"}],"wp:attachment":[{"href":"https:\/\/librairie7l.com\/en\/wp-json\/wp\/v2\/media?parent=55109"}],"wp:term":[{"taxonomy":"product_cat","embeddable":true,"href":"https:\/\/librairie7l.com\/en\/wp-json\/wp\/v2\/product_cat?post=55109"},{"taxonomy":"product_tag","embeddable":true,"href":"https:\/\/librairie7l.com\/en\/wp-json\/wp\/v2\/product_tag?post=55109"}],"curies":[{"name":"wp","href":"https:\/\/api.w.org\/{rel}","templated":true}]}}