{"id":55117,"date":"2026-02-19T10:16:25","date_gmt":"2026-02-19T09:16:25","guid":{"rendered":"https:\/\/librairie7l.com\/?post_type=product&#038;p=55117"},"modified":"2026-04-20T16:46:07","modified_gmt":"2026-04-20T14:46:07","slug":"lorenzo-lotto-les-fresques-de-trescore-2","status":"publish","type":"product","link":"https:\/\/librairie7l.com\/en\/produit\/lorenzo-lotto-les-fresques-de-trescore-2\/","title":{"rendered":"LORENZO LOTTO ; LES FRESQUES DE TRESCORE"},"content":{"rendered":"<p>La carri\u00e8re de Lorenzo Lotto (vers 1480-1556) se d\u00e9roula essentiellement hors de Venise, o\u00f9 il naquit, en V\u00e9n\u00e9tie, \u00e0 Bergame et dans les Marches. Cet artiste tomba dans l&#8217;oubli pendant pr\u00e8s de quatre si\u00e8cles. Ce qu&#8217;il est impossible d&#8217;admirer dans les mus\u00e9es, ce sont les fresques de Lotto, dont le cycle le plus important et le plus beau est \u00e9tudi\u00e9 et reproduit dans cet ouvrage.Ces fresques ont \u00e9t\u00e9 peintes en 1523-1524 dans le petit oratoire attenant \u00e0 la propri\u00e9t\u00e9 de la famille aristocratique Suardi, pr\u00e8s du village de Trescore \u00e0 quelques kilom\u00e8tres de Bergame. Sur le mur principal se d\u00e9ploie l&#8217;image monumentale du Christ-Vigne, dont les doigts sont autant de ceps de vigne qui vont s&#8217;enrouler sur la paroi, entourant les repr\u00e9sentations des saints. Le cycle repr\u00e9sente \u00e9galement les diff\u00e9rents \u00e9pisodes des vies de sainte Barbe et de sainte Brigitte, protectrices tut\u00e9laires de l&#8217;oratoire. Ici, Lotto s&#8217;est adapt\u00e9 avec simplicit\u00e9, humour et fra\u00eecheur &#8211; comme dans la repr\u00e9sentation des putti faisant de l&#8217;acrobatie au milieu des vignes et des grappes de raisin &#8211; aux histoires na\u00efves qu&#8217;il devait conter sur les murs d&#8217;une chapelle champ\u00eatre.<\/p>\n","protected":false},"excerpt":{"rendered":"<p>La carri\u00e8re de Lorenzo Lotto (vers 1480-1556) se d\u00e9roula essentiellement hors de Venise, o\u00f9 il naquit, en V\u00e9n\u00e9tie, \u00e0 Bergame et dans les Marches. Cet artiste tomba dans l&#8217;oubli pendant pr\u00e8s de quatre si\u00e8cles. Ce qu&#8217;il est impossible d&#8217;admirer dans les mus\u00e9es, ce sont les fresques de Lotto, dont le cycle le plus important et [&hellip;]<\/p>\n","protected":false},"featured_media":55115,"template":"","meta":[],"product_cat":[2948],"product_tag":[],"acf":[],"yoast_head":"<!-- This site is optimized with the Yoast SEO plugin v20.11 - https:\/\/yoast.com\/wordpress\/plugins\/seo\/ -->\n<title>Lorenzo Lotto ; les fresques de trescore - Librairie 7L<\/title>\n<meta name=\"robots\" content=\"index, follow, max-snippet:-1, max-image-preview:large, max-video-preview:-1\" \/>\n<link rel=\"canonical\" href=\"https:\/\/librairie7l.com\/en\/produit\/lorenzo-lotto-les-fresques-de-trescore-2\/\" \/>\n<meta property=\"og:locale\" content=\"en_US\" \/>\n<meta property=\"og:type\" content=\"article\" \/>\n<meta property=\"og:title\" content=\"Lorenzo Lotto ; les fresques de trescore - Librairie 7L\" \/>\n<meta property=\"og:description\" content=\"La carri\u00e8re de Lorenzo Lotto (vers 1480-1556) se d\u00e9roula essentiellement hors de Venise, o\u00f9 il naquit, en V\u00e9n\u00e9tie, \u00e0 Bergame et dans les Marches. Cet artiste tomba dans l&#8217;oubli pendant pr\u00e8s de quatre si\u00e8cles. Ce qu&#8217;il est impossible d&#8217;admirer dans les mus\u00e9es, ce sont les fresques de Lotto, dont le cycle le plus important et [&hellip;]\" \/>\n<meta property=\"og:url\" content=\"https:\/\/librairie7l.com\/en\/produit\/lorenzo-lotto-les-fresques-de-trescore-2\/\" \/>\n<meta property=\"og:site_name\" content=\"Librairie 7L\" \/>\n<meta property=\"article:modified_time\" content=\"2026-04-20T14:46:07+00:00\" \/>\n<meta property=\"og:image\" content=\"https:\/\/librairie7l.com\/wp-content\/uploads\/1998\/10\/9782070115914_1_75.jpg\" \/>\n\t<meta property=\"og:image:width\" content=\"424\" \/>\n\t<meta property=\"og:image:height\" content=\"475\" \/>\n\t<meta property=\"og:image:type\" content=\"image\/jpeg\" \/>\n<meta name=\"twitter:card\" content=\"summary_large_image\" \/>\n<meta name=\"twitter:label1\" content=\"Est. reading time\" \/>\n\t<meta name=\"twitter:data1\" content=\"1 minute\" \/>\n<script type=\"application\/ld+json\" class=\"yoast-schema-graph\">{\"@context\":\"https:\/\/schema.org\",\"@graph\":[{\"@type\":\"WebPage\",\"@id\":\"https:\/\/librairie7l.com\/en\/produit\/lorenzo-lotto-les-fresques-de-trescore-2\/\",\"url\":\"https:\/\/librairie7l.com\/en\/produit\/lorenzo-lotto-les-fresques-de-trescore-2\/\",\"name\":\"Lorenzo Lotto ; les fresques de trescore - Librairie 7L\",\"isPartOf\":{\"@id\":\"https:\/\/librairie7l.com\/en\/#website\"},\"datePublished\":\"2026-02-19T09:16:25+00:00\",\"dateModified\":\"2026-04-20T14:46:07+00:00\",\"breadcrumb\":{\"@id\":\"https:\/\/librairie7l.com\/en\/produit\/lorenzo-lotto-les-fresques-de-trescore-2\/#breadcrumb\"},\"inLanguage\":\"en-US\",\"potentialAction\":[{\"@type\":\"ReadAction\",\"target\":[\"https:\/\/librairie7l.com\/en\/produit\/lorenzo-lotto-les-fresques-de-trescore-2\/\"]}]},{\"@type\":\"BreadcrumbList\",\"@id\":\"https:\/\/librairie7l.com\/en\/produit\/lorenzo-lotto-les-fresques-de-trescore-2\/#breadcrumb\",\"itemListElement\":[{\"@type\":\"ListItem\",\"position\":1,\"name\":\"Accueil\",\"item\":\"https:\/\/librairie7l.com\/en\/\"},{\"@type\":\"ListItem\",\"position\":2,\"name\":\"Shop\",\"item\":\"https:\/\/librairie7l.com\/en\/shop\/\"},{\"@type\":\"ListItem\",\"position\":3,\"name\":\"LORENZO LOTTO ; LES FRESQUES DE TRESCORE\"}]},{\"@type\":\"WebSite\",\"@id\":\"https:\/\/librairie7l.com\/en\/#website\",\"url\":\"https:\/\/librairie7l.com\/en\/\",\"name\":\"Librairie 7L\",\"description\":\"Librairie fond\u00e9e en 1999 par Karl Lagerfeld \u00e0 Paris\",\"publisher\":{\"@id\":\"https:\/\/librairie7l.com\/en\/#organization\"},\"potentialAction\":[{\"@type\":\"SearchAction\",\"target\":{\"@type\":\"EntryPoint\",\"urlTemplate\":\"https:\/\/librairie7l.com\/en\/?s={search_term_string}\"},\"query-input\":\"required name=search_term_string\"}],\"inLanguage\":\"en-US\"},{\"@type\":\"Organization\",\"@id\":\"https:\/\/librairie7l.com\/en\/#organization\",\"name\":\"Librairie 7L\",\"url\":\"https:\/\/librairie7l.com\/en\/\",\"logo\":{\"@type\":\"ImageObject\",\"inLanguage\":\"en-US\",\"@id\":\"https:\/\/librairie7l.com\/en\/#\/schema\/logo\/image\/\",\"url\":\"https:\/\/librairie7l.com\/wp-content\/uploads\/2022\/08\/logo-1.png\",\"contentUrl\":\"https:\/\/librairie7l.com\/wp-content\/uploads\/2022\/08\/logo-1.png\",\"width\":227,\"height\":301,\"caption\":\"Librairie 7L\"},\"image\":{\"@id\":\"https:\/\/librairie7l.com\/en\/#\/schema\/logo\/image\/\"}}]}<\/script>\n<!-- \/ Yoast SEO plugin. -->","yoast_head_json":{"title":"Lorenzo Lotto ; les fresques de trescore - Librairie 7L","robots":{"index":"index","follow":"follow","max-snippet":"max-snippet:-1","max-image-preview":"max-image-preview:large","max-video-preview":"max-video-preview:-1"},"canonical":"https:\/\/librairie7l.com\/en\/produit\/lorenzo-lotto-les-fresques-de-trescore-2\/","og_locale":"en_US","og_type":"article","og_title":"Lorenzo Lotto ; les fresques de trescore - Librairie 7L","og_description":"La carri\u00e8re de Lorenzo Lotto (vers 1480-1556) se d\u00e9roula essentiellement hors de Venise, o\u00f9 il naquit, en V\u00e9n\u00e9tie, \u00e0 Bergame et dans les Marches. Cet artiste tomba dans l&#8217;oubli pendant pr\u00e8s de quatre si\u00e8cles. Ce qu&#8217;il est impossible d&#8217;admirer dans les mus\u00e9es, ce sont les fresques de Lotto, dont le cycle le plus important et [&hellip;]","og_url":"https:\/\/librairie7l.com\/en\/produit\/lorenzo-lotto-les-fresques-de-trescore-2\/","og_site_name":"Librairie 7L","article_modified_time":"2026-04-20T14:46:07+00:00","og_image":[{"width":424,"height":475,"url":"https:\/\/librairie7l.com\/wp-content\/uploads\/1998\/10\/9782070115914_1_75.jpg","type":"image\/jpeg"}],"twitter_card":"summary_large_image","twitter_misc":{"Est. reading time":"1 minute"},"schema":{"@context":"https:\/\/schema.org","@graph":[{"@type":"WebPage","@id":"https:\/\/librairie7l.com\/en\/produit\/lorenzo-lotto-les-fresques-de-trescore-2\/","url":"https:\/\/librairie7l.com\/en\/produit\/lorenzo-lotto-les-fresques-de-trescore-2\/","name":"Lorenzo Lotto ; les fresques de trescore - Librairie 7L","isPartOf":{"@id":"https:\/\/librairie7l.com\/en\/#website"},"datePublished":"2026-02-19T09:16:25+00:00","dateModified":"2026-04-20T14:46:07+00:00","breadcrumb":{"@id":"https:\/\/librairie7l.com\/en\/produit\/lorenzo-lotto-les-fresques-de-trescore-2\/#breadcrumb"},"inLanguage":"en-US","potentialAction":[{"@type":"ReadAction","target":["https:\/\/librairie7l.com\/en\/produit\/lorenzo-lotto-les-fresques-de-trescore-2\/"]}]},{"@type":"BreadcrumbList","@id":"https:\/\/librairie7l.com\/en\/produit\/lorenzo-lotto-les-fresques-de-trescore-2\/#breadcrumb","itemListElement":[{"@type":"ListItem","position":1,"name":"Accueil","item":"https:\/\/librairie7l.com\/en\/"},{"@type":"ListItem","position":2,"name":"Shop","item":"https:\/\/librairie7l.com\/en\/shop\/"},{"@type":"ListItem","position":3,"name":"LORENZO LOTTO ; LES FRESQUES DE TRESCORE"}]},{"@type":"WebSite","@id":"https:\/\/librairie7l.com\/en\/#website","url":"https:\/\/librairie7l.com\/en\/","name":"Librairie 7L","description":"Librairie fond\u00e9e en 1999 par Karl Lagerfeld \u00e0 Paris","publisher":{"@id":"https:\/\/librairie7l.com\/en\/#organization"},"potentialAction":[{"@type":"SearchAction","target":{"@type":"EntryPoint","urlTemplate":"https:\/\/librairie7l.com\/en\/?s={search_term_string}"},"query-input":"required name=search_term_string"}],"inLanguage":"en-US"},{"@type":"Organization","@id":"https:\/\/librairie7l.com\/en\/#organization","name":"Librairie 7L","url":"https:\/\/librairie7l.com\/en\/","logo":{"@type":"ImageObject","inLanguage":"en-US","@id":"https:\/\/librairie7l.com\/en\/#\/schema\/logo\/image\/","url":"https:\/\/librairie7l.com\/wp-content\/uploads\/2022\/08\/logo-1.png","contentUrl":"https:\/\/librairie7l.com\/wp-content\/uploads\/2022\/08\/logo-1.png","width":227,"height":301,"caption":"Librairie 7L"},"image":{"@id":"https:\/\/librairie7l.com\/en\/#\/schema\/logo\/image\/"}}]}},"_links":{"self":[{"href":"https:\/\/librairie7l.com\/en\/wp-json\/wp\/v2\/product\/55117"}],"collection":[{"href":"https:\/\/librairie7l.com\/en\/wp-json\/wp\/v2\/product"}],"about":[{"href":"https:\/\/librairie7l.com\/en\/wp-json\/wp\/v2\/types\/product"}],"wp:featuredmedia":[{"embeddable":true,"href":"https:\/\/librairie7l.com\/en\/wp-json\/wp\/v2\/media\/55115"}],"wp:attachment":[{"href":"https:\/\/librairie7l.com\/en\/wp-json\/wp\/v2\/media?parent=55117"}],"wp:term":[{"taxonomy":"product_cat","embeddable":true,"href":"https:\/\/librairie7l.com\/en\/wp-json\/wp\/v2\/product_cat?post=55117"},{"taxonomy":"product_tag","embeddable":true,"href":"https:\/\/librairie7l.com\/en\/wp-json\/wp\/v2\/product_tag?post=55117"}],"curies":[{"name":"wp","href":"https:\/\/api.w.org\/{rel}","templated":true}]}}