{"id":55129,"date":"2026-02-19T10:16:34","date_gmt":"2026-02-19T09:16:34","guid":{"rendered":"https:\/\/librairie7l.com\/?post_type=product&#038;p=55129"},"modified":"2026-04-20T16:46:24","modified_gmt":"2026-04-20T14:46:24","slug":"collectionneurs-amateurs-et-curieux-paris-venise-xvi-xviii-siecle-2","status":"publish","type":"product","link":"https:\/\/librairie7l.com\/en\/produit\/collectionneurs-amateurs-et-curieux-paris-venise-xvi-xviii-siecle-2\/","title":{"rendered":"COLLECTIONNEURS, AMATEURS ET CURIEUX ; PARIS, VENISE : XVI-XVIII SI\u00c8CLE"},"content":{"rendered":"<p>Quatre sur cinq des tableaux du mus\u00e9e d&#8217;Orsay, nombre de chefs-d&#8217;oeuvre du Louvre, une dizaine de collections devenues mus\u00e9es \u00e0 part enti\u00e8re, du Moyen \u00c2ge de Cluny \u00e0 l&#8217;Extr\u00eame-Orient de Guimet : une part essentielle du patrimoine artistique de Paris est l&#8217;oeuvre des collectionneurs. Dans chaque ville en France et en Europe on ferait un constat analogue. Cependant l&#8217;histoire ne s&#8217;est int\u00e9ress\u00e9e que fort peu \u00e0 une pratique r\u00e9put\u00e9e futile. On la r\u00e9habilite ici en montrant la port\u00e9e et les effets. Le pr\u00e9sent livre entend jeter les bases d&#8217;une \u00e9tude syst\u00e9matique de l&#8217;\u00e9trange activit\u00e9 qui consiste \u00e0 rassembler des objets pour constituer une collection. Il propose une anthropologie de la collection : ph\u00e9nom\u00e8ne universel, apparemment coextensif \u00e0 la culture m\u00eame et v\u00e9hicule privil\u00e9gi\u00e9 de ses transformations. Il donne une \u00e9tude historique des principaux genres de collection dans l&#8217;Europe moderne, des antiquit\u00e9s \u00e0 l&#8217;histoire naturelle, de la numismatique \u00e0 la peinture. C&#8217;est un nouvel \u00e9clairage sur la gen\u00e8se du mus\u00e9e qui est sugg\u00e9r\u00e9, la collection particuli\u00e8re r\u00e9v\u00e9lant son r\u00f4le crucial d&#8217;institution novatrice. Collectionneurs, amateurs et curieux prennent ainsi leur vraie stature, au centre de l&#8217;univers culturel.<\/p>\n","protected":false},"excerpt":{"rendered":"<p>Quatre sur cinq des tableaux du mus\u00e9e d&#8217;Orsay, nombre de chefs-d&#8217;oeuvre du Louvre, une dizaine de collections devenues mus\u00e9es \u00e0 part enti\u00e8re, du Moyen \u00c2ge de Cluny \u00e0 l&#8217;Extr\u00eame-Orient de Guimet : une part essentielle du patrimoine artistique de Paris est l&#8217;oeuvre des collectionneurs. Dans chaque ville en France et en Europe on ferait un [&hellip;]<\/p>\n","protected":false},"featured_media":55127,"template":"","meta":[],"product_cat":[2948],"product_tag":[],"acf":[],"yoast_head":"<!-- This site is optimized with the Yoast SEO plugin v20.11 - https:\/\/yoast.com\/wordpress\/plugins\/seo\/ -->\n<title>Collectionneurs, amateurs et curieux ; Paris, Venise : XVI-XVIII si\u00e8cle - Librairie 7L<\/title>\n<meta name=\"robots\" content=\"index, follow, max-snippet:-1, max-image-preview:large, max-video-preview:-1\" \/>\n<link rel=\"canonical\" href=\"https:\/\/librairie7l.com\/en\/produit\/collectionneurs-amateurs-et-curieux-paris-venise-xvi-xviii-siecle-2\/\" \/>\n<meta property=\"og:locale\" content=\"en_US\" \/>\n<meta property=\"og:type\" content=\"article\" \/>\n<meta property=\"og:title\" content=\"Collectionneurs, amateurs et curieux ; Paris, Venise : XVI-XVIII si\u00e8cle - Librairie 7L\" \/>\n<meta property=\"og:description\" content=\"Quatre sur cinq des tableaux du mus\u00e9e d&#8217;Orsay, nombre de chefs-d&#8217;oeuvre du Louvre, une dizaine de collections devenues mus\u00e9es \u00e0 part enti\u00e8re, du Moyen \u00c2ge de Cluny \u00e0 l&#8217;Extr\u00eame-Orient de Guimet : une part essentielle du patrimoine artistique de Paris est l&#8217;oeuvre des collectionneurs. Dans chaque ville en France et en Europe on ferait un [&hellip;]\" \/>\n<meta property=\"og:url\" content=\"https:\/\/librairie7l.com\/en\/produit\/collectionneurs-amateurs-et-curieux-paris-venise-xvi-xviii-siecle-2\/\" \/>\n<meta property=\"og:site_name\" content=\"Librairie 7L\" \/>\n<meta property=\"article:modified_time\" content=\"2026-04-20T14:46:24+00:00\" \/>\n<meta property=\"og:image\" content=\"https:\/\/librairie7l.com\/wp-content\/uploads\/1998\/02\/9782070708901_1_75.jpg\" \/>\n\t<meta property=\"og:image:width\" content=\"600\" \/>\n\t<meta property=\"og:image:height\" content=\"942\" \/>\n\t<meta property=\"og:image:type\" content=\"image\/jpeg\" \/>\n<meta name=\"twitter:card\" content=\"summary_large_image\" \/>\n<meta name=\"twitter:label1\" content=\"Est. reading time\" \/>\n\t<meta name=\"twitter:data1\" content=\"1 minute\" \/>\n<script type=\"application\/ld+json\" class=\"yoast-schema-graph\">{\"@context\":\"https:\/\/schema.org\",\"@graph\":[{\"@type\":\"WebPage\",\"@id\":\"https:\/\/librairie7l.com\/en\/produit\/collectionneurs-amateurs-et-curieux-paris-venise-xvi-xviii-siecle-2\/\",\"url\":\"https:\/\/librairie7l.com\/en\/produit\/collectionneurs-amateurs-et-curieux-paris-venise-xvi-xviii-siecle-2\/\",\"name\":\"Collectionneurs, amateurs et curieux ; Paris, Venise : XVI-XVIII si\u00e8cle - Librairie 7L\",\"isPartOf\":{\"@id\":\"https:\/\/librairie7l.com\/en\/#website\"},\"datePublished\":\"2026-02-19T09:16:34+00:00\",\"dateModified\":\"2026-04-20T14:46:24+00:00\",\"breadcrumb\":{\"@id\":\"https:\/\/librairie7l.com\/en\/produit\/collectionneurs-amateurs-et-curieux-paris-venise-xvi-xviii-siecle-2\/#breadcrumb\"},\"inLanguage\":\"en-US\",\"potentialAction\":[{\"@type\":\"ReadAction\",\"target\":[\"https:\/\/librairie7l.com\/en\/produit\/collectionneurs-amateurs-et-curieux-paris-venise-xvi-xviii-siecle-2\/\"]}]},{\"@type\":\"BreadcrumbList\",\"@id\":\"https:\/\/librairie7l.com\/en\/produit\/collectionneurs-amateurs-et-curieux-paris-venise-xvi-xviii-siecle-2\/#breadcrumb\",\"itemListElement\":[{\"@type\":\"ListItem\",\"position\":1,\"name\":\"Accueil\",\"item\":\"https:\/\/librairie7l.com\/en\/\"},{\"@type\":\"ListItem\",\"position\":2,\"name\":\"Shop\",\"item\":\"https:\/\/librairie7l.com\/en\/shop\/\"},{\"@type\":\"ListItem\",\"position\":3,\"name\":\"COLLECTIONNEURS, AMATEURS ET CURIEUX ; PARIS, VENISE : XVI-XVIII SI\u00c8CLE\"}]},{\"@type\":\"WebSite\",\"@id\":\"https:\/\/librairie7l.com\/en\/#website\",\"url\":\"https:\/\/librairie7l.com\/en\/\",\"name\":\"Librairie 7L\",\"description\":\"Librairie fond\u00e9e en 1999 par Karl Lagerfeld \u00e0 Paris\",\"publisher\":{\"@id\":\"https:\/\/librairie7l.com\/en\/#organization\"},\"potentialAction\":[{\"@type\":\"SearchAction\",\"target\":{\"@type\":\"EntryPoint\",\"urlTemplate\":\"https:\/\/librairie7l.com\/en\/?s={search_term_string}\"},\"query-input\":\"required name=search_term_string\"}],\"inLanguage\":\"en-US\"},{\"@type\":\"Organization\",\"@id\":\"https:\/\/librairie7l.com\/en\/#organization\",\"name\":\"Librairie 7L\",\"url\":\"https:\/\/librairie7l.com\/en\/\",\"logo\":{\"@type\":\"ImageObject\",\"inLanguage\":\"en-US\",\"@id\":\"https:\/\/librairie7l.com\/en\/#\/schema\/logo\/image\/\",\"url\":\"https:\/\/librairie7l.com\/wp-content\/uploads\/2022\/08\/logo-1.png\",\"contentUrl\":\"https:\/\/librairie7l.com\/wp-content\/uploads\/2022\/08\/logo-1.png\",\"width\":227,\"height\":301,\"caption\":\"Librairie 7L\"},\"image\":{\"@id\":\"https:\/\/librairie7l.com\/en\/#\/schema\/logo\/image\/\"}}]}<\/script>\n<!-- \/ Yoast SEO plugin. -->","yoast_head_json":{"title":"Collectionneurs, amateurs et curieux ; Paris, Venise : XVI-XVIII si\u00e8cle - Librairie 7L","robots":{"index":"index","follow":"follow","max-snippet":"max-snippet:-1","max-image-preview":"max-image-preview:large","max-video-preview":"max-video-preview:-1"},"canonical":"https:\/\/librairie7l.com\/en\/produit\/collectionneurs-amateurs-et-curieux-paris-venise-xvi-xviii-siecle-2\/","og_locale":"en_US","og_type":"article","og_title":"Collectionneurs, amateurs et curieux ; Paris, Venise : XVI-XVIII si\u00e8cle - Librairie 7L","og_description":"Quatre sur cinq des tableaux du mus\u00e9e d&#8217;Orsay, nombre de chefs-d&#8217;oeuvre du Louvre, une dizaine de collections devenues mus\u00e9es \u00e0 part enti\u00e8re, du Moyen \u00c2ge de Cluny \u00e0 l&#8217;Extr\u00eame-Orient de Guimet : une part essentielle du patrimoine artistique de Paris est l&#8217;oeuvre des collectionneurs. Dans chaque ville en France et en Europe on ferait un [&hellip;]","og_url":"https:\/\/librairie7l.com\/en\/produit\/collectionneurs-amateurs-et-curieux-paris-venise-xvi-xviii-siecle-2\/","og_site_name":"Librairie 7L","article_modified_time":"2026-04-20T14:46:24+00:00","og_image":[{"width":600,"height":942,"url":"https:\/\/librairie7l.com\/wp-content\/uploads\/1998\/02\/9782070708901_1_75.jpg","type":"image\/jpeg"}],"twitter_card":"summary_large_image","twitter_misc":{"Est. reading time":"1 minute"},"schema":{"@context":"https:\/\/schema.org","@graph":[{"@type":"WebPage","@id":"https:\/\/librairie7l.com\/en\/produit\/collectionneurs-amateurs-et-curieux-paris-venise-xvi-xviii-siecle-2\/","url":"https:\/\/librairie7l.com\/en\/produit\/collectionneurs-amateurs-et-curieux-paris-venise-xvi-xviii-siecle-2\/","name":"Collectionneurs, amateurs et curieux ; Paris, Venise : XVI-XVIII si\u00e8cle - Librairie 7L","isPartOf":{"@id":"https:\/\/librairie7l.com\/en\/#website"},"datePublished":"2026-02-19T09:16:34+00:00","dateModified":"2026-04-20T14:46:24+00:00","breadcrumb":{"@id":"https:\/\/librairie7l.com\/en\/produit\/collectionneurs-amateurs-et-curieux-paris-venise-xvi-xviii-siecle-2\/#breadcrumb"},"inLanguage":"en-US","potentialAction":[{"@type":"ReadAction","target":["https:\/\/librairie7l.com\/en\/produit\/collectionneurs-amateurs-et-curieux-paris-venise-xvi-xviii-siecle-2\/"]}]},{"@type":"BreadcrumbList","@id":"https:\/\/librairie7l.com\/en\/produit\/collectionneurs-amateurs-et-curieux-paris-venise-xvi-xviii-siecle-2\/#breadcrumb","itemListElement":[{"@type":"ListItem","position":1,"name":"Accueil","item":"https:\/\/librairie7l.com\/en\/"},{"@type":"ListItem","position":2,"name":"Shop","item":"https:\/\/librairie7l.com\/en\/shop\/"},{"@type":"ListItem","position":3,"name":"COLLECTIONNEURS, AMATEURS ET CURIEUX ; PARIS, VENISE : XVI-XVIII SI\u00c8CLE"}]},{"@type":"WebSite","@id":"https:\/\/librairie7l.com\/en\/#website","url":"https:\/\/librairie7l.com\/en\/","name":"Librairie 7L","description":"Librairie fond\u00e9e en 1999 par Karl Lagerfeld \u00e0 Paris","publisher":{"@id":"https:\/\/librairie7l.com\/en\/#organization"},"potentialAction":[{"@type":"SearchAction","target":{"@type":"EntryPoint","urlTemplate":"https:\/\/librairie7l.com\/en\/?s={search_term_string}"},"query-input":"required name=search_term_string"}],"inLanguage":"en-US"},{"@type":"Organization","@id":"https:\/\/librairie7l.com\/en\/#organization","name":"Librairie 7L","url":"https:\/\/librairie7l.com\/en\/","logo":{"@type":"ImageObject","inLanguage":"en-US","@id":"https:\/\/librairie7l.com\/en\/#\/schema\/logo\/image\/","url":"https:\/\/librairie7l.com\/wp-content\/uploads\/2022\/08\/logo-1.png","contentUrl":"https:\/\/librairie7l.com\/wp-content\/uploads\/2022\/08\/logo-1.png","width":227,"height":301,"caption":"Librairie 7L"},"image":{"@id":"https:\/\/librairie7l.com\/en\/#\/schema\/logo\/image\/"}}]}},"_links":{"self":[{"href":"https:\/\/librairie7l.com\/en\/wp-json\/wp\/v2\/product\/55129"}],"collection":[{"href":"https:\/\/librairie7l.com\/en\/wp-json\/wp\/v2\/product"}],"about":[{"href":"https:\/\/librairie7l.com\/en\/wp-json\/wp\/v2\/types\/product"}],"wp:featuredmedia":[{"embeddable":true,"href":"https:\/\/librairie7l.com\/en\/wp-json\/wp\/v2\/media\/55127"}],"wp:attachment":[{"href":"https:\/\/librairie7l.com\/en\/wp-json\/wp\/v2\/media?parent=55129"}],"wp:term":[{"taxonomy":"product_cat","embeddable":true,"href":"https:\/\/librairie7l.com\/en\/wp-json\/wp\/v2\/product_cat?post=55129"},{"taxonomy":"product_tag","embeddable":true,"href":"https:\/\/librairie7l.com\/en\/wp-json\/wp\/v2\/product_tag?post=55129"}],"curies":[{"name":"wp","href":"https:\/\/api.w.org\/{rel}","templated":true}]}}