{"id":55133,"date":"2026-02-19T10:16:37","date_gmt":"2026-02-19T09:16:37","guid":{"rendered":"https:\/\/librairie7l.com\/?post_type=product&#038;p=55133"},"modified":"2026-04-20T15:30:54","modified_gmt":"2026-04-20T13:30:54","slug":"reveries-italiennes-2","status":"publish","type":"product","link":"https:\/\/librairie7l.com\/en\/produit\/reveries-italiennes-2\/","title":{"rendered":"R\u00caVERIES ITALIENNES"},"content":{"rendered":"<p>\u00abTelle est la nature du \u00ablivre d&#8217;art\u00bb : essentiellement didactique et p\u00e9dagogique. Rien de tel avec l&#8217;ouvrage de Jo\u00ebl Laiter, dont le titre indique bien le caract\u00e8re intimiste, ludique, po\u00e9tique, franc-tireur : R\u00eaveries italiennes. Le photographe ne se soucie pas de faire le magister, il ne pense aucunement \u00e0 notre instruction. Nous faire r\u00eaver, oui, \u00e9largir notre espace int\u00e9rieur, \u00e9veiller en nous des r\u00e9sonances inconnues, nous troubler, nous inqui\u00e9ter, voil\u00e0 le principe et l&#8217;ambition de son entreprise. [.] Parmi ces images, il y a souvent, bien entendu, des \u00aboeuvres d&#8217;art\u00bb, des statues, des morceaux de fresque, des bouts de corniche, des coupoles d&#8217;\u00e9glise, mais ces \u00aboeuvres d&#8217;art\u00bb ne sont pas vues ni aim\u00e9es en tant que telles, elles ne sont vues et aim\u00e9es que parce qu&#8217;elles constituent des \u00e9l\u00e9ments de d\u00e9cor dans la vie italienne de tous les jours. Elles ne \u00abvalent\u00bb pas plus \u00e0 ses yeux qu&#8217;un rayon de lumi\u00e8re sur un mur ou une p\u00e9nombre de sacristie. Elles n&#8217;occupent pas dans sa hi\u00e9rarchie personnelle un degr\u00e9 plus haut qu&#8217;un banc abandonn\u00e9 dans un jardin, une entr\u00e9e de ch\u00e2teau armori\u00e9e, un rideau qui bat contre une fen\u00eatre. [.] Les \u00aboeuvres d&#8217;art\u00bb catalogu\u00e9es comme telles sont si nombreuses en Italie, si c\u00e9l\u00e8bres, qu&#8217;on a tendance \u00e0 oublier que tout y rel\u00e8ve (y relevait) d&#8217;un go\u00fbt unique pour la beaut\u00e9 : non seulement les tableaux et les statues qu&#8217;on trouve \u00e0 foison dans les mus\u00e9es, dans les \u00e9glises, dans les palais, mais ce qui s&#8217;offre aux yeux de qui sait regarder en dehors des lieux sp\u00e9cialis\u00e9s o\u00f9 la beaut\u00e9 se concentre.<br \/>\nNous savions, certes, que tout est beau et harmonieux de l&#8217;autre c\u00f4t\u00e9 des Alpes, mais nous ignorions que la brillante sc\u00e9nographie qui est \u00e0 l&#8217;oeuvre dans chaque \u00e9glise, dans chaque palais, dans chaque \u00e9l\u00e9ment du d\u00e9cor de la vie quotidienne, abrite avec autant d&#8217;\u00e9l\u00e9gance ces valeurs de recueillement, de silence, de secret.\u00bb Dominique Fernandez<\/p>\n","protected":false},"excerpt":{"rendered":"<p>\u00abTelle est la nature du \u00ablivre d&#8217;art\u00bb : essentiellement didactique et p\u00e9dagogique. Rien de tel avec l&#8217;ouvrage de Jo\u00ebl Laiter, dont le titre indique bien le caract\u00e8re intimiste, ludique, po\u00e9tique, franc-tireur : R\u00eaveries italiennes. Le photographe ne se soucie pas de faire le magister, il ne pense aucunement \u00e0 notre instruction. Nous faire r\u00eaver, oui, [&hellip;]<\/p>\n","protected":false},"featured_media":55131,"template":"","meta":[],"product_cat":[2948],"product_tag":[],"acf":[],"yoast_head":"<!-- This site is optimized with the Yoast SEO plugin v20.11 - https:\/\/yoast.com\/wordpress\/plugins\/seo\/ -->\n<title>R\u00eaveries italiennes - Librairie 7L<\/title>\n<meta name=\"robots\" content=\"index, follow, max-snippet:-1, max-image-preview:large, max-video-preview:-1\" \/>\n<link rel=\"canonical\" href=\"https:\/\/librairie7l.com\/en\/produit\/reveries-italiennes-2\/\" \/>\n<meta property=\"og:locale\" content=\"en_US\" \/>\n<meta property=\"og:type\" content=\"article\" \/>\n<meta property=\"og:title\" content=\"R\u00eaveries italiennes - Librairie 7L\" \/>\n<meta property=\"og:description\" content=\"\u00abTelle est la nature du \u00ablivre d&#8217;art\u00bb : essentiellement didactique et p\u00e9dagogique. Rien de tel avec l&#8217;ouvrage de Jo\u00ebl Laiter, dont le titre indique bien le caract\u00e8re intimiste, ludique, po\u00e9tique, franc-tireur : R\u00eaveries italiennes. Le photographe ne se soucie pas de faire le magister, il ne pense aucunement \u00e0 notre instruction. Nous faire r\u00eaver, oui, [&hellip;]\" \/>\n<meta property=\"og:url\" content=\"https:\/\/librairie7l.com\/en\/produit\/reveries-italiennes-2\/\" \/>\n<meta property=\"og:site_name\" content=\"Librairie 7L\" \/>\n<meta property=\"article:modified_time\" content=\"2026-04-20T13:30:54+00:00\" \/>\n<meta property=\"og:image\" content=\"https:\/\/librairie7l.com\/wp-content\/uploads\/2012\/05\/9782330011918_1_75.jpg\" \/>\n\t<meta property=\"og:image:width\" content=\"500\" \/>\n\t<meta property=\"og:image:height\" content=\"561\" \/>\n\t<meta property=\"og:image:type\" content=\"image\/jpeg\" \/>\n<meta name=\"twitter:card\" content=\"summary_large_image\" \/>\n<meta name=\"twitter:label1\" content=\"Est. reading time\" \/>\n\t<meta name=\"twitter:data1\" content=\"2 minutes\" \/>\n<script type=\"application\/ld+json\" class=\"yoast-schema-graph\">{\"@context\":\"https:\/\/schema.org\",\"@graph\":[{\"@type\":\"WebPage\",\"@id\":\"https:\/\/librairie7l.com\/en\/produit\/reveries-italiennes-2\/\",\"url\":\"https:\/\/librairie7l.com\/en\/produit\/reveries-italiennes-2\/\",\"name\":\"R\u00eaveries italiennes - Librairie 7L\",\"isPartOf\":{\"@id\":\"https:\/\/librairie7l.com\/en\/#website\"},\"datePublished\":\"2026-02-19T09:16:37+00:00\",\"dateModified\":\"2026-04-20T13:30:54+00:00\",\"breadcrumb\":{\"@id\":\"https:\/\/librairie7l.com\/en\/produit\/reveries-italiennes-2\/#breadcrumb\"},\"inLanguage\":\"en-US\",\"potentialAction\":[{\"@type\":\"ReadAction\",\"target\":[\"https:\/\/librairie7l.com\/en\/produit\/reveries-italiennes-2\/\"]}]},{\"@type\":\"BreadcrumbList\",\"@id\":\"https:\/\/librairie7l.com\/en\/produit\/reveries-italiennes-2\/#breadcrumb\",\"itemListElement\":[{\"@type\":\"ListItem\",\"position\":1,\"name\":\"Accueil\",\"item\":\"https:\/\/librairie7l.com\/en\/\"},{\"@type\":\"ListItem\",\"position\":2,\"name\":\"Shop\",\"item\":\"https:\/\/librairie7l.com\/en\/shop\/\"},{\"@type\":\"ListItem\",\"position\":3,\"name\":\"R\u00caVERIES ITALIENNES\"}]},{\"@type\":\"WebSite\",\"@id\":\"https:\/\/librairie7l.com\/en\/#website\",\"url\":\"https:\/\/librairie7l.com\/en\/\",\"name\":\"Librairie 7L\",\"description\":\"Librairie fond\u00e9e en 1999 par Karl Lagerfeld \u00e0 Paris\",\"publisher\":{\"@id\":\"https:\/\/librairie7l.com\/en\/#organization\"},\"potentialAction\":[{\"@type\":\"SearchAction\",\"target\":{\"@type\":\"EntryPoint\",\"urlTemplate\":\"https:\/\/librairie7l.com\/en\/?s={search_term_string}\"},\"query-input\":\"required name=search_term_string\"}],\"inLanguage\":\"en-US\"},{\"@type\":\"Organization\",\"@id\":\"https:\/\/librairie7l.com\/en\/#organization\",\"name\":\"Librairie 7L\",\"url\":\"https:\/\/librairie7l.com\/en\/\",\"logo\":{\"@type\":\"ImageObject\",\"inLanguage\":\"en-US\",\"@id\":\"https:\/\/librairie7l.com\/en\/#\/schema\/logo\/image\/\",\"url\":\"https:\/\/librairie7l.com\/wp-content\/uploads\/2022\/08\/logo-1.png\",\"contentUrl\":\"https:\/\/librairie7l.com\/wp-content\/uploads\/2022\/08\/logo-1.png\",\"width\":227,\"height\":301,\"caption\":\"Librairie 7L\"},\"image\":{\"@id\":\"https:\/\/librairie7l.com\/en\/#\/schema\/logo\/image\/\"}}]}<\/script>\n<!-- \/ Yoast SEO plugin. -->","yoast_head_json":{"title":"R\u00eaveries italiennes - Librairie 7L","robots":{"index":"index","follow":"follow","max-snippet":"max-snippet:-1","max-image-preview":"max-image-preview:large","max-video-preview":"max-video-preview:-1"},"canonical":"https:\/\/librairie7l.com\/en\/produit\/reveries-italiennes-2\/","og_locale":"en_US","og_type":"article","og_title":"R\u00eaveries italiennes - Librairie 7L","og_description":"\u00abTelle est la nature du \u00ablivre d&#8217;art\u00bb : essentiellement didactique et p\u00e9dagogique. Rien de tel avec l&#8217;ouvrage de Jo\u00ebl Laiter, dont le titre indique bien le caract\u00e8re intimiste, ludique, po\u00e9tique, franc-tireur : R\u00eaveries italiennes. Le photographe ne se soucie pas de faire le magister, il ne pense aucunement \u00e0 notre instruction. Nous faire r\u00eaver, oui, [&hellip;]","og_url":"https:\/\/librairie7l.com\/en\/produit\/reveries-italiennes-2\/","og_site_name":"Librairie 7L","article_modified_time":"2026-04-20T13:30:54+00:00","og_image":[{"width":500,"height":561,"url":"https:\/\/librairie7l.com\/wp-content\/uploads\/2012\/05\/9782330011918_1_75.jpg","type":"image\/jpeg"}],"twitter_card":"summary_large_image","twitter_misc":{"Est. reading time":"2 minutes"},"schema":{"@context":"https:\/\/schema.org","@graph":[{"@type":"WebPage","@id":"https:\/\/librairie7l.com\/en\/produit\/reveries-italiennes-2\/","url":"https:\/\/librairie7l.com\/en\/produit\/reveries-italiennes-2\/","name":"R\u00eaveries italiennes - Librairie 7L","isPartOf":{"@id":"https:\/\/librairie7l.com\/en\/#website"},"datePublished":"2026-02-19T09:16:37+00:00","dateModified":"2026-04-20T13:30:54+00:00","breadcrumb":{"@id":"https:\/\/librairie7l.com\/en\/produit\/reveries-italiennes-2\/#breadcrumb"},"inLanguage":"en-US","potentialAction":[{"@type":"ReadAction","target":["https:\/\/librairie7l.com\/en\/produit\/reveries-italiennes-2\/"]}]},{"@type":"BreadcrumbList","@id":"https:\/\/librairie7l.com\/en\/produit\/reveries-italiennes-2\/#breadcrumb","itemListElement":[{"@type":"ListItem","position":1,"name":"Accueil","item":"https:\/\/librairie7l.com\/en\/"},{"@type":"ListItem","position":2,"name":"Shop","item":"https:\/\/librairie7l.com\/en\/shop\/"},{"@type":"ListItem","position":3,"name":"R\u00caVERIES ITALIENNES"}]},{"@type":"WebSite","@id":"https:\/\/librairie7l.com\/en\/#website","url":"https:\/\/librairie7l.com\/en\/","name":"Librairie 7L","description":"Librairie fond\u00e9e en 1999 par Karl Lagerfeld \u00e0 Paris","publisher":{"@id":"https:\/\/librairie7l.com\/en\/#organization"},"potentialAction":[{"@type":"SearchAction","target":{"@type":"EntryPoint","urlTemplate":"https:\/\/librairie7l.com\/en\/?s={search_term_string}"},"query-input":"required name=search_term_string"}],"inLanguage":"en-US"},{"@type":"Organization","@id":"https:\/\/librairie7l.com\/en\/#organization","name":"Librairie 7L","url":"https:\/\/librairie7l.com\/en\/","logo":{"@type":"ImageObject","inLanguage":"en-US","@id":"https:\/\/librairie7l.com\/en\/#\/schema\/logo\/image\/","url":"https:\/\/librairie7l.com\/wp-content\/uploads\/2022\/08\/logo-1.png","contentUrl":"https:\/\/librairie7l.com\/wp-content\/uploads\/2022\/08\/logo-1.png","width":227,"height":301,"caption":"Librairie 7L"},"image":{"@id":"https:\/\/librairie7l.com\/en\/#\/schema\/logo\/image\/"}}]}},"_links":{"self":[{"href":"https:\/\/librairie7l.com\/en\/wp-json\/wp\/v2\/product\/55133"}],"collection":[{"href":"https:\/\/librairie7l.com\/en\/wp-json\/wp\/v2\/product"}],"about":[{"href":"https:\/\/librairie7l.com\/en\/wp-json\/wp\/v2\/types\/product"}],"wp:featuredmedia":[{"embeddable":true,"href":"https:\/\/librairie7l.com\/en\/wp-json\/wp\/v2\/media\/55131"}],"wp:attachment":[{"href":"https:\/\/librairie7l.com\/en\/wp-json\/wp\/v2\/media?parent=55133"}],"wp:term":[{"taxonomy":"product_cat","embeddable":true,"href":"https:\/\/librairie7l.com\/en\/wp-json\/wp\/v2\/product_cat?post=55133"},{"taxonomy":"product_tag","embeddable":true,"href":"https:\/\/librairie7l.com\/en\/wp-json\/wp\/v2\/product_tag?post=55133"}],"curies":[{"name":"wp","href":"https:\/\/api.w.org\/{rel}","templated":true}]}}