{"id":55141,"date":"2026-02-19T10:16:42","date_gmt":"2026-02-19T09:16:42","guid":{"rendered":"https:\/\/librairie7l.com\/?post_type=product&#038;p=55141"},"modified":"2026-04-20T15:29:18","modified_gmt":"2026-04-20T13:29:18","slug":"ma-vie-et-mes-folies-2","status":"publish","type":"product","link":"https:\/\/librairie7l.com\/en\/produit\/ma-vie-et-mes-folies-2\/","title":{"rendered":"MA VIE ET MES FOLIES"},"content":{"rendered":"<p>R\u00e9\u00e9dition du livre de l&#8217;une des plus illustres m\u00e9c\u00e8nes du XXe si\u00e8cle, l&#8217;Am\u00e9ricaine Peggy Guggenheim. Elle \u00e9voque son extraordinaire parcours de vie au milieu des artistes exceptionnels qu&#8217;elle connut, notamment les peintres surr\u00e9alistes, et contribua \u00e0 rendre c\u00e9l\u00e8bres.<br \/>\nPeggy Guggenheim, pour tous les amateurs d&#8217;art moderne, c&#8217;est un nom prestigieux. Gr\u00e2ce \u00e0 sa fortune, une jeune femme sans complexes, avide de tous les plaisirs et \u00e0 la recherche d&#8217;un bonheur qu&#8217;elle ne trouve pas, se prend d&#8217;un go\u00fbt effr\u00e9n\u00e9 pour l&#8217;art de son si\u00e8cle : le cubisme, l&#8217;art abstrait, le surr\u00e9alisme deviennent ses passions dominantes. Guid\u00e9e par Marcel Duchamp, elle se constitue une exceptionnelle collection de peintures et de sculptures qui, maintenant pr\u00e9sent\u00e9e au public dans son palais de Venise, attire le monde entier. Dans ses M\u00e9moires, Peggy Guggenheim raconte, avec une franchise totale, ses d\u00e9lirantes ann\u00e9es de jeunesse d&#8217;Am\u00e9ricaine tr\u00e8s fortun\u00e9e, \u00e0 New York, Londres et surtout Paris, mais aussi dans toute l&#8217;Europe. Si elle v\u00e9cut \u00e0 bride abattue, voyageant, aimant, buvant, dansant, tra\u00eenant avec elle maris, enfants, chiens, gouvernantes, amis, amants, elle n&#8217;oublia jamais de prot\u00e9ger, d&#8217;aider, de promouvoir ceux qui renouvellent le monde des arts. De Picasso \u00e0 Tanguy, Ernst, Arp, L\u00e9ger, de Brancusi \u00e0 Giacometti, Laurens, Calder, de Beckett \u00e0 Joyce, Breton, Eluard, elle les a tous connus, souvent intimement. Elle les a re\u00e7us, h\u00e9berg\u00e9s, aid\u00e9s \u00e0 vivre.<\/p>\n<p>Ni\u00e8ce de Solomon Guggenheim qui fonda \u00e0 New York le mus\u00e9e qui porte son nom, Peggy Guggenheim (1878-1979), consacra sa vie \u00e0 faire d\u00e9couvrir les artistes modernes. En 1951, elle acheta \u00e0 Venise le palais Venier dei Leoni, qui abrite encore aujourd&#8217;hui l&#8217;essentiel de sa fabuleuse collection.<\/p>\n","protected":false},"excerpt":{"rendered":"<p>R\u00e9\u00e9dition du livre de l&#8217;une des plus illustres m\u00e9c\u00e8nes du XXe si\u00e8cle, l&#8217;Am\u00e9ricaine Peggy Guggenheim. Elle \u00e9voque son extraordinaire parcours de vie au milieu des artistes exceptionnels qu&#8217;elle connut, notamment les peintres surr\u00e9alistes, et contribua \u00e0 rendre c\u00e9l\u00e8bres. Peggy Guggenheim, pour tous les amateurs d&#8217;art moderne, c&#8217;est un nom prestigieux. Gr\u00e2ce \u00e0 sa fortune, une [&hellip;]<\/p>\n","protected":false},"featured_media":55139,"template":"","meta":[],"product_cat":[2948],"product_tag":[],"acf":[],"yoast_head":"<!-- This site is optimized with the Yoast SEO plugin v20.11 - https:\/\/yoast.com\/wordpress\/plugins\/seo\/ -->\n<title>Ma vie et mes folies - Librairie 7L<\/title>\n<meta name=\"robots\" content=\"index, follow, max-snippet:-1, max-image-preview:large, max-video-preview:-1\" \/>\n<link rel=\"canonical\" href=\"https:\/\/librairie7l.com\/en\/produit\/ma-vie-et-mes-folies-2\/\" \/>\n<meta property=\"og:locale\" content=\"en_US\" \/>\n<meta property=\"og:type\" content=\"article\" \/>\n<meta property=\"og:title\" content=\"Ma vie et mes folies - Librairie 7L\" \/>\n<meta property=\"og:description\" content=\"R\u00e9\u00e9dition du livre de l&#8217;une des plus illustres m\u00e9c\u00e8nes du XXe si\u00e8cle, l&#8217;Am\u00e9ricaine Peggy Guggenheim. Elle \u00e9voque son extraordinaire parcours de vie au milieu des artistes exceptionnels qu&#8217;elle connut, notamment les peintres surr\u00e9alistes, et contribua \u00e0 rendre c\u00e9l\u00e8bres. Peggy Guggenheim, pour tous les amateurs d&#8217;art moderne, c&#8217;est un nom prestigieux. Gr\u00e2ce \u00e0 sa fortune, une [&hellip;]\" \/>\n<meta property=\"og:url\" content=\"https:\/\/librairie7l.com\/en\/produit\/ma-vie-et-mes-folies-2\/\" \/>\n<meta property=\"og:site_name\" content=\"Librairie 7L\" \/>\n<meta property=\"article:modified_time\" content=\"2026-04-20T13:29:18+00:00\" \/>\n<meta property=\"og:image\" content=\"https:\/\/librairie7l.com\/wp-content\/uploads\/2003\/10\/9782262021559_1_75.jpg\" \/>\n\t<meta property=\"og:image:width\" content=\"600\" \/>\n\t<meta property=\"og:image:height\" content=\"969\" \/>\n\t<meta property=\"og:image:type\" content=\"image\/jpeg\" \/>\n<meta name=\"twitter:card\" content=\"summary_large_image\" \/>\n<meta name=\"twitter:label1\" content=\"Est. reading time\" \/>\n\t<meta name=\"twitter:data1\" content=\"1 minute\" \/>\n<script type=\"application\/ld+json\" class=\"yoast-schema-graph\">{\"@context\":\"https:\/\/schema.org\",\"@graph\":[{\"@type\":\"WebPage\",\"@id\":\"https:\/\/librairie7l.com\/en\/produit\/ma-vie-et-mes-folies-2\/\",\"url\":\"https:\/\/librairie7l.com\/en\/produit\/ma-vie-et-mes-folies-2\/\",\"name\":\"Ma vie et mes folies - Librairie 7L\",\"isPartOf\":{\"@id\":\"https:\/\/librairie7l.com\/en\/#website\"},\"datePublished\":\"2026-02-19T09:16:42+00:00\",\"dateModified\":\"2026-04-20T13:29:18+00:00\",\"breadcrumb\":{\"@id\":\"https:\/\/librairie7l.com\/en\/produit\/ma-vie-et-mes-folies-2\/#breadcrumb\"},\"inLanguage\":\"en-US\",\"potentialAction\":[{\"@type\":\"ReadAction\",\"target\":[\"https:\/\/librairie7l.com\/en\/produit\/ma-vie-et-mes-folies-2\/\"]}]},{\"@type\":\"BreadcrumbList\",\"@id\":\"https:\/\/librairie7l.com\/en\/produit\/ma-vie-et-mes-folies-2\/#breadcrumb\",\"itemListElement\":[{\"@type\":\"ListItem\",\"position\":1,\"name\":\"Accueil\",\"item\":\"https:\/\/librairie7l.com\/en\/\"},{\"@type\":\"ListItem\",\"position\":2,\"name\":\"Shop\",\"item\":\"https:\/\/librairie7l.com\/en\/shop\/\"},{\"@type\":\"ListItem\",\"position\":3,\"name\":\"MA VIE ET MES FOLIES\"}]},{\"@type\":\"WebSite\",\"@id\":\"https:\/\/librairie7l.com\/en\/#website\",\"url\":\"https:\/\/librairie7l.com\/en\/\",\"name\":\"Librairie 7L\",\"description\":\"Librairie fond\u00e9e en 1999 par Karl Lagerfeld \u00e0 Paris\",\"publisher\":{\"@id\":\"https:\/\/librairie7l.com\/en\/#organization\"},\"potentialAction\":[{\"@type\":\"SearchAction\",\"target\":{\"@type\":\"EntryPoint\",\"urlTemplate\":\"https:\/\/librairie7l.com\/en\/?s={search_term_string}\"},\"query-input\":\"required name=search_term_string\"}],\"inLanguage\":\"en-US\"},{\"@type\":\"Organization\",\"@id\":\"https:\/\/librairie7l.com\/en\/#organization\",\"name\":\"Librairie 7L\",\"url\":\"https:\/\/librairie7l.com\/en\/\",\"logo\":{\"@type\":\"ImageObject\",\"inLanguage\":\"en-US\",\"@id\":\"https:\/\/librairie7l.com\/en\/#\/schema\/logo\/image\/\",\"url\":\"https:\/\/librairie7l.com\/wp-content\/uploads\/2022\/08\/logo-1.png\",\"contentUrl\":\"https:\/\/librairie7l.com\/wp-content\/uploads\/2022\/08\/logo-1.png\",\"width\":227,\"height\":301,\"caption\":\"Librairie 7L\"},\"image\":{\"@id\":\"https:\/\/librairie7l.com\/en\/#\/schema\/logo\/image\/\"}}]}<\/script>\n<!-- \/ Yoast SEO plugin. -->","yoast_head_json":{"title":"Ma vie et mes folies - Librairie 7L","robots":{"index":"index","follow":"follow","max-snippet":"max-snippet:-1","max-image-preview":"max-image-preview:large","max-video-preview":"max-video-preview:-1"},"canonical":"https:\/\/librairie7l.com\/en\/produit\/ma-vie-et-mes-folies-2\/","og_locale":"en_US","og_type":"article","og_title":"Ma vie et mes folies - Librairie 7L","og_description":"R\u00e9\u00e9dition du livre de l&#8217;une des plus illustres m\u00e9c\u00e8nes du XXe si\u00e8cle, l&#8217;Am\u00e9ricaine Peggy Guggenheim. Elle \u00e9voque son extraordinaire parcours de vie au milieu des artistes exceptionnels qu&#8217;elle connut, notamment les peintres surr\u00e9alistes, et contribua \u00e0 rendre c\u00e9l\u00e8bres. Peggy Guggenheim, pour tous les amateurs d&#8217;art moderne, c&#8217;est un nom prestigieux. Gr\u00e2ce \u00e0 sa fortune, une [&hellip;]","og_url":"https:\/\/librairie7l.com\/en\/produit\/ma-vie-et-mes-folies-2\/","og_site_name":"Librairie 7L","article_modified_time":"2026-04-20T13:29:18+00:00","og_image":[{"width":600,"height":969,"url":"https:\/\/librairie7l.com\/wp-content\/uploads\/2003\/10\/9782262021559_1_75.jpg","type":"image\/jpeg"}],"twitter_card":"summary_large_image","twitter_misc":{"Est. reading time":"1 minute"},"schema":{"@context":"https:\/\/schema.org","@graph":[{"@type":"WebPage","@id":"https:\/\/librairie7l.com\/en\/produit\/ma-vie-et-mes-folies-2\/","url":"https:\/\/librairie7l.com\/en\/produit\/ma-vie-et-mes-folies-2\/","name":"Ma vie et mes folies - Librairie 7L","isPartOf":{"@id":"https:\/\/librairie7l.com\/en\/#website"},"datePublished":"2026-02-19T09:16:42+00:00","dateModified":"2026-04-20T13:29:18+00:00","breadcrumb":{"@id":"https:\/\/librairie7l.com\/en\/produit\/ma-vie-et-mes-folies-2\/#breadcrumb"},"inLanguage":"en-US","potentialAction":[{"@type":"ReadAction","target":["https:\/\/librairie7l.com\/en\/produit\/ma-vie-et-mes-folies-2\/"]}]},{"@type":"BreadcrumbList","@id":"https:\/\/librairie7l.com\/en\/produit\/ma-vie-et-mes-folies-2\/#breadcrumb","itemListElement":[{"@type":"ListItem","position":1,"name":"Accueil","item":"https:\/\/librairie7l.com\/en\/"},{"@type":"ListItem","position":2,"name":"Shop","item":"https:\/\/librairie7l.com\/en\/shop\/"},{"@type":"ListItem","position":3,"name":"MA VIE ET MES FOLIES"}]},{"@type":"WebSite","@id":"https:\/\/librairie7l.com\/en\/#website","url":"https:\/\/librairie7l.com\/en\/","name":"Librairie 7L","description":"Librairie fond\u00e9e en 1999 par Karl Lagerfeld \u00e0 Paris","publisher":{"@id":"https:\/\/librairie7l.com\/en\/#organization"},"potentialAction":[{"@type":"SearchAction","target":{"@type":"EntryPoint","urlTemplate":"https:\/\/librairie7l.com\/en\/?s={search_term_string}"},"query-input":"required name=search_term_string"}],"inLanguage":"en-US"},{"@type":"Organization","@id":"https:\/\/librairie7l.com\/en\/#organization","name":"Librairie 7L","url":"https:\/\/librairie7l.com\/en\/","logo":{"@type":"ImageObject","inLanguage":"en-US","@id":"https:\/\/librairie7l.com\/en\/#\/schema\/logo\/image\/","url":"https:\/\/librairie7l.com\/wp-content\/uploads\/2022\/08\/logo-1.png","contentUrl":"https:\/\/librairie7l.com\/wp-content\/uploads\/2022\/08\/logo-1.png","width":227,"height":301,"caption":"Librairie 7L"},"image":{"@id":"https:\/\/librairie7l.com\/en\/#\/schema\/logo\/image\/"}}]}},"_links":{"self":[{"href":"https:\/\/librairie7l.com\/en\/wp-json\/wp\/v2\/product\/55141"}],"collection":[{"href":"https:\/\/librairie7l.com\/en\/wp-json\/wp\/v2\/product"}],"about":[{"href":"https:\/\/librairie7l.com\/en\/wp-json\/wp\/v2\/types\/product"}],"wp:featuredmedia":[{"embeddable":true,"href":"https:\/\/librairie7l.com\/en\/wp-json\/wp\/v2\/media\/55139"}],"wp:attachment":[{"href":"https:\/\/librairie7l.com\/en\/wp-json\/wp\/v2\/media?parent=55141"}],"wp:term":[{"taxonomy":"product_cat","embeddable":true,"href":"https:\/\/librairie7l.com\/en\/wp-json\/wp\/v2\/product_cat?post=55141"},{"taxonomy":"product_tag","embeddable":true,"href":"https:\/\/librairie7l.com\/en\/wp-json\/wp\/v2\/product_tag?post=55141"}],"curies":[{"name":"wp","href":"https:\/\/api.w.org\/{rel}","templated":true}]}}