{"id":55145,"date":"2026-02-19T10:16:44","date_gmt":"2026-02-19T09:16:44","guid":{"rendered":"https:\/\/librairie7l.com\/?post_type=product&#038;p=55145"},"modified":"2026-04-20T16:45:41","modified_gmt":"2026-04-20T14:45:41","slug":"venise-2","status":"publish","type":"product","link":"https:\/\/librairie7l.com\/en\/produit\/venise-2\/","title":{"rendered":"VENISE"},"content":{"rendered":"<p>Loin de l&#8217;image d&#8217;une ville-mus\u00e9e \u00e0 la confluence des arts, Venise vibre de toute la gaiet\u00e9 italienne. Une douceur, un plaisir de vivre qui jaillissent des tableaux de Giambattista Tiepolo, de la musique de Vivaldi, du th\u00e9\u00e2tre de Carlo Goldoni, des aventures de Casanova. Une d\u00e9votion aux sens \u00e0 laquelle s&#8217;ajoute un esprit profond\u00e9ment r\u00e9publicain, ouvert au monde.<br \/>\nDominique Fernandez nous raconte le glorieux pass\u00e9 de la S\u00e9r\u00e9nissime, d\u00e9crit le d\u00e9veloppement de l&#8217;art, rappelle les navigateurs audacieux, et dessine les contours de sa Venise personnelle en n&#8217;oubliant rien des lieux phares comme la place Saint-Marc, l&#8217;Accademia, les Zattere ou l&#8217;\u00e9glise San Zanipolo.<br \/>\nIllustr\u00e9 par les splendides photographies de Ferrante Ferranti, cet ouvrage redonne ses couleurs \u00e0 la \u00ab cit\u00e9 des Doges \u00bb et r\u00e9v\u00e8le nombre de myst\u00e8res v\u00e9nitiens.<\/p>\n","protected":false},"excerpt":{"rendered":"<p>Loin de l&#8217;image d&#8217;une ville-mus\u00e9e \u00e0 la confluence des arts, Venise vibre de toute la gaiet\u00e9 italienne. Une douceur, un plaisir de vivre qui jaillissent des tableaux de Giambattista Tiepolo, de la musique de Vivaldi, du th\u00e9\u00e2tre de Carlo Goldoni, des aventures de Casanova. Une d\u00e9votion aux sens \u00e0 laquelle s&#8217;ajoute un esprit profond\u00e9ment r\u00e9publicain, [&hellip;]<\/p>\n","protected":false},"featured_media":55143,"template":"","meta":[],"product_cat":[2948],"product_tag":[],"acf":[],"yoast_head":"<!-- This site is optimized with the Yoast SEO plugin v20.11 - https:\/\/yoast.com\/wordpress\/plugins\/seo\/ -->\n<title>Venise - Librairie 7L<\/title>\n<meta name=\"robots\" content=\"index, follow, max-snippet:-1, max-image-preview:large, max-video-preview:-1\" \/>\n<link rel=\"canonical\" href=\"https:\/\/librairie7l.com\/en\/produit\/venise-2\/\" \/>\n<meta property=\"og:locale\" content=\"en_US\" \/>\n<meta property=\"og:type\" content=\"article\" \/>\n<meta property=\"og:title\" content=\"Venise - Librairie 7L\" \/>\n<meta property=\"og:description\" content=\"Loin de l&#8217;image d&#8217;une ville-mus\u00e9e \u00e0 la confluence des arts, Venise vibre de toute la gaiet\u00e9 italienne. Une douceur, un plaisir de vivre qui jaillissent des tableaux de Giambattista Tiepolo, de la musique de Vivaldi, du th\u00e9\u00e2tre de Carlo Goldoni, des aventures de Casanova. Une d\u00e9votion aux sens \u00e0 laquelle s&#8217;ajoute un esprit profond\u00e9ment r\u00e9publicain, [&hellip;]\" \/>\n<meta property=\"og:url\" content=\"https:\/\/librairie7l.com\/en\/produit\/venise-2\/\" \/>\n<meta property=\"og:site_name\" content=\"Librairie 7L\" \/>\n<meta property=\"article:modified_time\" content=\"2026-04-20T14:45:41+00:00\" \/>\n<meta property=\"og:image\" content=\"https:\/\/librairie7l.com\/wp-content\/uploads\/2018\/06\/9782848766973_1_75.jpg\" \/>\n\t<meta property=\"og:image:width\" content=\"600\" \/>\n\t<meta property=\"og:image:height\" content=\"675\" \/>\n\t<meta property=\"og:image:type\" content=\"image\/jpeg\" \/>\n<meta name=\"twitter:card\" content=\"summary_large_image\" \/>\n<meta name=\"twitter:label1\" content=\"Est. reading time\" \/>\n\t<meta name=\"twitter:data1\" content=\"1 minute\" \/>\n<script type=\"application\/ld+json\" class=\"yoast-schema-graph\">{\"@context\":\"https:\/\/schema.org\",\"@graph\":[{\"@type\":\"WebPage\",\"@id\":\"https:\/\/librairie7l.com\/en\/produit\/venise-2\/\",\"url\":\"https:\/\/librairie7l.com\/en\/produit\/venise-2\/\",\"name\":\"Venise - Librairie 7L\",\"isPartOf\":{\"@id\":\"https:\/\/librairie7l.com\/en\/#website\"},\"datePublished\":\"2026-02-19T09:16:44+00:00\",\"dateModified\":\"2026-04-20T14:45:41+00:00\",\"breadcrumb\":{\"@id\":\"https:\/\/librairie7l.com\/en\/produit\/venise-2\/#breadcrumb\"},\"inLanguage\":\"en-US\",\"potentialAction\":[{\"@type\":\"ReadAction\",\"target\":[\"https:\/\/librairie7l.com\/en\/produit\/venise-2\/\"]}]},{\"@type\":\"BreadcrumbList\",\"@id\":\"https:\/\/librairie7l.com\/en\/produit\/venise-2\/#breadcrumb\",\"itemListElement\":[{\"@type\":\"ListItem\",\"position\":1,\"name\":\"Accueil\",\"item\":\"https:\/\/librairie7l.com\/en\/\"},{\"@type\":\"ListItem\",\"position\":2,\"name\":\"Shop\",\"item\":\"https:\/\/librairie7l.com\/en\/shop\/\"},{\"@type\":\"ListItem\",\"position\":3,\"name\":\"VENISE\"}]},{\"@type\":\"WebSite\",\"@id\":\"https:\/\/librairie7l.com\/en\/#website\",\"url\":\"https:\/\/librairie7l.com\/en\/\",\"name\":\"Librairie 7L\",\"description\":\"Librairie fond\u00e9e en 1999 par Karl Lagerfeld \u00e0 Paris\",\"publisher\":{\"@id\":\"https:\/\/librairie7l.com\/en\/#organization\"},\"potentialAction\":[{\"@type\":\"SearchAction\",\"target\":{\"@type\":\"EntryPoint\",\"urlTemplate\":\"https:\/\/librairie7l.com\/en\/?s={search_term_string}\"},\"query-input\":\"required name=search_term_string\"}],\"inLanguage\":\"en-US\"},{\"@type\":\"Organization\",\"@id\":\"https:\/\/librairie7l.com\/en\/#organization\",\"name\":\"Librairie 7L\",\"url\":\"https:\/\/librairie7l.com\/en\/\",\"logo\":{\"@type\":\"ImageObject\",\"inLanguage\":\"en-US\",\"@id\":\"https:\/\/librairie7l.com\/en\/#\/schema\/logo\/image\/\",\"url\":\"https:\/\/librairie7l.com\/wp-content\/uploads\/2022\/08\/logo-1.png\",\"contentUrl\":\"https:\/\/librairie7l.com\/wp-content\/uploads\/2022\/08\/logo-1.png\",\"width\":227,\"height\":301,\"caption\":\"Librairie 7L\"},\"image\":{\"@id\":\"https:\/\/librairie7l.com\/en\/#\/schema\/logo\/image\/\"}}]}<\/script>\n<!-- \/ Yoast SEO plugin. -->","yoast_head_json":{"title":"Venise - Librairie 7L","robots":{"index":"index","follow":"follow","max-snippet":"max-snippet:-1","max-image-preview":"max-image-preview:large","max-video-preview":"max-video-preview:-1"},"canonical":"https:\/\/librairie7l.com\/en\/produit\/venise-2\/","og_locale":"en_US","og_type":"article","og_title":"Venise - Librairie 7L","og_description":"Loin de l&#8217;image d&#8217;une ville-mus\u00e9e \u00e0 la confluence des arts, Venise vibre de toute la gaiet\u00e9 italienne. Une douceur, un plaisir de vivre qui jaillissent des tableaux de Giambattista Tiepolo, de la musique de Vivaldi, du th\u00e9\u00e2tre de Carlo Goldoni, des aventures de Casanova. Une d\u00e9votion aux sens \u00e0 laquelle s&#8217;ajoute un esprit profond\u00e9ment r\u00e9publicain, [&hellip;]","og_url":"https:\/\/librairie7l.com\/en\/produit\/venise-2\/","og_site_name":"Librairie 7L","article_modified_time":"2026-04-20T14:45:41+00:00","og_image":[{"width":600,"height":675,"url":"https:\/\/librairie7l.com\/wp-content\/uploads\/2018\/06\/9782848766973_1_75.jpg","type":"image\/jpeg"}],"twitter_card":"summary_large_image","twitter_misc":{"Est. reading time":"1 minute"},"schema":{"@context":"https:\/\/schema.org","@graph":[{"@type":"WebPage","@id":"https:\/\/librairie7l.com\/en\/produit\/venise-2\/","url":"https:\/\/librairie7l.com\/en\/produit\/venise-2\/","name":"Venise - Librairie 7L","isPartOf":{"@id":"https:\/\/librairie7l.com\/en\/#website"},"datePublished":"2026-02-19T09:16:44+00:00","dateModified":"2026-04-20T14:45:41+00:00","breadcrumb":{"@id":"https:\/\/librairie7l.com\/en\/produit\/venise-2\/#breadcrumb"},"inLanguage":"en-US","potentialAction":[{"@type":"ReadAction","target":["https:\/\/librairie7l.com\/en\/produit\/venise-2\/"]}]},{"@type":"BreadcrumbList","@id":"https:\/\/librairie7l.com\/en\/produit\/venise-2\/#breadcrumb","itemListElement":[{"@type":"ListItem","position":1,"name":"Accueil","item":"https:\/\/librairie7l.com\/en\/"},{"@type":"ListItem","position":2,"name":"Shop","item":"https:\/\/librairie7l.com\/en\/shop\/"},{"@type":"ListItem","position":3,"name":"VENISE"}]},{"@type":"WebSite","@id":"https:\/\/librairie7l.com\/en\/#website","url":"https:\/\/librairie7l.com\/en\/","name":"Librairie 7L","description":"Librairie fond\u00e9e en 1999 par Karl Lagerfeld \u00e0 Paris","publisher":{"@id":"https:\/\/librairie7l.com\/en\/#organization"},"potentialAction":[{"@type":"SearchAction","target":{"@type":"EntryPoint","urlTemplate":"https:\/\/librairie7l.com\/en\/?s={search_term_string}"},"query-input":"required name=search_term_string"}],"inLanguage":"en-US"},{"@type":"Organization","@id":"https:\/\/librairie7l.com\/en\/#organization","name":"Librairie 7L","url":"https:\/\/librairie7l.com\/en\/","logo":{"@type":"ImageObject","inLanguage":"en-US","@id":"https:\/\/librairie7l.com\/en\/#\/schema\/logo\/image\/","url":"https:\/\/librairie7l.com\/wp-content\/uploads\/2022\/08\/logo-1.png","contentUrl":"https:\/\/librairie7l.com\/wp-content\/uploads\/2022\/08\/logo-1.png","width":227,"height":301,"caption":"Librairie 7L"},"image":{"@id":"https:\/\/librairie7l.com\/en\/#\/schema\/logo\/image\/"}}]}},"_links":{"self":[{"href":"https:\/\/librairie7l.com\/en\/wp-json\/wp\/v2\/product\/55145"}],"collection":[{"href":"https:\/\/librairie7l.com\/en\/wp-json\/wp\/v2\/product"}],"about":[{"href":"https:\/\/librairie7l.com\/en\/wp-json\/wp\/v2\/types\/product"}],"wp:featuredmedia":[{"embeddable":true,"href":"https:\/\/librairie7l.com\/en\/wp-json\/wp\/v2\/media\/55143"}],"wp:attachment":[{"href":"https:\/\/librairie7l.com\/en\/wp-json\/wp\/v2\/media?parent=55145"}],"wp:term":[{"taxonomy":"product_cat","embeddable":true,"href":"https:\/\/librairie7l.com\/en\/wp-json\/wp\/v2\/product_cat?post=55145"},{"taxonomy":"product_tag","embeddable":true,"href":"https:\/\/librairie7l.com\/en\/wp-json\/wp\/v2\/product_tag?post=55145"}],"curies":[{"name":"wp","href":"https:\/\/api.w.org\/{rel}","templated":true}]}}