{"id":55149,"date":"2026-02-19T10:16:47","date_gmt":"2026-02-19T09:16:47","guid":{"rendered":"https:\/\/librairie7l.com\/?post_type=product&#038;p=55149"},"modified":"2026-04-20T17:16:18","modified_gmt":"2026-04-20T15:16:18","slug":"crac-frac-drac-dix-ans-de-creation-au-centre-regional-dart-contemporain-de-labege-2","status":"publish","type":"product","link":"https:\/\/librairie7l.com\/en\/produit\/crac-frac-drac-dix-ans-de-creation-au-centre-regional-dart-contemporain-de-labege-2\/","title":{"rendered":"CRAC, FRAC, DRAC ! : DIX ANS DE CREATION AU CENTRE REGIONAL D&#8217;ART CONTEMPORAIN DE LABEGE"},"content":{"rendered":"<p>Le 3 d\u00e9cembre 1985, \u00e0 Lab\u00e8ge, est inaugur\u00e9 le Centre r\u00e9gional d&#8217;art contemporain Midi-Pyr\u00e9n\u00e9es. Parmi les premiers n\u00e9s de la d\u00e9centralisation, il est aussi le seul \u00e0 avoir \u00e9t\u00e9 cr\u00e9\u00e9 par un Conseil r\u00e9gional. Son histoire est aussi br\u00e8ve que flamboyante, concentr\u00e9e en neuf ann\u00e9es d&#8217;activit\u00e9s mais rythm\u00e9e par pr\u00e8s de 50 expositions et 70 publications. Celles-l\u00e0 font la part belle \u00e0 la jeune sc\u00e8ne artistique r\u00e9gionale, comme aux artistes internationaux, de Dieter Roth \u00e0 Joseph Beuys, et \u00e0 Sam Francis. Elles constituent une introduction, n\u00e9cessaire, \u00e0 la cr\u00e9ation des Abattoirs, Mus\u00e9e &#8211; Frac Occitanie Toulouse, inaugur\u00e9s en juin 2000.<br \/>\nCrac, Frac, Drac ! est enrichi de nombreuses archives &#8211;  photographies, invitations, plans&#8230; Ce livre t\u00e9moigne d&#8217;une histoire culturelle tumultueuse, retra\u00e7ant les expositions et \u00e9v\u00e8nemens les plus marquants de ce centre d&#8217;art, trop peu connue du grand public et qui, pourtant, m\u00e9rite d&#8217;\u00eatre racont\u00e9e.<\/p>\n","protected":false},"excerpt":{"rendered":"<p>Le 3 d\u00e9cembre 1985, \u00e0 Lab\u00e8ge, est inaugur\u00e9 le Centre r\u00e9gional d&#8217;art contemporain Midi-Pyr\u00e9n\u00e9es. Parmi les premiers n\u00e9s de la d\u00e9centralisation, il est aussi le seul \u00e0 avoir \u00e9t\u00e9 cr\u00e9\u00e9 par un Conseil r\u00e9gional. Son histoire est aussi br\u00e8ve que flamboyante, concentr\u00e9e en neuf ann\u00e9es d&#8217;activit\u00e9s mais rythm\u00e9e par pr\u00e8s de 50 expositions et 70 [&hellip;]<\/p>\n","protected":false},"featured_media":55147,"template":"","meta":[],"product_cat":[2948],"product_tag":[],"acf":[],"yoast_head":"<!-- This site is optimized with the Yoast SEO plugin v20.11 - https:\/\/yoast.com\/wordpress\/plugins\/seo\/ -->\n<title>Crac, frac, drac ! : dix ans de creation au centre regional d&#039;art contemporain de labege - Librairie 7L<\/title>\n<meta name=\"robots\" content=\"index, follow, max-snippet:-1, max-image-preview:large, max-video-preview:-1\" \/>\n<link rel=\"canonical\" href=\"https:\/\/librairie7l.com\/en\/produit\/crac-frac-drac-dix-ans-de-creation-au-centre-regional-dart-contemporain-de-labege-2\/\" \/>\n<meta property=\"og:locale\" content=\"en_US\" \/>\n<meta property=\"og:type\" content=\"article\" \/>\n<meta property=\"og:title\" content=\"Crac, frac, drac ! : dix ans de creation au centre regional d&#039;art contemporain de labege - Librairie 7L\" \/>\n<meta property=\"og:description\" content=\"Le 3 d\u00e9cembre 1985, \u00e0 Lab\u00e8ge, est inaugur\u00e9 le Centre r\u00e9gional d&#8217;art contemporain Midi-Pyr\u00e9n\u00e9es. Parmi les premiers n\u00e9s de la d\u00e9centralisation, il est aussi le seul \u00e0 avoir \u00e9t\u00e9 cr\u00e9\u00e9 par un Conseil r\u00e9gional. Son histoire est aussi br\u00e8ve que flamboyante, concentr\u00e9e en neuf ann\u00e9es d&#8217;activit\u00e9s mais rythm\u00e9e par pr\u00e8s de 50 expositions et 70 [&hellip;]\" \/>\n<meta property=\"og:url\" content=\"https:\/\/librairie7l.com\/en\/produit\/crac-frac-drac-dix-ans-de-creation-au-centre-regional-dart-contemporain-de-labege-2\/\" \/>\n<meta property=\"og:site_name\" content=\"Librairie 7L\" \/>\n<meta property=\"article:modified_time\" content=\"2026-04-20T15:16:18+00:00\" \/>\n<meta property=\"og:image\" content=\"https:\/\/librairie7l.com\/wp-content\/uploads\/2025\/07\/9782490505777_1_75.jpg\" \/>\n\t<meta property=\"og:image:width\" content=\"600\" \/>\n\t<meta property=\"og:image:height\" content=\"983\" \/>\n\t<meta property=\"og:image:type\" content=\"image\/jpeg\" \/>\n<meta name=\"twitter:card\" content=\"summary_large_image\" \/>\n<meta name=\"twitter:label1\" content=\"Est. reading time\" \/>\n\t<meta name=\"twitter:data1\" content=\"1 minute\" \/>\n<script type=\"application\/ld+json\" class=\"yoast-schema-graph\">{\"@context\":\"https:\/\/schema.org\",\"@graph\":[{\"@type\":\"WebPage\",\"@id\":\"https:\/\/librairie7l.com\/en\/produit\/crac-frac-drac-dix-ans-de-creation-au-centre-regional-dart-contemporain-de-labege-2\/\",\"url\":\"https:\/\/librairie7l.com\/en\/produit\/crac-frac-drac-dix-ans-de-creation-au-centre-regional-dart-contemporain-de-labege-2\/\",\"name\":\"Crac, frac, drac ! : dix ans de creation au centre regional d'art contemporain de labege - Librairie 7L\",\"isPartOf\":{\"@id\":\"https:\/\/librairie7l.com\/en\/#website\"},\"datePublished\":\"2026-02-19T09:16:47+00:00\",\"dateModified\":\"2026-04-20T15:16:18+00:00\",\"breadcrumb\":{\"@id\":\"https:\/\/librairie7l.com\/en\/produit\/crac-frac-drac-dix-ans-de-creation-au-centre-regional-dart-contemporain-de-labege-2\/#breadcrumb\"},\"inLanguage\":\"en-US\",\"potentialAction\":[{\"@type\":\"ReadAction\",\"target\":[\"https:\/\/librairie7l.com\/en\/produit\/crac-frac-drac-dix-ans-de-creation-au-centre-regional-dart-contemporain-de-labege-2\/\"]}]},{\"@type\":\"BreadcrumbList\",\"@id\":\"https:\/\/librairie7l.com\/en\/produit\/crac-frac-drac-dix-ans-de-creation-au-centre-regional-dart-contemporain-de-labege-2\/#breadcrumb\",\"itemListElement\":[{\"@type\":\"ListItem\",\"position\":1,\"name\":\"Accueil\",\"item\":\"https:\/\/librairie7l.com\/en\/\"},{\"@type\":\"ListItem\",\"position\":2,\"name\":\"Shop\",\"item\":\"https:\/\/librairie7l.com\/en\/shop\/\"},{\"@type\":\"ListItem\",\"position\":3,\"name\":\"CRAC, FRAC, DRAC ! : DIX ANS DE CREATION AU CENTRE REGIONAL D&#8217;ART CONTEMPORAIN DE LABEGE\"}]},{\"@type\":\"WebSite\",\"@id\":\"https:\/\/librairie7l.com\/en\/#website\",\"url\":\"https:\/\/librairie7l.com\/en\/\",\"name\":\"Librairie 7L\",\"description\":\"Librairie fond\u00e9e en 1999 par Karl Lagerfeld \u00e0 Paris\",\"publisher\":{\"@id\":\"https:\/\/librairie7l.com\/en\/#organization\"},\"potentialAction\":[{\"@type\":\"SearchAction\",\"target\":{\"@type\":\"EntryPoint\",\"urlTemplate\":\"https:\/\/librairie7l.com\/en\/?s={search_term_string}\"},\"query-input\":\"required name=search_term_string\"}],\"inLanguage\":\"en-US\"},{\"@type\":\"Organization\",\"@id\":\"https:\/\/librairie7l.com\/en\/#organization\",\"name\":\"Librairie 7L\",\"url\":\"https:\/\/librairie7l.com\/en\/\",\"logo\":{\"@type\":\"ImageObject\",\"inLanguage\":\"en-US\",\"@id\":\"https:\/\/librairie7l.com\/en\/#\/schema\/logo\/image\/\",\"url\":\"https:\/\/librairie7l.com\/wp-content\/uploads\/2022\/08\/logo-1.png\",\"contentUrl\":\"https:\/\/librairie7l.com\/wp-content\/uploads\/2022\/08\/logo-1.png\",\"width\":227,\"height\":301,\"caption\":\"Librairie 7L\"},\"image\":{\"@id\":\"https:\/\/librairie7l.com\/en\/#\/schema\/logo\/image\/\"}}]}<\/script>\n<!-- \/ Yoast SEO plugin. -->","yoast_head_json":{"title":"Crac, frac, drac ! : dix ans de creation au centre regional d'art contemporain de labege - Librairie 7L","robots":{"index":"index","follow":"follow","max-snippet":"max-snippet:-1","max-image-preview":"max-image-preview:large","max-video-preview":"max-video-preview:-1"},"canonical":"https:\/\/librairie7l.com\/en\/produit\/crac-frac-drac-dix-ans-de-creation-au-centre-regional-dart-contemporain-de-labege-2\/","og_locale":"en_US","og_type":"article","og_title":"Crac, frac, drac ! : dix ans de creation au centre regional d'art contemporain de labege - Librairie 7L","og_description":"Le 3 d\u00e9cembre 1985, \u00e0 Lab\u00e8ge, est inaugur\u00e9 le Centre r\u00e9gional d&#8217;art contemporain Midi-Pyr\u00e9n\u00e9es. Parmi les premiers n\u00e9s de la d\u00e9centralisation, il est aussi le seul \u00e0 avoir \u00e9t\u00e9 cr\u00e9\u00e9 par un Conseil r\u00e9gional. Son histoire est aussi br\u00e8ve que flamboyante, concentr\u00e9e en neuf ann\u00e9es d&#8217;activit\u00e9s mais rythm\u00e9e par pr\u00e8s de 50 expositions et 70 [&hellip;]","og_url":"https:\/\/librairie7l.com\/en\/produit\/crac-frac-drac-dix-ans-de-creation-au-centre-regional-dart-contemporain-de-labege-2\/","og_site_name":"Librairie 7L","article_modified_time":"2026-04-20T15:16:18+00:00","og_image":[{"width":600,"height":983,"url":"https:\/\/librairie7l.com\/wp-content\/uploads\/2025\/07\/9782490505777_1_75.jpg","type":"image\/jpeg"}],"twitter_card":"summary_large_image","twitter_misc":{"Est. reading time":"1 minute"},"schema":{"@context":"https:\/\/schema.org","@graph":[{"@type":"WebPage","@id":"https:\/\/librairie7l.com\/en\/produit\/crac-frac-drac-dix-ans-de-creation-au-centre-regional-dart-contemporain-de-labege-2\/","url":"https:\/\/librairie7l.com\/en\/produit\/crac-frac-drac-dix-ans-de-creation-au-centre-regional-dart-contemporain-de-labege-2\/","name":"Crac, frac, drac ! : dix ans de creation au centre regional d'art contemporain de labege - Librairie 7L","isPartOf":{"@id":"https:\/\/librairie7l.com\/en\/#website"},"datePublished":"2026-02-19T09:16:47+00:00","dateModified":"2026-04-20T15:16:18+00:00","breadcrumb":{"@id":"https:\/\/librairie7l.com\/en\/produit\/crac-frac-drac-dix-ans-de-creation-au-centre-regional-dart-contemporain-de-labege-2\/#breadcrumb"},"inLanguage":"en-US","potentialAction":[{"@type":"ReadAction","target":["https:\/\/librairie7l.com\/en\/produit\/crac-frac-drac-dix-ans-de-creation-au-centre-regional-dart-contemporain-de-labege-2\/"]}]},{"@type":"BreadcrumbList","@id":"https:\/\/librairie7l.com\/en\/produit\/crac-frac-drac-dix-ans-de-creation-au-centre-regional-dart-contemporain-de-labege-2\/#breadcrumb","itemListElement":[{"@type":"ListItem","position":1,"name":"Accueil","item":"https:\/\/librairie7l.com\/en\/"},{"@type":"ListItem","position":2,"name":"Shop","item":"https:\/\/librairie7l.com\/en\/shop\/"},{"@type":"ListItem","position":3,"name":"CRAC, FRAC, DRAC ! : DIX ANS DE CREATION AU CENTRE REGIONAL D&#8217;ART CONTEMPORAIN DE LABEGE"}]},{"@type":"WebSite","@id":"https:\/\/librairie7l.com\/en\/#website","url":"https:\/\/librairie7l.com\/en\/","name":"Librairie 7L","description":"Librairie fond\u00e9e en 1999 par Karl Lagerfeld \u00e0 Paris","publisher":{"@id":"https:\/\/librairie7l.com\/en\/#organization"},"potentialAction":[{"@type":"SearchAction","target":{"@type":"EntryPoint","urlTemplate":"https:\/\/librairie7l.com\/en\/?s={search_term_string}"},"query-input":"required name=search_term_string"}],"inLanguage":"en-US"},{"@type":"Organization","@id":"https:\/\/librairie7l.com\/en\/#organization","name":"Librairie 7L","url":"https:\/\/librairie7l.com\/en\/","logo":{"@type":"ImageObject","inLanguage":"en-US","@id":"https:\/\/librairie7l.com\/en\/#\/schema\/logo\/image\/","url":"https:\/\/librairie7l.com\/wp-content\/uploads\/2022\/08\/logo-1.png","contentUrl":"https:\/\/librairie7l.com\/wp-content\/uploads\/2022\/08\/logo-1.png","width":227,"height":301,"caption":"Librairie 7L"},"image":{"@id":"https:\/\/librairie7l.com\/en\/#\/schema\/logo\/image\/"}}]}},"_links":{"self":[{"href":"https:\/\/librairie7l.com\/en\/wp-json\/wp\/v2\/product\/55149"}],"collection":[{"href":"https:\/\/librairie7l.com\/en\/wp-json\/wp\/v2\/product"}],"about":[{"href":"https:\/\/librairie7l.com\/en\/wp-json\/wp\/v2\/types\/product"}],"wp:featuredmedia":[{"embeddable":true,"href":"https:\/\/librairie7l.com\/en\/wp-json\/wp\/v2\/media\/55147"}],"wp:attachment":[{"href":"https:\/\/librairie7l.com\/en\/wp-json\/wp\/v2\/media?parent=55149"}],"wp:term":[{"taxonomy":"product_cat","embeddable":true,"href":"https:\/\/librairie7l.com\/en\/wp-json\/wp\/v2\/product_cat?post=55149"},{"taxonomy":"product_tag","embeddable":true,"href":"https:\/\/librairie7l.com\/en\/wp-json\/wp\/v2\/product_tag?post=55149"}],"curies":[{"name":"wp","href":"https:\/\/api.w.org\/{rel}","templated":true}]}}