{"id":55155,"date":"2026-02-19T10:16:51","date_gmt":"2026-02-19T09:16:51","guid":{"rendered":"https:\/\/librairie7l.com\/?post_type=product&#038;p=55155"},"modified":"2026-04-20T15:30:15","modified_gmt":"2026-04-20T13:30:15","slug":"sur-turner-2","status":"publish","type":"product","link":"https:\/\/librairie7l.com\/en\/produit\/sur-turner-2\/","title":{"rendered":"SUR TURNER"},"content":{"rendered":"<p>Le 8 f\u00e9vrier 1832, Ruskin re\u00e7oit pour son anniversaire un livre illustr\u00e9 par Turner. Le jeune gar\u00e7on n&#8217;a que treize ans, mais la passion qui prend naissance ce jour-l\u00e0 ne s&#8217;\u00e9teindra jamais. Il en sortira un texte unique, flamboyant, prolif\u00e9rant, sans cesse repris, jamais achev\u00e9?: Modern Painters \/ Les peintres modernes. Entrepris pour d\u00e9fendre Turner contre ses d\u00e9tracteurs, poursuivi sur une p\u00e9riode de dix-sept ans, il donne du peintre une image de plus en plus riche et complexe. Voici les parties les plus repr\u00e9sentatives de ce chef-d&#8217;oeuvre du romantisme anglais, o\u00f9 Turner appara\u00eet tour \u00e0 tour comme un observateur scrupuleux de la nature, un po\u00e8te et un proph\u00e8te de la d\u00e9cadence du monde industriel. La lecture de Ruskin reste la voie royale pour acc\u00e9der \u00e0 la peinture de Turner. La m\u00e9thode de Ruskin fait en effet une place de choix \u00e0 la sensibilit\u00e9, car montrer la sup\u00e9riorit\u00e9 de Turner comme chantre de la nature, c&#8217;est d&#8217;abord constater la consonnance entre ses tableaux et la vision de l&#8217;\u00e9crivain, telle qu&#8217;elle s&#8217;exprime dans les pages du journal et dans les textes descriptifs qui ont constitu\u00e9 une large part de la r\u00e9putation de Ruskin. Ce n&#8217;est qu&#8217;ensuite que les r\u00e9f\u00e9rences scientifiques viennent servir de caution \u00e0 cette communion des sensibilit\u00e9s. En sens inverse, apr\u00e8s avoir servi de mod\u00e8le au dessinateur, Turner sert de norme au spectateur ; apr\u00e8s avoir traduit ses \u00e9motions, il les canalise et offre une r\u00e9f\u00e9rence \u00e0 son regard : d&#8217;un tableau de Turner on dira que \u00abc&#8217;est la nature\u00bb, et d&#8217;un spectacle naturel que \u00abc&#8217;est un Turner\u00bb. La vertu du regard de Ruskin, son acuit\u00e9, est le reflet de la vertu de la main de Turner, son exactitude.Le critique et l&#8217;artiste conc\u00e9l\u00e8brent l&#8217;office du visible. Les Peintres Modernes ob\u00e9issent donc \u00e0 un besoin de totalisation permanente &#8211; de connaissances toujours plus riches, d&#8217;une exp\u00e9rience jamais achev\u00e9e &#8211; qui fait de Ruskin un \u00abcommentateur de l&#8217;infini\u00bb. Et ce besoin prend une double forme : enseignement et pr\u00e9dication. \u00c0 ce moment de sa carri\u00e8re, Ruskin trouve dans son livre une estrade et une chaire. Par la suite, il montera pour de bon \u00e0 la tribune donner les conf\u00e9rences qui seront les chapitres de ses livres futurs. C&#8217;est peut-\u00eatre comme apologiste du regard que Ruskin a le plus \u00e0 nous dire quand il nous parle de Turner. \u00c9crire sur l&#8217;art, c&#8217;est d&#8217;abvord fair droit au regard?: \u00ab?voir clairement, c&#8217;est \u00e0 la fois la po\u00e9sie, la proph\u00e9tie, la religion?\u00bb.<\/p>\n","protected":false},"excerpt":{"rendered":"<p>Le 8 f\u00e9vrier 1832, Ruskin re\u00e7oit pour son anniversaire un livre illustr\u00e9 par Turner. Le jeune gar\u00e7on n&#8217;a que treize ans, mais la passion qui prend naissance ce jour-l\u00e0 ne s&#8217;\u00e9teindra jamais. Il en sortira un texte unique, flamboyant, prolif\u00e9rant, sans cesse repris, jamais achev\u00e9?: Modern Painters \/ Les peintres modernes. Entrepris pour d\u00e9fendre Turner [&hellip;]<\/p>\n","protected":false},"featured_media":55153,"template":"","meta":[],"product_cat":[2948],"product_tag":[],"acf":[],"yoast_head":"<!-- This site is optimized with the Yoast SEO plugin v20.11 - https:\/\/yoast.com\/wordpress\/plugins\/seo\/ -->\n<title>Sur Turner - Librairie 7L<\/title>\n<meta name=\"robots\" content=\"index, follow, max-snippet:-1, max-image-preview:large, max-video-preview:-1\" \/>\n<link rel=\"canonical\" href=\"https:\/\/librairie7l.com\/en\/produit\/sur-turner-2\/\" \/>\n<meta property=\"og:locale\" content=\"en_US\" \/>\n<meta property=\"og:type\" content=\"article\" \/>\n<meta property=\"og:title\" content=\"Sur Turner - Librairie 7L\" \/>\n<meta property=\"og:description\" content=\"Le 8 f\u00e9vrier 1832, Ruskin re\u00e7oit pour son anniversaire un livre illustr\u00e9 par Turner. Le jeune gar\u00e7on n&#8217;a que treize ans, mais la passion qui prend naissance ce jour-l\u00e0 ne s&#8217;\u00e9teindra jamais. Il en sortira un texte unique, flamboyant, prolif\u00e9rant, sans cesse repris, jamais achev\u00e9?: Modern Painters \/ Les peintres modernes. Entrepris pour d\u00e9fendre Turner [&hellip;]\" \/>\n<meta property=\"og:url\" content=\"https:\/\/librairie7l.com\/en\/produit\/sur-turner-2\/\" \/>\n<meta property=\"og:site_name\" content=\"Librairie 7L\" \/>\n<meta property=\"article:modified_time\" content=\"2026-04-20T13:30:15+00:00\" \/>\n<meta property=\"og:image\" content=\"https:\/\/librairie7l.com\/wp-content\/uploads\/2022\/04\/9782850350948_1_75.jpg\" \/>\n\t<meta property=\"og:image:width\" content=\"600\" \/>\n\t<meta property=\"og:image:height\" content=\"825\" \/>\n\t<meta property=\"og:image:type\" content=\"image\/jpeg\" \/>\n<meta name=\"twitter:card\" content=\"summary_large_image\" \/>\n<meta name=\"twitter:label1\" content=\"Est. reading time\" \/>\n\t<meta name=\"twitter:data1\" content=\"2 minutes\" \/>\n<script type=\"application\/ld+json\" class=\"yoast-schema-graph\">{\"@context\":\"https:\/\/schema.org\",\"@graph\":[{\"@type\":\"WebPage\",\"@id\":\"https:\/\/librairie7l.com\/en\/produit\/sur-turner-2\/\",\"url\":\"https:\/\/librairie7l.com\/en\/produit\/sur-turner-2\/\",\"name\":\"Sur Turner - Librairie 7L\",\"isPartOf\":{\"@id\":\"https:\/\/librairie7l.com\/en\/#website\"},\"datePublished\":\"2026-02-19T09:16:51+00:00\",\"dateModified\":\"2026-04-20T13:30:15+00:00\",\"breadcrumb\":{\"@id\":\"https:\/\/librairie7l.com\/en\/produit\/sur-turner-2\/#breadcrumb\"},\"inLanguage\":\"en-US\",\"potentialAction\":[{\"@type\":\"ReadAction\",\"target\":[\"https:\/\/librairie7l.com\/en\/produit\/sur-turner-2\/\"]}]},{\"@type\":\"BreadcrumbList\",\"@id\":\"https:\/\/librairie7l.com\/en\/produit\/sur-turner-2\/#breadcrumb\",\"itemListElement\":[{\"@type\":\"ListItem\",\"position\":1,\"name\":\"Accueil\",\"item\":\"https:\/\/librairie7l.com\/en\/\"},{\"@type\":\"ListItem\",\"position\":2,\"name\":\"Shop\",\"item\":\"https:\/\/librairie7l.com\/en\/shop\/\"},{\"@type\":\"ListItem\",\"position\":3,\"name\":\"SUR TURNER\"}]},{\"@type\":\"WebSite\",\"@id\":\"https:\/\/librairie7l.com\/en\/#website\",\"url\":\"https:\/\/librairie7l.com\/en\/\",\"name\":\"Librairie 7L\",\"description\":\"Librairie fond\u00e9e en 1999 par Karl Lagerfeld \u00e0 Paris\",\"publisher\":{\"@id\":\"https:\/\/librairie7l.com\/en\/#organization\"},\"potentialAction\":[{\"@type\":\"SearchAction\",\"target\":{\"@type\":\"EntryPoint\",\"urlTemplate\":\"https:\/\/librairie7l.com\/en\/?s={search_term_string}\"},\"query-input\":\"required name=search_term_string\"}],\"inLanguage\":\"en-US\"},{\"@type\":\"Organization\",\"@id\":\"https:\/\/librairie7l.com\/en\/#organization\",\"name\":\"Librairie 7L\",\"url\":\"https:\/\/librairie7l.com\/en\/\",\"logo\":{\"@type\":\"ImageObject\",\"inLanguage\":\"en-US\",\"@id\":\"https:\/\/librairie7l.com\/en\/#\/schema\/logo\/image\/\",\"url\":\"https:\/\/librairie7l.com\/wp-content\/uploads\/2022\/08\/logo-1.png\",\"contentUrl\":\"https:\/\/librairie7l.com\/wp-content\/uploads\/2022\/08\/logo-1.png\",\"width\":227,\"height\":301,\"caption\":\"Librairie 7L\"},\"image\":{\"@id\":\"https:\/\/librairie7l.com\/en\/#\/schema\/logo\/image\/\"}}]}<\/script>\n<!-- \/ Yoast SEO plugin. -->","yoast_head_json":{"title":"Sur Turner - Librairie 7L","robots":{"index":"index","follow":"follow","max-snippet":"max-snippet:-1","max-image-preview":"max-image-preview:large","max-video-preview":"max-video-preview:-1"},"canonical":"https:\/\/librairie7l.com\/en\/produit\/sur-turner-2\/","og_locale":"en_US","og_type":"article","og_title":"Sur Turner - Librairie 7L","og_description":"Le 8 f\u00e9vrier 1832, Ruskin re\u00e7oit pour son anniversaire un livre illustr\u00e9 par Turner. Le jeune gar\u00e7on n&#8217;a que treize ans, mais la passion qui prend naissance ce jour-l\u00e0 ne s&#8217;\u00e9teindra jamais. Il en sortira un texte unique, flamboyant, prolif\u00e9rant, sans cesse repris, jamais achev\u00e9?: Modern Painters \/ Les peintres modernes. Entrepris pour d\u00e9fendre Turner [&hellip;]","og_url":"https:\/\/librairie7l.com\/en\/produit\/sur-turner-2\/","og_site_name":"Librairie 7L","article_modified_time":"2026-04-20T13:30:15+00:00","og_image":[{"width":600,"height":825,"url":"https:\/\/librairie7l.com\/wp-content\/uploads\/2022\/04\/9782850350948_1_75.jpg","type":"image\/jpeg"}],"twitter_card":"summary_large_image","twitter_misc":{"Est. reading time":"2 minutes"},"schema":{"@context":"https:\/\/schema.org","@graph":[{"@type":"WebPage","@id":"https:\/\/librairie7l.com\/en\/produit\/sur-turner-2\/","url":"https:\/\/librairie7l.com\/en\/produit\/sur-turner-2\/","name":"Sur Turner - Librairie 7L","isPartOf":{"@id":"https:\/\/librairie7l.com\/en\/#website"},"datePublished":"2026-02-19T09:16:51+00:00","dateModified":"2026-04-20T13:30:15+00:00","breadcrumb":{"@id":"https:\/\/librairie7l.com\/en\/produit\/sur-turner-2\/#breadcrumb"},"inLanguage":"en-US","potentialAction":[{"@type":"ReadAction","target":["https:\/\/librairie7l.com\/en\/produit\/sur-turner-2\/"]}]},{"@type":"BreadcrumbList","@id":"https:\/\/librairie7l.com\/en\/produit\/sur-turner-2\/#breadcrumb","itemListElement":[{"@type":"ListItem","position":1,"name":"Accueil","item":"https:\/\/librairie7l.com\/en\/"},{"@type":"ListItem","position":2,"name":"Shop","item":"https:\/\/librairie7l.com\/en\/shop\/"},{"@type":"ListItem","position":3,"name":"SUR TURNER"}]},{"@type":"WebSite","@id":"https:\/\/librairie7l.com\/en\/#website","url":"https:\/\/librairie7l.com\/en\/","name":"Librairie 7L","description":"Librairie fond\u00e9e en 1999 par Karl Lagerfeld \u00e0 Paris","publisher":{"@id":"https:\/\/librairie7l.com\/en\/#organization"},"potentialAction":[{"@type":"SearchAction","target":{"@type":"EntryPoint","urlTemplate":"https:\/\/librairie7l.com\/en\/?s={search_term_string}"},"query-input":"required name=search_term_string"}],"inLanguage":"en-US"},{"@type":"Organization","@id":"https:\/\/librairie7l.com\/en\/#organization","name":"Librairie 7L","url":"https:\/\/librairie7l.com\/en\/","logo":{"@type":"ImageObject","inLanguage":"en-US","@id":"https:\/\/librairie7l.com\/en\/#\/schema\/logo\/image\/","url":"https:\/\/librairie7l.com\/wp-content\/uploads\/2022\/08\/logo-1.png","contentUrl":"https:\/\/librairie7l.com\/wp-content\/uploads\/2022\/08\/logo-1.png","width":227,"height":301,"caption":"Librairie 7L"},"image":{"@id":"https:\/\/librairie7l.com\/en\/#\/schema\/logo\/image\/"}}]}},"_links":{"self":[{"href":"https:\/\/librairie7l.com\/en\/wp-json\/wp\/v2\/product\/55155"}],"collection":[{"href":"https:\/\/librairie7l.com\/en\/wp-json\/wp\/v2\/product"}],"about":[{"href":"https:\/\/librairie7l.com\/en\/wp-json\/wp\/v2\/types\/product"}],"wp:featuredmedia":[{"embeddable":true,"href":"https:\/\/librairie7l.com\/en\/wp-json\/wp\/v2\/media\/55153"}],"wp:attachment":[{"href":"https:\/\/librairie7l.com\/en\/wp-json\/wp\/v2\/media?parent=55155"}],"wp:term":[{"taxonomy":"product_cat","embeddable":true,"href":"https:\/\/librairie7l.com\/en\/wp-json\/wp\/v2\/product_cat?post=55155"},{"taxonomy":"product_tag","embeddable":true,"href":"https:\/\/librairie7l.com\/en\/wp-json\/wp\/v2\/product_tag?post=55155"}],"curies":[{"name":"wp","href":"https:\/\/api.w.org\/{rel}","templated":true}]}}