{"id":55159,"date":"2026-02-19T10:16:53","date_gmt":"2026-02-19T09:16:53","guid":{"rendered":"https:\/\/librairie7l.com\/?post_type=product&#038;p=55159"},"modified":"2026-04-20T17:04:56","modified_gmt":"2026-04-20T15:04:56","slug":"proust-et-la-photographie-la-resurrection-de-venise-2","status":"publish","type":"product","link":"https:\/\/librairie7l.com\/en\/produit\/proust-et-la-photographie-la-resurrection-de-venise-2\/","title":{"rendered":"PROUST ET LA PHOTOGRAPHIE ; LA R\u00c9SURRECTION DE VENISE"},"content":{"rendered":"<p>Jean-Fran\u00e7ois Chevrier construit une analogie entre la m\u00e9moire involontaire, \u00e0 l&#8217;origine de la vocation litt\u00e9raire de l&#8217;auteur d&#8217; \u00c0 la recherche du temps perdu, et les m\u00e9canismes inconscients \u00e0 l&#8217;oeuvre dans la photographie instantan\u00e9e. \u00c0 la r\u00e9\u00e9dition de cet essai nous ajoutons un nouveau chapitre, intitul\u00e9 \u00ab La R\u00e9surrection de Venise \u00bb, qui redonne \u00e0 l&#8217;oeuvre de l&#8217;historien d&#8217;art anglais John Ruskin (\u00e0 ses dessins et daguerr\u00e9otypes de Venise) et \u00e0 une lettre in\u00e9dite de Marcel Proust (comment\u00e9e par Jean-Fran\u00e7ois Chevrier) leur r\u00f4le dans la gen\u00e8se de la Recherche. Le recueil s&#8217;ach\u00e8ve sur un \u00e9pilogue qui met \u00e0 nouveau face \u00e0 face Proust et Ruskin, \u00e0 l&#8217;ombre du \u00ab petit monstre \u00bb de la cath\u00e9drale de Rouen.<\/p>\n","protected":false},"excerpt":{"rendered":"<p>Jean-Fran\u00e7ois Chevrier construit une analogie entre la m\u00e9moire involontaire, \u00e0 l&#8217;origine de la vocation litt\u00e9raire de l&#8217;auteur d&#8217; \u00c0 la recherche du temps perdu, et les m\u00e9canismes inconscients \u00e0 l&#8217;oeuvre dans la photographie instantan\u00e9e. \u00c0 la r\u00e9\u00e9dition de cet essai nous ajoutons un nouveau chapitre, intitul\u00e9 \u00ab La R\u00e9surrection de Venise \u00bb, qui redonne \u00e0 [&hellip;]<\/p>\n","protected":false},"featured_media":55157,"template":"","meta":[],"product_cat":[2948],"product_tag":[],"acf":[],"yoast_head":"<!-- This site is optimized with the Yoast SEO plugin v20.11 - https:\/\/yoast.com\/wordpress\/plugins\/seo\/ -->\n<title>Proust et la photographie ; la r\u00e9surrection de Venise - Librairie 7L<\/title>\n<meta name=\"robots\" content=\"index, follow, max-snippet:-1, max-image-preview:large, max-video-preview:-1\" \/>\n<link rel=\"canonical\" href=\"https:\/\/librairie7l.com\/en\/produit\/proust-et-la-photographie-la-resurrection-de-venise-2\/\" \/>\n<meta property=\"og:locale\" content=\"en_US\" \/>\n<meta property=\"og:type\" content=\"article\" \/>\n<meta property=\"og:title\" content=\"Proust et la photographie ; la r\u00e9surrection de Venise - Librairie 7L\" \/>\n<meta property=\"og:description\" content=\"Jean-Fran\u00e7ois Chevrier construit une analogie entre la m\u00e9moire involontaire, \u00e0 l&#8217;origine de la vocation litt\u00e9raire de l&#8217;auteur d&#8217; \u00c0 la recherche du temps perdu, et les m\u00e9canismes inconscients \u00e0 l&#8217;oeuvre dans la photographie instantan\u00e9e. \u00c0 la r\u00e9\u00e9dition de cet essai nous ajoutons un nouveau chapitre, intitul\u00e9 \u00ab La R\u00e9surrection de Venise \u00bb, qui redonne \u00e0 [&hellip;]\" \/>\n<meta property=\"og:url\" content=\"https:\/\/librairie7l.com\/en\/produit\/proust-et-la-photographie-la-resurrection-de-venise-2\/\" \/>\n<meta property=\"og:site_name\" content=\"Librairie 7L\" \/>\n<meta property=\"article:modified_time\" content=\"2026-04-20T15:04:56+00:00\" \/>\n<meta property=\"og:image\" content=\"https:\/\/librairie7l.com\/wp-content\/uploads\/2008\/12\/9782952930222_1_75.jpg\" \/>\n\t<meta property=\"og:image:width\" content=\"475\" \/>\n\t<meta property=\"og:image:height\" content=\"672\" \/>\n\t<meta property=\"og:image:type\" content=\"image\/jpeg\" \/>\n<meta name=\"twitter:card\" content=\"summary_large_image\" \/>\n<meta name=\"twitter:label1\" content=\"Est. reading time\" \/>\n\t<meta name=\"twitter:data1\" content=\"1 minute\" \/>\n<script type=\"application\/ld+json\" class=\"yoast-schema-graph\">{\"@context\":\"https:\/\/schema.org\",\"@graph\":[{\"@type\":\"WebPage\",\"@id\":\"https:\/\/librairie7l.com\/en\/produit\/proust-et-la-photographie-la-resurrection-de-venise-2\/\",\"url\":\"https:\/\/librairie7l.com\/en\/produit\/proust-et-la-photographie-la-resurrection-de-venise-2\/\",\"name\":\"Proust et la photographie ; la r\u00e9surrection de Venise - Librairie 7L\",\"isPartOf\":{\"@id\":\"https:\/\/librairie7l.com\/en\/#website\"},\"datePublished\":\"2026-02-19T09:16:53+00:00\",\"dateModified\":\"2026-04-20T15:04:56+00:00\",\"breadcrumb\":{\"@id\":\"https:\/\/librairie7l.com\/en\/produit\/proust-et-la-photographie-la-resurrection-de-venise-2\/#breadcrumb\"},\"inLanguage\":\"en-US\",\"potentialAction\":[{\"@type\":\"ReadAction\",\"target\":[\"https:\/\/librairie7l.com\/en\/produit\/proust-et-la-photographie-la-resurrection-de-venise-2\/\"]}]},{\"@type\":\"BreadcrumbList\",\"@id\":\"https:\/\/librairie7l.com\/en\/produit\/proust-et-la-photographie-la-resurrection-de-venise-2\/#breadcrumb\",\"itemListElement\":[{\"@type\":\"ListItem\",\"position\":1,\"name\":\"Accueil\",\"item\":\"https:\/\/librairie7l.com\/en\/\"},{\"@type\":\"ListItem\",\"position\":2,\"name\":\"Shop\",\"item\":\"https:\/\/librairie7l.com\/en\/shop\/\"},{\"@type\":\"ListItem\",\"position\":3,\"name\":\"PROUST ET LA PHOTOGRAPHIE ; LA R\u00c9SURRECTION DE VENISE\"}]},{\"@type\":\"WebSite\",\"@id\":\"https:\/\/librairie7l.com\/en\/#website\",\"url\":\"https:\/\/librairie7l.com\/en\/\",\"name\":\"Librairie 7L\",\"description\":\"Librairie fond\u00e9e en 1999 par Karl Lagerfeld \u00e0 Paris\",\"publisher\":{\"@id\":\"https:\/\/librairie7l.com\/en\/#organization\"},\"potentialAction\":[{\"@type\":\"SearchAction\",\"target\":{\"@type\":\"EntryPoint\",\"urlTemplate\":\"https:\/\/librairie7l.com\/en\/?s={search_term_string}\"},\"query-input\":\"required name=search_term_string\"}],\"inLanguage\":\"en-US\"},{\"@type\":\"Organization\",\"@id\":\"https:\/\/librairie7l.com\/en\/#organization\",\"name\":\"Librairie 7L\",\"url\":\"https:\/\/librairie7l.com\/en\/\",\"logo\":{\"@type\":\"ImageObject\",\"inLanguage\":\"en-US\",\"@id\":\"https:\/\/librairie7l.com\/en\/#\/schema\/logo\/image\/\",\"url\":\"https:\/\/librairie7l.com\/wp-content\/uploads\/2022\/08\/logo-1.png\",\"contentUrl\":\"https:\/\/librairie7l.com\/wp-content\/uploads\/2022\/08\/logo-1.png\",\"width\":227,\"height\":301,\"caption\":\"Librairie 7L\"},\"image\":{\"@id\":\"https:\/\/librairie7l.com\/en\/#\/schema\/logo\/image\/\"}}]}<\/script>\n<!-- \/ Yoast SEO plugin. -->","yoast_head_json":{"title":"Proust et la photographie ; la r\u00e9surrection de Venise - Librairie 7L","robots":{"index":"index","follow":"follow","max-snippet":"max-snippet:-1","max-image-preview":"max-image-preview:large","max-video-preview":"max-video-preview:-1"},"canonical":"https:\/\/librairie7l.com\/en\/produit\/proust-et-la-photographie-la-resurrection-de-venise-2\/","og_locale":"en_US","og_type":"article","og_title":"Proust et la photographie ; la r\u00e9surrection de Venise - Librairie 7L","og_description":"Jean-Fran\u00e7ois Chevrier construit une analogie entre la m\u00e9moire involontaire, \u00e0 l&#8217;origine de la vocation litt\u00e9raire de l&#8217;auteur d&#8217; \u00c0 la recherche du temps perdu, et les m\u00e9canismes inconscients \u00e0 l&#8217;oeuvre dans la photographie instantan\u00e9e. \u00c0 la r\u00e9\u00e9dition de cet essai nous ajoutons un nouveau chapitre, intitul\u00e9 \u00ab La R\u00e9surrection de Venise \u00bb, qui redonne \u00e0 [&hellip;]","og_url":"https:\/\/librairie7l.com\/en\/produit\/proust-et-la-photographie-la-resurrection-de-venise-2\/","og_site_name":"Librairie 7L","article_modified_time":"2026-04-20T15:04:56+00:00","og_image":[{"width":475,"height":672,"url":"https:\/\/librairie7l.com\/wp-content\/uploads\/2008\/12\/9782952930222_1_75.jpg","type":"image\/jpeg"}],"twitter_card":"summary_large_image","twitter_misc":{"Est. reading time":"1 minute"},"schema":{"@context":"https:\/\/schema.org","@graph":[{"@type":"WebPage","@id":"https:\/\/librairie7l.com\/en\/produit\/proust-et-la-photographie-la-resurrection-de-venise-2\/","url":"https:\/\/librairie7l.com\/en\/produit\/proust-et-la-photographie-la-resurrection-de-venise-2\/","name":"Proust et la photographie ; la r\u00e9surrection de Venise - Librairie 7L","isPartOf":{"@id":"https:\/\/librairie7l.com\/en\/#website"},"datePublished":"2026-02-19T09:16:53+00:00","dateModified":"2026-04-20T15:04:56+00:00","breadcrumb":{"@id":"https:\/\/librairie7l.com\/en\/produit\/proust-et-la-photographie-la-resurrection-de-venise-2\/#breadcrumb"},"inLanguage":"en-US","potentialAction":[{"@type":"ReadAction","target":["https:\/\/librairie7l.com\/en\/produit\/proust-et-la-photographie-la-resurrection-de-venise-2\/"]}]},{"@type":"BreadcrumbList","@id":"https:\/\/librairie7l.com\/en\/produit\/proust-et-la-photographie-la-resurrection-de-venise-2\/#breadcrumb","itemListElement":[{"@type":"ListItem","position":1,"name":"Accueil","item":"https:\/\/librairie7l.com\/en\/"},{"@type":"ListItem","position":2,"name":"Shop","item":"https:\/\/librairie7l.com\/en\/shop\/"},{"@type":"ListItem","position":3,"name":"PROUST ET LA PHOTOGRAPHIE ; LA R\u00c9SURRECTION DE VENISE"}]},{"@type":"WebSite","@id":"https:\/\/librairie7l.com\/en\/#website","url":"https:\/\/librairie7l.com\/en\/","name":"Librairie 7L","description":"Librairie fond\u00e9e en 1999 par Karl Lagerfeld \u00e0 Paris","publisher":{"@id":"https:\/\/librairie7l.com\/en\/#organization"},"potentialAction":[{"@type":"SearchAction","target":{"@type":"EntryPoint","urlTemplate":"https:\/\/librairie7l.com\/en\/?s={search_term_string}"},"query-input":"required name=search_term_string"}],"inLanguage":"en-US"},{"@type":"Organization","@id":"https:\/\/librairie7l.com\/en\/#organization","name":"Librairie 7L","url":"https:\/\/librairie7l.com\/en\/","logo":{"@type":"ImageObject","inLanguage":"en-US","@id":"https:\/\/librairie7l.com\/en\/#\/schema\/logo\/image\/","url":"https:\/\/librairie7l.com\/wp-content\/uploads\/2022\/08\/logo-1.png","contentUrl":"https:\/\/librairie7l.com\/wp-content\/uploads\/2022\/08\/logo-1.png","width":227,"height":301,"caption":"Librairie 7L"},"image":{"@id":"https:\/\/librairie7l.com\/en\/#\/schema\/logo\/image\/"}}]}},"_links":{"self":[{"href":"https:\/\/librairie7l.com\/en\/wp-json\/wp\/v2\/product\/55159"}],"collection":[{"href":"https:\/\/librairie7l.com\/en\/wp-json\/wp\/v2\/product"}],"about":[{"href":"https:\/\/librairie7l.com\/en\/wp-json\/wp\/v2\/types\/product"}],"wp:featuredmedia":[{"embeddable":true,"href":"https:\/\/librairie7l.com\/en\/wp-json\/wp\/v2\/media\/55157"}],"wp:attachment":[{"href":"https:\/\/librairie7l.com\/en\/wp-json\/wp\/v2\/media?parent=55159"}],"wp:term":[{"taxonomy":"product_cat","embeddable":true,"href":"https:\/\/librairie7l.com\/en\/wp-json\/wp\/v2\/product_cat?post=55159"},{"taxonomy":"product_tag","embeddable":true,"href":"https:\/\/librairie7l.com\/en\/wp-json\/wp\/v2\/product_tag?post=55159"}],"curies":[{"name":"wp","href":"https:\/\/api.w.org\/{rel}","templated":true}]}}