{"id":55221,"date":"2026-02-20T10:16:56","date_gmt":"2026-02-20T09:16:56","guid":{"rendered":"https:\/\/librairie7l.com\/?post_type=product&#038;p=55221"},"modified":"2026-04-20T15:26:05","modified_gmt":"2026-04-20T13:26:05","slug":"venise-naissance-dune-ville-2","status":"publish","type":"product","link":"https:\/\/librairie7l.com\/en\/produit\/venise-naissance-dune-ville-2\/","title":{"rendered":"VENISE ; NAISSANCE D&#8217;UNE VILLE"},"content":{"rendered":"<p>Parmi les innombrables ouvrages consacr\u00e9s \u00e0 Venise, le livre de Sergio Bettini, consid\u00e9r\u00e9 en Italie comme un classique, tient une place particuli\u00e8re en ce qu&#8217;il adopte d\u00e8s l&#8217;abord une position qui veut concevoir Venise comme ob\u00e9issant, \u00e0 travers les si\u00e8cles, \u00e0 une intention artistique propre, faisant de la ville une seule et unique oeuvre d&#8217;art, vivante et coh\u00e9rente. Tout enti\u00e8re construite dans une relation \u00e0 la lumi\u00e8re et au rythme, ob\u00e9issant \u00e0 un tempo pleinement humain, Venise est &#8221; la ville, la plus ville qui soit, \u00e9crit Bettini. Non seulement les places et les rues, les maisons et les \u00e9glises ont \u00e9t\u00e9, comme partout, construites par la main de l&#8217;homme, mais le terrain lui-m\u00eame a \u00e9t\u00e9 fait par l&#8217;homme. Les V\u00e9nitiens ont d\u00fb fixer et &#8220;amarrer&#8221; leur sol, consolider le fond boueux et instable des \u00eeles avec des pyl\u00f4nes, relever et renforcer les gr\u00e8ves contre les mar\u00e9es, imposer aux canaux des cours moins hasardeux. Construire enfin la base elle-m\u00eame de la ville, pour affirmer leur volont\u00e9 de vivre, et donner \u00e0 cette vie une forme et un destin &#8220;. C&#8217;est l&#8217;histoire de cette forme et de ce destin que Sergio Bettini raconte ici, recomposant la mosa\u00efque d&#8217;une ville, depuis ses origines jusqu&#8217;\u00e0 l&#8217;apog\u00e9e de son aventure architecturale. <\/p>\n","protected":false},"excerpt":{"rendered":"<p>Parmi les innombrables ouvrages consacr\u00e9s \u00e0 Venise, le livre de Sergio Bettini, consid\u00e9r\u00e9 en Italie comme un classique, tient une place particuli\u00e8re en ce qu&#8217;il adopte d\u00e8s l&#8217;abord une position qui veut concevoir Venise comme ob\u00e9issant, \u00e0 travers les si\u00e8cles, \u00e0 une intention artistique propre, faisant de la ville une seule et unique oeuvre d&#8217;art, [&hellip;]<\/p>\n","protected":false},"featured_media":55219,"template":"","meta":[],"product_cat":[2948],"product_tag":[],"acf":[],"yoast_head":"<!-- This site is optimized with the Yoast SEO plugin v20.11 - https:\/\/yoast.com\/wordpress\/plugins\/seo\/ -->\n<title>Venise ; naissance d&#039;une ville - Librairie 7L<\/title>\n<meta name=\"robots\" content=\"index, follow, max-snippet:-1, max-image-preview:large, max-video-preview:-1\" \/>\n<link rel=\"canonical\" href=\"https:\/\/librairie7l.com\/en\/produit\/venise-naissance-dune-ville-2\/\" \/>\n<meta property=\"og:locale\" content=\"en_US\" \/>\n<meta property=\"og:type\" content=\"article\" \/>\n<meta property=\"og:title\" content=\"Venise ; naissance d&#039;une ville - Librairie 7L\" \/>\n<meta property=\"og:description\" content=\"Parmi les innombrables ouvrages consacr\u00e9s \u00e0 Venise, le livre de Sergio Bettini, consid\u00e9r\u00e9 en Italie comme un classique, tient une place particuli\u00e8re en ce qu&#8217;il adopte d\u00e8s l&#8217;abord une position qui veut concevoir Venise comme ob\u00e9issant, \u00e0 travers les si\u00e8cles, \u00e0 une intention artistique propre, faisant de la ville une seule et unique oeuvre d&#8217;art, [&hellip;]\" \/>\n<meta property=\"og:url\" content=\"https:\/\/librairie7l.com\/en\/produit\/venise-naissance-dune-ville-2\/\" \/>\n<meta property=\"og:site_name\" content=\"Librairie 7L\" \/>\n<meta property=\"article:modified_time\" content=\"2026-04-20T13:26:05+00:00\" \/>\n<meta property=\"og:image\" content=\"https:\/\/librairie7l.com\/wp-content\/uploads\/2006\/07\/9782841621347_1_75.jpg\" \/>\n\t<meta property=\"og:image:width\" content=\"470\" \/>\n\t<meta property=\"og:image:height\" content=\"689\" \/>\n\t<meta property=\"og:image:type\" content=\"image\/jpeg\" \/>\n<meta name=\"twitter:card\" content=\"summary_large_image\" \/>\n<meta name=\"twitter:label1\" content=\"Est. reading time\" \/>\n\t<meta name=\"twitter:data1\" content=\"1 minute\" \/>\n<script type=\"application\/ld+json\" class=\"yoast-schema-graph\">{\"@context\":\"https:\/\/schema.org\",\"@graph\":[{\"@type\":\"WebPage\",\"@id\":\"https:\/\/librairie7l.com\/en\/produit\/venise-naissance-dune-ville-2\/\",\"url\":\"https:\/\/librairie7l.com\/en\/produit\/venise-naissance-dune-ville-2\/\",\"name\":\"Venise ; naissance d'une ville - Librairie 7L\",\"isPartOf\":{\"@id\":\"https:\/\/librairie7l.com\/en\/#website\"},\"datePublished\":\"2026-02-20T09:16:56+00:00\",\"dateModified\":\"2026-04-20T13:26:05+00:00\",\"breadcrumb\":{\"@id\":\"https:\/\/librairie7l.com\/en\/produit\/venise-naissance-dune-ville-2\/#breadcrumb\"},\"inLanguage\":\"en-US\",\"potentialAction\":[{\"@type\":\"ReadAction\",\"target\":[\"https:\/\/librairie7l.com\/en\/produit\/venise-naissance-dune-ville-2\/\"]}]},{\"@type\":\"BreadcrumbList\",\"@id\":\"https:\/\/librairie7l.com\/en\/produit\/venise-naissance-dune-ville-2\/#breadcrumb\",\"itemListElement\":[{\"@type\":\"ListItem\",\"position\":1,\"name\":\"Accueil\",\"item\":\"https:\/\/librairie7l.com\/en\/\"},{\"@type\":\"ListItem\",\"position\":2,\"name\":\"Shop\",\"item\":\"https:\/\/librairie7l.com\/en\/shop\/\"},{\"@type\":\"ListItem\",\"position\":3,\"name\":\"VENISE ; NAISSANCE D&#8217;UNE VILLE\"}]},{\"@type\":\"WebSite\",\"@id\":\"https:\/\/librairie7l.com\/en\/#website\",\"url\":\"https:\/\/librairie7l.com\/en\/\",\"name\":\"Librairie 7L\",\"description\":\"Librairie fond\u00e9e en 1999 par Karl Lagerfeld \u00e0 Paris\",\"publisher\":{\"@id\":\"https:\/\/librairie7l.com\/en\/#organization\"},\"potentialAction\":[{\"@type\":\"SearchAction\",\"target\":{\"@type\":\"EntryPoint\",\"urlTemplate\":\"https:\/\/librairie7l.com\/en\/?s={search_term_string}\"},\"query-input\":\"required name=search_term_string\"}],\"inLanguage\":\"en-US\"},{\"@type\":\"Organization\",\"@id\":\"https:\/\/librairie7l.com\/en\/#organization\",\"name\":\"Librairie 7L\",\"url\":\"https:\/\/librairie7l.com\/en\/\",\"logo\":{\"@type\":\"ImageObject\",\"inLanguage\":\"en-US\",\"@id\":\"https:\/\/librairie7l.com\/en\/#\/schema\/logo\/image\/\",\"url\":\"https:\/\/librairie7l.com\/wp-content\/uploads\/2022\/08\/logo-1.png\",\"contentUrl\":\"https:\/\/librairie7l.com\/wp-content\/uploads\/2022\/08\/logo-1.png\",\"width\":227,\"height\":301,\"caption\":\"Librairie 7L\"},\"image\":{\"@id\":\"https:\/\/librairie7l.com\/en\/#\/schema\/logo\/image\/\"}}]}<\/script>\n<!-- \/ Yoast SEO plugin. -->","yoast_head_json":{"title":"Venise ; naissance d'une ville - Librairie 7L","robots":{"index":"index","follow":"follow","max-snippet":"max-snippet:-1","max-image-preview":"max-image-preview:large","max-video-preview":"max-video-preview:-1"},"canonical":"https:\/\/librairie7l.com\/en\/produit\/venise-naissance-dune-ville-2\/","og_locale":"en_US","og_type":"article","og_title":"Venise ; naissance d'une ville - Librairie 7L","og_description":"Parmi les innombrables ouvrages consacr\u00e9s \u00e0 Venise, le livre de Sergio Bettini, consid\u00e9r\u00e9 en Italie comme un classique, tient une place particuli\u00e8re en ce qu&#8217;il adopte d\u00e8s l&#8217;abord une position qui veut concevoir Venise comme ob\u00e9issant, \u00e0 travers les si\u00e8cles, \u00e0 une intention artistique propre, faisant de la ville une seule et unique oeuvre d&#8217;art, [&hellip;]","og_url":"https:\/\/librairie7l.com\/en\/produit\/venise-naissance-dune-ville-2\/","og_site_name":"Librairie 7L","article_modified_time":"2026-04-20T13:26:05+00:00","og_image":[{"width":470,"height":689,"url":"https:\/\/librairie7l.com\/wp-content\/uploads\/2006\/07\/9782841621347_1_75.jpg","type":"image\/jpeg"}],"twitter_card":"summary_large_image","twitter_misc":{"Est. reading time":"1 minute"},"schema":{"@context":"https:\/\/schema.org","@graph":[{"@type":"WebPage","@id":"https:\/\/librairie7l.com\/en\/produit\/venise-naissance-dune-ville-2\/","url":"https:\/\/librairie7l.com\/en\/produit\/venise-naissance-dune-ville-2\/","name":"Venise ; naissance d'une ville - Librairie 7L","isPartOf":{"@id":"https:\/\/librairie7l.com\/en\/#website"},"datePublished":"2026-02-20T09:16:56+00:00","dateModified":"2026-04-20T13:26:05+00:00","breadcrumb":{"@id":"https:\/\/librairie7l.com\/en\/produit\/venise-naissance-dune-ville-2\/#breadcrumb"},"inLanguage":"en-US","potentialAction":[{"@type":"ReadAction","target":["https:\/\/librairie7l.com\/en\/produit\/venise-naissance-dune-ville-2\/"]}]},{"@type":"BreadcrumbList","@id":"https:\/\/librairie7l.com\/en\/produit\/venise-naissance-dune-ville-2\/#breadcrumb","itemListElement":[{"@type":"ListItem","position":1,"name":"Accueil","item":"https:\/\/librairie7l.com\/en\/"},{"@type":"ListItem","position":2,"name":"Shop","item":"https:\/\/librairie7l.com\/en\/shop\/"},{"@type":"ListItem","position":3,"name":"VENISE ; NAISSANCE D&#8217;UNE VILLE"}]},{"@type":"WebSite","@id":"https:\/\/librairie7l.com\/en\/#website","url":"https:\/\/librairie7l.com\/en\/","name":"Librairie 7L","description":"Librairie fond\u00e9e en 1999 par Karl Lagerfeld \u00e0 Paris","publisher":{"@id":"https:\/\/librairie7l.com\/en\/#organization"},"potentialAction":[{"@type":"SearchAction","target":{"@type":"EntryPoint","urlTemplate":"https:\/\/librairie7l.com\/en\/?s={search_term_string}"},"query-input":"required name=search_term_string"}],"inLanguage":"en-US"},{"@type":"Organization","@id":"https:\/\/librairie7l.com\/en\/#organization","name":"Librairie 7L","url":"https:\/\/librairie7l.com\/en\/","logo":{"@type":"ImageObject","inLanguage":"en-US","@id":"https:\/\/librairie7l.com\/en\/#\/schema\/logo\/image\/","url":"https:\/\/librairie7l.com\/wp-content\/uploads\/2022\/08\/logo-1.png","contentUrl":"https:\/\/librairie7l.com\/wp-content\/uploads\/2022\/08\/logo-1.png","width":227,"height":301,"caption":"Librairie 7L"},"image":{"@id":"https:\/\/librairie7l.com\/en\/#\/schema\/logo\/image\/"}}]}},"_links":{"self":[{"href":"https:\/\/librairie7l.com\/en\/wp-json\/wp\/v2\/product\/55221"}],"collection":[{"href":"https:\/\/librairie7l.com\/en\/wp-json\/wp\/v2\/product"}],"about":[{"href":"https:\/\/librairie7l.com\/en\/wp-json\/wp\/v2\/types\/product"}],"wp:featuredmedia":[{"embeddable":true,"href":"https:\/\/librairie7l.com\/en\/wp-json\/wp\/v2\/media\/55219"}],"wp:attachment":[{"href":"https:\/\/librairie7l.com\/en\/wp-json\/wp\/v2\/media?parent=55221"}],"wp:term":[{"taxonomy":"product_cat","embeddable":true,"href":"https:\/\/librairie7l.com\/en\/wp-json\/wp\/v2\/product_cat?post=55221"},{"taxonomy":"product_tag","embeddable":true,"href":"https:\/\/librairie7l.com\/en\/wp-json\/wp\/v2\/product_tag?post=55221"}],"curies":[{"name":"wp","href":"https:\/\/api.w.org\/{rel}","templated":true}]}}