{"id":55292,"date":"2026-02-21T11:35:19","date_gmt":"2026-02-21T10:35:19","guid":{"rendered":"https:\/\/librairie7l.com\/?post_type=product&#038;p=55292"},"modified":"2026-04-16T21:59:11","modified_gmt":"2026-04-16T19:59:11","slug":"k-punk-fiction-musique-et-politique-dans-le-capitalisme-tardif-2","status":"publish","type":"product","link":"https:\/\/librairie7l.com\/en\/produit\/k-punk-fiction-musique-et-politique-dans-le-capitalisme-tardif-2\/","title":{"rendered":"K-PUNK : FICTION, MUSIQUE ET POLITIQUE DANS LE CAPITALISME TARDIF"},"content":{"rendered":"<p>La lecture du blog K-Punk a \u00e9t\u00e9 un passage oblig\u00e9 pour toute une g\u00e9n\u00e9ration \u00bb (S.Reynolds). Cette g\u00e9n\u00e9ration, c&#8217;est celle qui s&#8217;est reconnue dans la pens\u00e9e de Mark Fisher. Ce recueil compile des critiques f\u00e9roces et passionn\u00e9s sur la TV, le cin\u00e9ma (Hunger Games), la musique (Burial), la litt\u00e9rature (Ballard, Atwood) et l&#8217;actualit\u00e9 politique de son \u00e9poque (2004-2016). Fisher y analyse leur rapport avec l&#8217;id\u00e9ologie du capitalisme tardif qui associe (d\u00e9j\u00e0) l&#8217;exaltation des forces du march\u00e9, les mesures d&#8217;aust\u00e9rit\u00e9, la violence r\u00e9pressive et le cynisme dans la culture. Kpunk est la matrice et l&#8217;expression la plus vive d&#8217;une pens\u00e9e hant\u00e9e par la pr\u00e9carit\u00e9, la d\u00e9pression et le d\u00e9sir de r\u00e9volution.<\/p>\n","protected":false},"excerpt":{"rendered":"<p>La lecture du blog K-Punk a \u00e9t\u00e9 un passage oblig\u00e9 pour toute une g\u00e9n\u00e9ration \u00bb (S.Reynolds). Cette g\u00e9n\u00e9ration, c&#8217;est celle qui s&#8217;est reconnue dans la pens\u00e9e de Mark Fisher. Ce recueil compile des critiques f\u00e9roces et passionn\u00e9s sur la TV, le cin\u00e9ma (Hunger Games), la musique (Burial), la litt\u00e9rature (Ballard, Atwood) et l&#8217;actualit\u00e9 politique de [&hellip;]<\/p>\n","protected":false},"featured_media":55290,"template":"","meta":[],"product_cat":[7364,2948],"product_tag":[],"acf":[],"yoast_head":"<!-- This site is optimized with the Yoast SEO plugin v20.11 - https:\/\/yoast.com\/wordpress\/plugins\/seo\/ -->\n<title>K-Punk : Fiction, musique et politique dans le capitalisme tardif - Librairie 7L<\/title>\n<meta name=\"robots\" content=\"index, follow, max-snippet:-1, max-image-preview:large, max-video-preview:-1\" \/>\n<link rel=\"canonical\" href=\"https:\/\/librairie7l.com\/en\/produit\/k-punk-fiction-musique-et-politique-dans-le-capitalisme-tardif-2\/\" \/>\n<meta property=\"og:locale\" content=\"en_US\" \/>\n<meta property=\"og:type\" content=\"article\" \/>\n<meta property=\"og:title\" content=\"K-Punk : Fiction, musique et politique dans le capitalisme tardif - Librairie 7L\" \/>\n<meta property=\"og:description\" content=\"La lecture du blog K-Punk a \u00e9t\u00e9 un passage oblig\u00e9 pour toute une g\u00e9n\u00e9ration \u00bb (S.Reynolds). Cette g\u00e9n\u00e9ration, c&#8217;est celle qui s&#8217;est reconnue dans la pens\u00e9e de Mark Fisher. Ce recueil compile des critiques f\u00e9roces et passionn\u00e9s sur la TV, le cin\u00e9ma (Hunger Games), la musique (Burial), la litt\u00e9rature (Ballard, Atwood) et l&#8217;actualit\u00e9 politique de [&hellip;]\" \/>\n<meta property=\"og:url\" content=\"https:\/\/librairie7l.com\/en\/produit\/k-punk-fiction-musique-et-politique-dans-le-capitalisme-tardif-2\/\" \/>\n<meta property=\"og:site_name\" content=\"Librairie 7L\" \/>\n<meta property=\"article:modified_time\" content=\"2026-04-16T19:59:11+00:00\" \/>\n<meta property=\"og:image\" content=\"https:\/\/librairie7l.com\/wp-content\/uploads\/2024\/09\/9782494086074_1_75.jpg\" \/>\n\t<meta property=\"og:image:width\" content=\"600\" \/>\n\t<meta property=\"og:image:height\" content=\"878\" \/>\n\t<meta property=\"og:image:type\" content=\"image\/jpeg\" \/>\n<meta name=\"twitter:card\" content=\"summary_large_image\" \/>\n<meta name=\"twitter:label1\" content=\"Est. reading time\" \/>\n\t<meta name=\"twitter:data1\" content=\"1 minute\" \/>\n<script type=\"application\/ld+json\" class=\"yoast-schema-graph\">{\"@context\":\"https:\/\/schema.org\",\"@graph\":[{\"@type\":\"WebPage\",\"@id\":\"https:\/\/librairie7l.com\/en\/produit\/k-punk-fiction-musique-et-politique-dans-le-capitalisme-tardif-2\/\",\"url\":\"https:\/\/librairie7l.com\/en\/produit\/k-punk-fiction-musique-et-politique-dans-le-capitalisme-tardif-2\/\",\"name\":\"K-Punk : Fiction, musique et politique dans le capitalisme tardif - Librairie 7L\",\"isPartOf\":{\"@id\":\"https:\/\/librairie7l.com\/en\/#website\"},\"datePublished\":\"2026-02-21T10:35:19+00:00\",\"dateModified\":\"2026-04-16T19:59:11+00:00\",\"breadcrumb\":{\"@id\":\"https:\/\/librairie7l.com\/en\/produit\/k-punk-fiction-musique-et-politique-dans-le-capitalisme-tardif-2\/#breadcrumb\"},\"inLanguage\":\"en-US\",\"potentialAction\":[{\"@type\":\"ReadAction\",\"target\":[\"https:\/\/librairie7l.com\/en\/produit\/k-punk-fiction-musique-et-politique-dans-le-capitalisme-tardif-2\/\"]}]},{\"@type\":\"BreadcrumbList\",\"@id\":\"https:\/\/librairie7l.com\/en\/produit\/k-punk-fiction-musique-et-politique-dans-le-capitalisme-tardif-2\/#breadcrumb\",\"itemListElement\":[{\"@type\":\"ListItem\",\"position\":1,\"name\":\"Accueil\",\"item\":\"https:\/\/librairie7l.com\/en\/\"},{\"@type\":\"ListItem\",\"position\":2,\"name\":\"Shop\",\"item\":\"https:\/\/librairie7l.com\/en\/shop\/\"},{\"@type\":\"ListItem\",\"position\":3,\"name\":\"K-PUNK : FICTION, MUSIQUE ET POLITIQUE DANS LE CAPITALISME TARDIF\"}]},{\"@type\":\"WebSite\",\"@id\":\"https:\/\/librairie7l.com\/en\/#website\",\"url\":\"https:\/\/librairie7l.com\/en\/\",\"name\":\"Librairie 7L\",\"description\":\"Librairie fond\u00e9e en 1999 par Karl Lagerfeld \u00e0 Paris\",\"publisher\":{\"@id\":\"https:\/\/librairie7l.com\/en\/#organization\"},\"potentialAction\":[{\"@type\":\"SearchAction\",\"target\":{\"@type\":\"EntryPoint\",\"urlTemplate\":\"https:\/\/librairie7l.com\/en\/?s={search_term_string}\"},\"query-input\":\"required name=search_term_string\"}],\"inLanguage\":\"en-US\"},{\"@type\":\"Organization\",\"@id\":\"https:\/\/librairie7l.com\/en\/#organization\",\"name\":\"Librairie 7L\",\"url\":\"https:\/\/librairie7l.com\/en\/\",\"logo\":{\"@type\":\"ImageObject\",\"inLanguage\":\"en-US\",\"@id\":\"https:\/\/librairie7l.com\/en\/#\/schema\/logo\/image\/\",\"url\":\"https:\/\/librairie7l.com\/wp-content\/uploads\/2022\/08\/logo-1.png\",\"contentUrl\":\"https:\/\/librairie7l.com\/wp-content\/uploads\/2022\/08\/logo-1.png\",\"width\":227,\"height\":301,\"caption\":\"Librairie 7L\"},\"image\":{\"@id\":\"https:\/\/librairie7l.com\/en\/#\/schema\/logo\/image\/\"}}]}<\/script>\n<!-- \/ Yoast SEO plugin. -->","yoast_head_json":{"title":"K-Punk : Fiction, musique et politique dans le capitalisme tardif - Librairie 7L","robots":{"index":"index","follow":"follow","max-snippet":"max-snippet:-1","max-image-preview":"max-image-preview:large","max-video-preview":"max-video-preview:-1"},"canonical":"https:\/\/librairie7l.com\/en\/produit\/k-punk-fiction-musique-et-politique-dans-le-capitalisme-tardif-2\/","og_locale":"en_US","og_type":"article","og_title":"K-Punk : Fiction, musique et politique dans le capitalisme tardif - Librairie 7L","og_description":"La lecture du blog K-Punk a \u00e9t\u00e9 un passage oblig\u00e9 pour toute une g\u00e9n\u00e9ration \u00bb (S.Reynolds). Cette g\u00e9n\u00e9ration, c&#8217;est celle qui s&#8217;est reconnue dans la pens\u00e9e de Mark Fisher. Ce recueil compile des critiques f\u00e9roces et passionn\u00e9s sur la TV, le cin\u00e9ma (Hunger Games), la musique (Burial), la litt\u00e9rature (Ballard, Atwood) et l&#8217;actualit\u00e9 politique de [&hellip;]","og_url":"https:\/\/librairie7l.com\/en\/produit\/k-punk-fiction-musique-et-politique-dans-le-capitalisme-tardif-2\/","og_site_name":"Librairie 7L","article_modified_time":"2026-04-16T19:59:11+00:00","og_image":[{"width":600,"height":878,"url":"https:\/\/librairie7l.com\/wp-content\/uploads\/2024\/09\/9782494086074_1_75.jpg","type":"image\/jpeg"}],"twitter_card":"summary_large_image","twitter_misc":{"Est. reading time":"1 minute"},"schema":{"@context":"https:\/\/schema.org","@graph":[{"@type":"WebPage","@id":"https:\/\/librairie7l.com\/en\/produit\/k-punk-fiction-musique-et-politique-dans-le-capitalisme-tardif-2\/","url":"https:\/\/librairie7l.com\/en\/produit\/k-punk-fiction-musique-et-politique-dans-le-capitalisme-tardif-2\/","name":"K-Punk : Fiction, musique et politique dans le capitalisme tardif - Librairie 7L","isPartOf":{"@id":"https:\/\/librairie7l.com\/en\/#website"},"datePublished":"2026-02-21T10:35:19+00:00","dateModified":"2026-04-16T19:59:11+00:00","breadcrumb":{"@id":"https:\/\/librairie7l.com\/en\/produit\/k-punk-fiction-musique-et-politique-dans-le-capitalisme-tardif-2\/#breadcrumb"},"inLanguage":"en-US","potentialAction":[{"@type":"ReadAction","target":["https:\/\/librairie7l.com\/en\/produit\/k-punk-fiction-musique-et-politique-dans-le-capitalisme-tardif-2\/"]}]},{"@type":"BreadcrumbList","@id":"https:\/\/librairie7l.com\/en\/produit\/k-punk-fiction-musique-et-politique-dans-le-capitalisme-tardif-2\/#breadcrumb","itemListElement":[{"@type":"ListItem","position":1,"name":"Accueil","item":"https:\/\/librairie7l.com\/en\/"},{"@type":"ListItem","position":2,"name":"Shop","item":"https:\/\/librairie7l.com\/en\/shop\/"},{"@type":"ListItem","position":3,"name":"K-PUNK : FICTION, MUSIQUE ET POLITIQUE DANS LE CAPITALISME TARDIF"}]},{"@type":"WebSite","@id":"https:\/\/librairie7l.com\/en\/#website","url":"https:\/\/librairie7l.com\/en\/","name":"Librairie 7L","description":"Librairie fond\u00e9e en 1999 par Karl Lagerfeld \u00e0 Paris","publisher":{"@id":"https:\/\/librairie7l.com\/en\/#organization"},"potentialAction":[{"@type":"SearchAction","target":{"@type":"EntryPoint","urlTemplate":"https:\/\/librairie7l.com\/en\/?s={search_term_string}"},"query-input":"required name=search_term_string"}],"inLanguage":"en-US"},{"@type":"Organization","@id":"https:\/\/librairie7l.com\/en\/#organization","name":"Librairie 7L","url":"https:\/\/librairie7l.com\/en\/","logo":{"@type":"ImageObject","inLanguage":"en-US","@id":"https:\/\/librairie7l.com\/en\/#\/schema\/logo\/image\/","url":"https:\/\/librairie7l.com\/wp-content\/uploads\/2022\/08\/logo-1.png","contentUrl":"https:\/\/librairie7l.com\/wp-content\/uploads\/2022\/08\/logo-1.png","width":227,"height":301,"caption":"Librairie 7L"},"image":{"@id":"https:\/\/librairie7l.com\/en\/#\/schema\/logo\/image\/"}}]}},"_links":{"self":[{"href":"https:\/\/librairie7l.com\/en\/wp-json\/wp\/v2\/product\/55292"}],"collection":[{"href":"https:\/\/librairie7l.com\/en\/wp-json\/wp\/v2\/product"}],"about":[{"href":"https:\/\/librairie7l.com\/en\/wp-json\/wp\/v2\/types\/product"}],"wp:featuredmedia":[{"embeddable":true,"href":"https:\/\/librairie7l.com\/en\/wp-json\/wp\/v2\/media\/55290"}],"wp:attachment":[{"href":"https:\/\/librairie7l.com\/en\/wp-json\/wp\/v2\/media?parent=55292"}],"wp:term":[{"taxonomy":"product_cat","embeddable":true,"href":"https:\/\/librairie7l.com\/en\/wp-json\/wp\/v2\/product_cat?post=55292"},{"taxonomy":"product_tag","embeddable":true,"href":"https:\/\/librairie7l.com\/en\/wp-json\/wp\/v2\/product_tag?post=55292"}],"curies":[{"name":"wp","href":"https:\/\/api.w.org\/{rel}","templated":true}]}}