{"id":55325,"date":"2026-02-24T13:37:14","date_gmt":"2026-02-24T12:37:14","guid":{"rendered":"https:\/\/librairie7l.com\/?post_type=product&#038;p=55325"},"modified":"2026-04-16T23:45:35","modified_gmt":"2026-04-16T21:45:35","slug":"peter-lindbergh-azzedine-alaia-2","status":"publish","type":"product","link":"https:\/\/librairie7l.com\/en\/produit\/peter-lindbergh-azzedine-alaia-2\/","title":{"rendered":"PETER LINDBERGH: AZZEDINE ALA\u00cfA"},"content":{"rendered":"<p>Peter Lindbergh et Azzedine Ala\u00efa, le photographe et le couturier, se sont retrouv\u00e9s dans l&#8217;affection pour le noir, qu&#8217;ils cultivent de mani\u00e8re \u00e9gale en tirages argentiques et en aplats vestimentaires. Lindbergh n&#8217;a cess\u00e9 de faire appel au noir et au blanc pour incarner sa recherche d&#8217;authenticit\u00e9 dans les visages qu&#8217;il mettait en lumi\u00e8re. Ala\u00efa puise dans le monochrome des v\u00eatements intemporels, v\u00e9ritables sculptures pour le corps.<\/p>\n<p>Ce livre immortalise le dialogue unique entre les deux artistes sur le papier. Ces images, qui illustrent leur communion spirituelle, c\u00e9l\u00e8brent leur partenariat artistique et t\u00e9moignent de leurs accomplissements hors norme dans l&#8217;histoire de la photographie et de la mode.<\/p>\n<p>Bien que d&#8217;origines g\u00e9ographiquement oppos\u00e9es, Lindbergh et Ala\u00efa ont touch\u00e9 des horizons proches. Alors que Lindbergh se faisait une r\u00e9putation en Allemagne notamment gr\u00e2ce au magazine Stern, puis installait son studio \u00e0 Paris en 1978, Ala\u00efa devenait ce couturier p\u00e9tri de discr\u00e9tion dont les techniques sophistiqu\u00e9es s&#8217;\u00e9changent secr\u00e8tement entre grandes clientes de haute couture.<\/p>\n<p>Ala\u00efa est l&#8217;architecte des corps, celui qui les r\u00e9v\u00e8le et les d\u00e9couvre, tandis que Lindbergh les ennoblit, \u00e9claire leur \u00e2me et leur personnalit\u00e9. Pas \u00e0 pas, ils sont devenus les ma\u00eetres dans leurs disciplines cr\u00e9atives respectives. Tous deux rejettent les artifices qui nous distraient des vrais sujets et c&#8217;est avec une grande aisance qu&#8217;ils se sont retrouv\u00e9s au gr\u00e9 de collaborations puissantes.<\/p>\n<p>Les sources d&#8217;inspiration et les valeurs esth\u00e9tiques qu&#8217;ils partagent transparaissent dans leur travail. Une plage au Touquet, les rues du vieux Paris soulignent leur amour commun pour le cin\u00e9ma en noir et blanc et les vastes panoramas. Les sous pentes m\u00e9talliques d&#8217;une salle des machines \u00e9voquent le souvenir d&#8217;un paysage allemand industriel chez l&#8217;un et renvoient au go\u00fbt immod\u00e9r\u00e9 de l&#8217;autre pour le design fonctionnel et l&#8217;architecture. Les v\u00eatements d&#8217;Ala\u00efa sont autant de pi\u00e9destaux pour les sourires et les regards des femmes qui les portent: Nadja Auermann, Mariacarla Boscono, Naomi Campbell, Anna Cleveland, Dilone, Lucy Dixon, Vanessa Duve, Helene Fischer, Pia Frithiof, Jade Jagger, Maria Johnson, Milla Jovovich, Lynne Koester, Ariane Koizumi, Yasmin Le Bon, Madonna, Kristen McMenamy, Tatjana Patitz, Linda Spierings, Tina Turner, Marie-Sophie Wilson, Lindsey Wixson. Pour Lindbergh, qui a b\u00e2ti sa notori\u00e9t\u00e9 sur l&#8217;image de ces grands mannequins, seule comptait l&#8217;authenticit\u00e9 de leurs traits. L&#8217;union de leur talents forme un catalogue noir et blanc dense qui irradie de sinc\u00e9rit\u00e9 et de beaut\u00e9.<\/p>\n<p>Avec des contributions de Fabrice Hergott, directeur du Mus\u00e9e d&#8217;Art Moderne de la Ville de Paris, Paolo Roversi, photographe, et Olivier Saillard, historien de la mode et directeur de la Fondation Azzedine Ala\u00efa, \u00e0 Paris.<\/p>\n","protected":false},"excerpt":{"rendered":"<p>Peter Lindbergh et Azzedine Ala\u00efa, le photographe et le couturier, se sont retrouv\u00e9s dans l&#8217;affection pour le noir, qu&#8217;ils cultivent de mani\u00e8re \u00e9gale en tirages argentiques et en aplats vestimentaires. Lindbergh n&#8217;a cess\u00e9 de faire appel au noir et au blanc pour incarner sa recherche d&#8217;authenticit\u00e9 dans les visages qu&#8217;il mettait en lumi\u00e8re. Ala\u00efa puise [&hellip;]<\/p>\n","protected":false},"featured_media":55323,"template":"","meta":[],"product_cat":[7364,2948],"product_tag":[],"acf":[],"yoast_head":"<!-- This site is optimized with the Yoast SEO plugin v20.11 - https:\/\/yoast.com\/wordpress\/plugins\/seo\/ -->\n<title>Peter Lindbergh: Azzedine Ala\u00efa - Librairie 7L<\/title>\n<meta name=\"robots\" content=\"index, follow, max-snippet:-1, max-image-preview:large, max-video-preview:-1\" \/>\n<link rel=\"canonical\" href=\"https:\/\/librairie7l.com\/en\/produit\/peter-lindbergh-azzedine-alaia-2\/\" \/>\n<meta property=\"og:locale\" content=\"en_US\" \/>\n<meta property=\"og:type\" content=\"article\" \/>\n<meta property=\"og:title\" content=\"Peter Lindbergh: Azzedine Ala\u00efa - Librairie 7L\" \/>\n<meta property=\"og:description\" content=\"Peter Lindbergh et Azzedine Ala\u00efa, le photographe et le couturier, se sont retrouv\u00e9s dans l&#8217;affection pour le noir, qu&#8217;ils cultivent de mani\u00e8re \u00e9gale en tirages argentiques et en aplats vestimentaires. Lindbergh n&#8217;a cess\u00e9 de faire appel au noir et au blanc pour incarner sa recherche d&#8217;authenticit\u00e9 dans les visages qu&#8217;il mettait en lumi\u00e8re. Ala\u00efa puise [&hellip;]\" \/>\n<meta property=\"og:url\" content=\"https:\/\/librairie7l.com\/en\/produit\/peter-lindbergh-azzedine-alaia-2\/\" \/>\n<meta property=\"og:site_name\" content=\"Librairie 7L\" \/>\n<meta property=\"article:modified_time\" content=\"2026-04-16T21:45:35+00:00\" \/>\n<meta property=\"og:image\" content=\"https:\/\/librairie7l.com\/wp-content\/uploads\/2025\/05\/9783754404225_1_75.jpg\" \/>\n\t<meta property=\"og:image:width\" content=\"600\" \/>\n\t<meta property=\"og:image:height\" content=\"828\" \/>\n\t<meta property=\"og:image:type\" content=\"image\/jpeg\" \/>\n<meta name=\"twitter:card\" content=\"summary_large_image\" \/>\n<meta name=\"twitter:label1\" content=\"Est. reading time\" \/>\n\t<meta name=\"twitter:data1\" content=\"2 minutes\" \/>\n<script type=\"application\/ld+json\" class=\"yoast-schema-graph\">{\"@context\":\"https:\/\/schema.org\",\"@graph\":[{\"@type\":\"WebPage\",\"@id\":\"https:\/\/librairie7l.com\/en\/produit\/peter-lindbergh-azzedine-alaia-2\/\",\"url\":\"https:\/\/librairie7l.com\/en\/produit\/peter-lindbergh-azzedine-alaia-2\/\",\"name\":\"Peter Lindbergh: Azzedine Ala\u00efa - Librairie 7L\",\"isPartOf\":{\"@id\":\"https:\/\/librairie7l.com\/en\/#website\"},\"datePublished\":\"2026-02-24T12:37:14+00:00\",\"dateModified\":\"2026-04-16T21:45:35+00:00\",\"breadcrumb\":{\"@id\":\"https:\/\/librairie7l.com\/en\/produit\/peter-lindbergh-azzedine-alaia-2\/#breadcrumb\"},\"inLanguage\":\"en-US\",\"potentialAction\":[{\"@type\":\"ReadAction\",\"target\":[\"https:\/\/librairie7l.com\/en\/produit\/peter-lindbergh-azzedine-alaia-2\/\"]}]},{\"@type\":\"BreadcrumbList\",\"@id\":\"https:\/\/librairie7l.com\/en\/produit\/peter-lindbergh-azzedine-alaia-2\/#breadcrumb\",\"itemListElement\":[{\"@type\":\"ListItem\",\"position\":1,\"name\":\"Accueil\",\"item\":\"https:\/\/librairie7l.com\/en\/\"},{\"@type\":\"ListItem\",\"position\":2,\"name\":\"Shop\",\"item\":\"https:\/\/librairie7l.com\/en\/shop\/\"},{\"@type\":\"ListItem\",\"position\":3,\"name\":\"PETER LINDBERGH: AZZEDINE ALA\u00cfA\"}]},{\"@type\":\"WebSite\",\"@id\":\"https:\/\/librairie7l.com\/en\/#website\",\"url\":\"https:\/\/librairie7l.com\/en\/\",\"name\":\"Librairie 7L\",\"description\":\"Librairie fond\u00e9e en 1999 par Karl Lagerfeld \u00e0 Paris\",\"publisher\":{\"@id\":\"https:\/\/librairie7l.com\/en\/#organization\"},\"potentialAction\":[{\"@type\":\"SearchAction\",\"target\":{\"@type\":\"EntryPoint\",\"urlTemplate\":\"https:\/\/librairie7l.com\/en\/?s={search_term_string}\"},\"query-input\":\"required name=search_term_string\"}],\"inLanguage\":\"en-US\"},{\"@type\":\"Organization\",\"@id\":\"https:\/\/librairie7l.com\/en\/#organization\",\"name\":\"Librairie 7L\",\"url\":\"https:\/\/librairie7l.com\/en\/\",\"logo\":{\"@type\":\"ImageObject\",\"inLanguage\":\"en-US\",\"@id\":\"https:\/\/librairie7l.com\/en\/#\/schema\/logo\/image\/\",\"url\":\"https:\/\/librairie7l.com\/wp-content\/uploads\/2022\/08\/logo-1.png\",\"contentUrl\":\"https:\/\/librairie7l.com\/wp-content\/uploads\/2022\/08\/logo-1.png\",\"width\":227,\"height\":301,\"caption\":\"Librairie 7L\"},\"image\":{\"@id\":\"https:\/\/librairie7l.com\/en\/#\/schema\/logo\/image\/\"}}]}<\/script>\n<!-- \/ Yoast SEO plugin. -->","yoast_head_json":{"title":"Peter Lindbergh: Azzedine Ala\u00efa - Librairie 7L","robots":{"index":"index","follow":"follow","max-snippet":"max-snippet:-1","max-image-preview":"max-image-preview:large","max-video-preview":"max-video-preview:-1"},"canonical":"https:\/\/librairie7l.com\/en\/produit\/peter-lindbergh-azzedine-alaia-2\/","og_locale":"en_US","og_type":"article","og_title":"Peter Lindbergh: Azzedine Ala\u00efa - Librairie 7L","og_description":"Peter Lindbergh et Azzedine Ala\u00efa, le photographe et le couturier, se sont retrouv\u00e9s dans l&#8217;affection pour le noir, qu&#8217;ils cultivent de mani\u00e8re \u00e9gale en tirages argentiques et en aplats vestimentaires. Lindbergh n&#8217;a cess\u00e9 de faire appel au noir et au blanc pour incarner sa recherche d&#8217;authenticit\u00e9 dans les visages qu&#8217;il mettait en lumi\u00e8re. Ala\u00efa puise [&hellip;]","og_url":"https:\/\/librairie7l.com\/en\/produit\/peter-lindbergh-azzedine-alaia-2\/","og_site_name":"Librairie 7L","article_modified_time":"2026-04-16T21:45:35+00:00","og_image":[{"width":600,"height":828,"url":"https:\/\/librairie7l.com\/wp-content\/uploads\/2025\/05\/9783754404225_1_75.jpg","type":"image\/jpeg"}],"twitter_card":"summary_large_image","twitter_misc":{"Est. reading time":"2 minutes"},"schema":{"@context":"https:\/\/schema.org","@graph":[{"@type":"WebPage","@id":"https:\/\/librairie7l.com\/en\/produit\/peter-lindbergh-azzedine-alaia-2\/","url":"https:\/\/librairie7l.com\/en\/produit\/peter-lindbergh-azzedine-alaia-2\/","name":"Peter Lindbergh: Azzedine Ala\u00efa - Librairie 7L","isPartOf":{"@id":"https:\/\/librairie7l.com\/en\/#website"},"datePublished":"2026-02-24T12:37:14+00:00","dateModified":"2026-04-16T21:45:35+00:00","breadcrumb":{"@id":"https:\/\/librairie7l.com\/en\/produit\/peter-lindbergh-azzedine-alaia-2\/#breadcrumb"},"inLanguage":"en-US","potentialAction":[{"@type":"ReadAction","target":["https:\/\/librairie7l.com\/en\/produit\/peter-lindbergh-azzedine-alaia-2\/"]}]},{"@type":"BreadcrumbList","@id":"https:\/\/librairie7l.com\/en\/produit\/peter-lindbergh-azzedine-alaia-2\/#breadcrumb","itemListElement":[{"@type":"ListItem","position":1,"name":"Accueil","item":"https:\/\/librairie7l.com\/en\/"},{"@type":"ListItem","position":2,"name":"Shop","item":"https:\/\/librairie7l.com\/en\/shop\/"},{"@type":"ListItem","position":3,"name":"PETER LINDBERGH: AZZEDINE ALA\u00cfA"}]},{"@type":"WebSite","@id":"https:\/\/librairie7l.com\/en\/#website","url":"https:\/\/librairie7l.com\/en\/","name":"Librairie 7L","description":"Librairie fond\u00e9e en 1999 par Karl Lagerfeld \u00e0 Paris","publisher":{"@id":"https:\/\/librairie7l.com\/en\/#organization"},"potentialAction":[{"@type":"SearchAction","target":{"@type":"EntryPoint","urlTemplate":"https:\/\/librairie7l.com\/en\/?s={search_term_string}"},"query-input":"required name=search_term_string"}],"inLanguage":"en-US"},{"@type":"Organization","@id":"https:\/\/librairie7l.com\/en\/#organization","name":"Librairie 7L","url":"https:\/\/librairie7l.com\/en\/","logo":{"@type":"ImageObject","inLanguage":"en-US","@id":"https:\/\/librairie7l.com\/en\/#\/schema\/logo\/image\/","url":"https:\/\/librairie7l.com\/wp-content\/uploads\/2022\/08\/logo-1.png","contentUrl":"https:\/\/librairie7l.com\/wp-content\/uploads\/2022\/08\/logo-1.png","width":227,"height":301,"caption":"Librairie 7L"},"image":{"@id":"https:\/\/librairie7l.com\/en\/#\/schema\/logo\/image\/"}}]}},"_links":{"self":[{"href":"https:\/\/librairie7l.com\/en\/wp-json\/wp\/v2\/product\/55325"}],"collection":[{"href":"https:\/\/librairie7l.com\/en\/wp-json\/wp\/v2\/product"}],"about":[{"href":"https:\/\/librairie7l.com\/en\/wp-json\/wp\/v2\/types\/product"}],"wp:featuredmedia":[{"embeddable":true,"href":"https:\/\/librairie7l.com\/en\/wp-json\/wp\/v2\/media\/55323"}],"wp:attachment":[{"href":"https:\/\/librairie7l.com\/en\/wp-json\/wp\/v2\/media?parent=55325"}],"wp:term":[{"taxonomy":"product_cat","embeddable":true,"href":"https:\/\/librairie7l.com\/en\/wp-json\/wp\/v2\/product_cat?post=55325"},{"taxonomy":"product_tag","embeddable":true,"href":"https:\/\/librairie7l.com\/en\/wp-json\/wp\/v2\/product_tag?post=55325"}],"curies":[{"name":"wp","href":"https:\/\/api.w.org\/{rel}","templated":true}]}}