{"id":55339,"date":"2026-02-25T10:16:11","date_gmt":"2026-02-25T09:16:11","guid":{"rendered":"https:\/\/librairie7l.com\/?post_type=product&#038;p=55339"},"modified":"2026-04-17T01:22:26","modified_gmt":"2026-04-16T23:22:26","slug":"la-vie-secrete-des-couleurs-3","status":"publish","type":"product","link":"https:\/\/librairie7l.com\/en\/produit\/la-vie-secrete-des-couleurs-3\/","title":{"rendered":"LA VIE SECR\u00c8TE DES COULEURS"},"content":{"rendered":"<p>Chaque couleur a son histoire.<br \/>\nDu brun qui changea la fa\u00e7on dont les batailles \u00e9taient livr\u00e9es au blanc de chaux qui prot\u00e9geait contre la peste. Du jaune de chrome des tournesols de Van Gogh au vert Kelly du Saint-Patrick irlandais. Du rouge vermillon des fresques pomp\u00e9iennes au rose Baker-Miller qui devait r\u00e9duire comme peau de chagrin l&#8217;agressivit\u00e9 des d\u00e9tenus. De la p\u00e9riode bleue de Picasso au pur Vantablack en passant par le rose Barbie r\u00e9appropru\u00e9 par le f\u00e9minisme.<br \/>\nMode, politique, art, sciences, La vie secr\u00e8te des couleurs est un voyage tr\u00e9pidant dans l&#8217;histoire de notre civilisation.<\/p>\n","protected":false},"excerpt":{"rendered":"<p>Chaque couleur a son histoire. Du brun qui changea la fa\u00e7on dont les batailles \u00e9taient livr\u00e9es au blanc de chaux qui prot\u00e9geait contre la peste. Du jaune de chrome des tournesols de Van Gogh au vert Kelly du Saint-Patrick irlandais. Du rouge vermillon des fresques pomp\u00e9iennes au rose Baker-Miller qui devait r\u00e9duire comme peau de [&hellip;]<\/p>\n","protected":false},"featured_media":55337,"template":"","meta":[],"product_cat":[2948],"product_tag":[],"acf":[],"yoast_head":"<!-- This site is optimized with the Yoast SEO plugin v20.11 - https:\/\/yoast.com\/wordpress\/plugins\/seo\/ -->\n<title>La vie secr\u00e8te des couleurs - Librairie 7L<\/title>\n<meta name=\"robots\" content=\"index, follow, max-snippet:-1, max-image-preview:large, max-video-preview:-1\" \/>\n<link rel=\"canonical\" href=\"https:\/\/librairie7l.com\/en\/produit\/la-vie-secrete-des-couleurs-3\/\" \/>\n<meta property=\"og:locale\" content=\"en_US\" \/>\n<meta property=\"og:type\" content=\"article\" \/>\n<meta property=\"og:title\" content=\"La vie secr\u00e8te des couleurs - Librairie 7L\" \/>\n<meta property=\"og:description\" content=\"Chaque couleur a son histoire. Du brun qui changea la fa\u00e7on dont les batailles \u00e9taient livr\u00e9es au blanc de chaux qui prot\u00e9geait contre la peste. Du jaune de chrome des tournesols de Van Gogh au vert Kelly du Saint-Patrick irlandais. Du rouge vermillon des fresques pomp\u00e9iennes au rose Baker-Miller qui devait r\u00e9duire comme peau de [&hellip;]\" \/>\n<meta property=\"og:url\" content=\"https:\/\/librairie7l.com\/en\/produit\/la-vie-secrete-des-couleurs-3\/\" \/>\n<meta property=\"og:site_name\" content=\"Librairie 7L\" \/>\n<meta property=\"article:modified_time\" content=\"2026-04-16T23:22:26+00:00\" \/>\n<meta property=\"og:image\" content=\"https:\/\/librairie7l.com\/wp-content\/uploads\/2025\/09\/9782812322426_1_75.jpg\" \/>\n\t<meta property=\"og:image:width\" content=\"600\" \/>\n\t<meta property=\"og:image:height\" content=\"936\" \/>\n\t<meta property=\"og:image:type\" content=\"image\/jpeg\" \/>\n<meta name=\"twitter:card\" content=\"summary_large_image\" \/>\n<meta name=\"twitter:label1\" content=\"Est. reading time\" \/>\n\t<meta name=\"twitter:data1\" content=\"1 minute\" \/>\n<script type=\"application\/ld+json\" class=\"yoast-schema-graph\">{\"@context\":\"https:\/\/schema.org\",\"@graph\":[{\"@type\":\"WebPage\",\"@id\":\"https:\/\/librairie7l.com\/en\/produit\/la-vie-secrete-des-couleurs-3\/\",\"url\":\"https:\/\/librairie7l.com\/en\/produit\/la-vie-secrete-des-couleurs-3\/\",\"name\":\"La vie secr\u00e8te des couleurs - Librairie 7L\",\"isPartOf\":{\"@id\":\"https:\/\/librairie7l.com\/en\/#website\"},\"datePublished\":\"2026-02-25T09:16:11+00:00\",\"dateModified\":\"2026-04-16T23:22:26+00:00\",\"breadcrumb\":{\"@id\":\"https:\/\/librairie7l.com\/en\/produit\/la-vie-secrete-des-couleurs-3\/#breadcrumb\"},\"inLanguage\":\"en-US\",\"potentialAction\":[{\"@type\":\"ReadAction\",\"target\":[\"https:\/\/librairie7l.com\/en\/produit\/la-vie-secrete-des-couleurs-3\/\"]}]},{\"@type\":\"BreadcrumbList\",\"@id\":\"https:\/\/librairie7l.com\/en\/produit\/la-vie-secrete-des-couleurs-3\/#breadcrumb\",\"itemListElement\":[{\"@type\":\"ListItem\",\"position\":1,\"name\":\"Accueil\",\"item\":\"https:\/\/librairie7l.com\/en\/\"},{\"@type\":\"ListItem\",\"position\":2,\"name\":\"Shop\",\"item\":\"https:\/\/librairie7l.com\/en\/shop\/\"},{\"@type\":\"ListItem\",\"position\":3,\"name\":\"LA VIE SECR\u00c8TE DES COULEURS\"}]},{\"@type\":\"WebSite\",\"@id\":\"https:\/\/librairie7l.com\/en\/#website\",\"url\":\"https:\/\/librairie7l.com\/en\/\",\"name\":\"Librairie 7L\",\"description\":\"Librairie fond\u00e9e en 1999 par Karl Lagerfeld \u00e0 Paris\",\"publisher\":{\"@id\":\"https:\/\/librairie7l.com\/en\/#organization\"},\"potentialAction\":[{\"@type\":\"SearchAction\",\"target\":{\"@type\":\"EntryPoint\",\"urlTemplate\":\"https:\/\/librairie7l.com\/en\/?s={search_term_string}\"},\"query-input\":\"required name=search_term_string\"}],\"inLanguage\":\"en-US\"},{\"@type\":\"Organization\",\"@id\":\"https:\/\/librairie7l.com\/en\/#organization\",\"name\":\"Librairie 7L\",\"url\":\"https:\/\/librairie7l.com\/en\/\",\"logo\":{\"@type\":\"ImageObject\",\"inLanguage\":\"en-US\",\"@id\":\"https:\/\/librairie7l.com\/en\/#\/schema\/logo\/image\/\",\"url\":\"https:\/\/librairie7l.com\/wp-content\/uploads\/2022\/08\/logo-1.png\",\"contentUrl\":\"https:\/\/librairie7l.com\/wp-content\/uploads\/2022\/08\/logo-1.png\",\"width\":227,\"height\":301,\"caption\":\"Librairie 7L\"},\"image\":{\"@id\":\"https:\/\/librairie7l.com\/en\/#\/schema\/logo\/image\/\"}}]}<\/script>\n<!-- \/ Yoast SEO plugin. -->","yoast_head_json":{"title":"La vie secr\u00e8te des couleurs - Librairie 7L","robots":{"index":"index","follow":"follow","max-snippet":"max-snippet:-1","max-image-preview":"max-image-preview:large","max-video-preview":"max-video-preview:-1"},"canonical":"https:\/\/librairie7l.com\/en\/produit\/la-vie-secrete-des-couleurs-3\/","og_locale":"en_US","og_type":"article","og_title":"La vie secr\u00e8te des couleurs - Librairie 7L","og_description":"Chaque couleur a son histoire. Du brun qui changea la fa\u00e7on dont les batailles \u00e9taient livr\u00e9es au blanc de chaux qui prot\u00e9geait contre la peste. Du jaune de chrome des tournesols de Van Gogh au vert Kelly du Saint-Patrick irlandais. Du rouge vermillon des fresques pomp\u00e9iennes au rose Baker-Miller qui devait r\u00e9duire comme peau de [&hellip;]","og_url":"https:\/\/librairie7l.com\/en\/produit\/la-vie-secrete-des-couleurs-3\/","og_site_name":"Librairie 7L","article_modified_time":"2026-04-16T23:22:26+00:00","og_image":[{"width":600,"height":936,"url":"https:\/\/librairie7l.com\/wp-content\/uploads\/2025\/09\/9782812322426_1_75.jpg","type":"image\/jpeg"}],"twitter_card":"summary_large_image","twitter_misc":{"Est. reading time":"1 minute"},"schema":{"@context":"https:\/\/schema.org","@graph":[{"@type":"WebPage","@id":"https:\/\/librairie7l.com\/en\/produit\/la-vie-secrete-des-couleurs-3\/","url":"https:\/\/librairie7l.com\/en\/produit\/la-vie-secrete-des-couleurs-3\/","name":"La vie secr\u00e8te des couleurs - Librairie 7L","isPartOf":{"@id":"https:\/\/librairie7l.com\/en\/#website"},"datePublished":"2026-02-25T09:16:11+00:00","dateModified":"2026-04-16T23:22:26+00:00","breadcrumb":{"@id":"https:\/\/librairie7l.com\/en\/produit\/la-vie-secrete-des-couleurs-3\/#breadcrumb"},"inLanguage":"en-US","potentialAction":[{"@type":"ReadAction","target":["https:\/\/librairie7l.com\/en\/produit\/la-vie-secrete-des-couleurs-3\/"]}]},{"@type":"BreadcrumbList","@id":"https:\/\/librairie7l.com\/en\/produit\/la-vie-secrete-des-couleurs-3\/#breadcrumb","itemListElement":[{"@type":"ListItem","position":1,"name":"Accueil","item":"https:\/\/librairie7l.com\/en\/"},{"@type":"ListItem","position":2,"name":"Shop","item":"https:\/\/librairie7l.com\/en\/shop\/"},{"@type":"ListItem","position":3,"name":"LA VIE SECR\u00c8TE DES COULEURS"}]},{"@type":"WebSite","@id":"https:\/\/librairie7l.com\/en\/#website","url":"https:\/\/librairie7l.com\/en\/","name":"Librairie 7L","description":"Librairie fond\u00e9e en 1999 par Karl Lagerfeld \u00e0 Paris","publisher":{"@id":"https:\/\/librairie7l.com\/en\/#organization"},"potentialAction":[{"@type":"SearchAction","target":{"@type":"EntryPoint","urlTemplate":"https:\/\/librairie7l.com\/en\/?s={search_term_string}"},"query-input":"required name=search_term_string"}],"inLanguage":"en-US"},{"@type":"Organization","@id":"https:\/\/librairie7l.com\/en\/#organization","name":"Librairie 7L","url":"https:\/\/librairie7l.com\/en\/","logo":{"@type":"ImageObject","inLanguage":"en-US","@id":"https:\/\/librairie7l.com\/en\/#\/schema\/logo\/image\/","url":"https:\/\/librairie7l.com\/wp-content\/uploads\/2022\/08\/logo-1.png","contentUrl":"https:\/\/librairie7l.com\/wp-content\/uploads\/2022\/08\/logo-1.png","width":227,"height":301,"caption":"Librairie 7L"},"image":{"@id":"https:\/\/librairie7l.com\/en\/#\/schema\/logo\/image\/"}}]}},"_links":{"self":[{"href":"https:\/\/librairie7l.com\/en\/wp-json\/wp\/v2\/product\/55339"}],"collection":[{"href":"https:\/\/librairie7l.com\/en\/wp-json\/wp\/v2\/product"}],"about":[{"href":"https:\/\/librairie7l.com\/en\/wp-json\/wp\/v2\/types\/product"}],"wp:featuredmedia":[{"embeddable":true,"href":"https:\/\/librairie7l.com\/en\/wp-json\/wp\/v2\/media\/55337"}],"wp:attachment":[{"href":"https:\/\/librairie7l.com\/en\/wp-json\/wp\/v2\/media?parent=55339"}],"wp:term":[{"taxonomy":"product_cat","embeddable":true,"href":"https:\/\/librairie7l.com\/en\/wp-json\/wp\/v2\/product_cat?post=55339"},{"taxonomy":"product_tag","embeddable":true,"href":"https:\/\/librairie7l.com\/en\/wp-json\/wp\/v2\/product_tag?post=55339"}],"curies":[{"name":"wp","href":"https:\/\/api.w.org\/{rel}","templated":true}]}}