{"id":55363,"date":"2026-02-26T01:02:13","date_gmt":"2026-02-26T00:02:13","guid":{"rendered":"https:\/\/librairie7l.com\/?post_type=product&#038;p=55363"},"modified":"2026-04-14T10:25:00","modified_gmt":"2026-04-14T08:25:00","slug":"montparnasse-du-reve-un-art-de-vivre-art-deco-2","status":"publish","type":"product","link":"https:\/\/librairie7l.com\/en\/produit\/montparnasse-du-reve-un-art-de-vivre-art-deco-2\/","title":{"rendered":"MONTPARNASSE DU R\u00caVE : UN ART DE VIVRE ART D\u00c9CO"},"content":{"rendered":"<p>Entre les deux guerres, Montparnasse devient un p\u00f4le artistique majeur vers lequel converge le monde entier. Les bars, caf\u00e9s et dancings accueillent les artistes en tout genre et un public international s\u00e9duit par l&#8217;incroyable esprit de libert\u00e9 qui souffle sur le quartier. De ce c\u00f4toiement quotidien va na\u00eetre un style \u00abMonparno \u00bb, neuf et inventif. Dans les ateliers, les studios d&#8217;artistes et les int\u00e9rieurs modernes, on assiste \u00e0 l&#8217;\u00e9mergence d&#8217;un mode de vie d\u00e9contract\u00e9 et cosmopolite qui rejette les conventions et les go\u00fbts bourgeois.<\/p>\n<p>L&#8217;esprit de Montparnasse va se r\u00e9pandre rapidement et impr\u00e9gner l&#8217;architecture, la d\u00e9coration, les int\u00e9rieurs, le graphisme, le mobilier, la mode vestimentaire, les arts de la table, les tissus, les mat\u00e9riaux et les couleurs du temps.<\/p>\n<p>Ce livre retrace, avec de nombreux documents rares et vari\u00e9s, ce moment bref et intense qui fit de Paris un aimant et un phare du monde artistique.<\/p>\n","protected":false},"excerpt":{"rendered":"<p>Entre les deux guerres, Montparnasse devient un p\u00f4le artistique majeur vers lequel converge le monde entier. Les bars, caf\u00e9s et dancings accueillent les artistes en tout genre et un public international s\u00e9duit par l&#8217;incroyable esprit de libert\u00e9 qui souffle sur le quartier. De ce c\u00f4toiement quotidien va na\u00eetre un style \u00abMonparno \u00bb, neuf et inventif. [&hellip;]<\/p>\n","protected":false},"featured_media":55361,"template":"","meta":[],"product_cat":[7364,2948],"product_tag":[],"acf":[],"yoast_head":"<!-- This site is optimized with the Yoast SEO plugin v20.11 - https:\/\/yoast.com\/wordpress\/plugins\/seo\/ -->\n<title>Montparnasse du r\u00eave : Un art de vivre art d\u00e9co - Librairie 7L<\/title>\n<meta name=\"robots\" content=\"index, follow, max-snippet:-1, max-image-preview:large, max-video-preview:-1\" \/>\n<link rel=\"canonical\" href=\"https:\/\/librairie7l.com\/en\/produit\/montparnasse-du-reve-un-art-de-vivre-art-deco-2\/\" \/>\n<meta property=\"og:locale\" content=\"en_US\" \/>\n<meta property=\"og:type\" content=\"article\" \/>\n<meta property=\"og:title\" content=\"Montparnasse du r\u00eave : Un art de vivre art d\u00e9co - Librairie 7L\" \/>\n<meta property=\"og:description\" content=\"Entre les deux guerres, Montparnasse devient un p\u00f4le artistique majeur vers lequel converge le monde entier. Les bars, caf\u00e9s et dancings accueillent les artistes en tout genre et un public international s\u00e9duit par l&#8217;incroyable esprit de libert\u00e9 qui souffle sur le quartier. De ce c\u00f4toiement quotidien va na\u00eetre un style \u00abMonparno \u00bb, neuf et inventif. [&hellip;]\" \/>\n<meta property=\"og:url\" content=\"https:\/\/librairie7l.com\/en\/produit\/montparnasse-du-reve-un-art-de-vivre-art-deco-2\/\" \/>\n<meta property=\"og:site_name\" content=\"Librairie 7L\" \/>\n<meta property=\"article:modified_time\" content=\"2026-04-14T08:25:00+00:00\" \/>\n<meta property=\"og:image\" content=\"https:\/\/librairie7l.com\/wp-content\/uploads\/2019\/03\/9782871433552_1_75.jpg\" \/>\n\t<meta property=\"og:image:width\" content=\"645\" \/>\n\t<meta property=\"og:image:height\" content=\"600\" \/>\n\t<meta property=\"og:image:type\" content=\"image\/jpeg\" \/>\n<meta name=\"twitter:card\" content=\"summary_large_image\" \/>\n<meta name=\"twitter:label1\" content=\"Est. reading time\" \/>\n\t<meta name=\"twitter:data1\" content=\"1 minute\" \/>\n<script type=\"application\/ld+json\" class=\"yoast-schema-graph\">{\"@context\":\"https:\/\/schema.org\",\"@graph\":[{\"@type\":\"WebPage\",\"@id\":\"https:\/\/librairie7l.com\/en\/produit\/montparnasse-du-reve-un-art-de-vivre-art-deco-2\/\",\"url\":\"https:\/\/librairie7l.com\/en\/produit\/montparnasse-du-reve-un-art-de-vivre-art-deco-2\/\",\"name\":\"Montparnasse du r\u00eave : Un art de vivre art d\u00e9co - Librairie 7L\",\"isPartOf\":{\"@id\":\"https:\/\/librairie7l.com\/en\/#website\"},\"datePublished\":\"2026-02-26T00:02:13+00:00\",\"dateModified\":\"2026-04-14T08:25:00+00:00\",\"breadcrumb\":{\"@id\":\"https:\/\/librairie7l.com\/en\/produit\/montparnasse-du-reve-un-art-de-vivre-art-deco-2\/#breadcrumb\"},\"inLanguage\":\"en-US\",\"potentialAction\":[{\"@type\":\"ReadAction\",\"target\":[\"https:\/\/librairie7l.com\/en\/produit\/montparnasse-du-reve-un-art-de-vivre-art-deco-2\/\"]}]},{\"@type\":\"BreadcrumbList\",\"@id\":\"https:\/\/librairie7l.com\/en\/produit\/montparnasse-du-reve-un-art-de-vivre-art-deco-2\/#breadcrumb\",\"itemListElement\":[{\"@type\":\"ListItem\",\"position\":1,\"name\":\"Accueil\",\"item\":\"https:\/\/librairie7l.com\/en\/\"},{\"@type\":\"ListItem\",\"position\":2,\"name\":\"Shop\",\"item\":\"https:\/\/librairie7l.com\/en\/shop\/\"},{\"@type\":\"ListItem\",\"position\":3,\"name\":\"MONTPARNASSE DU R\u00caVE : UN ART DE VIVRE ART D\u00c9CO\"}]},{\"@type\":\"WebSite\",\"@id\":\"https:\/\/librairie7l.com\/en\/#website\",\"url\":\"https:\/\/librairie7l.com\/en\/\",\"name\":\"Librairie 7L\",\"description\":\"Librairie fond\u00e9e en 1999 par Karl Lagerfeld \u00e0 Paris\",\"publisher\":{\"@id\":\"https:\/\/librairie7l.com\/en\/#organization\"},\"potentialAction\":[{\"@type\":\"SearchAction\",\"target\":{\"@type\":\"EntryPoint\",\"urlTemplate\":\"https:\/\/librairie7l.com\/en\/?s={search_term_string}\"},\"query-input\":\"required name=search_term_string\"}],\"inLanguage\":\"en-US\"},{\"@type\":\"Organization\",\"@id\":\"https:\/\/librairie7l.com\/en\/#organization\",\"name\":\"Librairie 7L\",\"url\":\"https:\/\/librairie7l.com\/en\/\",\"logo\":{\"@type\":\"ImageObject\",\"inLanguage\":\"en-US\",\"@id\":\"https:\/\/librairie7l.com\/en\/#\/schema\/logo\/image\/\",\"url\":\"https:\/\/librairie7l.com\/wp-content\/uploads\/2022\/08\/logo-1.png\",\"contentUrl\":\"https:\/\/librairie7l.com\/wp-content\/uploads\/2022\/08\/logo-1.png\",\"width\":227,\"height\":301,\"caption\":\"Librairie 7L\"},\"image\":{\"@id\":\"https:\/\/librairie7l.com\/en\/#\/schema\/logo\/image\/\"}}]}<\/script>\n<!-- \/ Yoast SEO plugin. -->","yoast_head_json":{"title":"Montparnasse du r\u00eave : Un art de vivre art d\u00e9co - Librairie 7L","robots":{"index":"index","follow":"follow","max-snippet":"max-snippet:-1","max-image-preview":"max-image-preview:large","max-video-preview":"max-video-preview:-1"},"canonical":"https:\/\/librairie7l.com\/en\/produit\/montparnasse-du-reve-un-art-de-vivre-art-deco-2\/","og_locale":"en_US","og_type":"article","og_title":"Montparnasse du r\u00eave : Un art de vivre art d\u00e9co - Librairie 7L","og_description":"Entre les deux guerres, Montparnasse devient un p\u00f4le artistique majeur vers lequel converge le monde entier. Les bars, caf\u00e9s et dancings accueillent les artistes en tout genre et un public international s\u00e9duit par l&#8217;incroyable esprit de libert\u00e9 qui souffle sur le quartier. De ce c\u00f4toiement quotidien va na\u00eetre un style \u00abMonparno \u00bb, neuf et inventif. [&hellip;]","og_url":"https:\/\/librairie7l.com\/en\/produit\/montparnasse-du-reve-un-art-de-vivre-art-deco-2\/","og_site_name":"Librairie 7L","article_modified_time":"2026-04-14T08:25:00+00:00","og_image":[{"width":645,"height":600,"url":"https:\/\/librairie7l.com\/wp-content\/uploads\/2019\/03\/9782871433552_1_75.jpg","type":"image\/jpeg"}],"twitter_card":"summary_large_image","twitter_misc":{"Est. reading time":"1 minute"},"schema":{"@context":"https:\/\/schema.org","@graph":[{"@type":"WebPage","@id":"https:\/\/librairie7l.com\/en\/produit\/montparnasse-du-reve-un-art-de-vivre-art-deco-2\/","url":"https:\/\/librairie7l.com\/en\/produit\/montparnasse-du-reve-un-art-de-vivre-art-deco-2\/","name":"Montparnasse du r\u00eave : Un art de vivre art d\u00e9co - Librairie 7L","isPartOf":{"@id":"https:\/\/librairie7l.com\/en\/#website"},"datePublished":"2026-02-26T00:02:13+00:00","dateModified":"2026-04-14T08:25:00+00:00","breadcrumb":{"@id":"https:\/\/librairie7l.com\/en\/produit\/montparnasse-du-reve-un-art-de-vivre-art-deco-2\/#breadcrumb"},"inLanguage":"en-US","potentialAction":[{"@type":"ReadAction","target":["https:\/\/librairie7l.com\/en\/produit\/montparnasse-du-reve-un-art-de-vivre-art-deco-2\/"]}]},{"@type":"BreadcrumbList","@id":"https:\/\/librairie7l.com\/en\/produit\/montparnasse-du-reve-un-art-de-vivre-art-deco-2\/#breadcrumb","itemListElement":[{"@type":"ListItem","position":1,"name":"Accueil","item":"https:\/\/librairie7l.com\/en\/"},{"@type":"ListItem","position":2,"name":"Shop","item":"https:\/\/librairie7l.com\/en\/shop\/"},{"@type":"ListItem","position":3,"name":"MONTPARNASSE DU R\u00caVE : UN ART DE VIVRE ART D\u00c9CO"}]},{"@type":"WebSite","@id":"https:\/\/librairie7l.com\/en\/#website","url":"https:\/\/librairie7l.com\/en\/","name":"Librairie 7L","description":"Librairie fond\u00e9e en 1999 par Karl Lagerfeld \u00e0 Paris","publisher":{"@id":"https:\/\/librairie7l.com\/en\/#organization"},"potentialAction":[{"@type":"SearchAction","target":{"@type":"EntryPoint","urlTemplate":"https:\/\/librairie7l.com\/en\/?s={search_term_string}"},"query-input":"required name=search_term_string"}],"inLanguage":"en-US"},{"@type":"Organization","@id":"https:\/\/librairie7l.com\/en\/#organization","name":"Librairie 7L","url":"https:\/\/librairie7l.com\/en\/","logo":{"@type":"ImageObject","inLanguage":"en-US","@id":"https:\/\/librairie7l.com\/en\/#\/schema\/logo\/image\/","url":"https:\/\/librairie7l.com\/wp-content\/uploads\/2022\/08\/logo-1.png","contentUrl":"https:\/\/librairie7l.com\/wp-content\/uploads\/2022\/08\/logo-1.png","width":227,"height":301,"caption":"Librairie 7L"},"image":{"@id":"https:\/\/librairie7l.com\/en\/#\/schema\/logo\/image\/"}}]}},"_links":{"self":[{"href":"https:\/\/librairie7l.com\/en\/wp-json\/wp\/v2\/product\/55363"}],"collection":[{"href":"https:\/\/librairie7l.com\/en\/wp-json\/wp\/v2\/product"}],"about":[{"href":"https:\/\/librairie7l.com\/en\/wp-json\/wp\/v2\/types\/product"}],"wp:featuredmedia":[{"embeddable":true,"href":"https:\/\/librairie7l.com\/en\/wp-json\/wp\/v2\/media\/55361"}],"wp:attachment":[{"href":"https:\/\/librairie7l.com\/en\/wp-json\/wp\/v2\/media?parent=55363"}],"wp:term":[{"taxonomy":"product_cat","embeddable":true,"href":"https:\/\/librairie7l.com\/en\/wp-json\/wp\/v2\/product_cat?post=55363"},{"taxonomy":"product_tag","embeddable":true,"href":"https:\/\/librairie7l.com\/en\/wp-json\/wp\/v2\/product_tag?post=55363"}],"curies":[{"name":"wp","href":"https:\/\/api.w.org\/{rel}","templated":true}]}}