{"id":55391,"date":"2026-02-27T09:18:25","date_gmt":"2026-02-27T08:18:25","guid":{"rendered":"https:\/\/librairie7l.com\/?post_type=product&#038;p=55391"},"modified":"2026-04-20T12:04:04","modified_gmt":"2026-04-20T10:04:04","slug":"tsunami-trees-2","status":"publish","type":"product","link":"https:\/\/librairie7l.com\/en\/produit\/tsunami-trees-2\/","title":{"rendered":"TSUNAMI TREES"},"content":{"rendered":"<p>Quinze ans apr\u00e8s la vague du tsunami de 2011 qui a touch\u00e9 les c\u00f4tes du Nord-Est du Japon, les r\u00e9percussions sont encore pr\u00e9gnantes, dans les paysages, les pens\u00e9es de chacun.e, la nature m\u00eame. Apr\u00e8s la publication de Kesengawa (2012) et Rikuzentakata (2016), consacr\u00e9s aux cons\u00e9quences plus directes, humaines et mat\u00e9rielles du tsunami, Naoya Hatakeyama s&#8217;est int\u00e9ress\u00e9 au sort des arbres au fur et \u00e0 mesure de la reconstruction de la r\u00e9gion c\u00f4ti\u00e8re. Il constate la m\u00e9tamorphose des paysages, in\u00e9vitable du fait du r\u00e9am\u00e9nagement et du retour des activit\u00e9s humaines. Aux d\u00e9tours de ses marches du Sud vers le Nord, il rep\u00e8re un arbre encore debout, balafr\u00e9 d&#8217;une grande entaille, comme coup\u00e9 en deux entre une moiti\u00e9 recouverte de feuilles et une autre, nue et sans vie. C&#8217;est l\u00e0 que le projet Tsunami Trees prend racine.<br \/>\nEmport\u00e9s par la vague, une grande partie des arbres est compl\u00e8tement d\u00e9truite et jonche le territoire comme les vestiges d&#8217;un monde disparu. D&#8217;autres se sont dess\u00e9ch\u00e9s progressivement, affect\u00e9s par les eaux sal\u00e9es, certains ont \u00e9t\u00e9 coup\u00e9s et utilis\u00e9s pour la reconstruction. Enfin, il y a ceux qui sont rest\u00e9s entre la vie et la mort, en repoussant \u00e0 moiti\u00e9. Une reprise vaillante que Naoya Hatakeyama \u00e9prouve dans les changements de lumi\u00e8re, dans les saisons qui se succ\u00e8dent , un cycle perp\u00e9tuel dont le photographe r\u00e9v\u00e8le simplement la beaut\u00e9.<br \/>\nSon texte en fin d&#8217;ouvrage permet d&#8217;\u00e9clairer sa d\u00e9marche qui t\u00e9moigne des transformations structurelles d&#8217;un paysage apr\u00e8s ravage. Il met en relation notre place humaine dans un monde de \u00ab nature transform\u00e9e \u00bb que nous modelons \u00e0 grands renforts de routes, de digues et de constructions, en nous d\u00e9connectant de la dynamique autant p\u00e9renne qu&#8217;\u00e9ph\u00e9m\u00e8re de la nature. Un monde qui peut \u00eatre ras\u00e9 en un instant par la puissance implacable d&#8217;une vague. Mais qui sait, aussi, se r\u00e9adapter apr\u00e8s le chaos, la disparition, et qui rena\u00eet petit \u00e0 petit.<br \/>\nCet ouvrage est soutenu par le programme de subvention de Traduction et de Publication de la Fondation du Japon et par la Fondation franco-japonaise Sasakawa.<\/p>\n","protected":false},"excerpt":{"rendered":"<p>Quinze ans apr\u00e8s la vague du tsunami de 2011 qui a touch\u00e9 les c\u00f4tes du Nord-Est du Japon, les r\u00e9percussions sont encore pr\u00e9gnantes, dans les paysages, les pens\u00e9es de chacun.e, la nature m\u00eame. Apr\u00e8s la publication de Kesengawa (2012) et Rikuzentakata (2016), consacr\u00e9s aux cons\u00e9quences plus directes, humaines et mat\u00e9rielles du tsunami, Naoya Hatakeyama s&#8217;est [&hellip;]<\/p>\n","protected":false},"featured_media":55389,"template":"","meta":[],"product_cat":[2948],"product_tag":[],"acf":[],"yoast_head":"<!-- This site is optimized with the Yoast SEO plugin v20.11 - https:\/\/yoast.com\/wordpress\/plugins\/seo\/ -->\n<title>Tsunami Trees - Librairie 7L<\/title>\n<meta name=\"robots\" content=\"index, follow, max-snippet:-1, max-image-preview:large, max-video-preview:-1\" \/>\n<link rel=\"canonical\" href=\"https:\/\/librairie7l.com\/en\/produit\/tsunami-trees-2\/\" \/>\n<meta property=\"og:locale\" content=\"en_US\" \/>\n<meta property=\"og:type\" content=\"article\" \/>\n<meta property=\"og:title\" content=\"Tsunami Trees - Librairie 7L\" \/>\n<meta property=\"og:description\" content=\"Quinze ans apr\u00e8s la vague du tsunami de 2011 qui a touch\u00e9 les c\u00f4tes du Nord-Est du Japon, les r\u00e9percussions sont encore pr\u00e9gnantes, dans les paysages, les pens\u00e9es de chacun.e, la nature m\u00eame. Apr\u00e8s la publication de Kesengawa (2012) et Rikuzentakata (2016), consacr\u00e9s aux cons\u00e9quences plus directes, humaines et mat\u00e9rielles du tsunami, Naoya Hatakeyama s&#8217;est [&hellip;]\" \/>\n<meta property=\"og:url\" content=\"https:\/\/librairie7l.com\/en\/produit\/tsunami-trees-2\/\" \/>\n<meta property=\"og:site_name\" content=\"Librairie 7L\" \/>\n<meta property=\"article:modified_time\" content=\"2026-04-20T10:04:04+00:00\" \/>\n<meta property=\"og:image\" content=\"https:\/\/librairie7l.com\/wp-content\/uploads\/2025\/03\/9791095118312_1_75.jpg\" \/>\n\t<meta property=\"og:image:width\" content=\"600\" \/>\n\t<meta property=\"og:image:height\" content=\"718\" \/>\n\t<meta property=\"og:image:type\" content=\"image\/jpeg\" \/>\n<meta name=\"twitter:card\" content=\"summary_large_image\" \/>\n<meta name=\"twitter:label1\" content=\"Est. reading time\" \/>\n\t<meta name=\"twitter:data1\" content=\"2 minutes\" \/>\n<script type=\"application\/ld+json\" class=\"yoast-schema-graph\">{\"@context\":\"https:\/\/schema.org\",\"@graph\":[{\"@type\":\"WebPage\",\"@id\":\"https:\/\/librairie7l.com\/en\/produit\/tsunami-trees-2\/\",\"url\":\"https:\/\/librairie7l.com\/en\/produit\/tsunami-trees-2\/\",\"name\":\"Tsunami Trees - Librairie 7L\",\"isPartOf\":{\"@id\":\"https:\/\/librairie7l.com\/en\/#website\"},\"datePublished\":\"2026-02-27T08:18:25+00:00\",\"dateModified\":\"2026-04-20T10:04:04+00:00\",\"breadcrumb\":{\"@id\":\"https:\/\/librairie7l.com\/en\/produit\/tsunami-trees-2\/#breadcrumb\"},\"inLanguage\":\"en-US\",\"potentialAction\":[{\"@type\":\"ReadAction\",\"target\":[\"https:\/\/librairie7l.com\/en\/produit\/tsunami-trees-2\/\"]}]},{\"@type\":\"BreadcrumbList\",\"@id\":\"https:\/\/librairie7l.com\/en\/produit\/tsunami-trees-2\/#breadcrumb\",\"itemListElement\":[{\"@type\":\"ListItem\",\"position\":1,\"name\":\"Accueil\",\"item\":\"https:\/\/librairie7l.com\/en\/\"},{\"@type\":\"ListItem\",\"position\":2,\"name\":\"Shop\",\"item\":\"https:\/\/librairie7l.com\/en\/shop\/\"},{\"@type\":\"ListItem\",\"position\":3,\"name\":\"TSUNAMI TREES\"}]},{\"@type\":\"WebSite\",\"@id\":\"https:\/\/librairie7l.com\/en\/#website\",\"url\":\"https:\/\/librairie7l.com\/en\/\",\"name\":\"Librairie 7L\",\"description\":\"Librairie fond\u00e9e en 1999 par Karl Lagerfeld \u00e0 Paris\",\"publisher\":{\"@id\":\"https:\/\/librairie7l.com\/en\/#organization\"},\"potentialAction\":[{\"@type\":\"SearchAction\",\"target\":{\"@type\":\"EntryPoint\",\"urlTemplate\":\"https:\/\/librairie7l.com\/en\/?s={search_term_string}\"},\"query-input\":\"required name=search_term_string\"}],\"inLanguage\":\"en-US\"},{\"@type\":\"Organization\",\"@id\":\"https:\/\/librairie7l.com\/en\/#organization\",\"name\":\"Librairie 7L\",\"url\":\"https:\/\/librairie7l.com\/en\/\",\"logo\":{\"@type\":\"ImageObject\",\"inLanguage\":\"en-US\",\"@id\":\"https:\/\/librairie7l.com\/en\/#\/schema\/logo\/image\/\",\"url\":\"https:\/\/librairie7l.com\/wp-content\/uploads\/2022\/08\/logo-1.png\",\"contentUrl\":\"https:\/\/librairie7l.com\/wp-content\/uploads\/2022\/08\/logo-1.png\",\"width\":227,\"height\":301,\"caption\":\"Librairie 7L\"},\"image\":{\"@id\":\"https:\/\/librairie7l.com\/en\/#\/schema\/logo\/image\/\"}}]}<\/script>\n<!-- \/ Yoast SEO plugin. -->","yoast_head_json":{"title":"Tsunami Trees - Librairie 7L","robots":{"index":"index","follow":"follow","max-snippet":"max-snippet:-1","max-image-preview":"max-image-preview:large","max-video-preview":"max-video-preview:-1"},"canonical":"https:\/\/librairie7l.com\/en\/produit\/tsunami-trees-2\/","og_locale":"en_US","og_type":"article","og_title":"Tsunami Trees - Librairie 7L","og_description":"Quinze ans apr\u00e8s la vague du tsunami de 2011 qui a touch\u00e9 les c\u00f4tes du Nord-Est du Japon, les r\u00e9percussions sont encore pr\u00e9gnantes, dans les paysages, les pens\u00e9es de chacun.e, la nature m\u00eame. Apr\u00e8s la publication de Kesengawa (2012) et Rikuzentakata (2016), consacr\u00e9s aux cons\u00e9quences plus directes, humaines et mat\u00e9rielles du tsunami, Naoya Hatakeyama s&#8217;est [&hellip;]","og_url":"https:\/\/librairie7l.com\/en\/produit\/tsunami-trees-2\/","og_site_name":"Librairie 7L","article_modified_time":"2026-04-20T10:04:04+00:00","og_image":[{"width":600,"height":718,"url":"https:\/\/librairie7l.com\/wp-content\/uploads\/2025\/03\/9791095118312_1_75.jpg","type":"image\/jpeg"}],"twitter_card":"summary_large_image","twitter_misc":{"Est. reading time":"2 minutes"},"schema":{"@context":"https:\/\/schema.org","@graph":[{"@type":"WebPage","@id":"https:\/\/librairie7l.com\/en\/produit\/tsunami-trees-2\/","url":"https:\/\/librairie7l.com\/en\/produit\/tsunami-trees-2\/","name":"Tsunami Trees - Librairie 7L","isPartOf":{"@id":"https:\/\/librairie7l.com\/en\/#website"},"datePublished":"2026-02-27T08:18:25+00:00","dateModified":"2026-04-20T10:04:04+00:00","breadcrumb":{"@id":"https:\/\/librairie7l.com\/en\/produit\/tsunami-trees-2\/#breadcrumb"},"inLanguage":"en-US","potentialAction":[{"@type":"ReadAction","target":["https:\/\/librairie7l.com\/en\/produit\/tsunami-trees-2\/"]}]},{"@type":"BreadcrumbList","@id":"https:\/\/librairie7l.com\/en\/produit\/tsunami-trees-2\/#breadcrumb","itemListElement":[{"@type":"ListItem","position":1,"name":"Accueil","item":"https:\/\/librairie7l.com\/en\/"},{"@type":"ListItem","position":2,"name":"Shop","item":"https:\/\/librairie7l.com\/en\/shop\/"},{"@type":"ListItem","position":3,"name":"TSUNAMI TREES"}]},{"@type":"WebSite","@id":"https:\/\/librairie7l.com\/en\/#website","url":"https:\/\/librairie7l.com\/en\/","name":"Librairie 7L","description":"Librairie fond\u00e9e en 1999 par Karl Lagerfeld \u00e0 Paris","publisher":{"@id":"https:\/\/librairie7l.com\/en\/#organization"},"potentialAction":[{"@type":"SearchAction","target":{"@type":"EntryPoint","urlTemplate":"https:\/\/librairie7l.com\/en\/?s={search_term_string}"},"query-input":"required name=search_term_string"}],"inLanguage":"en-US"},{"@type":"Organization","@id":"https:\/\/librairie7l.com\/en\/#organization","name":"Librairie 7L","url":"https:\/\/librairie7l.com\/en\/","logo":{"@type":"ImageObject","inLanguage":"en-US","@id":"https:\/\/librairie7l.com\/en\/#\/schema\/logo\/image\/","url":"https:\/\/librairie7l.com\/wp-content\/uploads\/2022\/08\/logo-1.png","contentUrl":"https:\/\/librairie7l.com\/wp-content\/uploads\/2022\/08\/logo-1.png","width":227,"height":301,"caption":"Librairie 7L"},"image":{"@id":"https:\/\/librairie7l.com\/en\/#\/schema\/logo\/image\/"}}]}},"_links":{"self":[{"href":"https:\/\/librairie7l.com\/en\/wp-json\/wp\/v2\/product\/55391"}],"collection":[{"href":"https:\/\/librairie7l.com\/en\/wp-json\/wp\/v2\/product"}],"about":[{"href":"https:\/\/librairie7l.com\/en\/wp-json\/wp\/v2\/types\/product"}],"wp:featuredmedia":[{"embeddable":true,"href":"https:\/\/librairie7l.com\/en\/wp-json\/wp\/v2\/media\/55389"}],"wp:attachment":[{"href":"https:\/\/librairie7l.com\/en\/wp-json\/wp\/v2\/media?parent=55391"}],"wp:term":[{"taxonomy":"product_cat","embeddable":true,"href":"https:\/\/librairie7l.com\/en\/wp-json\/wp\/v2\/product_cat?post=55391"},{"taxonomy":"product_tag","embeddable":true,"href":"https:\/\/librairie7l.com\/en\/wp-json\/wp\/v2\/product_tag?post=55391"}],"curies":[{"name":"wp","href":"https:\/\/api.w.org\/{rel}","templated":true}]}}