{"id":55413,"date":"2026-02-27T10:16:22","date_gmt":"2026-02-27T09:16:22","guid":{"rendered":"https:\/\/librairie7l.com\/?post_type=product&#038;p=55413"},"modified":"2026-05-13T20:30:15","modified_gmt":"2026-05-13T18:30:15","slug":"ryokan-les-nouveaux-visages-de-lhospitalite-2","status":"publish","type":"product","link":"https:\/\/librairie7l.com\/en\/produit\/ryokan-les-nouveaux-visages-de-lhospitalite-2\/","title":{"rendered":"RYOKAN &#8211; LES NOUVEAUX VISAGES DE L&#8217;HOSPITALITE"},"content":{"rendered":"<p>Un beau livre qui propose un regard renouvel\u00e9 sur les ryokan, ces auberges traditionnelles qui incarnent l&#8217;art de l&#8217;hospitalit\u00e9. Gr\u00e2ce \u00e0 l&#8217; \u00e9clairage d&#8217;experts et par la d\u00e9couverte de 31 \u00e9tablissement extraordi- naires, il r\u00e9v\u00e8le leur \u00e9tonnante pluralit\u00e9 et met en lumi\u00e8re ceux qui r\u00e9inventent ce patrimoine aujourd&#8217;hui, loin des st\u00e9r\u00e9otypes. S\u00e9journer dans un Ryokan, ces auberges japonaises traditionnelles, c&#8217;est exp\u00e9rimenter l&#8217;hospitalit\u00e9 de l&#8217;archipel dans sa forme la plus aboutie. Pourtant, loin de l&#8217;image uniformis\u00e9e et fig\u00e9e dans le temps qui leur est souvent associ\u00e9e, ces \u00e9tablissements r\u00e9v\u00e8lent une diversit\u00e9 et une vitalit\u00e9 spectaculaires. En pr\u00e9sentant une s\u00e9lection de ryokan d&#8217;exception; des maisons familiales s\u00e9culaires aux cr\u00e9ations contem- poraines qui bousculent les codes \u00e9tablis, ce livre met en avant les nouvelles g\u00e9n\u00e9rations qui se tiennent derri\u00e8re ces auberges. \u00c0 travers les t\u00e9moignages d&#8217;h\u00f4tes passionn\u00e9s et de r\u00e9cits captivants sur les plus beaux \u00e9tablissements, il raconte comment, malgr\u00e9 les d\u00e9fis d\u00e9mographiques et \u00e9conomiques, les ryokan se r\u00e9inventent pour pr\u00e9server un patrimoine mat\u00e9riel et immat\u00e9riel unique. \u00c0 la fois voyage \u00e0 travers l&#8217;ar- chipel et regard nuanc\u00e9 sur un art d&#8217;accueillir en perp\u00e9tuelle transformation.<\/p>\n","protected":false},"excerpt":{"rendered":"<p>Un beau livre qui propose un regard renouvel\u00e9 sur les ryokan, ces auberges traditionnelles qui incarnent l&#8217;art de l&#8217;hospitalit\u00e9. Gr\u00e2ce \u00e0 l&#8217; \u00e9clairage d&#8217;experts et par la d\u00e9couverte de 31 \u00e9tablissement extraordi- naires, il r\u00e9v\u00e8le leur \u00e9tonnante pluralit\u00e9 et met en lumi\u00e8re ceux qui r\u00e9inventent ce patrimoine aujourd&#8217;hui, loin des st\u00e9r\u00e9otypes. S\u00e9journer dans un Ryokan, [&hellip;]<\/p>\n","protected":false},"featured_media":55411,"template":"","meta":[],"product_cat":[2948],"product_tag":[],"acf":[],"yoast_head":"<!-- This site is optimized with the Yoast SEO plugin v20.11 - https:\/\/yoast.com\/wordpress\/plugins\/seo\/ -->\n<title>Ryokan - les nouveaux visages de l&#039;hospitalite - Librairie 7L<\/title>\n<meta name=\"robots\" content=\"index, follow, max-snippet:-1, max-image-preview:large, max-video-preview:-1\" \/>\n<link rel=\"canonical\" href=\"https:\/\/librairie7l.com\/en\/produit\/ryokan-les-nouveaux-visages-de-lhospitalite-2\/\" \/>\n<meta property=\"og:locale\" content=\"en_US\" \/>\n<meta property=\"og:type\" content=\"article\" \/>\n<meta property=\"og:title\" content=\"Ryokan - les nouveaux visages de l&#039;hospitalite - Librairie 7L\" \/>\n<meta property=\"og:description\" content=\"Un beau livre qui propose un regard renouvel\u00e9 sur les ryokan, ces auberges traditionnelles qui incarnent l&#8217;art de l&#8217;hospitalit\u00e9. Gr\u00e2ce \u00e0 l&#8217; \u00e9clairage d&#8217;experts et par la d\u00e9couverte de 31 \u00e9tablissement extraordi- naires, il r\u00e9v\u00e8le leur \u00e9tonnante pluralit\u00e9 et met en lumi\u00e8re ceux qui r\u00e9inventent ce patrimoine aujourd&#8217;hui, loin des st\u00e9r\u00e9otypes. S\u00e9journer dans un Ryokan, [&hellip;]\" \/>\n<meta property=\"og:url\" content=\"https:\/\/librairie7l.com\/en\/produit\/ryokan-les-nouveaux-visages-de-lhospitalite-2\/\" \/>\n<meta property=\"og:site_name\" content=\"Librairie 7L\" \/>\n<meta property=\"article:modified_time\" content=\"2026-05-13T18:30:15+00:00\" \/>\n<meta property=\"og:image\" content=\"https:\/\/librairie7l.com\/wp-content\/uploads\/2025\/10\/9782959646621_1_75.jpg\" \/>\n\t<meta property=\"og:image:width\" content=\"400\" \/>\n\t<meta property=\"og:image:height\" content=\"546\" \/>\n\t<meta property=\"og:image:type\" content=\"image\/jpeg\" \/>\n<meta name=\"twitter:card\" content=\"summary_large_image\" \/>\n<meta name=\"twitter:label1\" content=\"Est. reading time\" \/>\n\t<meta name=\"twitter:data1\" content=\"1 minute\" \/>\n<script type=\"application\/ld+json\" class=\"yoast-schema-graph\">{\"@context\":\"https:\/\/schema.org\",\"@graph\":[{\"@type\":\"WebPage\",\"@id\":\"https:\/\/librairie7l.com\/en\/produit\/ryokan-les-nouveaux-visages-de-lhospitalite-2\/\",\"url\":\"https:\/\/librairie7l.com\/en\/produit\/ryokan-les-nouveaux-visages-de-lhospitalite-2\/\",\"name\":\"Ryokan - les nouveaux visages de l'hospitalite - Librairie 7L\",\"isPartOf\":{\"@id\":\"https:\/\/librairie7l.com\/en\/#website\"},\"datePublished\":\"2026-02-27T09:16:22+00:00\",\"dateModified\":\"2026-05-13T18:30:15+00:00\",\"breadcrumb\":{\"@id\":\"https:\/\/librairie7l.com\/en\/produit\/ryokan-les-nouveaux-visages-de-lhospitalite-2\/#breadcrumb\"},\"inLanguage\":\"en-US\",\"potentialAction\":[{\"@type\":\"ReadAction\",\"target\":[\"https:\/\/librairie7l.com\/en\/produit\/ryokan-les-nouveaux-visages-de-lhospitalite-2\/\"]}]},{\"@type\":\"BreadcrumbList\",\"@id\":\"https:\/\/librairie7l.com\/en\/produit\/ryokan-les-nouveaux-visages-de-lhospitalite-2\/#breadcrumb\",\"itemListElement\":[{\"@type\":\"ListItem\",\"position\":1,\"name\":\"Accueil\",\"item\":\"https:\/\/librairie7l.com\/en\/\"},{\"@type\":\"ListItem\",\"position\":2,\"name\":\"Shop\",\"item\":\"https:\/\/librairie7l.com\/en\/shop\/\"},{\"@type\":\"ListItem\",\"position\":3,\"name\":\"RYOKAN &#8211; LES NOUVEAUX VISAGES DE L&#8217;HOSPITALITE\"}]},{\"@type\":\"WebSite\",\"@id\":\"https:\/\/librairie7l.com\/en\/#website\",\"url\":\"https:\/\/librairie7l.com\/en\/\",\"name\":\"Librairie 7L\",\"description\":\"Librairie fond\u00e9e en 1999 par Karl Lagerfeld \u00e0 Paris\",\"publisher\":{\"@id\":\"https:\/\/librairie7l.com\/en\/#organization\"},\"potentialAction\":[{\"@type\":\"SearchAction\",\"target\":{\"@type\":\"EntryPoint\",\"urlTemplate\":\"https:\/\/librairie7l.com\/en\/?s={search_term_string}\"},\"query-input\":\"required name=search_term_string\"}],\"inLanguage\":\"en-US\"},{\"@type\":\"Organization\",\"@id\":\"https:\/\/librairie7l.com\/en\/#organization\",\"name\":\"Librairie 7L\",\"url\":\"https:\/\/librairie7l.com\/en\/\",\"logo\":{\"@type\":\"ImageObject\",\"inLanguage\":\"en-US\",\"@id\":\"https:\/\/librairie7l.com\/en\/#\/schema\/logo\/image\/\",\"url\":\"https:\/\/librairie7l.com\/wp-content\/uploads\/2022\/08\/logo-1.png\",\"contentUrl\":\"https:\/\/librairie7l.com\/wp-content\/uploads\/2022\/08\/logo-1.png\",\"width\":227,\"height\":301,\"caption\":\"Librairie 7L\"},\"image\":{\"@id\":\"https:\/\/librairie7l.com\/en\/#\/schema\/logo\/image\/\"}}]}<\/script>\n<!-- \/ Yoast SEO plugin. -->","yoast_head_json":{"title":"Ryokan - les nouveaux visages de l'hospitalite - Librairie 7L","robots":{"index":"index","follow":"follow","max-snippet":"max-snippet:-1","max-image-preview":"max-image-preview:large","max-video-preview":"max-video-preview:-1"},"canonical":"https:\/\/librairie7l.com\/en\/produit\/ryokan-les-nouveaux-visages-de-lhospitalite-2\/","og_locale":"en_US","og_type":"article","og_title":"Ryokan - les nouveaux visages de l'hospitalite - Librairie 7L","og_description":"Un beau livre qui propose un regard renouvel\u00e9 sur les ryokan, ces auberges traditionnelles qui incarnent l&#8217;art de l&#8217;hospitalit\u00e9. Gr\u00e2ce \u00e0 l&#8217; \u00e9clairage d&#8217;experts et par la d\u00e9couverte de 31 \u00e9tablissement extraordi- naires, il r\u00e9v\u00e8le leur \u00e9tonnante pluralit\u00e9 et met en lumi\u00e8re ceux qui r\u00e9inventent ce patrimoine aujourd&#8217;hui, loin des st\u00e9r\u00e9otypes. S\u00e9journer dans un Ryokan, [&hellip;]","og_url":"https:\/\/librairie7l.com\/en\/produit\/ryokan-les-nouveaux-visages-de-lhospitalite-2\/","og_site_name":"Librairie 7L","article_modified_time":"2026-05-13T18:30:15+00:00","og_image":[{"width":400,"height":546,"url":"https:\/\/librairie7l.com\/wp-content\/uploads\/2025\/10\/9782959646621_1_75.jpg","type":"image\/jpeg"}],"twitter_card":"summary_large_image","twitter_misc":{"Est. reading time":"1 minute"},"schema":{"@context":"https:\/\/schema.org","@graph":[{"@type":"WebPage","@id":"https:\/\/librairie7l.com\/en\/produit\/ryokan-les-nouveaux-visages-de-lhospitalite-2\/","url":"https:\/\/librairie7l.com\/en\/produit\/ryokan-les-nouveaux-visages-de-lhospitalite-2\/","name":"Ryokan - les nouveaux visages de l'hospitalite - Librairie 7L","isPartOf":{"@id":"https:\/\/librairie7l.com\/en\/#website"},"datePublished":"2026-02-27T09:16:22+00:00","dateModified":"2026-05-13T18:30:15+00:00","breadcrumb":{"@id":"https:\/\/librairie7l.com\/en\/produit\/ryokan-les-nouveaux-visages-de-lhospitalite-2\/#breadcrumb"},"inLanguage":"en-US","potentialAction":[{"@type":"ReadAction","target":["https:\/\/librairie7l.com\/en\/produit\/ryokan-les-nouveaux-visages-de-lhospitalite-2\/"]}]},{"@type":"BreadcrumbList","@id":"https:\/\/librairie7l.com\/en\/produit\/ryokan-les-nouveaux-visages-de-lhospitalite-2\/#breadcrumb","itemListElement":[{"@type":"ListItem","position":1,"name":"Accueil","item":"https:\/\/librairie7l.com\/en\/"},{"@type":"ListItem","position":2,"name":"Shop","item":"https:\/\/librairie7l.com\/en\/shop\/"},{"@type":"ListItem","position":3,"name":"RYOKAN &#8211; LES NOUVEAUX VISAGES DE L&#8217;HOSPITALITE"}]},{"@type":"WebSite","@id":"https:\/\/librairie7l.com\/en\/#website","url":"https:\/\/librairie7l.com\/en\/","name":"Librairie 7L","description":"Librairie fond\u00e9e en 1999 par Karl Lagerfeld \u00e0 Paris","publisher":{"@id":"https:\/\/librairie7l.com\/en\/#organization"},"potentialAction":[{"@type":"SearchAction","target":{"@type":"EntryPoint","urlTemplate":"https:\/\/librairie7l.com\/en\/?s={search_term_string}"},"query-input":"required name=search_term_string"}],"inLanguage":"en-US"},{"@type":"Organization","@id":"https:\/\/librairie7l.com\/en\/#organization","name":"Librairie 7L","url":"https:\/\/librairie7l.com\/en\/","logo":{"@type":"ImageObject","inLanguage":"en-US","@id":"https:\/\/librairie7l.com\/en\/#\/schema\/logo\/image\/","url":"https:\/\/librairie7l.com\/wp-content\/uploads\/2022\/08\/logo-1.png","contentUrl":"https:\/\/librairie7l.com\/wp-content\/uploads\/2022\/08\/logo-1.png","width":227,"height":301,"caption":"Librairie 7L"},"image":{"@id":"https:\/\/librairie7l.com\/en\/#\/schema\/logo\/image\/"}}]}},"_links":{"self":[{"href":"https:\/\/librairie7l.com\/en\/wp-json\/wp\/v2\/product\/55413"}],"collection":[{"href":"https:\/\/librairie7l.com\/en\/wp-json\/wp\/v2\/product"}],"about":[{"href":"https:\/\/librairie7l.com\/en\/wp-json\/wp\/v2\/types\/product"}],"wp:featuredmedia":[{"embeddable":true,"href":"https:\/\/librairie7l.com\/en\/wp-json\/wp\/v2\/media\/55411"}],"wp:attachment":[{"href":"https:\/\/librairie7l.com\/en\/wp-json\/wp\/v2\/media?parent=55413"}],"wp:term":[{"taxonomy":"product_cat","embeddable":true,"href":"https:\/\/librairie7l.com\/en\/wp-json\/wp\/v2\/product_cat?post=55413"},{"taxonomy":"product_tag","embeddable":true,"href":"https:\/\/librairie7l.com\/en\/wp-json\/wp\/v2\/product_tag?post=55413"}],"curies":[{"name":"wp","href":"https:\/\/api.w.org\/{rel}","templated":true}]}}