{"id":55421,"date":"2026-02-27T10:16:29","date_gmt":"2026-02-27T09:16:29","guid":{"rendered":"https:\/\/librairie7l.com\/?post_type=product&#038;p=55421"},"modified":"2026-04-20T10:25:22","modified_gmt":"2026-04-20T08:25:22","slug":"larc-en-seine-2","status":"publish","type":"product","link":"https:\/\/librairie7l.com\/en\/produit\/larc-en-seine-2\/","title":{"rendered":"L&#8217;ARC EN SEINE"},"content":{"rendered":"<p>Ce livre est avant tout un hommage au partenaire, \u00e0 l&#8217;ami et au compagnon de toute une vie.<\/p>\n<p>Hommage aussi aux trente-sept ann\u00e9es de notre galerie et \u00e0 tous les merveilleux cr\u00e9ateurs des ann\u00e9es 1920-1930, dont nous avons eu la chance de croiser les oeuvres.<br \/>\n Le projet de ce livre racontant notre parcours et nos choix artistiques s&#8217;est impos\u00e9 \u00e0 nous lorsque la galerie a f\u00eat\u00e9 ses trente ans en 2014.<\/p>\n<p>Cependant, le d\u00e9sir de partager notre histoire &#8211; commenc\u00e9 par un trio, la bienveillante Catherine Boutonnet &#8211; a \u00e9t\u00e9 mis de c\u00f4t\u00e9 face au tourbillon de la vie, des salons et de la r\u00e9novation de la galerie r\u00e9install\u00e9e sur cour. Quand enfin le temps s&#8217;est pr\u00e9sent\u00e9, h\u00e9las, Christian nous avait quitt\u00e9, privant l&#8217;Arc en Seine de son inestimable pr\u00e9sence.<\/p>\n<p>Ce livre est avant tout un hommage au partenaire, \u00e0 l&#8217;ami et au compagnon de toute une vie.<\/p>\n<p>Hommage aussi aux trente-sept ann\u00e9es de notre galerie et \u00e0 tous les merveilleux cr\u00e9ateurs des ann\u00e9es 1920-1930, dont nous avons eu la chance de croiser les oeuvres.<\/p>\n<p>Pierre Chareau et la Maison de verre, pur joyaux d&#8217;architecture, Robert Malle-Stevens et la villa Cavrois, Ren\u00e9 Lalique et sa somptueuse table aux oranges, Jean-Michel Frank, d\u00e9corateur mythique, Alberto Giacometti cr\u00e9ant des objets uniques en pl\u00e2tre, bronze ou terre cuite, Diego Giacometti, po\u00e8te du mobilier, Christian B\u00e9rard, l&#8217;ami des amis, le respectable Paul Dupr\u00e9-Lafon, Jean Dunand laqueur d&#8217;exception, Eug\u00e8ne Printz, amateur de bois rares, Maurice Marinot, l&#8217;homme du verre, Georges Jouve et Lucie Rie, c\u00e9ramistes d\u00e9licats, Eileen Gray la magicienne, sans oublier la Biennale de Paris, Tefaf Maastricht, Tefaf New-York et The salon New-York. <\/p>\n<p> Ce livre retrace l&#8217;histoire d&#8217;une si belle passion fran\u00e7aise, celle v\u00e9cue par Rafael Ortiz et Christian Boutonnet dans la galerie L&#8217;Arc en Seine, durant pr\u00e8s de 40 ann\u00e9es<\/p>\n","protected":false},"excerpt":{"rendered":"<p>Ce livre est avant tout un hommage au partenaire, \u00e0 l&#8217;ami et au compagnon de toute une vie. Hommage aussi aux trente-sept ann\u00e9es de notre galerie et \u00e0 tous les merveilleux cr\u00e9ateurs des ann\u00e9es 1920-1930, dont nous avons eu la chance de croiser les oeuvres. Le projet de ce livre racontant notre parcours et nos [&hellip;]<\/p>\n","protected":false},"featured_media":55419,"template":"","meta":[],"product_cat":[2948],"product_tag":[],"acf":[],"yoast_head":"<!-- This site is optimized with the Yoast SEO plugin v20.11 - https:\/\/yoast.com\/wordpress\/plugins\/seo\/ -->\n<title>L&#039;Arc en Seine - Librairie 7L<\/title>\n<meta name=\"robots\" content=\"index, follow, max-snippet:-1, max-image-preview:large, max-video-preview:-1\" \/>\n<link rel=\"canonical\" href=\"https:\/\/librairie7l.com\/en\/produit\/larc-en-seine-2\/\" \/>\n<meta property=\"og:locale\" content=\"en_US\" \/>\n<meta property=\"og:type\" content=\"article\" \/>\n<meta property=\"og:title\" content=\"L&#039;Arc en Seine - Librairie 7L\" \/>\n<meta property=\"og:description\" content=\"Ce livre est avant tout un hommage au partenaire, \u00e0 l&#8217;ami et au compagnon de toute une vie. Hommage aussi aux trente-sept ann\u00e9es de notre galerie et \u00e0 tous les merveilleux cr\u00e9ateurs des ann\u00e9es 1920-1930, dont nous avons eu la chance de croiser les oeuvres. Le projet de ce livre racontant notre parcours et nos [&hellip;]\" \/>\n<meta property=\"og:url\" content=\"https:\/\/librairie7l.com\/en\/produit\/larc-en-seine-2\/\" \/>\n<meta property=\"og:site_name\" content=\"Librairie 7L\" \/>\n<meta property=\"article:modified_time\" content=\"2026-04-20T08:25:22+00:00\" \/>\n<meta property=\"og:image\" content=\"https:\/\/librairie7l.com\/wp-content\/uploads\/2023\/09\/9782841054275_1_75.jpg\" \/>\n\t<meta property=\"og:image:width\" content=\"600\" \/>\n\t<meta property=\"og:image:height\" content=\"787\" \/>\n\t<meta property=\"og:image:type\" content=\"image\/jpeg\" \/>\n<meta name=\"twitter:card\" content=\"summary_large_image\" \/>\n<meta name=\"twitter:label1\" content=\"Est. reading time\" \/>\n\t<meta name=\"twitter:data1\" content=\"2 minutes\" \/>\n<script type=\"application\/ld+json\" class=\"yoast-schema-graph\">{\"@context\":\"https:\/\/schema.org\",\"@graph\":[{\"@type\":\"WebPage\",\"@id\":\"https:\/\/librairie7l.com\/en\/produit\/larc-en-seine-2\/\",\"url\":\"https:\/\/librairie7l.com\/en\/produit\/larc-en-seine-2\/\",\"name\":\"L'Arc en Seine - Librairie 7L\",\"isPartOf\":{\"@id\":\"https:\/\/librairie7l.com\/en\/#website\"},\"datePublished\":\"2026-02-27T09:16:29+00:00\",\"dateModified\":\"2026-04-20T08:25:22+00:00\",\"breadcrumb\":{\"@id\":\"https:\/\/librairie7l.com\/en\/produit\/larc-en-seine-2\/#breadcrumb\"},\"inLanguage\":\"en-US\",\"potentialAction\":[{\"@type\":\"ReadAction\",\"target\":[\"https:\/\/librairie7l.com\/en\/produit\/larc-en-seine-2\/\"]}]},{\"@type\":\"BreadcrumbList\",\"@id\":\"https:\/\/librairie7l.com\/en\/produit\/larc-en-seine-2\/#breadcrumb\",\"itemListElement\":[{\"@type\":\"ListItem\",\"position\":1,\"name\":\"Accueil\",\"item\":\"https:\/\/librairie7l.com\/en\/\"},{\"@type\":\"ListItem\",\"position\":2,\"name\":\"Shop\",\"item\":\"https:\/\/librairie7l.com\/en\/shop\/\"},{\"@type\":\"ListItem\",\"position\":3,\"name\":\"L&#8217;ARC EN SEINE\"}]},{\"@type\":\"WebSite\",\"@id\":\"https:\/\/librairie7l.com\/en\/#website\",\"url\":\"https:\/\/librairie7l.com\/en\/\",\"name\":\"Librairie 7L\",\"description\":\"Librairie fond\u00e9e en 1999 par Karl Lagerfeld \u00e0 Paris\",\"publisher\":{\"@id\":\"https:\/\/librairie7l.com\/en\/#organization\"},\"potentialAction\":[{\"@type\":\"SearchAction\",\"target\":{\"@type\":\"EntryPoint\",\"urlTemplate\":\"https:\/\/librairie7l.com\/en\/?s={search_term_string}\"},\"query-input\":\"required name=search_term_string\"}],\"inLanguage\":\"en-US\"},{\"@type\":\"Organization\",\"@id\":\"https:\/\/librairie7l.com\/en\/#organization\",\"name\":\"Librairie 7L\",\"url\":\"https:\/\/librairie7l.com\/en\/\",\"logo\":{\"@type\":\"ImageObject\",\"inLanguage\":\"en-US\",\"@id\":\"https:\/\/librairie7l.com\/en\/#\/schema\/logo\/image\/\",\"url\":\"https:\/\/librairie7l.com\/wp-content\/uploads\/2022\/08\/logo-1.png\",\"contentUrl\":\"https:\/\/librairie7l.com\/wp-content\/uploads\/2022\/08\/logo-1.png\",\"width\":227,\"height\":301,\"caption\":\"Librairie 7L\"},\"image\":{\"@id\":\"https:\/\/librairie7l.com\/en\/#\/schema\/logo\/image\/\"}}]}<\/script>\n<!-- \/ Yoast SEO plugin. -->","yoast_head_json":{"title":"L'Arc en Seine - Librairie 7L","robots":{"index":"index","follow":"follow","max-snippet":"max-snippet:-1","max-image-preview":"max-image-preview:large","max-video-preview":"max-video-preview:-1"},"canonical":"https:\/\/librairie7l.com\/en\/produit\/larc-en-seine-2\/","og_locale":"en_US","og_type":"article","og_title":"L'Arc en Seine - Librairie 7L","og_description":"Ce livre est avant tout un hommage au partenaire, \u00e0 l&#8217;ami et au compagnon de toute une vie. Hommage aussi aux trente-sept ann\u00e9es de notre galerie et \u00e0 tous les merveilleux cr\u00e9ateurs des ann\u00e9es 1920-1930, dont nous avons eu la chance de croiser les oeuvres. Le projet de ce livre racontant notre parcours et nos [&hellip;]","og_url":"https:\/\/librairie7l.com\/en\/produit\/larc-en-seine-2\/","og_site_name":"Librairie 7L","article_modified_time":"2026-04-20T08:25:22+00:00","og_image":[{"width":600,"height":787,"url":"https:\/\/librairie7l.com\/wp-content\/uploads\/2023\/09\/9782841054275_1_75.jpg","type":"image\/jpeg"}],"twitter_card":"summary_large_image","twitter_misc":{"Est. reading time":"2 minutes"},"schema":{"@context":"https:\/\/schema.org","@graph":[{"@type":"WebPage","@id":"https:\/\/librairie7l.com\/en\/produit\/larc-en-seine-2\/","url":"https:\/\/librairie7l.com\/en\/produit\/larc-en-seine-2\/","name":"L'Arc en Seine - Librairie 7L","isPartOf":{"@id":"https:\/\/librairie7l.com\/en\/#website"},"datePublished":"2026-02-27T09:16:29+00:00","dateModified":"2026-04-20T08:25:22+00:00","breadcrumb":{"@id":"https:\/\/librairie7l.com\/en\/produit\/larc-en-seine-2\/#breadcrumb"},"inLanguage":"en-US","potentialAction":[{"@type":"ReadAction","target":["https:\/\/librairie7l.com\/en\/produit\/larc-en-seine-2\/"]}]},{"@type":"BreadcrumbList","@id":"https:\/\/librairie7l.com\/en\/produit\/larc-en-seine-2\/#breadcrumb","itemListElement":[{"@type":"ListItem","position":1,"name":"Accueil","item":"https:\/\/librairie7l.com\/en\/"},{"@type":"ListItem","position":2,"name":"Shop","item":"https:\/\/librairie7l.com\/en\/shop\/"},{"@type":"ListItem","position":3,"name":"L&#8217;ARC EN SEINE"}]},{"@type":"WebSite","@id":"https:\/\/librairie7l.com\/en\/#website","url":"https:\/\/librairie7l.com\/en\/","name":"Librairie 7L","description":"Librairie fond\u00e9e en 1999 par Karl Lagerfeld \u00e0 Paris","publisher":{"@id":"https:\/\/librairie7l.com\/en\/#organization"},"potentialAction":[{"@type":"SearchAction","target":{"@type":"EntryPoint","urlTemplate":"https:\/\/librairie7l.com\/en\/?s={search_term_string}"},"query-input":"required name=search_term_string"}],"inLanguage":"en-US"},{"@type":"Organization","@id":"https:\/\/librairie7l.com\/en\/#organization","name":"Librairie 7L","url":"https:\/\/librairie7l.com\/en\/","logo":{"@type":"ImageObject","inLanguage":"en-US","@id":"https:\/\/librairie7l.com\/en\/#\/schema\/logo\/image\/","url":"https:\/\/librairie7l.com\/wp-content\/uploads\/2022\/08\/logo-1.png","contentUrl":"https:\/\/librairie7l.com\/wp-content\/uploads\/2022\/08\/logo-1.png","width":227,"height":301,"caption":"Librairie 7L"},"image":{"@id":"https:\/\/librairie7l.com\/en\/#\/schema\/logo\/image\/"}}]}},"_links":{"self":[{"href":"https:\/\/librairie7l.com\/en\/wp-json\/wp\/v2\/product\/55421"}],"collection":[{"href":"https:\/\/librairie7l.com\/en\/wp-json\/wp\/v2\/product"}],"about":[{"href":"https:\/\/librairie7l.com\/en\/wp-json\/wp\/v2\/types\/product"}],"wp:featuredmedia":[{"embeddable":true,"href":"https:\/\/librairie7l.com\/en\/wp-json\/wp\/v2\/media\/55419"}],"wp:attachment":[{"href":"https:\/\/librairie7l.com\/en\/wp-json\/wp\/v2\/media?parent=55421"}],"wp:term":[{"taxonomy":"product_cat","embeddable":true,"href":"https:\/\/librairie7l.com\/en\/wp-json\/wp\/v2\/product_cat?post=55421"},{"taxonomy":"product_tag","embeddable":true,"href":"https:\/\/librairie7l.com\/en\/wp-json\/wp\/v2\/product_tag?post=55421"}],"curies":[{"name":"wp","href":"https:\/\/api.w.org\/{rel}","templated":true}]}}