{"id":55435,"date":"2026-02-27T10:16:40","date_gmt":"2026-02-27T09:16:40","guid":{"rendered":"https:\/\/librairie7l.com\/?post_type=product&#038;p=55435"},"modified":"2026-04-20T10:25:27","modified_gmt":"2026-04-20T08:25:27","slug":"kami-2","status":"publish","type":"product","link":"https:\/\/librairie7l.com\/en\/produit\/kami-2\/","title":{"rendered":"KAMI"},"content":{"rendered":"<p>Kami est un projet profond\u00e9ment personnel et m\u00e9ditatif du photographe japonais Hitoshi Fugo. Con\u00e7u sur pr\u00e8s de trois d\u00e9cennies, ce travail explore la tension entre destruction et transformation, entre ce qui est perdu et ce qui reste. La s\u00e9rie juxtapose deux ensembles d&#8217;images distincts : des photographies prises au lendemain du grand trem- blement de terre de Hanshin \u00e0 Kobe en 1995, et des \u00e9tudes approfondies d&#8217;un rouleau de papier industriel partiellement br\u00fbl\u00e9 que Fugo a trouv\u00e9 \u00e0 l&#8217;ext\u00e9rieur d&#8217;une imprimerie ravag\u00e9e par un incendie \u00e0 Tokyo. Dans les deux cas, il recherche une beaut\u00e9 inattendue dans les ruines, des formes qui ont \u00e9t\u00e9 d\u00e9pouill\u00e9es de leur fonc- tion, us\u00e9es par le temps ou les traumatismes, mais qui r\u00e9sonnent encore de leur pr\u00e9sence. Le mot japonais \u00ab kami \u00bb signifie \u00e0 la fois \u00ab dieu \u00bb et \u00ab papier \u00bb, et cette ambigu\u00eft\u00e9 constitue le coeur philoso- phique de l&#8217;oeuvre. Face aux catastrophes naturelles et aux destructions caus\u00e9es par l&#8217;homme, Kami r\u00e9fl\u00e9chit \u00e0 la fragilit\u00e9 de la mati\u00e8re, \u00e0 l&#8217;absence de divinit\u00e9 et \u00e0 la possibilit\u00e9 d&#8217;une reconstruction po\u00e9tique \u00e0 travers le regard photographique. Les images de Fugo ne documentent ni ne racontent au sens conventionnel du terme. Elles font plut\u00f4t r\u00e9f\u00e9- rence \u00e0 quelque chose de plus insaisissable : les r\u00e9sidus spirituels des choses bris\u00e9es, br\u00fbl\u00e9es ou abandonn\u00e9es. Kami nous invite \u00e0 contempler ce qui reste une fois que l&#8217;essentiel a \u00e9t\u00e9 d\u00e9truit.<\/p>\n","protected":false},"excerpt":{"rendered":"<p>Kami est un projet profond\u00e9ment personnel et m\u00e9ditatif du photographe japonais Hitoshi Fugo. Con\u00e7u sur pr\u00e8s de trois d\u00e9cennies, ce travail explore la tension entre destruction et transformation, entre ce qui est perdu et ce qui reste. La s\u00e9rie juxtapose deux ensembles d&#8217;images distincts : des photographies prises au lendemain du grand trem- blement de [&hellip;]<\/p>\n","protected":false},"featured_media":55433,"template":"","meta":[],"product_cat":[2948],"product_tag":[],"acf":[],"yoast_head":"<!-- This site is optimized with the Yoast SEO plugin v20.11 - https:\/\/yoast.com\/wordpress\/plugins\/seo\/ -->\n<title>Kami - Librairie 7L<\/title>\n<meta name=\"robots\" content=\"index, follow, max-snippet:-1, max-image-preview:large, max-video-preview:-1\" \/>\n<link rel=\"canonical\" href=\"https:\/\/librairie7l.com\/en\/produit\/kami-2\/\" \/>\n<meta property=\"og:locale\" content=\"en_US\" \/>\n<meta property=\"og:type\" content=\"article\" \/>\n<meta property=\"og:title\" content=\"Kami - Librairie 7L\" \/>\n<meta property=\"og:description\" content=\"Kami est un projet profond\u00e9ment personnel et m\u00e9ditatif du photographe japonais Hitoshi Fugo. Con\u00e7u sur pr\u00e8s de trois d\u00e9cennies, ce travail explore la tension entre destruction et transformation, entre ce qui est perdu et ce qui reste. La s\u00e9rie juxtapose deux ensembles d&#8217;images distincts : des photographies prises au lendemain du grand trem- blement de [&hellip;]\" \/>\n<meta property=\"og:url\" content=\"https:\/\/librairie7l.com\/en\/produit\/kami-2\/\" \/>\n<meta property=\"og:site_name\" content=\"Librairie 7L\" \/>\n<meta property=\"article:modified_time\" content=\"2026-04-20T08:25:27+00:00\" \/>\n<meta property=\"og:image\" content=\"https:\/\/librairie7l.com\/wp-content\/uploads\/2025\/11\/9791280978288_1_75.jpg\" \/>\n\t<meta property=\"og:image:width\" content=\"600\" \/>\n\t<meta property=\"og:image:height\" content=\"693\" \/>\n\t<meta property=\"og:image:type\" content=\"image\/jpeg\" \/>\n<meta name=\"twitter:card\" content=\"summary_large_image\" \/>\n<meta name=\"twitter:label1\" content=\"Est. reading time\" \/>\n\t<meta name=\"twitter:data1\" content=\"1 minute\" \/>\n<script type=\"application\/ld+json\" class=\"yoast-schema-graph\">{\"@context\":\"https:\/\/schema.org\",\"@graph\":[{\"@type\":\"WebPage\",\"@id\":\"https:\/\/librairie7l.com\/en\/produit\/kami-2\/\",\"url\":\"https:\/\/librairie7l.com\/en\/produit\/kami-2\/\",\"name\":\"Kami - Librairie 7L\",\"isPartOf\":{\"@id\":\"https:\/\/librairie7l.com\/en\/#website\"},\"datePublished\":\"2026-02-27T09:16:40+00:00\",\"dateModified\":\"2026-04-20T08:25:27+00:00\",\"breadcrumb\":{\"@id\":\"https:\/\/librairie7l.com\/en\/produit\/kami-2\/#breadcrumb\"},\"inLanguage\":\"en-US\",\"potentialAction\":[{\"@type\":\"ReadAction\",\"target\":[\"https:\/\/librairie7l.com\/en\/produit\/kami-2\/\"]}]},{\"@type\":\"BreadcrumbList\",\"@id\":\"https:\/\/librairie7l.com\/en\/produit\/kami-2\/#breadcrumb\",\"itemListElement\":[{\"@type\":\"ListItem\",\"position\":1,\"name\":\"Accueil\",\"item\":\"https:\/\/librairie7l.com\/en\/\"},{\"@type\":\"ListItem\",\"position\":2,\"name\":\"Shop\",\"item\":\"https:\/\/librairie7l.com\/en\/shop\/\"},{\"@type\":\"ListItem\",\"position\":3,\"name\":\"KAMI\"}]},{\"@type\":\"WebSite\",\"@id\":\"https:\/\/librairie7l.com\/en\/#website\",\"url\":\"https:\/\/librairie7l.com\/en\/\",\"name\":\"Librairie 7L\",\"description\":\"Librairie fond\u00e9e en 1999 par Karl Lagerfeld \u00e0 Paris\",\"publisher\":{\"@id\":\"https:\/\/librairie7l.com\/en\/#organization\"},\"potentialAction\":[{\"@type\":\"SearchAction\",\"target\":{\"@type\":\"EntryPoint\",\"urlTemplate\":\"https:\/\/librairie7l.com\/en\/?s={search_term_string}\"},\"query-input\":\"required name=search_term_string\"}],\"inLanguage\":\"en-US\"},{\"@type\":\"Organization\",\"@id\":\"https:\/\/librairie7l.com\/en\/#organization\",\"name\":\"Librairie 7L\",\"url\":\"https:\/\/librairie7l.com\/en\/\",\"logo\":{\"@type\":\"ImageObject\",\"inLanguage\":\"en-US\",\"@id\":\"https:\/\/librairie7l.com\/en\/#\/schema\/logo\/image\/\",\"url\":\"https:\/\/librairie7l.com\/wp-content\/uploads\/2022\/08\/logo-1.png\",\"contentUrl\":\"https:\/\/librairie7l.com\/wp-content\/uploads\/2022\/08\/logo-1.png\",\"width\":227,\"height\":301,\"caption\":\"Librairie 7L\"},\"image\":{\"@id\":\"https:\/\/librairie7l.com\/en\/#\/schema\/logo\/image\/\"}}]}<\/script>\n<!-- \/ Yoast SEO plugin. -->","yoast_head_json":{"title":"Kami - Librairie 7L","robots":{"index":"index","follow":"follow","max-snippet":"max-snippet:-1","max-image-preview":"max-image-preview:large","max-video-preview":"max-video-preview:-1"},"canonical":"https:\/\/librairie7l.com\/en\/produit\/kami-2\/","og_locale":"en_US","og_type":"article","og_title":"Kami - Librairie 7L","og_description":"Kami est un projet profond\u00e9ment personnel et m\u00e9ditatif du photographe japonais Hitoshi Fugo. Con\u00e7u sur pr\u00e8s de trois d\u00e9cennies, ce travail explore la tension entre destruction et transformation, entre ce qui est perdu et ce qui reste. La s\u00e9rie juxtapose deux ensembles d&#8217;images distincts : des photographies prises au lendemain du grand trem- blement de [&hellip;]","og_url":"https:\/\/librairie7l.com\/en\/produit\/kami-2\/","og_site_name":"Librairie 7L","article_modified_time":"2026-04-20T08:25:27+00:00","og_image":[{"width":600,"height":693,"url":"https:\/\/librairie7l.com\/wp-content\/uploads\/2025\/11\/9791280978288_1_75.jpg","type":"image\/jpeg"}],"twitter_card":"summary_large_image","twitter_misc":{"Est. reading time":"1 minute"},"schema":{"@context":"https:\/\/schema.org","@graph":[{"@type":"WebPage","@id":"https:\/\/librairie7l.com\/en\/produit\/kami-2\/","url":"https:\/\/librairie7l.com\/en\/produit\/kami-2\/","name":"Kami - Librairie 7L","isPartOf":{"@id":"https:\/\/librairie7l.com\/en\/#website"},"datePublished":"2026-02-27T09:16:40+00:00","dateModified":"2026-04-20T08:25:27+00:00","breadcrumb":{"@id":"https:\/\/librairie7l.com\/en\/produit\/kami-2\/#breadcrumb"},"inLanguage":"en-US","potentialAction":[{"@type":"ReadAction","target":["https:\/\/librairie7l.com\/en\/produit\/kami-2\/"]}]},{"@type":"BreadcrumbList","@id":"https:\/\/librairie7l.com\/en\/produit\/kami-2\/#breadcrumb","itemListElement":[{"@type":"ListItem","position":1,"name":"Accueil","item":"https:\/\/librairie7l.com\/en\/"},{"@type":"ListItem","position":2,"name":"Shop","item":"https:\/\/librairie7l.com\/en\/shop\/"},{"@type":"ListItem","position":3,"name":"KAMI"}]},{"@type":"WebSite","@id":"https:\/\/librairie7l.com\/en\/#website","url":"https:\/\/librairie7l.com\/en\/","name":"Librairie 7L","description":"Librairie fond\u00e9e en 1999 par Karl Lagerfeld \u00e0 Paris","publisher":{"@id":"https:\/\/librairie7l.com\/en\/#organization"},"potentialAction":[{"@type":"SearchAction","target":{"@type":"EntryPoint","urlTemplate":"https:\/\/librairie7l.com\/en\/?s={search_term_string}"},"query-input":"required name=search_term_string"}],"inLanguage":"en-US"},{"@type":"Organization","@id":"https:\/\/librairie7l.com\/en\/#organization","name":"Librairie 7L","url":"https:\/\/librairie7l.com\/en\/","logo":{"@type":"ImageObject","inLanguage":"en-US","@id":"https:\/\/librairie7l.com\/en\/#\/schema\/logo\/image\/","url":"https:\/\/librairie7l.com\/wp-content\/uploads\/2022\/08\/logo-1.png","contentUrl":"https:\/\/librairie7l.com\/wp-content\/uploads\/2022\/08\/logo-1.png","width":227,"height":301,"caption":"Librairie 7L"},"image":{"@id":"https:\/\/librairie7l.com\/en\/#\/schema\/logo\/image\/"}}]}},"_links":{"self":[{"href":"https:\/\/librairie7l.com\/en\/wp-json\/wp\/v2\/product\/55435"}],"collection":[{"href":"https:\/\/librairie7l.com\/en\/wp-json\/wp\/v2\/product"}],"about":[{"href":"https:\/\/librairie7l.com\/en\/wp-json\/wp\/v2\/types\/product"}],"wp:featuredmedia":[{"embeddable":true,"href":"https:\/\/librairie7l.com\/en\/wp-json\/wp\/v2\/media\/55433"}],"wp:attachment":[{"href":"https:\/\/librairie7l.com\/en\/wp-json\/wp\/v2\/media?parent=55435"}],"wp:term":[{"taxonomy":"product_cat","embeddable":true,"href":"https:\/\/librairie7l.com\/en\/wp-json\/wp\/v2\/product_cat?post=55435"},{"taxonomy":"product_tag","embeddable":true,"href":"https:\/\/librairie7l.com\/en\/wp-json\/wp\/v2\/product_tag?post=55435"}],"curies":[{"name":"wp","href":"https:\/\/api.w.org\/{rel}","templated":true}]}}