{"id":55441,"date":"2026-02-27T10:16:46","date_gmt":"2026-02-27T09:16:46","guid":{"rendered":"https:\/\/librairie7l.com\/?post_type=product&#038;p=55441"},"modified":"2026-04-20T10:25:18","modified_gmt":"2026-04-20T08:25:18","slug":"minus-the-essence-of-living-2","status":"publish","type":"product","link":"https:\/\/librairie7l.com\/en\/produit\/minus-the-essence-of-living-2\/","title":{"rendered":"MINUS : THE ESSENCE OF LIVING"},"content":{"rendered":"<p>Le minimalisme dans sa forme la plus pure : 25 ans de savoir-faire Minus dans 25 int\u00e9rieurs Depuis 25 ans, le studio de design et atelier de production belge Minus cr\u00e9e des int\u00e9rieurs intemporels qui respirent le calme, la simplicit\u00e9 et le raffinement esth\u00e9tique. Pour marquer leur anniversaire, ils ont compil\u00e9 25 projets inspirants dans un \u00e9l\u00e9gant ouvrage, pr\u00e9sent\u00e9 par ordre chronologique. The Essence of Living est une ode au minimalisme : des tons clairs, des mat\u00e9riaux bien pens\u00e9s et une harmonie apparemment naturelle entre la fonction et la forme. \u00c0 travers de nombreux essais photogra- phiques et des textes explicatifs concis, cet ouvrage \u00e9l\u00e9gant offre un aper\u00e7u de l&#8217;\u00e9volution subtile du style caract\u00e9ristique de Minus au fil des ans. Soigneusement con\u00e7u et magnifiquement r\u00e9alis\u00e9, ce livre est une source d&#8217;inspiration et de tranquillit\u00e9 pour les amateurs d&#8217;int\u00e9rieurs sobres, les puristes de l&#8217;architecture et les professionnels du design.<\/p>\n","protected":false},"excerpt":{"rendered":"<p>Le minimalisme dans sa forme la plus pure : 25 ans de savoir-faire Minus dans 25 int\u00e9rieurs Depuis 25 ans, le studio de design et atelier de production belge Minus cr\u00e9e des int\u00e9rieurs intemporels qui respirent le calme, la simplicit\u00e9 et le raffinement esth\u00e9tique. Pour marquer leur anniversaire, ils ont compil\u00e9 25 projets inspirants dans [&hellip;]<\/p>\n","protected":false},"featured_media":55439,"template":"","meta":[],"product_cat":[2948],"product_tag":[],"acf":[],"yoast_head":"<!-- This site is optimized with the Yoast SEO plugin v20.11 - https:\/\/yoast.com\/wordpress\/plugins\/seo\/ -->\n<title>Minus : The essence of living - Librairie 7L<\/title>\n<meta name=\"robots\" content=\"index, follow, max-snippet:-1, max-image-preview:large, max-video-preview:-1\" \/>\n<link rel=\"canonical\" href=\"https:\/\/librairie7l.com\/en\/produit\/minus-the-essence-of-living-2\/\" \/>\n<meta property=\"og:locale\" content=\"en_US\" \/>\n<meta property=\"og:type\" content=\"article\" \/>\n<meta property=\"og:title\" content=\"Minus : The essence of living - Librairie 7L\" \/>\n<meta property=\"og:description\" content=\"Le minimalisme dans sa forme la plus pure : 25 ans de savoir-faire Minus dans 25 int\u00e9rieurs Depuis 25 ans, le studio de design et atelier de production belge Minus cr\u00e9e des int\u00e9rieurs intemporels qui respirent le calme, la simplicit\u00e9 et le raffinement esth\u00e9tique. Pour marquer leur anniversaire, ils ont compil\u00e9 25 projets inspirants dans [&hellip;]\" \/>\n<meta property=\"og:url\" content=\"https:\/\/librairie7l.com\/en\/produit\/minus-the-essence-of-living-2\/\" \/>\n<meta property=\"og:site_name\" content=\"Librairie 7L\" \/>\n<meta property=\"article:modified_time\" content=\"2026-04-20T08:25:18+00:00\" \/>\n<meta property=\"og:image\" content=\"https:\/\/librairie7l.com\/wp-content\/uploads\/2025\/10\/9789460583933_1_75.jpg\" \/>\n\t<meta property=\"og:image:width\" content=\"600\" \/>\n\t<meta property=\"og:image:height\" content=\"729\" \/>\n\t<meta property=\"og:image:type\" content=\"image\/jpeg\" \/>\n<meta name=\"twitter:card\" content=\"summary_large_image\" \/>\n<meta name=\"twitter:label1\" content=\"Est. reading time\" \/>\n\t<meta name=\"twitter:data1\" content=\"1 minute\" \/>\n<script type=\"application\/ld+json\" class=\"yoast-schema-graph\">{\"@context\":\"https:\/\/schema.org\",\"@graph\":[{\"@type\":\"WebPage\",\"@id\":\"https:\/\/librairie7l.com\/en\/produit\/minus-the-essence-of-living-2\/\",\"url\":\"https:\/\/librairie7l.com\/en\/produit\/minus-the-essence-of-living-2\/\",\"name\":\"Minus : The essence of living - Librairie 7L\",\"isPartOf\":{\"@id\":\"https:\/\/librairie7l.com\/en\/#website\"},\"datePublished\":\"2026-02-27T09:16:46+00:00\",\"dateModified\":\"2026-04-20T08:25:18+00:00\",\"breadcrumb\":{\"@id\":\"https:\/\/librairie7l.com\/en\/produit\/minus-the-essence-of-living-2\/#breadcrumb\"},\"inLanguage\":\"en-US\",\"potentialAction\":[{\"@type\":\"ReadAction\",\"target\":[\"https:\/\/librairie7l.com\/en\/produit\/minus-the-essence-of-living-2\/\"]}]},{\"@type\":\"BreadcrumbList\",\"@id\":\"https:\/\/librairie7l.com\/en\/produit\/minus-the-essence-of-living-2\/#breadcrumb\",\"itemListElement\":[{\"@type\":\"ListItem\",\"position\":1,\"name\":\"Accueil\",\"item\":\"https:\/\/librairie7l.com\/en\/\"},{\"@type\":\"ListItem\",\"position\":2,\"name\":\"Shop\",\"item\":\"https:\/\/librairie7l.com\/en\/shop\/\"},{\"@type\":\"ListItem\",\"position\":3,\"name\":\"MINUS : THE ESSENCE OF LIVING\"}]},{\"@type\":\"WebSite\",\"@id\":\"https:\/\/librairie7l.com\/en\/#website\",\"url\":\"https:\/\/librairie7l.com\/en\/\",\"name\":\"Librairie 7L\",\"description\":\"Librairie fond\u00e9e en 1999 par Karl Lagerfeld \u00e0 Paris\",\"publisher\":{\"@id\":\"https:\/\/librairie7l.com\/en\/#organization\"},\"potentialAction\":[{\"@type\":\"SearchAction\",\"target\":{\"@type\":\"EntryPoint\",\"urlTemplate\":\"https:\/\/librairie7l.com\/en\/?s={search_term_string}\"},\"query-input\":\"required name=search_term_string\"}],\"inLanguage\":\"en-US\"},{\"@type\":\"Organization\",\"@id\":\"https:\/\/librairie7l.com\/en\/#organization\",\"name\":\"Librairie 7L\",\"url\":\"https:\/\/librairie7l.com\/en\/\",\"logo\":{\"@type\":\"ImageObject\",\"inLanguage\":\"en-US\",\"@id\":\"https:\/\/librairie7l.com\/en\/#\/schema\/logo\/image\/\",\"url\":\"https:\/\/librairie7l.com\/wp-content\/uploads\/2022\/08\/logo-1.png\",\"contentUrl\":\"https:\/\/librairie7l.com\/wp-content\/uploads\/2022\/08\/logo-1.png\",\"width\":227,\"height\":301,\"caption\":\"Librairie 7L\"},\"image\":{\"@id\":\"https:\/\/librairie7l.com\/en\/#\/schema\/logo\/image\/\"}}]}<\/script>\n<!-- \/ Yoast SEO plugin. -->","yoast_head_json":{"title":"Minus : The essence of living - Librairie 7L","robots":{"index":"index","follow":"follow","max-snippet":"max-snippet:-1","max-image-preview":"max-image-preview:large","max-video-preview":"max-video-preview:-1"},"canonical":"https:\/\/librairie7l.com\/en\/produit\/minus-the-essence-of-living-2\/","og_locale":"en_US","og_type":"article","og_title":"Minus : The essence of living - Librairie 7L","og_description":"Le minimalisme dans sa forme la plus pure : 25 ans de savoir-faire Minus dans 25 int\u00e9rieurs Depuis 25 ans, le studio de design et atelier de production belge Minus cr\u00e9e des int\u00e9rieurs intemporels qui respirent le calme, la simplicit\u00e9 et le raffinement esth\u00e9tique. Pour marquer leur anniversaire, ils ont compil\u00e9 25 projets inspirants dans [&hellip;]","og_url":"https:\/\/librairie7l.com\/en\/produit\/minus-the-essence-of-living-2\/","og_site_name":"Librairie 7L","article_modified_time":"2026-04-20T08:25:18+00:00","og_image":[{"width":600,"height":729,"url":"https:\/\/librairie7l.com\/wp-content\/uploads\/2025\/10\/9789460583933_1_75.jpg","type":"image\/jpeg"}],"twitter_card":"summary_large_image","twitter_misc":{"Est. reading time":"1 minute"},"schema":{"@context":"https:\/\/schema.org","@graph":[{"@type":"WebPage","@id":"https:\/\/librairie7l.com\/en\/produit\/minus-the-essence-of-living-2\/","url":"https:\/\/librairie7l.com\/en\/produit\/minus-the-essence-of-living-2\/","name":"Minus : The essence of living - Librairie 7L","isPartOf":{"@id":"https:\/\/librairie7l.com\/en\/#website"},"datePublished":"2026-02-27T09:16:46+00:00","dateModified":"2026-04-20T08:25:18+00:00","breadcrumb":{"@id":"https:\/\/librairie7l.com\/en\/produit\/minus-the-essence-of-living-2\/#breadcrumb"},"inLanguage":"en-US","potentialAction":[{"@type":"ReadAction","target":["https:\/\/librairie7l.com\/en\/produit\/minus-the-essence-of-living-2\/"]}]},{"@type":"BreadcrumbList","@id":"https:\/\/librairie7l.com\/en\/produit\/minus-the-essence-of-living-2\/#breadcrumb","itemListElement":[{"@type":"ListItem","position":1,"name":"Accueil","item":"https:\/\/librairie7l.com\/en\/"},{"@type":"ListItem","position":2,"name":"Shop","item":"https:\/\/librairie7l.com\/en\/shop\/"},{"@type":"ListItem","position":3,"name":"MINUS : THE ESSENCE OF LIVING"}]},{"@type":"WebSite","@id":"https:\/\/librairie7l.com\/en\/#website","url":"https:\/\/librairie7l.com\/en\/","name":"Librairie 7L","description":"Librairie fond\u00e9e en 1999 par Karl Lagerfeld \u00e0 Paris","publisher":{"@id":"https:\/\/librairie7l.com\/en\/#organization"},"potentialAction":[{"@type":"SearchAction","target":{"@type":"EntryPoint","urlTemplate":"https:\/\/librairie7l.com\/en\/?s={search_term_string}"},"query-input":"required name=search_term_string"}],"inLanguage":"en-US"},{"@type":"Organization","@id":"https:\/\/librairie7l.com\/en\/#organization","name":"Librairie 7L","url":"https:\/\/librairie7l.com\/en\/","logo":{"@type":"ImageObject","inLanguage":"en-US","@id":"https:\/\/librairie7l.com\/en\/#\/schema\/logo\/image\/","url":"https:\/\/librairie7l.com\/wp-content\/uploads\/2022\/08\/logo-1.png","contentUrl":"https:\/\/librairie7l.com\/wp-content\/uploads\/2022\/08\/logo-1.png","width":227,"height":301,"caption":"Librairie 7L"},"image":{"@id":"https:\/\/librairie7l.com\/en\/#\/schema\/logo\/image\/"}}]}},"_links":{"self":[{"href":"https:\/\/librairie7l.com\/en\/wp-json\/wp\/v2\/product\/55441"}],"collection":[{"href":"https:\/\/librairie7l.com\/en\/wp-json\/wp\/v2\/product"}],"about":[{"href":"https:\/\/librairie7l.com\/en\/wp-json\/wp\/v2\/types\/product"}],"wp:featuredmedia":[{"embeddable":true,"href":"https:\/\/librairie7l.com\/en\/wp-json\/wp\/v2\/media\/55439"}],"wp:attachment":[{"href":"https:\/\/librairie7l.com\/en\/wp-json\/wp\/v2\/media?parent=55441"}],"wp:term":[{"taxonomy":"product_cat","embeddable":true,"href":"https:\/\/librairie7l.com\/en\/wp-json\/wp\/v2\/product_cat?post=55441"},{"taxonomy":"product_tag","embeddable":true,"href":"https:\/\/librairie7l.com\/en\/wp-json\/wp\/v2\/product_tag?post=55441"}],"curies":[{"name":"wp","href":"https:\/\/api.w.org\/{rel}","templated":true}]}}