{"id":55459,"date":"2026-02-28T09:21:27","date_gmt":"2026-02-28T08:21:27","guid":{"rendered":"https:\/\/librairie7l.com\/?post_type=product&#038;p=55459"},"modified":"2026-04-16T10:51:31","modified_gmt":"2026-04-16T08:51:31","slug":"1950s-in-vogue-the-jessica-daves-years-1952-1962-2","status":"publish","type":"product","link":"https:\/\/librairie7l.com\/en\/produit\/1950s-in-vogue-the-jessica-daves-years-1952-1962-2\/","title":{"rendered":"1950S IN VOGUE THE JESSICA DAVES YEARS (1952-1962)"},"content":{"rendered":"<p>Pr\u00e9d\u00e9cesseuse directe de Diana Vreeland au sein de la r\u00e9daction du Vogue am\u00e9ricain, Jessica Daves est consid\u00e9r\u00e9e comme celle qui a propuls\u00e9 la revue dans la modernit\u00e9, et, ce faisant, r\u00e9volutionn\u00e9 la mode de son \u00e9poque. Elle offrit \u00e0 son lectorat une vision globale sur la mode et ses influences en traitant \u00e9galement du design et de l&#8217;architecture, de l&#8217;art, de la litt\u00e9rature et de la culture en g\u00e9n\u00e9ral, Le couple de designers Eames fut pr\u00e9sent\u00e9 dans ses pages au m\u00eame titre que Chanel, Balenciaga ou Jackie Kennedy. Ce grand livre broch\u00e9 sous coffret organis\u00e9 de mani\u00e8re th\u00e9matique propose un retour complet sur les ann\u00e9es 50 de Vogue, avec des images des archives du magazine, des pages int\u00e9rieures marquantes, des illustrations de l&#8217;\u00e9poque, et des extraits de s\u00e9ries de mode r\u00e9alis\u00e9es par de grands noms comme William Klein, Irving Penn ou Erwin Blumenfeld.<\/p>\n","protected":false},"excerpt":{"rendered":"<p>Pr\u00e9d\u00e9cesseuse directe de Diana Vreeland au sein de la r\u00e9daction du Vogue am\u00e9ricain, Jessica Daves est consid\u00e9r\u00e9e comme celle qui a propuls\u00e9 la revue dans la modernit\u00e9, et, ce faisant, r\u00e9volutionn\u00e9 la mode de son \u00e9poque. Elle offrit \u00e0 son lectorat une vision globale sur la mode et ses influences en traitant \u00e9galement du design [&hellip;]<\/p>\n","protected":false},"featured_media":55457,"template":"","meta":[],"product_cat":[7364,2948],"product_tag":[],"acf":[],"yoast_head":"<!-- This site is optimized with the Yoast SEO plugin v20.11 - https:\/\/yoast.com\/wordpress\/plugins\/seo\/ -->\n<title>1950s in vogue the jessica daves years (1952-1962) - Librairie 7L<\/title>\n<meta name=\"robots\" content=\"index, follow, max-snippet:-1, max-image-preview:large, max-video-preview:-1\" \/>\n<link rel=\"canonical\" href=\"https:\/\/librairie7l.com\/en\/produit\/1950s-in-vogue-the-jessica-daves-years-1952-1962-2\/\" \/>\n<meta property=\"og:locale\" content=\"en_US\" \/>\n<meta property=\"og:type\" content=\"article\" \/>\n<meta property=\"og:title\" content=\"1950s in vogue the jessica daves years (1952-1962) - Librairie 7L\" \/>\n<meta property=\"og:description\" content=\"Pr\u00e9d\u00e9cesseuse directe de Diana Vreeland au sein de la r\u00e9daction du Vogue am\u00e9ricain, Jessica Daves est consid\u00e9r\u00e9e comme celle qui a propuls\u00e9 la revue dans la modernit\u00e9, et, ce faisant, r\u00e9volutionn\u00e9 la mode de son \u00e9poque. Elle offrit \u00e0 son lectorat une vision globale sur la mode et ses influences en traitant \u00e9galement du design [&hellip;]\" \/>\n<meta property=\"og:url\" content=\"https:\/\/librairie7l.com\/en\/produit\/1950s-in-vogue-the-jessica-daves-years-1952-1962-2\/\" \/>\n<meta property=\"og:site_name\" content=\"Librairie 7L\" \/>\n<meta property=\"article:modified_time\" content=\"2026-04-16T08:51:31+00:00\" \/>\n<meta property=\"og:image\" content=\"https:\/\/librairie7l.com\/wp-content\/uploads\/2019\/06\/9780500294376_1_75.jpg\" \/>\n\t<meta property=\"og:image:width\" content=\"169\" \/>\n\t<meta property=\"og:image:height\" content=\"220\" \/>\n\t<meta property=\"og:image:type\" content=\"image\/jpeg\" \/>\n<meta name=\"twitter:card\" content=\"summary_large_image\" \/>\n<meta name=\"twitter:label1\" content=\"Est. reading time\" \/>\n\t<meta name=\"twitter:data1\" content=\"1 minute\" \/>\n<script type=\"application\/ld+json\" class=\"yoast-schema-graph\">{\"@context\":\"https:\/\/schema.org\",\"@graph\":[{\"@type\":\"WebPage\",\"@id\":\"https:\/\/librairie7l.com\/en\/produit\/1950s-in-vogue-the-jessica-daves-years-1952-1962-2\/\",\"url\":\"https:\/\/librairie7l.com\/en\/produit\/1950s-in-vogue-the-jessica-daves-years-1952-1962-2\/\",\"name\":\"1950s in vogue the jessica daves years (1952-1962) - Librairie 7L\",\"isPartOf\":{\"@id\":\"https:\/\/librairie7l.com\/en\/#website\"},\"datePublished\":\"2026-02-28T08:21:27+00:00\",\"dateModified\":\"2026-04-16T08:51:31+00:00\",\"breadcrumb\":{\"@id\":\"https:\/\/librairie7l.com\/en\/produit\/1950s-in-vogue-the-jessica-daves-years-1952-1962-2\/#breadcrumb\"},\"inLanguage\":\"en-US\",\"potentialAction\":[{\"@type\":\"ReadAction\",\"target\":[\"https:\/\/librairie7l.com\/en\/produit\/1950s-in-vogue-the-jessica-daves-years-1952-1962-2\/\"]}]},{\"@type\":\"BreadcrumbList\",\"@id\":\"https:\/\/librairie7l.com\/en\/produit\/1950s-in-vogue-the-jessica-daves-years-1952-1962-2\/#breadcrumb\",\"itemListElement\":[{\"@type\":\"ListItem\",\"position\":1,\"name\":\"Accueil\",\"item\":\"https:\/\/librairie7l.com\/en\/\"},{\"@type\":\"ListItem\",\"position\":2,\"name\":\"Shop\",\"item\":\"https:\/\/librairie7l.com\/en\/shop\/\"},{\"@type\":\"ListItem\",\"position\":3,\"name\":\"1950S IN VOGUE THE JESSICA DAVES YEARS (1952-1962)\"}]},{\"@type\":\"WebSite\",\"@id\":\"https:\/\/librairie7l.com\/en\/#website\",\"url\":\"https:\/\/librairie7l.com\/en\/\",\"name\":\"Librairie 7L\",\"description\":\"Librairie fond\u00e9e en 1999 par Karl Lagerfeld \u00e0 Paris\",\"publisher\":{\"@id\":\"https:\/\/librairie7l.com\/en\/#organization\"},\"potentialAction\":[{\"@type\":\"SearchAction\",\"target\":{\"@type\":\"EntryPoint\",\"urlTemplate\":\"https:\/\/librairie7l.com\/en\/?s={search_term_string}\"},\"query-input\":\"required name=search_term_string\"}],\"inLanguage\":\"en-US\"},{\"@type\":\"Organization\",\"@id\":\"https:\/\/librairie7l.com\/en\/#organization\",\"name\":\"Librairie 7L\",\"url\":\"https:\/\/librairie7l.com\/en\/\",\"logo\":{\"@type\":\"ImageObject\",\"inLanguage\":\"en-US\",\"@id\":\"https:\/\/librairie7l.com\/en\/#\/schema\/logo\/image\/\",\"url\":\"https:\/\/librairie7l.com\/wp-content\/uploads\/2022\/08\/logo-1.png\",\"contentUrl\":\"https:\/\/librairie7l.com\/wp-content\/uploads\/2022\/08\/logo-1.png\",\"width\":227,\"height\":301,\"caption\":\"Librairie 7L\"},\"image\":{\"@id\":\"https:\/\/librairie7l.com\/en\/#\/schema\/logo\/image\/\"}}]}<\/script>\n<!-- \/ Yoast SEO plugin. -->","yoast_head_json":{"title":"1950s in vogue the jessica daves years (1952-1962) - Librairie 7L","robots":{"index":"index","follow":"follow","max-snippet":"max-snippet:-1","max-image-preview":"max-image-preview:large","max-video-preview":"max-video-preview:-1"},"canonical":"https:\/\/librairie7l.com\/en\/produit\/1950s-in-vogue-the-jessica-daves-years-1952-1962-2\/","og_locale":"en_US","og_type":"article","og_title":"1950s in vogue the jessica daves years (1952-1962) - Librairie 7L","og_description":"Pr\u00e9d\u00e9cesseuse directe de Diana Vreeland au sein de la r\u00e9daction du Vogue am\u00e9ricain, Jessica Daves est consid\u00e9r\u00e9e comme celle qui a propuls\u00e9 la revue dans la modernit\u00e9, et, ce faisant, r\u00e9volutionn\u00e9 la mode de son \u00e9poque. Elle offrit \u00e0 son lectorat une vision globale sur la mode et ses influences en traitant \u00e9galement du design [&hellip;]","og_url":"https:\/\/librairie7l.com\/en\/produit\/1950s-in-vogue-the-jessica-daves-years-1952-1962-2\/","og_site_name":"Librairie 7L","article_modified_time":"2026-04-16T08:51:31+00:00","og_image":[{"width":169,"height":220,"url":"https:\/\/librairie7l.com\/wp-content\/uploads\/2019\/06\/9780500294376_1_75.jpg","type":"image\/jpeg"}],"twitter_card":"summary_large_image","twitter_misc":{"Est. reading time":"1 minute"},"schema":{"@context":"https:\/\/schema.org","@graph":[{"@type":"WebPage","@id":"https:\/\/librairie7l.com\/en\/produit\/1950s-in-vogue-the-jessica-daves-years-1952-1962-2\/","url":"https:\/\/librairie7l.com\/en\/produit\/1950s-in-vogue-the-jessica-daves-years-1952-1962-2\/","name":"1950s in vogue the jessica daves years (1952-1962) - Librairie 7L","isPartOf":{"@id":"https:\/\/librairie7l.com\/en\/#website"},"datePublished":"2026-02-28T08:21:27+00:00","dateModified":"2026-04-16T08:51:31+00:00","breadcrumb":{"@id":"https:\/\/librairie7l.com\/en\/produit\/1950s-in-vogue-the-jessica-daves-years-1952-1962-2\/#breadcrumb"},"inLanguage":"en-US","potentialAction":[{"@type":"ReadAction","target":["https:\/\/librairie7l.com\/en\/produit\/1950s-in-vogue-the-jessica-daves-years-1952-1962-2\/"]}]},{"@type":"BreadcrumbList","@id":"https:\/\/librairie7l.com\/en\/produit\/1950s-in-vogue-the-jessica-daves-years-1952-1962-2\/#breadcrumb","itemListElement":[{"@type":"ListItem","position":1,"name":"Accueil","item":"https:\/\/librairie7l.com\/en\/"},{"@type":"ListItem","position":2,"name":"Shop","item":"https:\/\/librairie7l.com\/en\/shop\/"},{"@type":"ListItem","position":3,"name":"1950S IN VOGUE THE JESSICA DAVES YEARS (1952-1962)"}]},{"@type":"WebSite","@id":"https:\/\/librairie7l.com\/en\/#website","url":"https:\/\/librairie7l.com\/en\/","name":"Librairie 7L","description":"Librairie fond\u00e9e en 1999 par Karl Lagerfeld \u00e0 Paris","publisher":{"@id":"https:\/\/librairie7l.com\/en\/#organization"},"potentialAction":[{"@type":"SearchAction","target":{"@type":"EntryPoint","urlTemplate":"https:\/\/librairie7l.com\/en\/?s={search_term_string}"},"query-input":"required name=search_term_string"}],"inLanguage":"en-US"},{"@type":"Organization","@id":"https:\/\/librairie7l.com\/en\/#organization","name":"Librairie 7L","url":"https:\/\/librairie7l.com\/en\/","logo":{"@type":"ImageObject","inLanguage":"en-US","@id":"https:\/\/librairie7l.com\/en\/#\/schema\/logo\/image\/","url":"https:\/\/librairie7l.com\/wp-content\/uploads\/2022\/08\/logo-1.png","contentUrl":"https:\/\/librairie7l.com\/wp-content\/uploads\/2022\/08\/logo-1.png","width":227,"height":301,"caption":"Librairie 7L"},"image":{"@id":"https:\/\/librairie7l.com\/en\/#\/schema\/logo\/image\/"}}]}},"_links":{"self":[{"href":"https:\/\/librairie7l.com\/en\/wp-json\/wp\/v2\/product\/55459"}],"collection":[{"href":"https:\/\/librairie7l.com\/en\/wp-json\/wp\/v2\/product"}],"about":[{"href":"https:\/\/librairie7l.com\/en\/wp-json\/wp\/v2\/types\/product"}],"wp:featuredmedia":[{"embeddable":true,"href":"https:\/\/librairie7l.com\/en\/wp-json\/wp\/v2\/media\/55457"}],"wp:attachment":[{"href":"https:\/\/librairie7l.com\/en\/wp-json\/wp\/v2\/media?parent=55459"}],"wp:term":[{"taxonomy":"product_cat","embeddable":true,"href":"https:\/\/librairie7l.com\/en\/wp-json\/wp\/v2\/product_cat?post=55459"},{"taxonomy":"product_tag","embeddable":true,"href":"https:\/\/librairie7l.com\/en\/wp-json\/wp\/v2\/product_tag?post=55459"}],"curies":[{"name":"wp","href":"https:\/\/api.w.org\/{rel}","templated":true}]}}