{"id":55530,"date":"2026-03-04T10:16:24","date_gmt":"2026-03-04T09:16:24","guid":{"rendered":"https:\/\/librairie7l.com\/?post_type=product&#038;p=55530"},"modified":"2026-04-20T08:35:33","modified_gmt":"2026-04-20T06:35:33","slug":"just-kids-2","status":"publish","type":"product","link":"https:\/\/librairie7l.com\/en\/produit\/just-kids-2\/","title":{"rendered":"JUST KIDS"},"content":{"rendered":"<p>J&#8217;avais vingt ans quand je suis mont\u00e9e dans le bus. Je portais ma salopette, un col roul\u00e9 noir, et le vieil imper gris que j&#8217;avais achet\u00e9 \u00e0 Camden. Ma petite valise \u00e9cossaise rouge et jaune contenait quelques crayons de couleur, un carnet, les Illuminations, quelques fringues, et des photos de mon fr\u00e8re et de mes soeurs. J&#8217;\u00e9tais superstitieuse. Nous \u00e9tions un lundi ; j&#8217;\u00e9tais n\u00e9e un lundi. C&#8217;\u00e9tait un bon jour pour arriver \u00e0 New York City. Personne ne m&#8217;attendait. Tout m&#8217;attendait. \u00bb P. S.<\/p>\n<p>Les jeunes Patti Smith et Robert Mapplethorpe se rencontrent par hasard \u00e0 New York \u00e0 la fin des ann\u00e9es 1960. &#8220;Just Kids&#8221;, roman d&#8217;initiation boh\u00e8me, retrace les d\u00e9buts de ces enfants terribles, jusqu&#8217;au moment o\u00f9 la chanteuse enregistre son premier album, &#8220;Horses&#8221;, et voit d\u00e9coller sa carri\u00e8re. Cette \u00e9pop\u00e9e mythique, histoire d&#8217;amour et d&#8217;amiti\u00e9, qui s&#8217;ouvre et s&#8217;ach\u00e8ve avec la mort du photographe, immortalise les instants incandescents d&#8217;une p\u00e9riode d\u00e9cisive dans ces deux vies d&#8217;artistes et dans l&#8217;histoire de la musique am\u00e9ricaine.<\/p>\n","protected":false},"excerpt":{"rendered":"<p>J&#8217;avais vingt ans quand je suis mont\u00e9e dans le bus. Je portais ma salopette, un col roul\u00e9 noir, et le vieil imper gris que j&#8217;avais achet\u00e9 \u00e0 Camden. Ma petite valise \u00e9cossaise rouge et jaune contenait quelques crayons de couleur, un carnet, les Illuminations, quelques fringues, et des photos de mon fr\u00e8re et de mes [&hellip;]<\/p>\n","protected":false},"featured_media":55528,"template":"","meta":[],"product_cat":[2948],"product_tag":[],"acf":[],"yoast_head":"<!-- This site is optimized with the Yoast SEO plugin v20.11 - https:\/\/yoast.com\/wordpress\/plugins\/seo\/ -->\n<title>Just Kids - Librairie 7L<\/title>\n<meta name=\"robots\" content=\"index, follow, max-snippet:-1, max-image-preview:large, max-video-preview:-1\" \/>\n<link rel=\"canonical\" href=\"https:\/\/librairie7l.com\/en\/produit\/just-kids-2\/\" \/>\n<meta property=\"og:locale\" content=\"en_US\" \/>\n<meta property=\"og:type\" content=\"article\" \/>\n<meta property=\"og:title\" content=\"Just Kids - Librairie 7L\" \/>\n<meta property=\"og:description\" content=\"J&#8217;avais vingt ans quand je suis mont\u00e9e dans le bus. Je portais ma salopette, un col roul\u00e9 noir, et le vieil imper gris que j&#8217;avais achet\u00e9 \u00e0 Camden. Ma petite valise \u00e9cossaise rouge et jaune contenait quelques crayons de couleur, un carnet, les Illuminations, quelques fringues, et des photos de mon fr\u00e8re et de mes [&hellip;]\" \/>\n<meta property=\"og:url\" content=\"https:\/\/librairie7l.com\/en\/produit\/just-kids-2\/\" \/>\n<meta property=\"og:site_name\" content=\"Librairie 7L\" \/>\n<meta property=\"article:modified_time\" content=\"2026-04-20T06:35:33+00:00\" \/>\n<meta property=\"og:image\" content=\"https:\/\/librairie7l.com\/wp-content\/uploads\/2018\/05\/3328140023695_1_75.jpg\" \/>\n\t<meta property=\"og:image:width\" content=\"600\" \/>\n\t<meta property=\"og:image:height\" content=\"806\" \/>\n\t<meta property=\"og:image:type\" content=\"image\/jpeg\" \/>\n<meta name=\"twitter:card\" content=\"summary_large_image\" \/>\n<meta name=\"twitter:label1\" content=\"Est. reading time\" \/>\n\t<meta name=\"twitter:data1\" content=\"1 minute\" \/>\n<script type=\"application\/ld+json\" class=\"yoast-schema-graph\">{\"@context\":\"https:\/\/schema.org\",\"@graph\":[{\"@type\":\"WebPage\",\"@id\":\"https:\/\/librairie7l.com\/en\/produit\/just-kids-2\/\",\"url\":\"https:\/\/librairie7l.com\/en\/produit\/just-kids-2\/\",\"name\":\"Just Kids - Librairie 7L\",\"isPartOf\":{\"@id\":\"https:\/\/librairie7l.com\/en\/#website\"},\"datePublished\":\"2026-03-04T09:16:24+00:00\",\"dateModified\":\"2026-04-20T06:35:33+00:00\",\"breadcrumb\":{\"@id\":\"https:\/\/librairie7l.com\/en\/produit\/just-kids-2\/#breadcrumb\"},\"inLanguage\":\"en-US\",\"potentialAction\":[{\"@type\":\"ReadAction\",\"target\":[\"https:\/\/librairie7l.com\/en\/produit\/just-kids-2\/\"]}]},{\"@type\":\"BreadcrumbList\",\"@id\":\"https:\/\/librairie7l.com\/en\/produit\/just-kids-2\/#breadcrumb\",\"itemListElement\":[{\"@type\":\"ListItem\",\"position\":1,\"name\":\"Accueil\",\"item\":\"https:\/\/librairie7l.com\/en\/\"},{\"@type\":\"ListItem\",\"position\":2,\"name\":\"Shop\",\"item\":\"https:\/\/librairie7l.com\/en\/shop\/\"},{\"@type\":\"ListItem\",\"position\":3,\"name\":\"JUST KIDS\"}]},{\"@type\":\"WebSite\",\"@id\":\"https:\/\/librairie7l.com\/en\/#website\",\"url\":\"https:\/\/librairie7l.com\/en\/\",\"name\":\"Librairie 7L\",\"description\":\"Librairie fond\u00e9e en 1999 par Karl Lagerfeld \u00e0 Paris\",\"publisher\":{\"@id\":\"https:\/\/librairie7l.com\/en\/#organization\"},\"potentialAction\":[{\"@type\":\"SearchAction\",\"target\":{\"@type\":\"EntryPoint\",\"urlTemplate\":\"https:\/\/librairie7l.com\/en\/?s={search_term_string}\"},\"query-input\":\"required name=search_term_string\"}],\"inLanguage\":\"en-US\"},{\"@type\":\"Organization\",\"@id\":\"https:\/\/librairie7l.com\/en\/#organization\",\"name\":\"Librairie 7L\",\"url\":\"https:\/\/librairie7l.com\/en\/\",\"logo\":{\"@type\":\"ImageObject\",\"inLanguage\":\"en-US\",\"@id\":\"https:\/\/librairie7l.com\/en\/#\/schema\/logo\/image\/\",\"url\":\"https:\/\/librairie7l.com\/wp-content\/uploads\/2022\/08\/logo-1.png\",\"contentUrl\":\"https:\/\/librairie7l.com\/wp-content\/uploads\/2022\/08\/logo-1.png\",\"width\":227,\"height\":301,\"caption\":\"Librairie 7L\"},\"image\":{\"@id\":\"https:\/\/librairie7l.com\/en\/#\/schema\/logo\/image\/\"}}]}<\/script>\n<!-- \/ Yoast SEO plugin. -->","yoast_head_json":{"title":"Just Kids - Librairie 7L","robots":{"index":"index","follow":"follow","max-snippet":"max-snippet:-1","max-image-preview":"max-image-preview:large","max-video-preview":"max-video-preview:-1"},"canonical":"https:\/\/librairie7l.com\/en\/produit\/just-kids-2\/","og_locale":"en_US","og_type":"article","og_title":"Just Kids - Librairie 7L","og_description":"J&#8217;avais vingt ans quand je suis mont\u00e9e dans le bus. Je portais ma salopette, un col roul\u00e9 noir, et le vieil imper gris que j&#8217;avais achet\u00e9 \u00e0 Camden. Ma petite valise \u00e9cossaise rouge et jaune contenait quelques crayons de couleur, un carnet, les Illuminations, quelques fringues, et des photos de mon fr\u00e8re et de mes [&hellip;]","og_url":"https:\/\/librairie7l.com\/en\/produit\/just-kids-2\/","og_site_name":"Librairie 7L","article_modified_time":"2026-04-20T06:35:33+00:00","og_image":[{"width":600,"height":806,"url":"https:\/\/librairie7l.com\/wp-content\/uploads\/2018\/05\/3328140023695_1_75.jpg","type":"image\/jpeg"}],"twitter_card":"summary_large_image","twitter_misc":{"Est. reading time":"1 minute"},"schema":{"@context":"https:\/\/schema.org","@graph":[{"@type":"WebPage","@id":"https:\/\/librairie7l.com\/en\/produit\/just-kids-2\/","url":"https:\/\/librairie7l.com\/en\/produit\/just-kids-2\/","name":"Just Kids - Librairie 7L","isPartOf":{"@id":"https:\/\/librairie7l.com\/en\/#website"},"datePublished":"2026-03-04T09:16:24+00:00","dateModified":"2026-04-20T06:35:33+00:00","breadcrumb":{"@id":"https:\/\/librairie7l.com\/en\/produit\/just-kids-2\/#breadcrumb"},"inLanguage":"en-US","potentialAction":[{"@type":"ReadAction","target":["https:\/\/librairie7l.com\/en\/produit\/just-kids-2\/"]}]},{"@type":"BreadcrumbList","@id":"https:\/\/librairie7l.com\/en\/produit\/just-kids-2\/#breadcrumb","itemListElement":[{"@type":"ListItem","position":1,"name":"Accueil","item":"https:\/\/librairie7l.com\/en\/"},{"@type":"ListItem","position":2,"name":"Shop","item":"https:\/\/librairie7l.com\/en\/shop\/"},{"@type":"ListItem","position":3,"name":"JUST KIDS"}]},{"@type":"WebSite","@id":"https:\/\/librairie7l.com\/en\/#website","url":"https:\/\/librairie7l.com\/en\/","name":"Librairie 7L","description":"Librairie fond\u00e9e en 1999 par Karl Lagerfeld \u00e0 Paris","publisher":{"@id":"https:\/\/librairie7l.com\/en\/#organization"},"potentialAction":[{"@type":"SearchAction","target":{"@type":"EntryPoint","urlTemplate":"https:\/\/librairie7l.com\/en\/?s={search_term_string}"},"query-input":"required name=search_term_string"}],"inLanguage":"en-US"},{"@type":"Organization","@id":"https:\/\/librairie7l.com\/en\/#organization","name":"Librairie 7L","url":"https:\/\/librairie7l.com\/en\/","logo":{"@type":"ImageObject","inLanguage":"en-US","@id":"https:\/\/librairie7l.com\/en\/#\/schema\/logo\/image\/","url":"https:\/\/librairie7l.com\/wp-content\/uploads\/2022\/08\/logo-1.png","contentUrl":"https:\/\/librairie7l.com\/wp-content\/uploads\/2022\/08\/logo-1.png","width":227,"height":301,"caption":"Librairie 7L"},"image":{"@id":"https:\/\/librairie7l.com\/en\/#\/schema\/logo\/image\/"}}]}},"_links":{"self":[{"href":"https:\/\/librairie7l.com\/en\/wp-json\/wp\/v2\/product\/55530"}],"collection":[{"href":"https:\/\/librairie7l.com\/en\/wp-json\/wp\/v2\/product"}],"about":[{"href":"https:\/\/librairie7l.com\/en\/wp-json\/wp\/v2\/types\/product"}],"wp:featuredmedia":[{"embeddable":true,"href":"https:\/\/librairie7l.com\/en\/wp-json\/wp\/v2\/media\/55528"}],"wp:attachment":[{"href":"https:\/\/librairie7l.com\/en\/wp-json\/wp\/v2\/media?parent=55530"}],"wp:term":[{"taxonomy":"product_cat","embeddable":true,"href":"https:\/\/librairie7l.com\/en\/wp-json\/wp\/v2\/product_cat?post=55530"},{"taxonomy":"product_tag","embeddable":true,"href":"https:\/\/librairie7l.com\/en\/wp-json\/wp\/v2\/product_tag?post=55530"}],"curies":[{"name":"wp","href":"https:\/\/api.w.org\/{rel}","templated":true}]}}