{"id":55544,"date":"2026-03-05T10:16:20","date_gmt":"2026-03-05T09:16:20","guid":{"rendered":"https:\/\/librairie7l.com\/?post_type=product&#038;p=55544"},"modified":"2026-04-20T08:35:19","modified_gmt":"2026-04-20T06:35:19","slug":"une-journee-particuliere-a-paris-au-xviiie-siecle-2","status":"publish","type":"product","link":"https:\/\/librairie7l.com\/en\/produit\/une-journee-particuliere-a-paris-au-xviiie-siecle-2\/","title":{"rendered":"UNE JOURN\u00c9E PARTICULI\u00c8RE \u00c0 PARIS AU XVIIIE SI\u00c8CLE"},"content":{"rendered":"<p>Du 16 f\u00e9vrier au 5 juillet 2026, le mus\u00e9e des Arts d\u00e9coratifs nous invite \u00e0 plonger au coeur de l&#8217;intimit\u00e9 d&#8217;une demeure aristocratique du XVIIIe si\u00e8cle, gr\u00e2ce \u00e0 une exposition immersive intitul\u00e9e \u00ab Une journ\u00e9e \u00e0 Paris au XVIIIe si\u00e8cle \u00bb (titre non d\u00e9finitif). Riche de plus de 500 pi\u00e8ces originales issues principalement des collections du mus\u00e9e dans toute leur diversit\u00e9 &#8211; boiseries, mobilier, c\u00e9ramique, orf\u00e8vrerie, peinture, sculpture, arts graphiques, textiles et mode, jouets, bijoux, verres, papiers peints, etc. -, elle se propose de redonner vie \u00e0 un univers fait de raffinement et de commodit\u00e9. Les occupations quotidiennes des habitants de la demeure, ma\u00eetres, domestiques et animaux familiers, sont appr\u00e9hend\u00e9es sur la dur\u00e9e d&#8217;une journ\u00e9e, du lever au coucher, chaque pi\u00e8ce de l&#8217;h\u00f4tel particulier \u00e9tant associ\u00e9e \u00e0 un moment pr\u00e9cis.<br \/>\nLe catalogue de l&#8217;exposition en reprend le parcours. Apr\u00e8s un essai plantant le d\u00e9cor de cette journ\u00e9e particuli\u00e8re se succ\u00e8dent 180 notices scientifiques nourries, chaque partie de l&#8217;exposition \u00e9tant introduite par un extrait d&#8217;une oeuvre litt\u00e9raire du XVIIIe si\u00e8cle. De la toilette du matin aux jeux du soir en \u00e9l\u00e9gante compagnie, en passant par la magnificence d&#8217;un d\u00eener \u00e0 la fran\u00e7aise, les doux accords d&#8217;un concert de musique au salon ou les plaisirs de la conversation au gr\u00e9 d&#8217;une promenade dans le jardin, l&#8217;ouvrage devient le guide d&#8217;un voyage dans le temps.<br \/>\nUne iconographie compos\u00e9e de 250 illustrations accompagne ces notices.<\/p>\n","protected":false},"excerpt":{"rendered":"<p>Du 16 f\u00e9vrier au 5 juillet 2026, le mus\u00e9e des Arts d\u00e9coratifs nous invite \u00e0 plonger au coeur de l&#8217;intimit\u00e9 d&#8217;une demeure aristocratique du XVIIIe si\u00e8cle, gr\u00e2ce \u00e0 une exposition immersive intitul\u00e9e \u00ab Une journ\u00e9e \u00e0 Paris au XVIIIe si\u00e8cle \u00bb (titre non d\u00e9finitif). Riche de plus de 500 pi\u00e8ces originales issues principalement des collections [&hellip;]<\/p>\n","protected":false},"featured_media":55934,"template":"","meta":[],"product_cat":[2948],"product_tag":[],"acf":[],"yoast_head":"<!-- This site is optimized with the Yoast SEO plugin v20.11 - https:\/\/yoast.com\/wordpress\/plugins\/seo\/ -->\n<title>Une journ\u00e9e particuli\u00e8re \u00e0 Paris au XVIIIe si\u00e8cle - Librairie 7L<\/title>\n<meta name=\"robots\" content=\"index, follow, max-snippet:-1, max-image-preview:large, max-video-preview:-1\" \/>\n<link rel=\"canonical\" href=\"https:\/\/librairie7l.com\/en\/produit\/une-journee-particuliere-a-paris-au-xviiie-siecle-2\/\" \/>\n<meta property=\"og:locale\" content=\"en_US\" \/>\n<meta property=\"og:type\" content=\"article\" \/>\n<meta property=\"og:title\" content=\"Une journ\u00e9e particuli\u00e8re \u00e0 Paris au XVIIIe si\u00e8cle - Librairie 7L\" \/>\n<meta property=\"og:description\" content=\"Du 16 f\u00e9vrier au 5 juillet 2026, le mus\u00e9e des Arts d\u00e9coratifs nous invite \u00e0 plonger au coeur de l&#8217;intimit\u00e9 d&#8217;une demeure aristocratique du XVIIIe si\u00e8cle, gr\u00e2ce \u00e0 une exposition immersive intitul\u00e9e \u00ab Une journ\u00e9e \u00e0 Paris au XVIIIe si\u00e8cle \u00bb (titre non d\u00e9finitif). Riche de plus de 500 pi\u00e8ces originales issues principalement des collections [&hellip;]\" \/>\n<meta property=\"og:url\" content=\"https:\/\/librairie7l.com\/en\/produit\/une-journee-particuliere-a-paris-au-xviiie-siecle-2\/\" \/>\n<meta property=\"og:site_name\" content=\"Librairie 7L\" \/>\n<meta property=\"article:modified_time\" content=\"2026-04-20T06:35:19+00:00\" \/>\n<meta name=\"twitter:card\" content=\"summary_large_image\" \/>\n<meta name=\"twitter:label1\" content=\"Est. reading time\" \/>\n\t<meta name=\"twitter:data1\" content=\"1 minute\" \/>\n<script type=\"application\/ld+json\" class=\"yoast-schema-graph\">{\"@context\":\"https:\/\/schema.org\",\"@graph\":[{\"@type\":\"WebPage\",\"@id\":\"https:\/\/librairie7l.com\/en\/produit\/une-journee-particuliere-a-paris-au-xviiie-siecle-2\/\",\"url\":\"https:\/\/librairie7l.com\/en\/produit\/une-journee-particuliere-a-paris-au-xviiie-siecle-2\/\",\"name\":\"Une journ\u00e9e particuli\u00e8re \u00e0 Paris au XVIIIe si\u00e8cle - Librairie 7L\",\"isPartOf\":{\"@id\":\"https:\/\/librairie7l.com\/en\/#website\"},\"datePublished\":\"2026-03-05T09:16:20+00:00\",\"dateModified\":\"2026-04-20T06:35:19+00:00\",\"breadcrumb\":{\"@id\":\"https:\/\/librairie7l.com\/en\/produit\/une-journee-particuliere-a-paris-au-xviiie-siecle-2\/#breadcrumb\"},\"inLanguage\":\"en-US\",\"potentialAction\":[{\"@type\":\"ReadAction\",\"target\":[\"https:\/\/librairie7l.com\/en\/produit\/une-journee-particuliere-a-paris-au-xviiie-siecle-2\/\"]}]},{\"@type\":\"BreadcrumbList\",\"@id\":\"https:\/\/librairie7l.com\/en\/produit\/une-journee-particuliere-a-paris-au-xviiie-siecle-2\/#breadcrumb\",\"itemListElement\":[{\"@type\":\"ListItem\",\"position\":1,\"name\":\"Accueil\",\"item\":\"https:\/\/librairie7l.com\/en\/\"},{\"@type\":\"ListItem\",\"position\":2,\"name\":\"Shop\",\"item\":\"https:\/\/librairie7l.com\/en\/shop\/\"},{\"@type\":\"ListItem\",\"position\":3,\"name\":\"UNE JOURN\u00c9E PARTICULI\u00c8RE \u00c0 PARIS AU XVIIIE SI\u00c8CLE\"}]},{\"@type\":\"WebSite\",\"@id\":\"https:\/\/librairie7l.com\/en\/#website\",\"url\":\"https:\/\/librairie7l.com\/en\/\",\"name\":\"Librairie 7L\",\"description\":\"Librairie fond\u00e9e en 1999 par Karl Lagerfeld \u00e0 Paris\",\"publisher\":{\"@id\":\"https:\/\/librairie7l.com\/en\/#organization\"},\"potentialAction\":[{\"@type\":\"SearchAction\",\"target\":{\"@type\":\"EntryPoint\",\"urlTemplate\":\"https:\/\/librairie7l.com\/en\/?s={search_term_string}\"},\"query-input\":\"required name=search_term_string\"}],\"inLanguage\":\"en-US\"},{\"@type\":\"Organization\",\"@id\":\"https:\/\/librairie7l.com\/en\/#organization\",\"name\":\"Librairie 7L\",\"url\":\"https:\/\/librairie7l.com\/en\/\",\"logo\":{\"@type\":\"ImageObject\",\"inLanguage\":\"en-US\",\"@id\":\"https:\/\/librairie7l.com\/en\/#\/schema\/logo\/image\/\",\"url\":\"https:\/\/librairie7l.com\/wp-content\/uploads\/2022\/08\/logo-1.png\",\"contentUrl\":\"https:\/\/librairie7l.com\/wp-content\/uploads\/2022\/08\/logo-1.png\",\"width\":227,\"height\":301,\"caption\":\"Librairie 7L\"},\"image\":{\"@id\":\"https:\/\/librairie7l.com\/en\/#\/schema\/logo\/image\/\"}}]}<\/script>\n<!-- \/ Yoast SEO plugin. -->","yoast_head_json":{"title":"Une journ\u00e9e particuli\u00e8re \u00e0 Paris au XVIIIe si\u00e8cle - Librairie 7L","robots":{"index":"index","follow":"follow","max-snippet":"max-snippet:-1","max-image-preview":"max-image-preview:large","max-video-preview":"max-video-preview:-1"},"canonical":"https:\/\/librairie7l.com\/en\/produit\/une-journee-particuliere-a-paris-au-xviiie-siecle-2\/","og_locale":"en_US","og_type":"article","og_title":"Une journ\u00e9e particuli\u00e8re \u00e0 Paris au XVIIIe si\u00e8cle - Librairie 7L","og_description":"Du 16 f\u00e9vrier au 5 juillet 2026, le mus\u00e9e des Arts d\u00e9coratifs nous invite \u00e0 plonger au coeur de l&#8217;intimit\u00e9 d&#8217;une demeure aristocratique du XVIIIe si\u00e8cle, gr\u00e2ce \u00e0 une exposition immersive intitul\u00e9e \u00ab Une journ\u00e9e \u00e0 Paris au XVIIIe si\u00e8cle \u00bb (titre non d\u00e9finitif). Riche de plus de 500 pi\u00e8ces originales issues principalement des collections [&hellip;]","og_url":"https:\/\/librairie7l.com\/en\/produit\/une-journee-particuliere-a-paris-au-xviiie-siecle-2\/","og_site_name":"Librairie 7L","article_modified_time":"2026-04-20T06:35:19+00:00","twitter_card":"summary_large_image","twitter_misc":{"Est. reading time":"1 minute"},"schema":{"@context":"https:\/\/schema.org","@graph":[{"@type":"WebPage","@id":"https:\/\/librairie7l.com\/en\/produit\/une-journee-particuliere-a-paris-au-xviiie-siecle-2\/","url":"https:\/\/librairie7l.com\/en\/produit\/une-journee-particuliere-a-paris-au-xviiie-siecle-2\/","name":"Une journ\u00e9e particuli\u00e8re \u00e0 Paris au XVIIIe si\u00e8cle - Librairie 7L","isPartOf":{"@id":"https:\/\/librairie7l.com\/en\/#website"},"datePublished":"2026-03-05T09:16:20+00:00","dateModified":"2026-04-20T06:35:19+00:00","breadcrumb":{"@id":"https:\/\/librairie7l.com\/en\/produit\/une-journee-particuliere-a-paris-au-xviiie-siecle-2\/#breadcrumb"},"inLanguage":"en-US","potentialAction":[{"@type":"ReadAction","target":["https:\/\/librairie7l.com\/en\/produit\/une-journee-particuliere-a-paris-au-xviiie-siecle-2\/"]}]},{"@type":"BreadcrumbList","@id":"https:\/\/librairie7l.com\/en\/produit\/une-journee-particuliere-a-paris-au-xviiie-siecle-2\/#breadcrumb","itemListElement":[{"@type":"ListItem","position":1,"name":"Accueil","item":"https:\/\/librairie7l.com\/en\/"},{"@type":"ListItem","position":2,"name":"Shop","item":"https:\/\/librairie7l.com\/en\/shop\/"},{"@type":"ListItem","position":3,"name":"UNE JOURN\u00c9E PARTICULI\u00c8RE \u00c0 PARIS AU XVIIIE SI\u00c8CLE"}]},{"@type":"WebSite","@id":"https:\/\/librairie7l.com\/en\/#website","url":"https:\/\/librairie7l.com\/en\/","name":"Librairie 7L","description":"Librairie fond\u00e9e en 1999 par Karl Lagerfeld \u00e0 Paris","publisher":{"@id":"https:\/\/librairie7l.com\/en\/#organization"},"potentialAction":[{"@type":"SearchAction","target":{"@type":"EntryPoint","urlTemplate":"https:\/\/librairie7l.com\/en\/?s={search_term_string}"},"query-input":"required name=search_term_string"}],"inLanguage":"en-US"},{"@type":"Organization","@id":"https:\/\/librairie7l.com\/en\/#organization","name":"Librairie 7L","url":"https:\/\/librairie7l.com\/en\/","logo":{"@type":"ImageObject","inLanguage":"en-US","@id":"https:\/\/librairie7l.com\/en\/#\/schema\/logo\/image\/","url":"https:\/\/librairie7l.com\/wp-content\/uploads\/2022\/08\/logo-1.png","contentUrl":"https:\/\/librairie7l.com\/wp-content\/uploads\/2022\/08\/logo-1.png","width":227,"height":301,"caption":"Librairie 7L"},"image":{"@id":"https:\/\/librairie7l.com\/en\/#\/schema\/logo\/image\/"}}]}},"_links":{"self":[{"href":"https:\/\/librairie7l.com\/en\/wp-json\/wp\/v2\/product\/55544"}],"collection":[{"href":"https:\/\/librairie7l.com\/en\/wp-json\/wp\/v2\/product"}],"about":[{"href":"https:\/\/librairie7l.com\/en\/wp-json\/wp\/v2\/types\/product"}],"wp:featuredmedia":[{"embeddable":true,"href":"https:\/\/librairie7l.com\/en\/wp-json\/wp\/v2\/media\/55934"}],"wp:attachment":[{"href":"https:\/\/librairie7l.com\/en\/wp-json\/wp\/v2\/media?parent=55544"}],"wp:term":[{"taxonomy":"product_cat","embeddable":true,"href":"https:\/\/librairie7l.com\/en\/wp-json\/wp\/v2\/product_cat?post=55544"},{"taxonomy":"product_tag","embeddable":true,"href":"https:\/\/librairie7l.com\/en\/wp-json\/wp\/v2\/product_tag?post=55544"}],"curies":[{"name":"wp","href":"https:\/\/api.w.org\/{rel}","templated":true}]}}