{"id":55640,"date":"2026-03-10T18:37:23","date_gmt":"2026-03-10T17:37:23","guid":{"rendered":"https:\/\/librairie7l.com\/?post_type=product&#038;p=55640"},"modified":"2026-05-01T11:28:43","modified_gmt":"2026-05-01T09:28:43","slug":"james-tower-ceramics-sculptures-drawings-2","status":"publish","type":"product","link":"https:\/\/librairie7l.com\/en\/produit\/james-tower-ceramics-sculptures-drawings-2\/","title":{"rendered":"JAMES TOWER CERAMICS SCULPTURES DRAWINGS"},"content":{"rendered":"<p>James Tower (1919-1988) est surtout connu pour ses formes \u00e9l\u00e9gantes en fa\u00efence \u00e9maill\u00e9e. Au cours d&#8217;une carri\u00e8re s&#8217;\u00e9talant sur quatre d\u00e9cennies, des ann\u00e9es 1950 aux ann\u00e9es 1980, il a travaill\u00e9 sans cesse dans une grande vari\u00e9t\u00e9 de m\u00e9dias pour parvenir \u00e0 une harmonie insaisissable de forme et de surface. Ce volume examine l&#8217;ensemble de la production de Tower \u00e0 partir d&#8217;une grande vari\u00e9t\u00e9 de peintures, dessins, et sculptures en bronze, terre cuite et fibre de verre. Des contributions de nombreux critiques et historiens abordent son travail, situ\u00e9 \u00e0 la jonction de l&#8217;art, de l&#8217;artisanat et du design, dans un large contexte historique et culturel, \u00e9clairant des \u00e9pisodes cl\u00e9 de l&#8217;art britannique d&#8217;apr\u00e8s-guerre et la place unique de Tower en son sein.<\/p>\n","protected":false},"excerpt":{"rendered":"<p>James Tower (1919-1988) est surtout connu pour ses formes \u00e9l\u00e9gantes en fa\u00efence \u00e9maill\u00e9e. Au cours d&#8217;une carri\u00e8re s&#8217;\u00e9talant sur quatre d\u00e9cennies, des ann\u00e9es 1950 aux ann\u00e9es 1980, il a travaill\u00e9 sans cesse dans une grande vari\u00e9t\u00e9 de m\u00e9dias pour parvenir \u00e0 une harmonie insaisissable de forme et de surface. Ce volume examine l&#8217;ensemble de la [&hellip;]<\/p>\n","protected":false},"featured_media":55638,"template":"","meta":[],"product_cat":[7364,2948],"product_tag":[],"acf":[],"yoast_head":"<!-- This site is optimized with the Yoast SEO plugin v20.11 - https:\/\/yoast.com\/wordpress\/plugins\/seo\/ -->\n<title>James tower ceramics sculptures drawings - Librairie 7L<\/title>\n<meta name=\"robots\" content=\"index, follow, max-snippet:-1, max-image-preview:large, max-video-preview:-1\" \/>\n<link rel=\"canonical\" href=\"https:\/\/librairie7l.com\/en\/produit\/james-tower-ceramics-sculptures-drawings-2\/\" \/>\n<meta property=\"og:locale\" content=\"en_US\" \/>\n<meta property=\"og:type\" content=\"article\" \/>\n<meta property=\"og:title\" content=\"James tower ceramics sculptures drawings - Librairie 7L\" \/>\n<meta property=\"og:description\" content=\"James Tower (1919-1988) est surtout connu pour ses formes \u00e9l\u00e9gantes en fa\u00efence \u00e9maill\u00e9e. Au cours d&#8217;une carri\u00e8re s&#8217;\u00e9talant sur quatre d\u00e9cennies, des ann\u00e9es 1950 aux ann\u00e9es 1980, il a travaill\u00e9 sans cesse dans une grande vari\u00e9t\u00e9 de m\u00e9dias pour parvenir \u00e0 une harmonie insaisissable de forme et de surface. Ce volume examine l&#8217;ensemble de la [&hellip;]\" \/>\n<meta property=\"og:url\" content=\"https:\/\/librairie7l.com\/en\/produit\/james-tower-ceramics-sculptures-drawings-2\/\" \/>\n<meta property=\"og:site_name\" content=\"Librairie 7L\" \/>\n<meta property=\"article:modified_time\" content=\"2026-05-01T09:28:43+00:00\" \/>\n<meta property=\"og:image\" content=\"https:\/\/librairie7l.com\/wp-content\/uploads\/2019\/06\/9783897905702_1_75.jpg\" \/>\n\t<meta property=\"og:image:width\" content=\"600\" \/>\n\t<meta property=\"og:image:height\" content=\"730\" \/>\n\t<meta property=\"og:image:type\" content=\"image\/jpeg\" \/>\n<meta name=\"twitter:card\" content=\"summary_large_image\" \/>\n<meta name=\"twitter:label1\" content=\"Est. reading time\" \/>\n\t<meta name=\"twitter:data1\" content=\"1 minute\" \/>\n<script type=\"application\/ld+json\" class=\"yoast-schema-graph\">{\"@context\":\"https:\/\/schema.org\",\"@graph\":[{\"@type\":\"WebPage\",\"@id\":\"https:\/\/librairie7l.com\/en\/produit\/james-tower-ceramics-sculptures-drawings-2\/\",\"url\":\"https:\/\/librairie7l.com\/en\/produit\/james-tower-ceramics-sculptures-drawings-2\/\",\"name\":\"James tower ceramics sculptures drawings - Librairie 7L\",\"isPartOf\":{\"@id\":\"https:\/\/librairie7l.com\/en\/#website\"},\"datePublished\":\"2026-03-10T17:37:23+00:00\",\"dateModified\":\"2026-05-01T09:28:43+00:00\",\"breadcrumb\":{\"@id\":\"https:\/\/librairie7l.com\/en\/produit\/james-tower-ceramics-sculptures-drawings-2\/#breadcrumb\"},\"inLanguage\":\"en-US\",\"potentialAction\":[{\"@type\":\"ReadAction\",\"target\":[\"https:\/\/librairie7l.com\/en\/produit\/james-tower-ceramics-sculptures-drawings-2\/\"]}]},{\"@type\":\"BreadcrumbList\",\"@id\":\"https:\/\/librairie7l.com\/en\/produit\/james-tower-ceramics-sculptures-drawings-2\/#breadcrumb\",\"itemListElement\":[{\"@type\":\"ListItem\",\"position\":1,\"name\":\"Accueil\",\"item\":\"https:\/\/librairie7l.com\/en\/\"},{\"@type\":\"ListItem\",\"position\":2,\"name\":\"Shop\",\"item\":\"https:\/\/librairie7l.com\/en\/shop\/\"},{\"@type\":\"ListItem\",\"position\":3,\"name\":\"JAMES TOWER CERAMICS SCULPTURES DRAWINGS\"}]},{\"@type\":\"WebSite\",\"@id\":\"https:\/\/librairie7l.com\/en\/#website\",\"url\":\"https:\/\/librairie7l.com\/en\/\",\"name\":\"Librairie 7L\",\"description\":\"Librairie fond\u00e9e en 1999 par Karl Lagerfeld \u00e0 Paris\",\"publisher\":{\"@id\":\"https:\/\/librairie7l.com\/en\/#organization\"},\"potentialAction\":[{\"@type\":\"SearchAction\",\"target\":{\"@type\":\"EntryPoint\",\"urlTemplate\":\"https:\/\/librairie7l.com\/en\/?s={search_term_string}\"},\"query-input\":\"required name=search_term_string\"}],\"inLanguage\":\"en-US\"},{\"@type\":\"Organization\",\"@id\":\"https:\/\/librairie7l.com\/en\/#organization\",\"name\":\"Librairie 7L\",\"url\":\"https:\/\/librairie7l.com\/en\/\",\"logo\":{\"@type\":\"ImageObject\",\"inLanguage\":\"en-US\",\"@id\":\"https:\/\/librairie7l.com\/en\/#\/schema\/logo\/image\/\",\"url\":\"https:\/\/librairie7l.com\/wp-content\/uploads\/2022\/08\/logo-1.png\",\"contentUrl\":\"https:\/\/librairie7l.com\/wp-content\/uploads\/2022\/08\/logo-1.png\",\"width\":227,\"height\":301,\"caption\":\"Librairie 7L\"},\"image\":{\"@id\":\"https:\/\/librairie7l.com\/en\/#\/schema\/logo\/image\/\"}}]}<\/script>\n<!-- \/ Yoast SEO plugin. -->","yoast_head_json":{"title":"James tower ceramics sculptures drawings - Librairie 7L","robots":{"index":"index","follow":"follow","max-snippet":"max-snippet:-1","max-image-preview":"max-image-preview:large","max-video-preview":"max-video-preview:-1"},"canonical":"https:\/\/librairie7l.com\/en\/produit\/james-tower-ceramics-sculptures-drawings-2\/","og_locale":"en_US","og_type":"article","og_title":"James tower ceramics sculptures drawings - Librairie 7L","og_description":"James Tower (1919-1988) est surtout connu pour ses formes \u00e9l\u00e9gantes en fa\u00efence \u00e9maill\u00e9e. Au cours d&#8217;une carri\u00e8re s&#8217;\u00e9talant sur quatre d\u00e9cennies, des ann\u00e9es 1950 aux ann\u00e9es 1980, il a travaill\u00e9 sans cesse dans une grande vari\u00e9t\u00e9 de m\u00e9dias pour parvenir \u00e0 une harmonie insaisissable de forme et de surface. Ce volume examine l&#8217;ensemble de la [&hellip;]","og_url":"https:\/\/librairie7l.com\/en\/produit\/james-tower-ceramics-sculptures-drawings-2\/","og_site_name":"Librairie 7L","article_modified_time":"2026-05-01T09:28:43+00:00","og_image":[{"width":600,"height":730,"url":"https:\/\/librairie7l.com\/wp-content\/uploads\/2019\/06\/9783897905702_1_75.jpg","type":"image\/jpeg"}],"twitter_card":"summary_large_image","twitter_misc":{"Est. reading time":"1 minute"},"schema":{"@context":"https:\/\/schema.org","@graph":[{"@type":"WebPage","@id":"https:\/\/librairie7l.com\/en\/produit\/james-tower-ceramics-sculptures-drawings-2\/","url":"https:\/\/librairie7l.com\/en\/produit\/james-tower-ceramics-sculptures-drawings-2\/","name":"James tower ceramics sculptures drawings - Librairie 7L","isPartOf":{"@id":"https:\/\/librairie7l.com\/en\/#website"},"datePublished":"2026-03-10T17:37:23+00:00","dateModified":"2026-05-01T09:28:43+00:00","breadcrumb":{"@id":"https:\/\/librairie7l.com\/en\/produit\/james-tower-ceramics-sculptures-drawings-2\/#breadcrumb"},"inLanguage":"en-US","potentialAction":[{"@type":"ReadAction","target":["https:\/\/librairie7l.com\/en\/produit\/james-tower-ceramics-sculptures-drawings-2\/"]}]},{"@type":"BreadcrumbList","@id":"https:\/\/librairie7l.com\/en\/produit\/james-tower-ceramics-sculptures-drawings-2\/#breadcrumb","itemListElement":[{"@type":"ListItem","position":1,"name":"Accueil","item":"https:\/\/librairie7l.com\/en\/"},{"@type":"ListItem","position":2,"name":"Shop","item":"https:\/\/librairie7l.com\/en\/shop\/"},{"@type":"ListItem","position":3,"name":"JAMES TOWER CERAMICS SCULPTURES DRAWINGS"}]},{"@type":"WebSite","@id":"https:\/\/librairie7l.com\/en\/#website","url":"https:\/\/librairie7l.com\/en\/","name":"Librairie 7L","description":"Librairie fond\u00e9e en 1999 par Karl Lagerfeld \u00e0 Paris","publisher":{"@id":"https:\/\/librairie7l.com\/en\/#organization"},"potentialAction":[{"@type":"SearchAction","target":{"@type":"EntryPoint","urlTemplate":"https:\/\/librairie7l.com\/en\/?s={search_term_string}"},"query-input":"required name=search_term_string"}],"inLanguage":"en-US"},{"@type":"Organization","@id":"https:\/\/librairie7l.com\/en\/#organization","name":"Librairie 7L","url":"https:\/\/librairie7l.com\/en\/","logo":{"@type":"ImageObject","inLanguage":"en-US","@id":"https:\/\/librairie7l.com\/en\/#\/schema\/logo\/image\/","url":"https:\/\/librairie7l.com\/wp-content\/uploads\/2022\/08\/logo-1.png","contentUrl":"https:\/\/librairie7l.com\/wp-content\/uploads\/2022\/08\/logo-1.png","width":227,"height":301,"caption":"Librairie 7L"},"image":{"@id":"https:\/\/librairie7l.com\/en\/#\/schema\/logo\/image\/"}}]}},"_links":{"self":[{"href":"https:\/\/librairie7l.com\/en\/wp-json\/wp\/v2\/product\/55640"}],"collection":[{"href":"https:\/\/librairie7l.com\/en\/wp-json\/wp\/v2\/product"}],"about":[{"href":"https:\/\/librairie7l.com\/en\/wp-json\/wp\/v2\/types\/product"}],"wp:featuredmedia":[{"embeddable":true,"href":"https:\/\/librairie7l.com\/en\/wp-json\/wp\/v2\/media\/55638"}],"wp:attachment":[{"href":"https:\/\/librairie7l.com\/en\/wp-json\/wp\/v2\/media?parent=55640"}],"wp:term":[{"taxonomy":"product_cat","embeddable":true,"href":"https:\/\/librairie7l.com\/en\/wp-json\/wp\/v2\/product_cat?post=55640"},{"taxonomy":"product_tag","embeddable":true,"href":"https:\/\/librairie7l.com\/en\/wp-json\/wp\/v2\/product_tag?post=55640"}],"curies":[{"name":"wp","href":"https:\/\/api.w.org\/{rel}","templated":true}]}}