{"id":55644,"date":"2026-03-11T10:16:16","date_gmt":"2026-03-11T09:16:16","guid":{"rendered":"https:\/\/librairie7l.com\/?post_type=product&#038;p=55644"},"modified":"2026-05-01T07:48:24","modified_gmt":"2026-05-01T05:48:24","slug":"carlo-scarpa-le-message-de-la-structure-2","status":"publish","type":"product","link":"https:\/\/librairie7l.com\/en\/produit\/carlo-scarpa-le-message-de-la-structure-2\/","title":{"rendered":"CARLO SCARPA : LE MESSAGE DE LA STRUCTURE"},"content":{"rendered":"<p>Carlo Scarpa utilise les mat\u00e9riaux comme un artiste pour composer une oeuvre. Les mat\u00e9riaux utilis\u00e9s pour les \u00e9l\u00e9ments structurels des projets sont autant d\u00e9finis par des n\u00e9cessit\u00e9s pratiques que par des choix po\u00e9tiques toujours en ad\u00e9quation avec la fonction pour d\u00e9livrer en quelque sorte un message en rapport avec le projet, une signification tectonique, en jouant avec les correspondances de tous ordres.<\/p>\n<p>Carlo Scarpa met en sc\u00e8ne la structure par la r\u00e9v\u00e9lation de l&#8217;\u00e9quilibre en \u00e9laborant des dispositifs subtils, et cela \u00e0 toutes les \u00e9chelles, de la structure de l&#8217;\u00e9difice \u00e0 celle des structures d&#8217;exposition.<\/p>\n<p>La structure dans les oeuvres de Carlo Scarpa est toujours tr\u00e8s juste, bien proportionn\u00e9e, sans exc\u00e8s ni ajout inutile.<\/p>\n<p>Les d\u00e9tails n\u00e9cessaires \u00e0 sa construction sont aussi \u00e9tudi\u00e9s pour r\u00e9pondre aux besoins de l&#8217;expression architecturale, de la lecture du mouvement des yeux en quelque sorte. C&#8217;est ce travail discret et subtil que j&#8217;appelle \u00ab message \u00bb, car il d\u00e9pend de l&#8217;observateur et de sa sensibilit\u00e9, et que l&#8217;on peut qualifier de po\u00e9sie constructive. &#8211; Bruno Person &#8211; <\/p>\n","protected":false},"excerpt":{"rendered":"<p>Carlo Scarpa utilise les mat\u00e9riaux comme un artiste pour composer une oeuvre. Les mat\u00e9riaux utilis\u00e9s pour les \u00e9l\u00e9ments structurels des projets sont autant d\u00e9finis par des n\u00e9cessit\u00e9s pratiques que par des choix po\u00e9tiques toujours en ad\u00e9quation avec la fonction pour d\u00e9livrer en quelque sorte un message en rapport avec le projet, une signification tectonique, en [&hellip;]<\/p>\n","protected":false},"featured_media":55642,"template":"","meta":[],"product_cat":[2948],"product_tag":[],"acf":[],"yoast_head":"<!-- This site is optimized with the Yoast SEO plugin v20.11 - https:\/\/yoast.com\/wordpress\/plugins\/seo\/ -->\n<title>Carlo Scarpa : Le message de la structure - Librairie 7L<\/title>\n<meta name=\"robots\" content=\"index, follow, max-snippet:-1, max-image-preview:large, max-video-preview:-1\" \/>\n<link rel=\"canonical\" href=\"https:\/\/librairie7l.com\/en\/produit\/carlo-scarpa-le-message-de-la-structure-2\/\" \/>\n<meta property=\"og:locale\" content=\"en_US\" \/>\n<meta property=\"og:type\" content=\"article\" \/>\n<meta property=\"og:title\" content=\"Carlo Scarpa : Le message de la structure - Librairie 7L\" \/>\n<meta property=\"og:description\" content=\"Carlo Scarpa utilise les mat\u00e9riaux comme un artiste pour composer une oeuvre. Les mat\u00e9riaux utilis\u00e9s pour les \u00e9l\u00e9ments structurels des projets sont autant d\u00e9finis par des n\u00e9cessit\u00e9s pratiques que par des choix po\u00e9tiques toujours en ad\u00e9quation avec la fonction pour d\u00e9livrer en quelque sorte un message en rapport avec le projet, une signification tectonique, en [&hellip;]\" \/>\n<meta property=\"og:url\" content=\"https:\/\/librairie7l.com\/en\/produit\/carlo-scarpa-le-message-de-la-structure-2\/\" \/>\n<meta property=\"og:site_name\" content=\"Librairie 7L\" \/>\n<meta property=\"article:modified_time\" content=\"2026-05-01T05:48:24+00:00\" \/>\n<meta property=\"og:image\" content=\"https:\/\/librairie7l.com\/wp-content\/uploads\/2023\/12\/9788836656400_1_75.jpg\" \/>\n\t<meta property=\"og:image:width\" content=\"733\" \/>\n\t<meta property=\"og:image:height\" content=\"600\" \/>\n\t<meta property=\"og:image:type\" content=\"image\/jpeg\" \/>\n<meta name=\"twitter:card\" content=\"summary_large_image\" \/>\n<meta name=\"twitter:label1\" content=\"Est. reading time\" \/>\n\t<meta name=\"twitter:data1\" content=\"1 minute\" \/>\n<script type=\"application\/ld+json\" class=\"yoast-schema-graph\">{\"@context\":\"https:\/\/schema.org\",\"@graph\":[{\"@type\":\"WebPage\",\"@id\":\"https:\/\/librairie7l.com\/en\/produit\/carlo-scarpa-le-message-de-la-structure-2\/\",\"url\":\"https:\/\/librairie7l.com\/en\/produit\/carlo-scarpa-le-message-de-la-structure-2\/\",\"name\":\"Carlo Scarpa : Le message de la structure - Librairie 7L\",\"isPartOf\":{\"@id\":\"https:\/\/librairie7l.com\/en\/#website\"},\"datePublished\":\"2026-03-11T09:16:16+00:00\",\"dateModified\":\"2026-05-01T05:48:24+00:00\",\"breadcrumb\":{\"@id\":\"https:\/\/librairie7l.com\/en\/produit\/carlo-scarpa-le-message-de-la-structure-2\/#breadcrumb\"},\"inLanguage\":\"en-US\",\"potentialAction\":[{\"@type\":\"ReadAction\",\"target\":[\"https:\/\/librairie7l.com\/en\/produit\/carlo-scarpa-le-message-de-la-structure-2\/\"]}]},{\"@type\":\"BreadcrumbList\",\"@id\":\"https:\/\/librairie7l.com\/en\/produit\/carlo-scarpa-le-message-de-la-structure-2\/#breadcrumb\",\"itemListElement\":[{\"@type\":\"ListItem\",\"position\":1,\"name\":\"Accueil\",\"item\":\"https:\/\/librairie7l.com\/en\/\"},{\"@type\":\"ListItem\",\"position\":2,\"name\":\"Shop\",\"item\":\"https:\/\/librairie7l.com\/en\/shop\/\"},{\"@type\":\"ListItem\",\"position\":3,\"name\":\"CARLO SCARPA : LE MESSAGE DE LA STRUCTURE\"}]},{\"@type\":\"WebSite\",\"@id\":\"https:\/\/librairie7l.com\/en\/#website\",\"url\":\"https:\/\/librairie7l.com\/en\/\",\"name\":\"Librairie 7L\",\"description\":\"Librairie fond\u00e9e en 1999 par Karl Lagerfeld \u00e0 Paris\",\"publisher\":{\"@id\":\"https:\/\/librairie7l.com\/en\/#organization\"},\"potentialAction\":[{\"@type\":\"SearchAction\",\"target\":{\"@type\":\"EntryPoint\",\"urlTemplate\":\"https:\/\/librairie7l.com\/en\/?s={search_term_string}\"},\"query-input\":\"required name=search_term_string\"}],\"inLanguage\":\"en-US\"},{\"@type\":\"Organization\",\"@id\":\"https:\/\/librairie7l.com\/en\/#organization\",\"name\":\"Librairie 7L\",\"url\":\"https:\/\/librairie7l.com\/en\/\",\"logo\":{\"@type\":\"ImageObject\",\"inLanguage\":\"en-US\",\"@id\":\"https:\/\/librairie7l.com\/en\/#\/schema\/logo\/image\/\",\"url\":\"https:\/\/librairie7l.com\/wp-content\/uploads\/2022\/08\/logo-1.png\",\"contentUrl\":\"https:\/\/librairie7l.com\/wp-content\/uploads\/2022\/08\/logo-1.png\",\"width\":227,\"height\":301,\"caption\":\"Librairie 7L\"},\"image\":{\"@id\":\"https:\/\/librairie7l.com\/en\/#\/schema\/logo\/image\/\"}}]}<\/script>\n<!-- \/ Yoast SEO plugin. -->","yoast_head_json":{"title":"Carlo Scarpa : Le message de la structure - Librairie 7L","robots":{"index":"index","follow":"follow","max-snippet":"max-snippet:-1","max-image-preview":"max-image-preview:large","max-video-preview":"max-video-preview:-1"},"canonical":"https:\/\/librairie7l.com\/en\/produit\/carlo-scarpa-le-message-de-la-structure-2\/","og_locale":"en_US","og_type":"article","og_title":"Carlo Scarpa : Le message de la structure - Librairie 7L","og_description":"Carlo Scarpa utilise les mat\u00e9riaux comme un artiste pour composer une oeuvre. Les mat\u00e9riaux utilis\u00e9s pour les \u00e9l\u00e9ments structurels des projets sont autant d\u00e9finis par des n\u00e9cessit\u00e9s pratiques que par des choix po\u00e9tiques toujours en ad\u00e9quation avec la fonction pour d\u00e9livrer en quelque sorte un message en rapport avec le projet, une signification tectonique, en [&hellip;]","og_url":"https:\/\/librairie7l.com\/en\/produit\/carlo-scarpa-le-message-de-la-structure-2\/","og_site_name":"Librairie 7L","article_modified_time":"2026-05-01T05:48:24+00:00","og_image":[{"width":733,"height":600,"url":"https:\/\/librairie7l.com\/wp-content\/uploads\/2023\/12\/9788836656400_1_75.jpg","type":"image\/jpeg"}],"twitter_card":"summary_large_image","twitter_misc":{"Est. reading time":"1 minute"},"schema":{"@context":"https:\/\/schema.org","@graph":[{"@type":"WebPage","@id":"https:\/\/librairie7l.com\/en\/produit\/carlo-scarpa-le-message-de-la-structure-2\/","url":"https:\/\/librairie7l.com\/en\/produit\/carlo-scarpa-le-message-de-la-structure-2\/","name":"Carlo Scarpa : Le message de la structure - Librairie 7L","isPartOf":{"@id":"https:\/\/librairie7l.com\/en\/#website"},"datePublished":"2026-03-11T09:16:16+00:00","dateModified":"2026-05-01T05:48:24+00:00","breadcrumb":{"@id":"https:\/\/librairie7l.com\/en\/produit\/carlo-scarpa-le-message-de-la-structure-2\/#breadcrumb"},"inLanguage":"en-US","potentialAction":[{"@type":"ReadAction","target":["https:\/\/librairie7l.com\/en\/produit\/carlo-scarpa-le-message-de-la-structure-2\/"]}]},{"@type":"BreadcrumbList","@id":"https:\/\/librairie7l.com\/en\/produit\/carlo-scarpa-le-message-de-la-structure-2\/#breadcrumb","itemListElement":[{"@type":"ListItem","position":1,"name":"Accueil","item":"https:\/\/librairie7l.com\/en\/"},{"@type":"ListItem","position":2,"name":"Shop","item":"https:\/\/librairie7l.com\/en\/shop\/"},{"@type":"ListItem","position":3,"name":"CARLO SCARPA : LE MESSAGE DE LA STRUCTURE"}]},{"@type":"WebSite","@id":"https:\/\/librairie7l.com\/en\/#website","url":"https:\/\/librairie7l.com\/en\/","name":"Librairie 7L","description":"Librairie fond\u00e9e en 1999 par Karl Lagerfeld \u00e0 Paris","publisher":{"@id":"https:\/\/librairie7l.com\/en\/#organization"},"potentialAction":[{"@type":"SearchAction","target":{"@type":"EntryPoint","urlTemplate":"https:\/\/librairie7l.com\/en\/?s={search_term_string}"},"query-input":"required name=search_term_string"}],"inLanguage":"en-US"},{"@type":"Organization","@id":"https:\/\/librairie7l.com\/en\/#organization","name":"Librairie 7L","url":"https:\/\/librairie7l.com\/en\/","logo":{"@type":"ImageObject","inLanguage":"en-US","@id":"https:\/\/librairie7l.com\/en\/#\/schema\/logo\/image\/","url":"https:\/\/librairie7l.com\/wp-content\/uploads\/2022\/08\/logo-1.png","contentUrl":"https:\/\/librairie7l.com\/wp-content\/uploads\/2022\/08\/logo-1.png","width":227,"height":301,"caption":"Librairie 7L"},"image":{"@id":"https:\/\/librairie7l.com\/en\/#\/schema\/logo\/image\/"}}]}},"_links":{"self":[{"href":"https:\/\/librairie7l.com\/en\/wp-json\/wp\/v2\/product\/55644"}],"collection":[{"href":"https:\/\/librairie7l.com\/en\/wp-json\/wp\/v2\/product"}],"about":[{"href":"https:\/\/librairie7l.com\/en\/wp-json\/wp\/v2\/types\/product"}],"wp:featuredmedia":[{"embeddable":true,"href":"https:\/\/librairie7l.com\/en\/wp-json\/wp\/v2\/media\/55642"}],"wp:attachment":[{"href":"https:\/\/librairie7l.com\/en\/wp-json\/wp\/v2\/media?parent=55644"}],"wp:term":[{"taxonomy":"product_cat","embeddable":true,"href":"https:\/\/librairie7l.com\/en\/wp-json\/wp\/v2\/product_cat?post=55644"},{"taxonomy":"product_tag","embeddable":true,"href":"https:\/\/librairie7l.com\/en\/wp-json\/wp\/v2\/product_tag?post=55644"}],"curies":[{"name":"wp","href":"https:\/\/api.w.org\/{rel}","templated":true}]}}