{"id":55648,"date":"2026-03-11T10:16:19","date_gmt":"2026-03-11T09:16:19","guid":{"rendered":"https:\/\/librairie7l.com\/?post_type=product&#038;p=55648"},"modified":"2026-05-01T07:55:08","modified_gmt":"2026-05-01T05:55:08","slug":"arman-1975-2005-2","status":"publish","type":"product","link":"https:\/\/librairie7l.com\/en\/produit\/arman-1975-2005-2\/","title":{"rendered":"ARMAN 1975-2005"},"content":{"rendered":"<p>Arman 1975-2005, dirig\u00e9 par Chiara Spangaro et r\u00e9alis\u00e9 par le Studio Celant en collaboration avec les Arman Archives \u00e0 New York, pr\u00e9sente le travail de recherche et la production artistique des trente derni\u00e8res ann\u00e9es de la vie d&#8217;Arman.<br \/>\nL&#8217;ouvrage, qui suit et compl\u00e8te la monographie Arman 1954-1974 dirig\u00e9e par Germano Celant (2020), retrace le parcours professionnel et l&#8217;oeuvre de l&#8217;artiste franco-am\u00e9ricain au fil d&#8217;une narration in\u00e9dite qui analyse l&#8217;\u00e9volution de sa pratique et le renouvellement tenace des s\u00e9ries qu&#8217;il con\u00e7oit, comme New Accumulations, Shooting Colors, Dirty Painting, Atlantis, Accumulations de collections, Emersions et Sandwich Combos, pour n&#8217;en citer que quelques-unes.<\/p>\n<p>Apr\u00e8s une introduction de la directrice de l&#8217;ouvrage, le lecteur d\u00e9couvrira les contributions in\u00e9dites de C\u00e9cile Debray, de Rosemary O&#8217;Neill et de J\u00e9r\u00f4me Sans qui viennent approfondir, \u00e0 travers un regard critique contemporain, certains aspects particuliers du travail d&#8217;Arman tels que ses actions, son approche globale, son expansion monumentale ou encore l&#8217;influence de l&#8217;artiste sur les g\u00e9n\u00e9rations qui lui succ\u00e8dent. La monographie s&#8217;enrichit d&#8217;une chronologie illustr\u00e9e, consacr\u00e9e \u00e0 la vie professionnelle et personnelle d&#8217;Arman, qui met en lumi\u00e8re les \u00e9v\u00e9nements cr\u00e9atifs, les expositions et les oeuvres qui ont marqu\u00e9 les trente derni\u00e8res ann\u00e9es de son cheminement dans l&#8217;art, ainsi que leur destin critique, en les repla\u00e7ant dans leur contexte historique et artistique. Les annexes scientifiques compl\u00e8tent le volume.<\/p>\n","protected":false},"excerpt":{"rendered":"<p>Arman 1975-2005, dirig\u00e9 par Chiara Spangaro et r\u00e9alis\u00e9 par le Studio Celant en collaboration avec les Arman Archives \u00e0 New York, pr\u00e9sente le travail de recherche et la production artistique des trente derni\u00e8res ann\u00e9es de la vie d&#8217;Arman. L&#8217;ouvrage, qui suit et compl\u00e8te la monographie Arman 1954-1974 dirig\u00e9e par Germano Celant (2020), retrace le parcours [&hellip;]<\/p>\n","protected":false},"featured_media":55646,"template":"","meta":[],"product_cat":[2948],"product_tag":[],"acf":[],"yoast_head":"<!-- This site is optimized with the Yoast SEO plugin v20.11 - https:\/\/yoast.com\/wordpress\/plugins\/seo\/ -->\n<title>Arman 1975-2005 - Librairie 7L<\/title>\n<meta name=\"robots\" content=\"index, follow, max-snippet:-1, max-image-preview:large, max-video-preview:-1\" \/>\n<link rel=\"canonical\" href=\"https:\/\/librairie7l.com\/en\/produit\/arman-1975-2005-2\/\" \/>\n<meta property=\"og:locale\" content=\"en_US\" \/>\n<meta property=\"og:type\" content=\"article\" \/>\n<meta property=\"og:title\" content=\"Arman 1975-2005 - Librairie 7L\" \/>\n<meta property=\"og:description\" content=\"Arman 1975-2005, dirig\u00e9 par Chiara Spangaro et r\u00e9alis\u00e9 par le Studio Celant en collaboration avec les Arman Archives \u00e0 New York, pr\u00e9sente le travail de recherche et la production artistique des trente derni\u00e8res ann\u00e9es de la vie d&#8217;Arman. L&#8217;ouvrage, qui suit et compl\u00e8te la monographie Arman 1954-1974 dirig\u00e9e par Germano Celant (2020), retrace le parcours [&hellip;]\" \/>\n<meta property=\"og:url\" content=\"https:\/\/librairie7l.com\/en\/produit\/arman-1975-2005-2\/\" \/>\n<meta property=\"og:site_name\" content=\"Librairie 7L\" \/>\n<meta property=\"article:modified_time\" content=\"2026-05-01T05:55:08+00:00\" \/>\n<meta property=\"og:image\" content=\"https:\/\/librairie7l.com\/wp-content\/uploads\/2025\/08\/9788836658237_1_75.jpg\" \/>\n\t<meta property=\"og:image:width\" content=\"600\" \/>\n\t<meta property=\"og:image:height\" content=\"749\" \/>\n\t<meta property=\"og:image:type\" content=\"image\/jpeg\" \/>\n<meta name=\"twitter:card\" content=\"summary_large_image\" \/>\n<meta name=\"twitter:label1\" content=\"Est. reading time\" \/>\n\t<meta name=\"twitter:data1\" content=\"1 minute\" \/>\n<script type=\"application\/ld+json\" class=\"yoast-schema-graph\">{\"@context\":\"https:\/\/schema.org\",\"@graph\":[{\"@type\":\"WebPage\",\"@id\":\"https:\/\/librairie7l.com\/en\/produit\/arman-1975-2005-2\/\",\"url\":\"https:\/\/librairie7l.com\/en\/produit\/arman-1975-2005-2\/\",\"name\":\"Arman 1975-2005 - Librairie 7L\",\"isPartOf\":{\"@id\":\"https:\/\/librairie7l.com\/en\/#website\"},\"datePublished\":\"2026-03-11T09:16:19+00:00\",\"dateModified\":\"2026-05-01T05:55:08+00:00\",\"breadcrumb\":{\"@id\":\"https:\/\/librairie7l.com\/en\/produit\/arman-1975-2005-2\/#breadcrumb\"},\"inLanguage\":\"en-US\",\"potentialAction\":[{\"@type\":\"ReadAction\",\"target\":[\"https:\/\/librairie7l.com\/en\/produit\/arman-1975-2005-2\/\"]}]},{\"@type\":\"BreadcrumbList\",\"@id\":\"https:\/\/librairie7l.com\/en\/produit\/arman-1975-2005-2\/#breadcrumb\",\"itemListElement\":[{\"@type\":\"ListItem\",\"position\":1,\"name\":\"Accueil\",\"item\":\"https:\/\/librairie7l.com\/en\/\"},{\"@type\":\"ListItem\",\"position\":2,\"name\":\"Shop\",\"item\":\"https:\/\/librairie7l.com\/en\/shop\/\"},{\"@type\":\"ListItem\",\"position\":3,\"name\":\"ARMAN 1975-2005\"}]},{\"@type\":\"WebSite\",\"@id\":\"https:\/\/librairie7l.com\/en\/#website\",\"url\":\"https:\/\/librairie7l.com\/en\/\",\"name\":\"Librairie 7L\",\"description\":\"Librairie fond\u00e9e en 1999 par Karl Lagerfeld \u00e0 Paris\",\"publisher\":{\"@id\":\"https:\/\/librairie7l.com\/en\/#organization\"},\"potentialAction\":[{\"@type\":\"SearchAction\",\"target\":{\"@type\":\"EntryPoint\",\"urlTemplate\":\"https:\/\/librairie7l.com\/en\/?s={search_term_string}\"},\"query-input\":\"required name=search_term_string\"}],\"inLanguage\":\"en-US\"},{\"@type\":\"Organization\",\"@id\":\"https:\/\/librairie7l.com\/en\/#organization\",\"name\":\"Librairie 7L\",\"url\":\"https:\/\/librairie7l.com\/en\/\",\"logo\":{\"@type\":\"ImageObject\",\"inLanguage\":\"en-US\",\"@id\":\"https:\/\/librairie7l.com\/en\/#\/schema\/logo\/image\/\",\"url\":\"https:\/\/librairie7l.com\/wp-content\/uploads\/2022\/08\/logo-1.png\",\"contentUrl\":\"https:\/\/librairie7l.com\/wp-content\/uploads\/2022\/08\/logo-1.png\",\"width\":227,\"height\":301,\"caption\":\"Librairie 7L\"},\"image\":{\"@id\":\"https:\/\/librairie7l.com\/en\/#\/schema\/logo\/image\/\"}}]}<\/script>\n<!-- \/ Yoast SEO plugin. -->","yoast_head_json":{"title":"Arman 1975-2005 - Librairie 7L","robots":{"index":"index","follow":"follow","max-snippet":"max-snippet:-1","max-image-preview":"max-image-preview:large","max-video-preview":"max-video-preview:-1"},"canonical":"https:\/\/librairie7l.com\/en\/produit\/arman-1975-2005-2\/","og_locale":"en_US","og_type":"article","og_title":"Arman 1975-2005 - Librairie 7L","og_description":"Arman 1975-2005, dirig\u00e9 par Chiara Spangaro et r\u00e9alis\u00e9 par le Studio Celant en collaboration avec les Arman Archives \u00e0 New York, pr\u00e9sente le travail de recherche et la production artistique des trente derni\u00e8res ann\u00e9es de la vie d&#8217;Arman. L&#8217;ouvrage, qui suit et compl\u00e8te la monographie Arman 1954-1974 dirig\u00e9e par Germano Celant (2020), retrace le parcours [&hellip;]","og_url":"https:\/\/librairie7l.com\/en\/produit\/arman-1975-2005-2\/","og_site_name":"Librairie 7L","article_modified_time":"2026-05-01T05:55:08+00:00","og_image":[{"width":600,"height":749,"url":"https:\/\/librairie7l.com\/wp-content\/uploads\/2025\/08\/9788836658237_1_75.jpg","type":"image\/jpeg"}],"twitter_card":"summary_large_image","twitter_misc":{"Est. reading time":"1 minute"},"schema":{"@context":"https:\/\/schema.org","@graph":[{"@type":"WebPage","@id":"https:\/\/librairie7l.com\/en\/produit\/arman-1975-2005-2\/","url":"https:\/\/librairie7l.com\/en\/produit\/arman-1975-2005-2\/","name":"Arman 1975-2005 - Librairie 7L","isPartOf":{"@id":"https:\/\/librairie7l.com\/en\/#website"},"datePublished":"2026-03-11T09:16:19+00:00","dateModified":"2026-05-01T05:55:08+00:00","breadcrumb":{"@id":"https:\/\/librairie7l.com\/en\/produit\/arman-1975-2005-2\/#breadcrumb"},"inLanguage":"en-US","potentialAction":[{"@type":"ReadAction","target":["https:\/\/librairie7l.com\/en\/produit\/arman-1975-2005-2\/"]}]},{"@type":"BreadcrumbList","@id":"https:\/\/librairie7l.com\/en\/produit\/arman-1975-2005-2\/#breadcrumb","itemListElement":[{"@type":"ListItem","position":1,"name":"Accueil","item":"https:\/\/librairie7l.com\/en\/"},{"@type":"ListItem","position":2,"name":"Shop","item":"https:\/\/librairie7l.com\/en\/shop\/"},{"@type":"ListItem","position":3,"name":"ARMAN 1975-2005"}]},{"@type":"WebSite","@id":"https:\/\/librairie7l.com\/en\/#website","url":"https:\/\/librairie7l.com\/en\/","name":"Librairie 7L","description":"Librairie fond\u00e9e en 1999 par Karl Lagerfeld \u00e0 Paris","publisher":{"@id":"https:\/\/librairie7l.com\/en\/#organization"},"potentialAction":[{"@type":"SearchAction","target":{"@type":"EntryPoint","urlTemplate":"https:\/\/librairie7l.com\/en\/?s={search_term_string}"},"query-input":"required name=search_term_string"}],"inLanguage":"en-US"},{"@type":"Organization","@id":"https:\/\/librairie7l.com\/en\/#organization","name":"Librairie 7L","url":"https:\/\/librairie7l.com\/en\/","logo":{"@type":"ImageObject","inLanguage":"en-US","@id":"https:\/\/librairie7l.com\/en\/#\/schema\/logo\/image\/","url":"https:\/\/librairie7l.com\/wp-content\/uploads\/2022\/08\/logo-1.png","contentUrl":"https:\/\/librairie7l.com\/wp-content\/uploads\/2022\/08\/logo-1.png","width":227,"height":301,"caption":"Librairie 7L"},"image":{"@id":"https:\/\/librairie7l.com\/en\/#\/schema\/logo\/image\/"}}]}},"_links":{"self":[{"href":"https:\/\/librairie7l.com\/en\/wp-json\/wp\/v2\/product\/55648"}],"collection":[{"href":"https:\/\/librairie7l.com\/en\/wp-json\/wp\/v2\/product"}],"about":[{"href":"https:\/\/librairie7l.com\/en\/wp-json\/wp\/v2\/types\/product"}],"wp:featuredmedia":[{"embeddable":true,"href":"https:\/\/librairie7l.com\/en\/wp-json\/wp\/v2\/media\/55646"}],"wp:attachment":[{"href":"https:\/\/librairie7l.com\/en\/wp-json\/wp\/v2\/media?parent=55648"}],"wp:term":[{"taxonomy":"product_cat","embeddable":true,"href":"https:\/\/librairie7l.com\/en\/wp-json\/wp\/v2\/product_cat?post=55648"},{"taxonomy":"product_tag","embeddable":true,"href":"https:\/\/librairie7l.com\/en\/wp-json\/wp\/v2\/product_tag?post=55648"}],"curies":[{"name":"wp","href":"https:\/\/api.w.org\/{rel}","templated":true}]}}