{"id":55654,"date":"2026-03-11T10:16:23","date_gmt":"2026-03-11T09:16:23","guid":{"rendered":"https:\/\/librairie7l.com\/?post_type=product&#038;p=55654"},"modified":"2026-04-04T11:46:42","modified_gmt":"2026-04-04T09:46:42","slug":"mindful-living-2","status":"publish","type":"product","link":"https:\/\/librairie7l.com\/en\/produit\/mindful-living-2\/","title":{"rendered":"MINDFUL LIVING"},"content":{"rendered":"<p>Mindful Living vous invite \u00e0 ralentir, \u00e0 respirer profond\u00e9ment et \u00e0 embrasser l&#8217;art de la pr\u00e9sence. Ce livre magnifiquement con\u00e7u m\u00eale des<br \/>\n photographies sereines \u00e0 des r\u00e9flexions perspicaces sur la pleine conscience, le soin de soi et la vie intentionnelle. D\u00e9couvrez des conseils pratiques,<br \/>\n des rituels apaisants et des histoires inspirantes qui nourrissent la paix int\u00e9rieure et l&#8217;\u00e9quilibre. Que vous le placiez chez vous ou que vous l&#8217;o\u00ef\u00acEriez \u00e0 un \u00eatre cher, il vous rappellera chaque jour de vivre en toute conscience et gratitude. Laissez chaque page vous guider vers une vie plus centr\u00e9e et plus<br \/>\n harmonieuse. \u00c9levez votre espace et votre esprit avec Mindful Living.<\/p>\n","protected":false},"excerpt":{"rendered":"<p>Mindful Living vous invite \u00e0 ralentir, \u00e0 respirer profond\u00e9ment et \u00e0 embrasser l&#8217;art de la pr\u00e9sence. Ce livre magnifiquement con\u00e7u m\u00eale des photographies sereines \u00e0 des r\u00e9flexions perspicaces sur la pleine conscience, le soin de soi et la vie intentionnelle. D\u00e9couvrez des conseils pratiques, des rituels apaisants et des histoires inspirantes qui nourrissent la paix [&hellip;]<\/p>\n","protected":false},"featured_media":55652,"template":"","meta":[],"product_cat":[2948],"product_tag":[],"acf":[],"yoast_head":"<!-- This site is optimized with the Yoast SEO plugin v20.11 - https:\/\/yoast.com\/wordpress\/plugins\/seo\/ -->\n<title>Mindful Living - Librairie 7L<\/title>\n<meta name=\"robots\" content=\"index, follow, max-snippet:-1, max-image-preview:large, max-video-preview:-1\" \/>\n<link rel=\"canonical\" href=\"https:\/\/librairie7l.com\/en\/produit\/mindful-living-2\/\" \/>\n<meta property=\"og:locale\" content=\"en_US\" \/>\n<meta property=\"og:type\" content=\"article\" \/>\n<meta property=\"og:title\" content=\"Mindful Living - Librairie 7L\" \/>\n<meta property=\"og:description\" content=\"Mindful Living vous invite \u00e0 ralentir, \u00e0 respirer profond\u00e9ment et \u00e0 embrasser l&#8217;art de la pr\u00e9sence. Ce livre magnifiquement con\u00e7u m\u00eale des photographies sereines \u00e0 des r\u00e9flexions perspicaces sur la pleine conscience, le soin de soi et la vie intentionnelle. D\u00e9couvrez des conseils pratiques, des rituels apaisants et des histoires inspirantes qui nourrissent la paix [&hellip;]\" \/>\n<meta property=\"og:url\" content=\"https:\/\/librairie7l.com\/en\/produit\/mindful-living-2\/\" \/>\n<meta property=\"og:site_name\" content=\"Librairie 7L\" \/>\n<meta property=\"article:modified_time\" content=\"2026-04-04T09:46:42+00:00\" \/>\n<meta property=\"og:image\" content=\"https:\/\/librairie7l.com\/wp-content\/uploads\/2025\/12\/9788499365749_1_75.jpg\" \/>\n\t<meta property=\"og:image:width\" content=\"750\" \/>\n\t<meta property=\"og:image:height\" content=\"600\" \/>\n\t<meta property=\"og:image:type\" content=\"image\/jpeg\" \/>\n<meta name=\"twitter:card\" content=\"summary_large_image\" \/>\n<meta name=\"twitter:label1\" content=\"Est. reading time\" \/>\n\t<meta name=\"twitter:data1\" content=\"1 minute\" \/>\n<script type=\"application\/ld+json\" class=\"yoast-schema-graph\">{\"@context\":\"https:\/\/schema.org\",\"@graph\":[{\"@type\":\"WebPage\",\"@id\":\"https:\/\/librairie7l.com\/en\/produit\/mindful-living-2\/\",\"url\":\"https:\/\/librairie7l.com\/en\/produit\/mindful-living-2\/\",\"name\":\"Mindful Living - Librairie 7L\",\"isPartOf\":{\"@id\":\"https:\/\/librairie7l.com\/en\/#website\"},\"datePublished\":\"2026-03-11T09:16:23+00:00\",\"dateModified\":\"2026-04-04T09:46:42+00:00\",\"breadcrumb\":{\"@id\":\"https:\/\/librairie7l.com\/en\/produit\/mindful-living-2\/#breadcrumb\"},\"inLanguage\":\"en-US\",\"potentialAction\":[{\"@type\":\"ReadAction\",\"target\":[\"https:\/\/librairie7l.com\/en\/produit\/mindful-living-2\/\"]}]},{\"@type\":\"BreadcrumbList\",\"@id\":\"https:\/\/librairie7l.com\/en\/produit\/mindful-living-2\/#breadcrumb\",\"itemListElement\":[{\"@type\":\"ListItem\",\"position\":1,\"name\":\"Accueil\",\"item\":\"https:\/\/librairie7l.com\/en\/\"},{\"@type\":\"ListItem\",\"position\":2,\"name\":\"Shop\",\"item\":\"https:\/\/librairie7l.com\/en\/shop\/\"},{\"@type\":\"ListItem\",\"position\":3,\"name\":\"MINDFUL LIVING\"}]},{\"@type\":\"WebSite\",\"@id\":\"https:\/\/librairie7l.com\/en\/#website\",\"url\":\"https:\/\/librairie7l.com\/en\/\",\"name\":\"Librairie 7L\",\"description\":\"Librairie fond\u00e9e en 1999 par Karl Lagerfeld \u00e0 Paris\",\"publisher\":{\"@id\":\"https:\/\/librairie7l.com\/en\/#organization\"},\"potentialAction\":[{\"@type\":\"SearchAction\",\"target\":{\"@type\":\"EntryPoint\",\"urlTemplate\":\"https:\/\/librairie7l.com\/en\/?s={search_term_string}\"},\"query-input\":\"required name=search_term_string\"}],\"inLanguage\":\"en-US\"},{\"@type\":\"Organization\",\"@id\":\"https:\/\/librairie7l.com\/en\/#organization\",\"name\":\"Librairie 7L\",\"url\":\"https:\/\/librairie7l.com\/en\/\",\"logo\":{\"@type\":\"ImageObject\",\"inLanguage\":\"en-US\",\"@id\":\"https:\/\/librairie7l.com\/en\/#\/schema\/logo\/image\/\",\"url\":\"https:\/\/librairie7l.com\/wp-content\/uploads\/2022\/08\/logo-1.png\",\"contentUrl\":\"https:\/\/librairie7l.com\/wp-content\/uploads\/2022\/08\/logo-1.png\",\"width\":227,\"height\":301,\"caption\":\"Librairie 7L\"},\"image\":{\"@id\":\"https:\/\/librairie7l.com\/en\/#\/schema\/logo\/image\/\"}}]}<\/script>\n<!-- \/ Yoast SEO plugin. -->","yoast_head_json":{"title":"Mindful Living - Librairie 7L","robots":{"index":"index","follow":"follow","max-snippet":"max-snippet:-1","max-image-preview":"max-image-preview:large","max-video-preview":"max-video-preview:-1"},"canonical":"https:\/\/librairie7l.com\/en\/produit\/mindful-living-2\/","og_locale":"en_US","og_type":"article","og_title":"Mindful Living - Librairie 7L","og_description":"Mindful Living vous invite \u00e0 ralentir, \u00e0 respirer profond\u00e9ment et \u00e0 embrasser l&#8217;art de la pr\u00e9sence. Ce livre magnifiquement con\u00e7u m\u00eale des photographies sereines \u00e0 des r\u00e9flexions perspicaces sur la pleine conscience, le soin de soi et la vie intentionnelle. D\u00e9couvrez des conseils pratiques, des rituels apaisants et des histoires inspirantes qui nourrissent la paix [&hellip;]","og_url":"https:\/\/librairie7l.com\/en\/produit\/mindful-living-2\/","og_site_name":"Librairie 7L","article_modified_time":"2026-04-04T09:46:42+00:00","og_image":[{"width":750,"height":600,"url":"https:\/\/librairie7l.com\/wp-content\/uploads\/2025\/12\/9788499365749_1_75.jpg","type":"image\/jpeg"}],"twitter_card":"summary_large_image","twitter_misc":{"Est. reading time":"1 minute"},"schema":{"@context":"https:\/\/schema.org","@graph":[{"@type":"WebPage","@id":"https:\/\/librairie7l.com\/en\/produit\/mindful-living-2\/","url":"https:\/\/librairie7l.com\/en\/produit\/mindful-living-2\/","name":"Mindful Living - Librairie 7L","isPartOf":{"@id":"https:\/\/librairie7l.com\/en\/#website"},"datePublished":"2026-03-11T09:16:23+00:00","dateModified":"2026-04-04T09:46:42+00:00","breadcrumb":{"@id":"https:\/\/librairie7l.com\/en\/produit\/mindful-living-2\/#breadcrumb"},"inLanguage":"en-US","potentialAction":[{"@type":"ReadAction","target":["https:\/\/librairie7l.com\/en\/produit\/mindful-living-2\/"]}]},{"@type":"BreadcrumbList","@id":"https:\/\/librairie7l.com\/en\/produit\/mindful-living-2\/#breadcrumb","itemListElement":[{"@type":"ListItem","position":1,"name":"Accueil","item":"https:\/\/librairie7l.com\/en\/"},{"@type":"ListItem","position":2,"name":"Shop","item":"https:\/\/librairie7l.com\/en\/shop\/"},{"@type":"ListItem","position":3,"name":"MINDFUL LIVING"}]},{"@type":"WebSite","@id":"https:\/\/librairie7l.com\/en\/#website","url":"https:\/\/librairie7l.com\/en\/","name":"Librairie 7L","description":"Librairie fond\u00e9e en 1999 par Karl Lagerfeld \u00e0 Paris","publisher":{"@id":"https:\/\/librairie7l.com\/en\/#organization"},"potentialAction":[{"@type":"SearchAction","target":{"@type":"EntryPoint","urlTemplate":"https:\/\/librairie7l.com\/en\/?s={search_term_string}"},"query-input":"required name=search_term_string"}],"inLanguage":"en-US"},{"@type":"Organization","@id":"https:\/\/librairie7l.com\/en\/#organization","name":"Librairie 7L","url":"https:\/\/librairie7l.com\/en\/","logo":{"@type":"ImageObject","inLanguage":"en-US","@id":"https:\/\/librairie7l.com\/en\/#\/schema\/logo\/image\/","url":"https:\/\/librairie7l.com\/wp-content\/uploads\/2022\/08\/logo-1.png","contentUrl":"https:\/\/librairie7l.com\/wp-content\/uploads\/2022\/08\/logo-1.png","width":227,"height":301,"caption":"Librairie 7L"},"image":{"@id":"https:\/\/librairie7l.com\/en\/#\/schema\/logo\/image\/"}}]}},"_links":{"self":[{"href":"https:\/\/librairie7l.com\/en\/wp-json\/wp\/v2\/product\/55654"}],"collection":[{"href":"https:\/\/librairie7l.com\/en\/wp-json\/wp\/v2\/product"}],"about":[{"href":"https:\/\/librairie7l.com\/en\/wp-json\/wp\/v2\/types\/product"}],"wp:featuredmedia":[{"embeddable":true,"href":"https:\/\/librairie7l.com\/en\/wp-json\/wp\/v2\/media\/55652"}],"wp:attachment":[{"href":"https:\/\/librairie7l.com\/en\/wp-json\/wp\/v2\/media?parent=55654"}],"wp:term":[{"taxonomy":"product_cat","embeddable":true,"href":"https:\/\/librairie7l.com\/en\/wp-json\/wp\/v2\/product_cat?post=55654"},{"taxonomy":"product_tag","embeddable":true,"href":"https:\/\/librairie7l.com\/en\/wp-json\/wp\/v2\/product_tag?post=55654"}],"curies":[{"name":"wp","href":"https:\/\/api.w.org\/{rel}","templated":true}]}}