{"id":55658,"date":"2026-03-11T10:16:26","date_gmt":"2026-03-11T09:16:26","guid":{"rendered":"https:\/\/librairie7l.com\/?post_type=product&#038;p=55658"},"modified":"2026-04-04T11:46:47","modified_gmt":"2026-04-04T09:46:47","slug":"primat-sidera-2","status":"publish","type":"product","link":"https:\/\/librairie7l.com\/en\/produit\/primat-sidera-2\/","title":{"rendered":"PRIMAT SIDERA"},"content":{"rendered":"<p>Primat sidera est un herbier astrobotanique r\u00e9alis\u00e9 par l&#8217;artiste Vincent Fournier au Domaine des \u00c9tangs au printemps 2025. Il imagine comment la flore du site aurait \u00e9volu\u00e9 sur l&#8217;exoplan\u00e8te fictive Primat sidera.\u00e2E\u00a8Un herbier &#8230; venu d&#8217;ailleurs. Et si, un fragment du Domaine des \u00e9tangs, projet\u00e9 dans l&#8217;espace \u00e0 la suite de l&#8217;impact d&#8217;une m\u00e9t\u00e9orite il y a 207 millions d&#8217;ann\u00e9es, avait engendr\u00e9 une plan\u00e8te miroir ? Dans cette nouvelle uchronie, Vincent Fournier compose un herbier sp\u00e9culatif o\u00f9 les plantes du Domaine des \u00c9tangs trouvent leur double astrobotanique soumis \u00e0 d&#8217;autres climats, d&#8217;autres lumi\u00e8res et gravit\u00e9s sur Primat sidera.\u00e2E\u00a8\u00c0 la crois\u00e9e de l&#8217;art et de la botanique, avec la complicit\u00e9 de Garance Primat et de deux scientifiques du MNHN et CNRS, Marc Jeanson et Jean-S\u00e9bastien Steyer, l&#8217;artiste ancre la fiction dans le r\u00e9el.<br \/>\n Le livre joue la forme de l&#8217;herbier encyclop\u00e9dique revisit\u00e9 au pr\u00e9sent et \u00e0 l&#8217;aune des technologies 3D. Il m\u00eale des photographies d&#8217;une pr\u00e9cision formelle in\u00e9dite dans la lign\u00e9e des grandes iconographies naturalistes (d&#8217;Anna Atkins \u00e0 Blossfeldt), des fragments de r\u00e9cit et notices.<br \/>\n R\u00e9sultat : une r\u00e9flexion en image sur les formes possibles du vivant, qui interroge nos origines et notre lien \u00e0 la biodiversit\u00e9 face aux changements du monde. Un livre singulier et visionnaire.<\/p>\n","protected":false},"excerpt":{"rendered":"<p>Primat sidera est un herbier astrobotanique r\u00e9alis\u00e9 par l&#8217;artiste Vincent Fournier au Domaine des \u00c9tangs au printemps 2025. Il imagine comment la flore du site aurait \u00e9volu\u00e9 sur l&#8217;exoplan\u00e8te fictive Primat sidera.\u00e2E\u00a8Un herbier &#8230; venu d&#8217;ailleurs. Et si, un fragment du Domaine des \u00e9tangs, projet\u00e9 dans l&#8217;espace \u00e0 la suite de l&#8217;impact d&#8217;une m\u00e9t\u00e9orite il [&hellip;]<\/p>\n","protected":false},"featured_media":55656,"template":"","meta":[],"product_cat":[2948],"product_tag":[],"acf":[],"yoast_head":"<!-- This site is optimized with the Yoast SEO plugin v20.11 - https:\/\/yoast.com\/wordpress\/plugins\/seo\/ -->\n<title>Primat Sidera - Librairie 7L<\/title>\n<meta name=\"robots\" content=\"index, follow, max-snippet:-1, max-image-preview:large, max-video-preview:-1\" \/>\n<link rel=\"canonical\" href=\"https:\/\/librairie7l.com\/en\/produit\/primat-sidera-2\/\" \/>\n<meta property=\"og:locale\" content=\"en_US\" \/>\n<meta property=\"og:type\" content=\"article\" \/>\n<meta property=\"og:title\" content=\"Primat Sidera - Librairie 7L\" \/>\n<meta property=\"og:description\" content=\"Primat sidera est un herbier astrobotanique r\u00e9alis\u00e9 par l&#8217;artiste Vincent Fournier au Domaine des \u00c9tangs au printemps 2025. Il imagine comment la flore du site aurait \u00e9volu\u00e9 sur l&#8217;exoplan\u00e8te fictive Primat sidera.\u00e2E\u00a8Un herbier &#8230; venu d&#8217;ailleurs. Et si, un fragment du Domaine des \u00e9tangs, projet\u00e9 dans l&#8217;espace \u00e0 la suite de l&#8217;impact d&#8217;une m\u00e9t\u00e9orite il [&hellip;]\" \/>\n<meta property=\"og:url\" content=\"https:\/\/librairie7l.com\/en\/produit\/primat-sidera-2\/\" \/>\n<meta property=\"og:site_name\" content=\"Librairie 7L\" \/>\n<meta property=\"article:modified_time\" content=\"2026-04-04T09:46:47+00:00\" \/>\n<meta property=\"og:image\" content=\"https:\/\/librairie7l.com\/wp-content\/uploads\/2025\/12\/9782350466606_1_75.jpg\" \/>\n\t<meta property=\"og:image:width\" content=\"600\" \/>\n\t<meta property=\"og:image:height\" content=\"813\" \/>\n\t<meta property=\"og:image:type\" content=\"image\/jpeg\" \/>\n<meta name=\"twitter:card\" content=\"summary_large_image\" \/>\n<meta name=\"twitter:label1\" content=\"Est. reading time\" \/>\n\t<meta name=\"twitter:data1\" content=\"1 minute\" \/>\n<script type=\"application\/ld+json\" class=\"yoast-schema-graph\">{\"@context\":\"https:\/\/schema.org\",\"@graph\":[{\"@type\":\"WebPage\",\"@id\":\"https:\/\/librairie7l.com\/en\/produit\/primat-sidera-2\/\",\"url\":\"https:\/\/librairie7l.com\/en\/produit\/primat-sidera-2\/\",\"name\":\"Primat Sidera - Librairie 7L\",\"isPartOf\":{\"@id\":\"https:\/\/librairie7l.com\/en\/#website\"},\"datePublished\":\"2026-03-11T09:16:26+00:00\",\"dateModified\":\"2026-04-04T09:46:47+00:00\",\"breadcrumb\":{\"@id\":\"https:\/\/librairie7l.com\/en\/produit\/primat-sidera-2\/#breadcrumb\"},\"inLanguage\":\"en-US\",\"potentialAction\":[{\"@type\":\"ReadAction\",\"target\":[\"https:\/\/librairie7l.com\/en\/produit\/primat-sidera-2\/\"]}]},{\"@type\":\"BreadcrumbList\",\"@id\":\"https:\/\/librairie7l.com\/en\/produit\/primat-sidera-2\/#breadcrumb\",\"itemListElement\":[{\"@type\":\"ListItem\",\"position\":1,\"name\":\"Accueil\",\"item\":\"https:\/\/librairie7l.com\/en\/\"},{\"@type\":\"ListItem\",\"position\":2,\"name\":\"Shop\",\"item\":\"https:\/\/librairie7l.com\/en\/shop\/\"},{\"@type\":\"ListItem\",\"position\":3,\"name\":\"PRIMAT SIDERA\"}]},{\"@type\":\"WebSite\",\"@id\":\"https:\/\/librairie7l.com\/en\/#website\",\"url\":\"https:\/\/librairie7l.com\/en\/\",\"name\":\"Librairie 7L\",\"description\":\"Librairie fond\u00e9e en 1999 par Karl Lagerfeld \u00e0 Paris\",\"publisher\":{\"@id\":\"https:\/\/librairie7l.com\/en\/#organization\"},\"potentialAction\":[{\"@type\":\"SearchAction\",\"target\":{\"@type\":\"EntryPoint\",\"urlTemplate\":\"https:\/\/librairie7l.com\/en\/?s={search_term_string}\"},\"query-input\":\"required name=search_term_string\"}],\"inLanguage\":\"en-US\"},{\"@type\":\"Organization\",\"@id\":\"https:\/\/librairie7l.com\/en\/#organization\",\"name\":\"Librairie 7L\",\"url\":\"https:\/\/librairie7l.com\/en\/\",\"logo\":{\"@type\":\"ImageObject\",\"inLanguage\":\"en-US\",\"@id\":\"https:\/\/librairie7l.com\/en\/#\/schema\/logo\/image\/\",\"url\":\"https:\/\/librairie7l.com\/wp-content\/uploads\/2022\/08\/logo-1.png\",\"contentUrl\":\"https:\/\/librairie7l.com\/wp-content\/uploads\/2022\/08\/logo-1.png\",\"width\":227,\"height\":301,\"caption\":\"Librairie 7L\"},\"image\":{\"@id\":\"https:\/\/librairie7l.com\/en\/#\/schema\/logo\/image\/\"}}]}<\/script>\n<!-- \/ Yoast SEO plugin. -->","yoast_head_json":{"title":"Primat Sidera - Librairie 7L","robots":{"index":"index","follow":"follow","max-snippet":"max-snippet:-1","max-image-preview":"max-image-preview:large","max-video-preview":"max-video-preview:-1"},"canonical":"https:\/\/librairie7l.com\/en\/produit\/primat-sidera-2\/","og_locale":"en_US","og_type":"article","og_title":"Primat Sidera - Librairie 7L","og_description":"Primat sidera est un herbier astrobotanique r\u00e9alis\u00e9 par l&#8217;artiste Vincent Fournier au Domaine des \u00c9tangs au printemps 2025. Il imagine comment la flore du site aurait \u00e9volu\u00e9 sur l&#8217;exoplan\u00e8te fictive Primat sidera.\u00e2E\u00a8Un herbier &#8230; venu d&#8217;ailleurs. Et si, un fragment du Domaine des \u00e9tangs, projet\u00e9 dans l&#8217;espace \u00e0 la suite de l&#8217;impact d&#8217;une m\u00e9t\u00e9orite il [&hellip;]","og_url":"https:\/\/librairie7l.com\/en\/produit\/primat-sidera-2\/","og_site_name":"Librairie 7L","article_modified_time":"2026-04-04T09:46:47+00:00","og_image":[{"width":600,"height":813,"url":"https:\/\/librairie7l.com\/wp-content\/uploads\/2025\/12\/9782350466606_1_75.jpg","type":"image\/jpeg"}],"twitter_card":"summary_large_image","twitter_misc":{"Est. reading time":"1 minute"},"schema":{"@context":"https:\/\/schema.org","@graph":[{"@type":"WebPage","@id":"https:\/\/librairie7l.com\/en\/produit\/primat-sidera-2\/","url":"https:\/\/librairie7l.com\/en\/produit\/primat-sidera-2\/","name":"Primat Sidera - Librairie 7L","isPartOf":{"@id":"https:\/\/librairie7l.com\/en\/#website"},"datePublished":"2026-03-11T09:16:26+00:00","dateModified":"2026-04-04T09:46:47+00:00","breadcrumb":{"@id":"https:\/\/librairie7l.com\/en\/produit\/primat-sidera-2\/#breadcrumb"},"inLanguage":"en-US","potentialAction":[{"@type":"ReadAction","target":["https:\/\/librairie7l.com\/en\/produit\/primat-sidera-2\/"]}]},{"@type":"BreadcrumbList","@id":"https:\/\/librairie7l.com\/en\/produit\/primat-sidera-2\/#breadcrumb","itemListElement":[{"@type":"ListItem","position":1,"name":"Accueil","item":"https:\/\/librairie7l.com\/en\/"},{"@type":"ListItem","position":2,"name":"Shop","item":"https:\/\/librairie7l.com\/en\/shop\/"},{"@type":"ListItem","position":3,"name":"PRIMAT SIDERA"}]},{"@type":"WebSite","@id":"https:\/\/librairie7l.com\/en\/#website","url":"https:\/\/librairie7l.com\/en\/","name":"Librairie 7L","description":"Librairie fond\u00e9e en 1999 par Karl Lagerfeld \u00e0 Paris","publisher":{"@id":"https:\/\/librairie7l.com\/en\/#organization"},"potentialAction":[{"@type":"SearchAction","target":{"@type":"EntryPoint","urlTemplate":"https:\/\/librairie7l.com\/en\/?s={search_term_string}"},"query-input":"required name=search_term_string"}],"inLanguage":"en-US"},{"@type":"Organization","@id":"https:\/\/librairie7l.com\/en\/#organization","name":"Librairie 7L","url":"https:\/\/librairie7l.com\/en\/","logo":{"@type":"ImageObject","inLanguage":"en-US","@id":"https:\/\/librairie7l.com\/en\/#\/schema\/logo\/image\/","url":"https:\/\/librairie7l.com\/wp-content\/uploads\/2022\/08\/logo-1.png","contentUrl":"https:\/\/librairie7l.com\/wp-content\/uploads\/2022\/08\/logo-1.png","width":227,"height":301,"caption":"Librairie 7L"},"image":{"@id":"https:\/\/librairie7l.com\/en\/#\/schema\/logo\/image\/"}}]}},"_links":{"self":[{"href":"https:\/\/librairie7l.com\/en\/wp-json\/wp\/v2\/product\/55658"}],"collection":[{"href":"https:\/\/librairie7l.com\/en\/wp-json\/wp\/v2\/product"}],"about":[{"href":"https:\/\/librairie7l.com\/en\/wp-json\/wp\/v2\/types\/product"}],"wp:featuredmedia":[{"embeddable":true,"href":"https:\/\/librairie7l.com\/en\/wp-json\/wp\/v2\/media\/55656"}],"wp:attachment":[{"href":"https:\/\/librairie7l.com\/en\/wp-json\/wp\/v2\/media?parent=55658"}],"wp:term":[{"taxonomy":"product_cat","embeddable":true,"href":"https:\/\/librairie7l.com\/en\/wp-json\/wp\/v2\/product_cat?post=55658"},{"taxonomy":"product_tag","embeddable":true,"href":"https:\/\/librairie7l.com\/en\/wp-json\/wp\/v2\/product_tag?post=55658"}],"curies":[{"name":"wp","href":"https:\/\/api.w.org\/{rel}","templated":true}]}}