{"id":55662,"date":"2026-03-11T10:16:28","date_gmt":"2026-03-11T09:16:28","guid":{"rendered":"https:\/\/librairie7l.com\/?post_type=product&#038;p=55662"},"modified":"2026-04-04T12:22:56","modified_gmt":"2026-04-04T10:22:56","slug":"mon-gaudi-2","status":"publish","type":"product","link":"https:\/\/librairie7l.com\/en\/produit\/mon-gaudi-2\/","title":{"rendered":"MON GAUDI"},"content":{"rendered":"<p>Ceci n&#8217;est pas un libre sur Gaud\u00ed. C&#8217;est un livre avec Gaud\u00ed.<br \/>\n Cet ouvrage r\u00e9unit les voix de disciples, de coll\u00e8gues, d&#8217;amis<br \/>\n et d&#8217;ouvriers de Gaud\u00ed &#8211; autant de personnes qui seraient<br \/>\n autrement tomb\u00e9es dans l&#8217;oubli -, mais aussi celles de<br \/>\n personnalit\u00e9s mondialement connues, tels les artistes Salvador<br \/>\n Dal\u00ed, Ricard Opisso, Joaqu\u00edn Torres-Garc\u00eda ou les \u00e9crivains<br \/>\n Miguel de Unamuno et Joan Maragall.<br \/>\n On ne trouvera ici ni th\u00e9orie ni interpr\u00e9tation, mais uniquement<br \/>\n une tentative de rapprochement. Car Gaud\u00ed n&#8217;est pas seulement<br \/>\n ce qu&#8217;il fit, mais aussi comment il le fit. Et ce comment s&#8217;entend<br \/>\n dans l&#8217;\u00e9cho qu&#8217;il a produit chez les personnes qui l&#8217;ont connu.<br \/>\n Ces voix nous rapprochent de Gaud\u00ed, non seulement du g\u00e9nie ou<br \/>\n du mythe, mais aussi de l&#8217;homme. Un homme qui marchait,<br \/>\n parlait, \u00e9coutait, travaillait et aimait.<br \/>\n Sa vie et son oeuvre ont donn\u00e9 lieu \u00e0 une infinit\u00e9 de biographies,<br \/>\n de monographies et d&#8217;essais, qui les abordent selon les<br \/>\n approches les plus diverses. Nombre de ceux qui ont \u00e9crit sur<br \/>\n lui l&#8217;ont connu et c&#8217;est \u00e0 eux que j&#8217;ai souhait\u00e9 donner la parole :<br \/>\n Joan Matamala \u00e2E\u00a2 Sculpteur \u00e0 la Sagrada Familia<br \/>\n Isidre Puig Boada \u00e2E\u00a2 Architecte, disciple de Gaud\u00ed<br \/>\n Josep Bay\u00f3 Font \u00e2E\u00a2 Constructeur de confiance de Gaud\u00ed<br \/>\n Joaqu\u00edn Torres-Garc\u00eda \u00e2E\u00a2 Artiste ayant collabor\u00e9 \u00e0 la Sagrada Familia<br \/>\n Dom\u00e8nec Sugra\u00f1es \u00e2E\u00a2 Architecte, disciple de Gaud\u00ed<br \/>\n Montserrat Rius i Camps \u00e2E\u00a2 Religieuse qui travailla au service de la maison de Gaud\u00ed<br \/>\n Josep Maria Garrut \u00e2E\u00a2 Enfant, il fit la connaissance de Gaud\u00ed. Il a consacr\u00e9 sa vie \u00e0 son legs<br \/>\n Llu\u00eds Bonet i Gar\u00ed \u00e2E\u00a2 Architecte, disciple de Gaud\u00ed<br \/>\n Francesc Maspons \u00e2E\u00a2 Juriste et excursionniste, ami de Gaud\u00ed<br \/>\n Joaquim Folch i Torres \u00e2E\u00a2 Mus\u00e9ologue, ami et d\u00e9fenseur de l&#8217;oeuvre de Gaud\u00ed<br \/>\n Joan Maragall \u00e2E\u00a2 Po\u00e8te, ami de Gaud\u00ed<br \/>\n Francesc de P. Baldell\u00f3 \u00e2E\u00a2 Pr\u00eatre dont Gaud\u00ed partagea la d\u00e9votion pour le chant gr\u00e9gorien<br \/>\n Lloren\u00e7 Riber i Campins \u00e2E\u00a2 Pr\u00eatre, t\u00e9moin de la restauration par Gaud\u00ed de la cath\u00e9drale de Majorque<br \/>\n Manuel Trens Ribas \u00e2E\u00a2 Pr\u00eatre, liturgiste et historien de l&#8217;art, ami de Gaud\u00ed<br \/>\n Ricard Opisso \u00e2E\u00a2 Artiste, collaborateur et chroniqueur graphique de Gaud\u00ed<br \/>\n Joan Mart\u00ed Matlleu \u00e2E\u00a2 Professeur et secr\u00e9taire personnel de Gaud\u00ed<br \/>\n Salvador Dal\u00ed \u00e2E\u00a2 Artiste, admirateur de Gaud\u00ed<br \/>\n Miguel de Unamuno \u00e2E\u00a2 Philosophe et \u00e9crivain qui connut Gaud\u00ed<br \/>\n Andrea Mastrovito (dessin) \u00e2E\u00a2 Artiste contemporain, ami spirituel de Gaud\u00ed<\/p>\n","protected":false},"excerpt":{"rendered":"<p>Ceci n&#8217;est pas un libre sur Gaud\u00ed. C&#8217;est un livre avec Gaud\u00ed. Cet ouvrage r\u00e9unit les voix de disciples, de coll\u00e8gues, d&#8217;amis et d&#8217;ouvriers de Gaud\u00ed &#8211; autant de personnes qui seraient autrement tomb\u00e9es dans l&#8217;oubli -, mais aussi celles de personnalit\u00e9s mondialement connues, tels les artistes Salvador Dal\u00ed, Ricard Opisso, Joaqu\u00edn Torres-Garc\u00eda ou les [&hellip;]<\/p>\n","protected":false},"featured_media":55660,"template":"","meta":[],"product_cat":[2948],"product_tag":[],"acf":[],"yoast_head":"<!-- This site is optimized with the Yoast SEO plugin v20.11 - https:\/\/yoast.com\/wordpress\/plugins\/seo\/ -->\n<title>Mon Gaudi - Librairie 7L<\/title>\n<meta name=\"robots\" content=\"index, follow, max-snippet:-1, max-image-preview:large, max-video-preview:-1\" \/>\n<link rel=\"canonical\" href=\"https:\/\/librairie7l.com\/en\/produit\/mon-gaudi-2\/\" \/>\n<meta property=\"og:locale\" content=\"en_US\" \/>\n<meta property=\"og:type\" content=\"article\" \/>\n<meta property=\"og:title\" content=\"Mon Gaudi - Librairie 7L\" \/>\n<meta property=\"og:description\" content=\"Ceci n&#8217;est pas un libre sur Gaud\u00ed. C&#8217;est un livre avec Gaud\u00ed. Cet ouvrage r\u00e9unit les voix de disciples, de coll\u00e8gues, d&#8217;amis et d&#8217;ouvriers de Gaud\u00ed &#8211; autant de personnes qui seraient autrement tomb\u00e9es dans l&#8217;oubli -, mais aussi celles de personnalit\u00e9s mondialement connues, tels les artistes Salvador Dal\u00ed, Ricard Opisso, Joaqu\u00edn Torres-Garc\u00eda ou les [&hellip;]\" \/>\n<meta property=\"og:url\" content=\"https:\/\/librairie7l.com\/en\/produit\/mon-gaudi-2\/\" \/>\n<meta property=\"og:site_name\" content=\"Librairie 7L\" \/>\n<meta property=\"article:modified_time\" content=\"2026-04-04T10:22:56+00:00\" \/>\n<meta property=\"og:image\" content=\"https:\/\/librairie7l.com\/wp-content\/uploads\/2025\/12\/9788410127869_1_75.jpg\" \/>\n\t<meta property=\"og:image:width\" content=\"600\" \/>\n\t<meta property=\"og:image:height\" content=\"848\" \/>\n\t<meta property=\"og:image:type\" content=\"image\/jpeg\" \/>\n<meta name=\"twitter:card\" content=\"summary_large_image\" \/>\n<meta name=\"twitter:label1\" content=\"Est. reading time\" \/>\n\t<meta name=\"twitter:data1\" content=\"2 minutes\" \/>\n<script type=\"application\/ld+json\" class=\"yoast-schema-graph\">{\"@context\":\"https:\/\/schema.org\",\"@graph\":[{\"@type\":\"WebPage\",\"@id\":\"https:\/\/librairie7l.com\/en\/produit\/mon-gaudi-2\/\",\"url\":\"https:\/\/librairie7l.com\/en\/produit\/mon-gaudi-2\/\",\"name\":\"Mon Gaudi - Librairie 7L\",\"isPartOf\":{\"@id\":\"https:\/\/librairie7l.com\/en\/#website\"},\"datePublished\":\"2026-03-11T09:16:28+00:00\",\"dateModified\":\"2026-04-04T10:22:56+00:00\",\"breadcrumb\":{\"@id\":\"https:\/\/librairie7l.com\/en\/produit\/mon-gaudi-2\/#breadcrumb\"},\"inLanguage\":\"en-US\",\"potentialAction\":[{\"@type\":\"ReadAction\",\"target\":[\"https:\/\/librairie7l.com\/en\/produit\/mon-gaudi-2\/\"]}]},{\"@type\":\"BreadcrumbList\",\"@id\":\"https:\/\/librairie7l.com\/en\/produit\/mon-gaudi-2\/#breadcrumb\",\"itemListElement\":[{\"@type\":\"ListItem\",\"position\":1,\"name\":\"Accueil\",\"item\":\"https:\/\/librairie7l.com\/en\/\"},{\"@type\":\"ListItem\",\"position\":2,\"name\":\"Shop\",\"item\":\"https:\/\/librairie7l.com\/en\/shop\/\"},{\"@type\":\"ListItem\",\"position\":3,\"name\":\"MON GAUDI\"}]},{\"@type\":\"WebSite\",\"@id\":\"https:\/\/librairie7l.com\/en\/#website\",\"url\":\"https:\/\/librairie7l.com\/en\/\",\"name\":\"Librairie 7L\",\"description\":\"Librairie fond\u00e9e en 1999 par Karl Lagerfeld \u00e0 Paris\",\"publisher\":{\"@id\":\"https:\/\/librairie7l.com\/en\/#organization\"},\"potentialAction\":[{\"@type\":\"SearchAction\",\"target\":{\"@type\":\"EntryPoint\",\"urlTemplate\":\"https:\/\/librairie7l.com\/en\/?s={search_term_string}\"},\"query-input\":\"required name=search_term_string\"}],\"inLanguage\":\"en-US\"},{\"@type\":\"Organization\",\"@id\":\"https:\/\/librairie7l.com\/en\/#organization\",\"name\":\"Librairie 7L\",\"url\":\"https:\/\/librairie7l.com\/en\/\",\"logo\":{\"@type\":\"ImageObject\",\"inLanguage\":\"en-US\",\"@id\":\"https:\/\/librairie7l.com\/en\/#\/schema\/logo\/image\/\",\"url\":\"https:\/\/librairie7l.com\/wp-content\/uploads\/2022\/08\/logo-1.png\",\"contentUrl\":\"https:\/\/librairie7l.com\/wp-content\/uploads\/2022\/08\/logo-1.png\",\"width\":227,\"height\":301,\"caption\":\"Librairie 7L\"},\"image\":{\"@id\":\"https:\/\/librairie7l.com\/en\/#\/schema\/logo\/image\/\"}}]}<\/script>\n<!-- \/ Yoast SEO plugin. -->","yoast_head_json":{"title":"Mon Gaudi - Librairie 7L","robots":{"index":"index","follow":"follow","max-snippet":"max-snippet:-1","max-image-preview":"max-image-preview:large","max-video-preview":"max-video-preview:-1"},"canonical":"https:\/\/librairie7l.com\/en\/produit\/mon-gaudi-2\/","og_locale":"en_US","og_type":"article","og_title":"Mon Gaudi - Librairie 7L","og_description":"Ceci n&#8217;est pas un libre sur Gaud\u00ed. C&#8217;est un livre avec Gaud\u00ed. Cet ouvrage r\u00e9unit les voix de disciples, de coll\u00e8gues, d&#8217;amis et d&#8217;ouvriers de Gaud\u00ed &#8211; autant de personnes qui seraient autrement tomb\u00e9es dans l&#8217;oubli -, mais aussi celles de personnalit\u00e9s mondialement connues, tels les artistes Salvador Dal\u00ed, Ricard Opisso, Joaqu\u00edn Torres-Garc\u00eda ou les [&hellip;]","og_url":"https:\/\/librairie7l.com\/en\/produit\/mon-gaudi-2\/","og_site_name":"Librairie 7L","article_modified_time":"2026-04-04T10:22:56+00:00","og_image":[{"width":600,"height":848,"url":"https:\/\/librairie7l.com\/wp-content\/uploads\/2025\/12\/9788410127869_1_75.jpg","type":"image\/jpeg"}],"twitter_card":"summary_large_image","twitter_misc":{"Est. reading time":"2 minutes"},"schema":{"@context":"https:\/\/schema.org","@graph":[{"@type":"WebPage","@id":"https:\/\/librairie7l.com\/en\/produit\/mon-gaudi-2\/","url":"https:\/\/librairie7l.com\/en\/produit\/mon-gaudi-2\/","name":"Mon Gaudi - Librairie 7L","isPartOf":{"@id":"https:\/\/librairie7l.com\/en\/#website"},"datePublished":"2026-03-11T09:16:28+00:00","dateModified":"2026-04-04T10:22:56+00:00","breadcrumb":{"@id":"https:\/\/librairie7l.com\/en\/produit\/mon-gaudi-2\/#breadcrumb"},"inLanguage":"en-US","potentialAction":[{"@type":"ReadAction","target":["https:\/\/librairie7l.com\/en\/produit\/mon-gaudi-2\/"]}]},{"@type":"BreadcrumbList","@id":"https:\/\/librairie7l.com\/en\/produit\/mon-gaudi-2\/#breadcrumb","itemListElement":[{"@type":"ListItem","position":1,"name":"Accueil","item":"https:\/\/librairie7l.com\/en\/"},{"@type":"ListItem","position":2,"name":"Shop","item":"https:\/\/librairie7l.com\/en\/shop\/"},{"@type":"ListItem","position":3,"name":"MON GAUDI"}]},{"@type":"WebSite","@id":"https:\/\/librairie7l.com\/en\/#website","url":"https:\/\/librairie7l.com\/en\/","name":"Librairie 7L","description":"Librairie fond\u00e9e en 1999 par Karl Lagerfeld \u00e0 Paris","publisher":{"@id":"https:\/\/librairie7l.com\/en\/#organization"},"potentialAction":[{"@type":"SearchAction","target":{"@type":"EntryPoint","urlTemplate":"https:\/\/librairie7l.com\/en\/?s={search_term_string}"},"query-input":"required name=search_term_string"}],"inLanguage":"en-US"},{"@type":"Organization","@id":"https:\/\/librairie7l.com\/en\/#organization","name":"Librairie 7L","url":"https:\/\/librairie7l.com\/en\/","logo":{"@type":"ImageObject","inLanguage":"en-US","@id":"https:\/\/librairie7l.com\/en\/#\/schema\/logo\/image\/","url":"https:\/\/librairie7l.com\/wp-content\/uploads\/2022\/08\/logo-1.png","contentUrl":"https:\/\/librairie7l.com\/wp-content\/uploads\/2022\/08\/logo-1.png","width":227,"height":301,"caption":"Librairie 7L"},"image":{"@id":"https:\/\/librairie7l.com\/en\/#\/schema\/logo\/image\/"}}]}},"_links":{"self":[{"href":"https:\/\/librairie7l.com\/en\/wp-json\/wp\/v2\/product\/55662"}],"collection":[{"href":"https:\/\/librairie7l.com\/en\/wp-json\/wp\/v2\/product"}],"about":[{"href":"https:\/\/librairie7l.com\/en\/wp-json\/wp\/v2\/types\/product"}],"wp:featuredmedia":[{"embeddable":true,"href":"https:\/\/librairie7l.com\/en\/wp-json\/wp\/v2\/media\/55660"}],"wp:attachment":[{"href":"https:\/\/librairie7l.com\/en\/wp-json\/wp\/v2\/media?parent=55662"}],"wp:term":[{"taxonomy":"product_cat","embeddable":true,"href":"https:\/\/librairie7l.com\/en\/wp-json\/wp\/v2\/product_cat?post=55662"},{"taxonomy":"product_tag","embeddable":true,"href":"https:\/\/librairie7l.com\/en\/wp-json\/wp\/v2\/product_tag?post=55662"}],"curies":[{"name":"wp","href":"https:\/\/api.w.org\/{rel}","templated":true}]}}