{"id":55674,"date":"2026-03-12T11:16:13","date_gmt":"2026-03-12T10:16:13","guid":{"rendered":"https:\/\/librairie7l.com\/?post_type=product&#038;p=55674"},"modified":"2026-04-20T05:53:05","modified_gmt":"2026-04-20T03:53:05","slug":"vue-de-dos-une-figure-sans-portrait-2","status":"publish","type":"product","link":"https:\/\/librairie7l.com\/en\/produit\/vue-de-dos-une-figure-sans-portrait-2\/","title":{"rendered":"VU(E) DE DOS : UNE FIGURE SANS PORTRAIT"},"content":{"rendered":"<p>Le portrait, qu&#8217;il soit officiel, d\u00e9di\u00e9 \u00e0 des donateurs, individuel ou collectif, constitue un moyen de reconnaissance de la qualit\u00e9 artistique de son auteur. Il impose une repr\u00e9sentation frontale ou, \u00e0 d\u00e9faut, de profil, afin de garantir l&#8217;identification n\u00e9cessaire du mod\u00e8le. Cependant, cette exigence soul\u00e8ve une question fondamentale : comment envisager la repr\u00e9sentation d&#8217;une personne de dos, par essence anonyme ?<br \/>\nCette recherche autour de la repr\u00e9sentation de dos r\u00e9v\u00e8le le courage des artistes \u00e0 d\u00e9fier les conventions \u00e9tablies, \u00e0 chercher de nouvelles voies pour exprimer l&#8217;identit\u00e9 et l&#8217;individualit\u00e9. Elle incite \u00e0 repenser la mani\u00e8re dont le corps peut devenir le support d&#8217;une narration forte et expressive, m\u00eame lorsque le visage demeure dissimul\u00e9. Ainsi, la repr\u00e9sentation de dos devient une invitation \u00e0 la r\u00e9flexion sur la diversit\u00e9 des moyens d&#8217;expression artistique, sur la rupture avec les normes \u00e9tablies et sur la recherche constante d&#8217;une identit\u00e9 visuelle alternative. Cette relecture de l&#8217;histoire de la peinture se r\u00e9v\u00e8le alors comme un voyage, o\u00f9 les artistes, lib\u00e9r\u00e9s des contraintes, osent explorer de nouveaux horizons esth\u00e9tiques et nous invitent \u00e0 voir au-del\u00e0 du visage, l\u00e0 o\u00f9 le corps devient le support d&#8217;une inspiration renouvel\u00e9e.<br \/>\nHistoriquement, il est permis de s&#8217;interroger sur la pertinence du dos comme sujet principal d&#8217;une oeuvre picturale. Pr\u00e9sents dans de larges compositions d\u00e8s le d\u00e9but des sc\u00e8nes figur\u00e9es, le personnage de dos n&#8217;est alors pas un sujet \u00e0 part enti\u00e8re. Il apparait parfois pour alimenter le vocabulaire narratif de l&#8217;artiste et lui permettre d&#8217;exprimer toute une palette de poses et de varier ses effets.<br \/>\nCette exposition entreprend, \u00e0 travers une exploration m\u00e9thodique, de d\u00e9voiler les raisons sous-jacentes \u00e0 l&#8217;absence de la repr\u00e9sentation du dos comme sujet principal avant le XVe si\u00e8cle. Elle se penche ensuite sur l&#8217;\u00e9volution graduelle de cette iconographie, devenant progressivement l&#8217;apanage de certains artistes aux XVIIIe et XIXe si\u00e8cles. Au cours du XIXe si\u00e8cle, elle examine comment le dos devient le mode de repr\u00e9sentation de la contestation pour certains, ou le symbole de la r\u00e9ussite sociale pour d&#8217;autres.<br \/>\nCette d\u00e9marche chronologique est compl\u00e9t\u00e9e par l&#8217;exploration de th\u00e8mes sp\u00e9cifiques, tels que les nus, l&#8217;utilisation du miroir, les \u00e9tudes anatomiques&#8230;<\/p>\n","protected":false},"excerpt":{"rendered":"<p>Le portrait, qu&#8217;il soit officiel, d\u00e9di\u00e9 \u00e0 des donateurs, individuel ou collectif, constitue un moyen de reconnaissance de la qualit\u00e9 artistique de son auteur. Il impose une repr\u00e9sentation frontale ou, \u00e0 d\u00e9faut, de profil, afin de garantir l&#8217;identification n\u00e9cessaire du mod\u00e8le. Cependant, cette exigence soul\u00e8ve une question fondamentale : comment envisager la repr\u00e9sentation d&#8217;une personne [&hellip;]<\/p>\n","protected":false},"featured_media":55672,"template":"","meta":[],"product_cat":[2948],"product_tag":[],"acf":[],"yoast_head":"<!-- This site is optimized with the Yoast SEO plugin v20.11 - https:\/\/yoast.com\/wordpress\/plugins\/seo\/ -->\n<title>Vu(e) de dos : Une figure sans portrait - Librairie 7L<\/title>\n<meta name=\"robots\" content=\"index, follow, max-snippet:-1, max-image-preview:large, max-video-preview:-1\" \/>\n<link rel=\"canonical\" href=\"https:\/\/librairie7l.com\/en\/produit\/vue-de-dos-une-figure-sans-portrait-2\/\" \/>\n<meta property=\"og:locale\" content=\"en_US\" \/>\n<meta property=\"og:type\" content=\"article\" \/>\n<meta property=\"og:title\" content=\"Vu(e) de dos : Une figure sans portrait - Librairie 7L\" \/>\n<meta property=\"og:description\" content=\"Le portrait, qu&#8217;il soit officiel, d\u00e9di\u00e9 \u00e0 des donateurs, individuel ou collectif, constitue un moyen de reconnaissance de la qualit\u00e9 artistique de son auteur. Il impose une repr\u00e9sentation frontale ou, \u00e0 d\u00e9faut, de profil, afin de garantir l&#8217;identification n\u00e9cessaire du mod\u00e8le. Cependant, cette exigence soul\u00e8ve une question fondamentale : comment envisager la repr\u00e9sentation d&#8217;une personne [&hellip;]\" \/>\n<meta property=\"og:url\" content=\"https:\/\/librairie7l.com\/en\/produit\/vue-de-dos-une-figure-sans-portrait-2\/\" \/>\n<meta property=\"og:site_name\" content=\"Librairie 7L\" \/>\n<meta property=\"article:modified_time\" content=\"2026-04-20T03:53:05+00:00\" \/>\n<meta property=\"og:image\" content=\"https:\/\/librairie7l.com\/wp-content\/uploads\/2025\/10\/9782382032404_1_75.jpg\" \/>\n\t<meta property=\"og:image:width\" content=\"600\" \/>\n\t<meta property=\"og:image:height\" content=\"750\" \/>\n\t<meta property=\"og:image:type\" content=\"image\/jpeg\" \/>\n<meta name=\"twitter:card\" content=\"summary_large_image\" \/>\n<meta name=\"twitter:label1\" content=\"Est. reading time\" \/>\n\t<meta name=\"twitter:data1\" content=\"2 minutes\" \/>\n<script type=\"application\/ld+json\" class=\"yoast-schema-graph\">{\"@context\":\"https:\/\/schema.org\",\"@graph\":[{\"@type\":\"WebPage\",\"@id\":\"https:\/\/librairie7l.com\/en\/produit\/vue-de-dos-une-figure-sans-portrait-2\/\",\"url\":\"https:\/\/librairie7l.com\/en\/produit\/vue-de-dos-une-figure-sans-portrait-2\/\",\"name\":\"Vu(e) de dos : Une figure sans portrait - Librairie 7L\",\"isPartOf\":{\"@id\":\"https:\/\/librairie7l.com\/en\/#website\"},\"datePublished\":\"2026-03-12T10:16:13+00:00\",\"dateModified\":\"2026-04-20T03:53:05+00:00\",\"breadcrumb\":{\"@id\":\"https:\/\/librairie7l.com\/en\/produit\/vue-de-dos-une-figure-sans-portrait-2\/#breadcrumb\"},\"inLanguage\":\"en-US\",\"potentialAction\":[{\"@type\":\"ReadAction\",\"target\":[\"https:\/\/librairie7l.com\/en\/produit\/vue-de-dos-une-figure-sans-portrait-2\/\"]}]},{\"@type\":\"BreadcrumbList\",\"@id\":\"https:\/\/librairie7l.com\/en\/produit\/vue-de-dos-une-figure-sans-portrait-2\/#breadcrumb\",\"itemListElement\":[{\"@type\":\"ListItem\",\"position\":1,\"name\":\"Accueil\",\"item\":\"https:\/\/librairie7l.com\/en\/\"},{\"@type\":\"ListItem\",\"position\":2,\"name\":\"Shop\",\"item\":\"https:\/\/librairie7l.com\/en\/shop\/\"},{\"@type\":\"ListItem\",\"position\":3,\"name\":\"VU(E) DE DOS : UNE FIGURE SANS PORTRAIT\"}]},{\"@type\":\"WebSite\",\"@id\":\"https:\/\/librairie7l.com\/en\/#website\",\"url\":\"https:\/\/librairie7l.com\/en\/\",\"name\":\"Librairie 7L\",\"description\":\"Librairie fond\u00e9e en 1999 par Karl Lagerfeld \u00e0 Paris\",\"publisher\":{\"@id\":\"https:\/\/librairie7l.com\/en\/#organization\"},\"potentialAction\":[{\"@type\":\"SearchAction\",\"target\":{\"@type\":\"EntryPoint\",\"urlTemplate\":\"https:\/\/librairie7l.com\/en\/?s={search_term_string}\"},\"query-input\":\"required name=search_term_string\"}],\"inLanguage\":\"en-US\"},{\"@type\":\"Organization\",\"@id\":\"https:\/\/librairie7l.com\/en\/#organization\",\"name\":\"Librairie 7L\",\"url\":\"https:\/\/librairie7l.com\/en\/\",\"logo\":{\"@type\":\"ImageObject\",\"inLanguage\":\"en-US\",\"@id\":\"https:\/\/librairie7l.com\/en\/#\/schema\/logo\/image\/\",\"url\":\"https:\/\/librairie7l.com\/wp-content\/uploads\/2022\/08\/logo-1.png\",\"contentUrl\":\"https:\/\/librairie7l.com\/wp-content\/uploads\/2022\/08\/logo-1.png\",\"width\":227,\"height\":301,\"caption\":\"Librairie 7L\"},\"image\":{\"@id\":\"https:\/\/librairie7l.com\/en\/#\/schema\/logo\/image\/\"}}]}<\/script>\n<!-- \/ Yoast SEO plugin. -->","yoast_head_json":{"title":"Vu(e) de dos : Une figure sans portrait - Librairie 7L","robots":{"index":"index","follow":"follow","max-snippet":"max-snippet:-1","max-image-preview":"max-image-preview:large","max-video-preview":"max-video-preview:-1"},"canonical":"https:\/\/librairie7l.com\/en\/produit\/vue-de-dos-une-figure-sans-portrait-2\/","og_locale":"en_US","og_type":"article","og_title":"Vu(e) de dos : Une figure sans portrait - Librairie 7L","og_description":"Le portrait, qu&#8217;il soit officiel, d\u00e9di\u00e9 \u00e0 des donateurs, individuel ou collectif, constitue un moyen de reconnaissance de la qualit\u00e9 artistique de son auteur. Il impose une repr\u00e9sentation frontale ou, \u00e0 d\u00e9faut, de profil, afin de garantir l&#8217;identification n\u00e9cessaire du mod\u00e8le. Cependant, cette exigence soul\u00e8ve une question fondamentale : comment envisager la repr\u00e9sentation d&#8217;une personne [&hellip;]","og_url":"https:\/\/librairie7l.com\/en\/produit\/vue-de-dos-une-figure-sans-portrait-2\/","og_site_name":"Librairie 7L","article_modified_time":"2026-04-20T03:53:05+00:00","og_image":[{"width":600,"height":750,"url":"https:\/\/librairie7l.com\/wp-content\/uploads\/2025\/10\/9782382032404_1_75.jpg","type":"image\/jpeg"}],"twitter_card":"summary_large_image","twitter_misc":{"Est. reading time":"2 minutes"},"schema":{"@context":"https:\/\/schema.org","@graph":[{"@type":"WebPage","@id":"https:\/\/librairie7l.com\/en\/produit\/vue-de-dos-une-figure-sans-portrait-2\/","url":"https:\/\/librairie7l.com\/en\/produit\/vue-de-dos-une-figure-sans-portrait-2\/","name":"Vu(e) de dos : Une figure sans portrait - Librairie 7L","isPartOf":{"@id":"https:\/\/librairie7l.com\/en\/#website"},"datePublished":"2026-03-12T10:16:13+00:00","dateModified":"2026-04-20T03:53:05+00:00","breadcrumb":{"@id":"https:\/\/librairie7l.com\/en\/produit\/vue-de-dos-une-figure-sans-portrait-2\/#breadcrumb"},"inLanguage":"en-US","potentialAction":[{"@type":"ReadAction","target":["https:\/\/librairie7l.com\/en\/produit\/vue-de-dos-une-figure-sans-portrait-2\/"]}]},{"@type":"BreadcrumbList","@id":"https:\/\/librairie7l.com\/en\/produit\/vue-de-dos-une-figure-sans-portrait-2\/#breadcrumb","itemListElement":[{"@type":"ListItem","position":1,"name":"Accueil","item":"https:\/\/librairie7l.com\/en\/"},{"@type":"ListItem","position":2,"name":"Shop","item":"https:\/\/librairie7l.com\/en\/shop\/"},{"@type":"ListItem","position":3,"name":"VU(E) DE DOS : UNE FIGURE SANS PORTRAIT"}]},{"@type":"WebSite","@id":"https:\/\/librairie7l.com\/en\/#website","url":"https:\/\/librairie7l.com\/en\/","name":"Librairie 7L","description":"Librairie fond\u00e9e en 1999 par Karl Lagerfeld \u00e0 Paris","publisher":{"@id":"https:\/\/librairie7l.com\/en\/#organization"},"potentialAction":[{"@type":"SearchAction","target":{"@type":"EntryPoint","urlTemplate":"https:\/\/librairie7l.com\/en\/?s={search_term_string}"},"query-input":"required name=search_term_string"}],"inLanguage":"en-US"},{"@type":"Organization","@id":"https:\/\/librairie7l.com\/en\/#organization","name":"Librairie 7L","url":"https:\/\/librairie7l.com\/en\/","logo":{"@type":"ImageObject","inLanguage":"en-US","@id":"https:\/\/librairie7l.com\/en\/#\/schema\/logo\/image\/","url":"https:\/\/librairie7l.com\/wp-content\/uploads\/2022\/08\/logo-1.png","contentUrl":"https:\/\/librairie7l.com\/wp-content\/uploads\/2022\/08\/logo-1.png","width":227,"height":301,"caption":"Librairie 7L"},"image":{"@id":"https:\/\/librairie7l.com\/en\/#\/schema\/logo\/image\/"}}]}},"_links":{"self":[{"href":"https:\/\/librairie7l.com\/en\/wp-json\/wp\/v2\/product\/55674"}],"collection":[{"href":"https:\/\/librairie7l.com\/en\/wp-json\/wp\/v2\/product"}],"about":[{"href":"https:\/\/librairie7l.com\/en\/wp-json\/wp\/v2\/types\/product"}],"wp:featuredmedia":[{"embeddable":true,"href":"https:\/\/librairie7l.com\/en\/wp-json\/wp\/v2\/media\/55672"}],"wp:attachment":[{"href":"https:\/\/librairie7l.com\/en\/wp-json\/wp\/v2\/media?parent=55674"}],"wp:term":[{"taxonomy":"product_cat","embeddable":true,"href":"https:\/\/librairie7l.com\/en\/wp-json\/wp\/v2\/product_cat?post=55674"},{"taxonomy":"product_tag","embeddable":true,"href":"https:\/\/librairie7l.com\/en\/wp-json\/wp\/v2\/product_tag?post=55674"}],"curies":[{"name":"wp","href":"https:\/\/api.w.org\/{rel}","templated":true}]}}