{"id":55690,"date":"2026-03-12T11:16:27","date_gmt":"2026-03-12T10:16:27","guid":{"rendered":"https:\/\/librairie7l.com\/?post_type=product&#038;p=55690"},"modified":"2026-04-30T10:49:21","modified_gmt":"2026-04-30T08:49:21","slug":"francis-bacon-2","status":"publish","type":"product","link":"https:\/\/librairie7l.com\/en\/produit\/francis-bacon-2\/","title":{"rendered":"FRANCIS BACON"},"content":{"rendered":"<p>Une pr\u00e9sentation accessible de l&#8217;ensemble de l&#8217;oeuvre peint de Francis Bacon, ponctu\u00e9e de citations d&#8217;artistes majeurs tels Lucian Freud et Damien Hirst. Reli\u00e9 en quart de toile, ce volume rassemble la totalit\u00e9 des peintures de Francis Bacon, figure dissidente et embl\u00e9matique de l&#8217;art du XX? si\u00e8cle. Sur plus de cinq d\u00e9cennies, Bacon a r\u00e9alis\u00e9 pr\u00e8s de 500 peintures, dont ses c\u00e9l\u00e8bres diptyques et triptyques. Francis Bacon: Paintings retrace l&#8217;int\u00e9gralit\u00e9 de son parcours radical, des exp\u00e9rimentations surr\u00e9alistes des ann\u00e9es 1920 aux oeuvres s\u00e8ches et \u00e9l\u00e9giaques achev\u00e9es peu avant sa mort. L&#8217;ouvrage pr\u00e9sente plus de 700 reproductions de haute qualit\u00e9, restituant la vigueur et la pr\u00e9cision de sa peinture. Plut\u00f4t que de longs essais, de courts textes explicatifs accompagnent certaines oeuvres, jalonnant l&#8217;\u00e9mergence des principaux d\u00e9veloppements formels et th\u00e9matiques de sa pratique. Des citations de Bacon lui-m\u00eame, ainsi que de proches, critiques et admirateurs ? parmi lesquels Roald Dahl et Damien Hirst ? sont diss\u00e9min\u00e9es tout au long du livre, animant un dialogue critique sur son oeuvre et son h\u00e9ritage. Si Gilles Deleuze \u00e9voquait chez Bacon \u00ab une violence statique ou potentielle \u00bb, l&#8217;artiste affirmait pour sa part : \u00ab Je ne cherche jamais la violence&#8230; mais la vie est violente ; bien plus violente que tout ce que je peux faire ! \u00bb Issu d&#8217;une vie int\u00e9rieure tourment\u00e9e et marqu\u00e9 par les ravages de la Seconde Guerre mondiale, le peintre irlando- britannique Francis Bacon (1909-1992) a cr\u00e9\u00e9 une oeuvre \u00e0 la fois d\u00e9rangeante et hypnotique, repoussante et irr\u00e9sistible, qui lui valut la r\u00e9putation de \u00ab ma\u00eetre du grotesque \u00bb. \u00c0 rebours de l&#8217;abstraction dominante du milieu du si\u00e8cle, Bacon d\u00e9veloppa un quasi-r\u00e9alisme o\u00f9 la figure humaine appara\u00eet d\u00e9form\u00e9e et angoiss\u00e9e.<\/p>\n","protected":false},"excerpt":{"rendered":"<p>Une pr\u00e9sentation accessible de l&#8217;ensemble de l&#8217;oeuvre peint de Francis Bacon, ponctu\u00e9e de citations d&#8217;artistes majeurs tels Lucian Freud et Damien Hirst. Reli\u00e9 en quart de toile, ce volume rassemble la totalit\u00e9 des peintures de Francis Bacon, figure dissidente et embl\u00e9matique de l&#8217;art du XX? si\u00e8cle. Sur plus de cinq d\u00e9cennies, Bacon a r\u00e9alis\u00e9 pr\u00e8s [&hellip;]<\/p>\n","protected":false},"featured_media":55688,"template":"","meta":[],"product_cat":[2948],"product_tag":[],"acf":[],"yoast_head":"<!-- This site is optimized with the Yoast SEO plugin v20.11 - https:\/\/yoast.com\/wordpress\/plugins\/seo\/ -->\n<title>Francis Bacon - Librairie 7L<\/title>\n<meta name=\"robots\" content=\"index, follow, max-snippet:-1, max-image-preview:large, max-video-preview:-1\" \/>\n<link rel=\"canonical\" href=\"https:\/\/librairie7l.com\/en\/produit\/francis-bacon-2\/\" \/>\n<meta property=\"og:locale\" content=\"en_US\" \/>\n<meta property=\"og:type\" content=\"article\" \/>\n<meta property=\"og:title\" content=\"Francis Bacon - Librairie 7L\" \/>\n<meta property=\"og:description\" content=\"Une pr\u00e9sentation accessible de l&#8217;ensemble de l&#8217;oeuvre peint de Francis Bacon, ponctu\u00e9e de citations d&#8217;artistes majeurs tels Lucian Freud et Damien Hirst. Reli\u00e9 en quart de toile, ce volume rassemble la totalit\u00e9 des peintures de Francis Bacon, figure dissidente et embl\u00e9matique de l&#8217;art du XX? si\u00e8cle. Sur plus de cinq d\u00e9cennies, Bacon a r\u00e9alis\u00e9 pr\u00e8s [&hellip;]\" \/>\n<meta property=\"og:url\" content=\"https:\/\/librairie7l.com\/en\/produit\/francis-bacon-2\/\" \/>\n<meta property=\"og:site_name\" content=\"Librairie 7L\" \/>\n<meta property=\"article:modified_time\" content=\"2026-04-30T08:49:21+00:00\" \/>\n<meta property=\"og:image\" content=\"https:\/\/librairie7l.com\/wp-content\/uploads\/2026\/01\/9781911736226_1_75.jpg\" \/>\n\t<meta property=\"og:image:width\" content=\"733\" \/>\n\t<meta property=\"og:image:height\" content=\"600\" \/>\n\t<meta property=\"og:image:type\" content=\"image\/jpeg\" \/>\n<meta name=\"twitter:card\" content=\"summary_large_image\" \/>\n<meta name=\"twitter:label1\" content=\"Est. reading time\" \/>\n\t<meta name=\"twitter:data1\" content=\"2 minutes\" \/>\n<script type=\"application\/ld+json\" class=\"yoast-schema-graph\">{\"@context\":\"https:\/\/schema.org\",\"@graph\":[{\"@type\":\"WebPage\",\"@id\":\"https:\/\/librairie7l.com\/en\/produit\/francis-bacon-2\/\",\"url\":\"https:\/\/librairie7l.com\/en\/produit\/francis-bacon-2\/\",\"name\":\"Francis Bacon - Librairie 7L\",\"isPartOf\":{\"@id\":\"https:\/\/librairie7l.com\/en\/#website\"},\"datePublished\":\"2026-03-12T10:16:27+00:00\",\"dateModified\":\"2026-04-30T08:49:21+00:00\",\"breadcrumb\":{\"@id\":\"https:\/\/librairie7l.com\/en\/produit\/francis-bacon-2\/#breadcrumb\"},\"inLanguage\":\"en-US\",\"potentialAction\":[{\"@type\":\"ReadAction\",\"target\":[\"https:\/\/librairie7l.com\/en\/produit\/francis-bacon-2\/\"]}]},{\"@type\":\"BreadcrumbList\",\"@id\":\"https:\/\/librairie7l.com\/en\/produit\/francis-bacon-2\/#breadcrumb\",\"itemListElement\":[{\"@type\":\"ListItem\",\"position\":1,\"name\":\"Accueil\",\"item\":\"https:\/\/librairie7l.com\/en\/\"},{\"@type\":\"ListItem\",\"position\":2,\"name\":\"Shop\",\"item\":\"https:\/\/librairie7l.com\/en\/shop\/\"},{\"@type\":\"ListItem\",\"position\":3,\"name\":\"FRANCIS BACON\"}]},{\"@type\":\"WebSite\",\"@id\":\"https:\/\/librairie7l.com\/en\/#website\",\"url\":\"https:\/\/librairie7l.com\/en\/\",\"name\":\"Librairie 7L\",\"description\":\"Librairie fond\u00e9e en 1999 par Karl Lagerfeld \u00e0 Paris\",\"publisher\":{\"@id\":\"https:\/\/librairie7l.com\/en\/#organization\"},\"potentialAction\":[{\"@type\":\"SearchAction\",\"target\":{\"@type\":\"EntryPoint\",\"urlTemplate\":\"https:\/\/librairie7l.com\/en\/?s={search_term_string}\"},\"query-input\":\"required name=search_term_string\"}],\"inLanguage\":\"en-US\"},{\"@type\":\"Organization\",\"@id\":\"https:\/\/librairie7l.com\/en\/#organization\",\"name\":\"Librairie 7L\",\"url\":\"https:\/\/librairie7l.com\/en\/\",\"logo\":{\"@type\":\"ImageObject\",\"inLanguage\":\"en-US\",\"@id\":\"https:\/\/librairie7l.com\/en\/#\/schema\/logo\/image\/\",\"url\":\"https:\/\/librairie7l.com\/wp-content\/uploads\/2022\/08\/logo-1.png\",\"contentUrl\":\"https:\/\/librairie7l.com\/wp-content\/uploads\/2022\/08\/logo-1.png\",\"width\":227,\"height\":301,\"caption\":\"Librairie 7L\"},\"image\":{\"@id\":\"https:\/\/librairie7l.com\/en\/#\/schema\/logo\/image\/\"}}]}<\/script>\n<!-- \/ Yoast SEO plugin. -->","yoast_head_json":{"title":"Francis Bacon - Librairie 7L","robots":{"index":"index","follow":"follow","max-snippet":"max-snippet:-1","max-image-preview":"max-image-preview:large","max-video-preview":"max-video-preview:-1"},"canonical":"https:\/\/librairie7l.com\/en\/produit\/francis-bacon-2\/","og_locale":"en_US","og_type":"article","og_title":"Francis Bacon - Librairie 7L","og_description":"Une pr\u00e9sentation accessible de l&#8217;ensemble de l&#8217;oeuvre peint de Francis Bacon, ponctu\u00e9e de citations d&#8217;artistes majeurs tels Lucian Freud et Damien Hirst. Reli\u00e9 en quart de toile, ce volume rassemble la totalit\u00e9 des peintures de Francis Bacon, figure dissidente et embl\u00e9matique de l&#8217;art du XX? si\u00e8cle. Sur plus de cinq d\u00e9cennies, Bacon a r\u00e9alis\u00e9 pr\u00e8s [&hellip;]","og_url":"https:\/\/librairie7l.com\/en\/produit\/francis-bacon-2\/","og_site_name":"Librairie 7L","article_modified_time":"2026-04-30T08:49:21+00:00","og_image":[{"width":733,"height":600,"url":"https:\/\/librairie7l.com\/wp-content\/uploads\/2026\/01\/9781911736226_1_75.jpg","type":"image\/jpeg"}],"twitter_card":"summary_large_image","twitter_misc":{"Est. reading time":"2 minutes"},"schema":{"@context":"https:\/\/schema.org","@graph":[{"@type":"WebPage","@id":"https:\/\/librairie7l.com\/en\/produit\/francis-bacon-2\/","url":"https:\/\/librairie7l.com\/en\/produit\/francis-bacon-2\/","name":"Francis Bacon - Librairie 7L","isPartOf":{"@id":"https:\/\/librairie7l.com\/en\/#website"},"datePublished":"2026-03-12T10:16:27+00:00","dateModified":"2026-04-30T08:49:21+00:00","breadcrumb":{"@id":"https:\/\/librairie7l.com\/en\/produit\/francis-bacon-2\/#breadcrumb"},"inLanguage":"en-US","potentialAction":[{"@type":"ReadAction","target":["https:\/\/librairie7l.com\/en\/produit\/francis-bacon-2\/"]}]},{"@type":"BreadcrumbList","@id":"https:\/\/librairie7l.com\/en\/produit\/francis-bacon-2\/#breadcrumb","itemListElement":[{"@type":"ListItem","position":1,"name":"Accueil","item":"https:\/\/librairie7l.com\/en\/"},{"@type":"ListItem","position":2,"name":"Shop","item":"https:\/\/librairie7l.com\/en\/shop\/"},{"@type":"ListItem","position":3,"name":"FRANCIS BACON"}]},{"@type":"WebSite","@id":"https:\/\/librairie7l.com\/en\/#website","url":"https:\/\/librairie7l.com\/en\/","name":"Librairie 7L","description":"Librairie fond\u00e9e en 1999 par Karl Lagerfeld \u00e0 Paris","publisher":{"@id":"https:\/\/librairie7l.com\/en\/#organization"},"potentialAction":[{"@type":"SearchAction","target":{"@type":"EntryPoint","urlTemplate":"https:\/\/librairie7l.com\/en\/?s={search_term_string}"},"query-input":"required name=search_term_string"}],"inLanguage":"en-US"},{"@type":"Organization","@id":"https:\/\/librairie7l.com\/en\/#organization","name":"Librairie 7L","url":"https:\/\/librairie7l.com\/en\/","logo":{"@type":"ImageObject","inLanguage":"en-US","@id":"https:\/\/librairie7l.com\/en\/#\/schema\/logo\/image\/","url":"https:\/\/librairie7l.com\/wp-content\/uploads\/2022\/08\/logo-1.png","contentUrl":"https:\/\/librairie7l.com\/wp-content\/uploads\/2022\/08\/logo-1.png","width":227,"height":301,"caption":"Librairie 7L"},"image":{"@id":"https:\/\/librairie7l.com\/en\/#\/schema\/logo\/image\/"}}]}},"_links":{"self":[{"href":"https:\/\/librairie7l.com\/en\/wp-json\/wp\/v2\/product\/55690"}],"collection":[{"href":"https:\/\/librairie7l.com\/en\/wp-json\/wp\/v2\/product"}],"about":[{"href":"https:\/\/librairie7l.com\/en\/wp-json\/wp\/v2\/types\/product"}],"wp:featuredmedia":[{"embeddable":true,"href":"https:\/\/librairie7l.com\/en\/wp-json\/wp\/v2\/media\/55688"}],"wp:attachment":[{"href":"https:\/\/librairie7l.com\/en\/wp-json\/wp\/v2\/media?parent=55690"}],"wp:term":[{"taxonomy":"product_cat","embeddable":true,"href":"https:\/\/librairie7l.com\/en\/wp-json\/wp\/v2\/product_cat?post=55690"},{"taxonomy":"product_tag","embeddable":true,"href":"https:\/\/librairie7l.com\/en\/wp-json\/wp\/v2\/product_tag?post=55690"}],"curies":[{"name":"wp","href":"https:\/\/api.w.org\/{rel}","templated":true}]}}