{"id":55724,"date":"2026-03-14T10:16:17","date_gmt":"2026-03-14T09:16:17","guid":{"rendered":"https:\/\/librairie7l.com\/?post_type=product&#038;p=55724"},"modified":"2026-05-01T06:33:31","modified_gmt":"2026-05-01T04:33:31","slug":"hubert-robert-fragonard-le-sentiment-de-la-nature-2","status":"publish","type":"product","link":"https:\/\/librairie7l.com\/en\/produit\/hubert-robert-fragonard-le-sentiment-de-la-nature-2\/","title":{"rendered":"HUBERT ROBERT &AMP; FRAGONARD. LE SENTIMENT DE LA NATURE"},"content":{"rendered":"<p>L&#8217;ouvrage aborde la relation artistique entre Jean-Honor\u00e9 Fragonard (1734-1806) et Hubert Robert (1733-1808) en \u00e9tudiant leur regard respectif sur la nature.<br \/>\nLes deux artistes se sont rencontr\u00e9s au Palazzo Mancini \u00e0 Rome en 1756. Robert \u00e9tait loge \u00e0 l&#8217;Acad\u00e9mie de France depuis deux ans, tandis que Fragonard, apr\u00e8s avoir remport\u00e9 le prix de Rome, y s\u00e9journa en tant que pensionnaire. Apr\u00e8s deux ann\u00e9es de d\u00e9couragement, Fragonard sut retrouver le go\u00fbt du dessin, en compagnie de l&#8217;\u00e9nergique Robert. Ils dessin\u00e8rent ensemble sur le motif dans les sites les plus prestigieux de Rome et de ses alentours. Lorsque les deux hommes poursuivirent leurs carri\u00e8res \u00e0 Paris, apr\u00e8s 1765, chacun sut d\u00e9velopper sa propre sensibilit\u00e9 en empruntant un chemin diff\u00e9rent : Robert en r\u00e9alisant une ascension professionnelle diversifi\u00e9e au sein des b\u00e2timents du roi ; Fragonard en rompant avec l&#8217;Acad\u00e9mie royale de peinture et de sculpture pour se tourner vers une client\u00e8le exclusivement priv\u00e9e.<br \/>\nL&#8217;ouvrage permet de pr\u00e9senter la compl\u00e9mentarit\u00e9 des deux hommes, en particulier l&#8217;intellectualit\u00e9 de Robert et la sensualit\u00e9 de Fragonard que favorisent leurs th\u00e8mes de pr\u00e9dilection respectifs : la ruine et la pastorale. Chacun d\u00e9veloppe une sensibilit\u00e9 tr\u00e8s personnelle \u00e0 l&#8217;histoire et \u00e0 l&#8217;anecdote, au min\u00e9ral et au v\u00e9g\u00e9tal, aux tonalit\u00e9s ocre et aux gammes de vert, qui se m\u00ealent \u00e0 un intense travail d&#8217;\u00e9mulation. Une attention particuli\u00e8re est accord\u00e9e \u00e0 la mani\u00e8re dont les productions de Fragonard et de Robert se d\u00e9marquent nettement de leurs contemporains gr\u00e2ce \u00e0 l&#8217;accroissement de la dimension des tableaux. Ceux-ci atteignent des formats gigantesques qui favorisent l&#8217;immersion du spectateur dans une nature fantasm\u00e9e. L&#8217;enjeu est de comprendre de quelle mani\u00e8re les oeuvres des deux artistes ont domin\u00e9 le paysage artistique durant la seconde moiti\u00e9 du XVIIIe si\u00e8cle en France.<\/p>\n","protected":false},"excerpt":{"rendered":"<p>L&#8217;ouvrage aborde la relation artistique entre Jean-Honor\u00e9 Fragonard (1734-1806) et Hubert Robert (1733-1808) en \u00e9tudiant leur regard respectif sur la nature. Les deux artistes se sont rencontr\u00e9s au Palazzo Mancini \u00e0 Rome en 1756. Robert \u00e9tait loge \u00e0 l&#8217;Acad\u00e9mie de France depuis deux ans, tandis que Fragonard, apr\u00e8s avoir remport\u00e9 le prix de Rome, y [&hellip;]<\/p>\n","protected":false},"featured_media":55722,"template":"","meta":[],"product_cat":[2948],"product_tag":[],"acf":[],"yoast_head":"<!-- This site is optimized with the Yoast SEO plugin v20.11 - https:\/\/yoast.com\/wordpress\/plugins\/seo\/ -->\n<title>Hubert Robert &amp; Fragonard. Le sentiment de la nature - Librairie 7L<\/title>\n<meta name=\"robots\" content=\"index, follow, max-snippet:-1, max-image-preview:large, max-video-preview:-1\" \/>\n<link rel=\"canonical\" href=\"https:\/\/librairie7l.com\/en\/produit\/hubert-robert-fragonard-le-sentiment-de-la-nature-2\/\" \/>\n<meta property=\"og:locale\" content=\"en_US\" \/>\n<meta property=\"og:type\" content=\"article\" \/>\n<meta property=\"og:title\" content=\"Hubert Robert &amp; Fragonard. Le sentiment de la nature - Librairie 7L\" \/>\n<meta property=\"og:description\" content=\"L&#8217;ouvrage aborde la relation artistique entre Jean-Honor\u00e9 Fragonard (1734-1806) et Hubert Robert (1733-1808) en \u00e9tudiant leur regard respectif sur la nature. Les deux artistes se sont rencontr\u00e9s au Palazzo Mancini \u00e0 Rome en 1756. Robert \u00e9tait loge \u00e0 l&#8217;Acad\u00e9mie de France depuis deux ans, tandis que Fragonard, apr\u00e8s avoir remport\u00e9 le prix de Rome, y [&hellip;]\" \/>\n<meta property=\"og:url\" content=\"https:\/\/librairie7l.com\/en\/produit\/hubert-robert-fragonard-le-sentiment-de-la-nature-2\/\" \/>\n<meta property=\"og:site_name\" content=\"Librairie 7L\" \/>\n<meta property=\"article:modified_time\" content=\"2026-05-01T04:33:31+00:00\" \/>\n<meta property=\"og:image\" content=\"https:\/\/librairie7l.com\/wp-content\/uploads\/2025\/11\/9782359064902_1_75.jpg\" \/>\n\t<meta property=\"og:image:width\" content=\"600\" \/>\n\t<meta property=\"og:image:height\" content=\"730\" \/>\n\t<meta property=\"og:image:type\" content=\"image\/jpeg\" \/>\n<meta name=\"twitter:card\" content=\"summary_large_image\" \/>\n<meta name=\"twitter:label1\" content=\"Est. reading time\" \/>\n\t<meta name=\"twitter:data1\" content=\"2 minutes\" \/>\n<script type=\"application\/ld+json\" class=\"yoast-schema-graph\">{\"@context\":\"https:\/\/schema.org\",\"@graph\":[{\"@type\":\"WebPage\",\"@id\":\"https:\/\/librairie7l.com\/en\/produit\/hubert-robert-fragonard-le-sentiment-de-la-nature-2\/\",\"url\":\"https:\/\/librairie7l.com\/en\/produit\/hubert-robert-fragonard-le-sentiment-de-la-nature-2\/\",\"name\":\"Hubert Robert &amp; Fragonard. Le sentiment de la nature - Librairie 7L\",\"isPartOf\":{\"@id\":\"https:\/\/librairie7l.com\/en\/#website\"},\"datePublished\":\"2026-03-14T09:16:17+00:00\",\"dateModified\":\"2026-05-01T04:33:31+00:00\",\"breadcrumb\":{\"@id\":\"https:\/\/librairie7l.com\/en\/produit\/hubert-robert-fragonard-le-sentiment-de-la-nature-2\/#breadcrumb\"},\"inLanguage\":\"en-US\",\"potentialAction\":[{\"@type\":\"ReadAction\",\"target\":[\"https:\/\/librairie7l.com\/en\/produit\/hubert-robert-fragonard-le-sentiment-de-la-nature-2\/\"]}]},{\"@type\":\"BreadcrumbList\",\"@id\":\"https:\/\/librairie7l.com\/en\/produit\/hubert-robert-fragonard-le-sentiment-de-la-nature-2\/#breadcrumb\",\"itemListElement\":[{\"@type\":\"ListItem\",\"position\":1,\"name\":\"Accueil\",\"item\":\"https:\/\/librairie7l.com\/en\/\"},{\"@type\":\"ListItem\",\"position\":2,\"name\":\"Shop\",\"item\":\"https:\/\/librairie7l.com\/en\/shop\/\"},{\"@type\":\"ListItem\",\"position\":3,\"name\":\"HUBERT ROBERT &AMP; FRAGONARD. LE SENTIMENT DE LA NATURE\"}]},{\"@type\":\"WebSite\",\"@id\":\"https:\/\/librairie7l.com\/en\/#website\",\"url\":\"https:\/\/librairie7l.com\/en\/\",\"name\":\"Librairie 7L\",\"description\":\"Librairie fond\u00e9e en 1999 par Karl Lagerfeld \u00e0 Paris\",\"publisher\":{\"@id\":\"https:\/\/librairie7l.com\/en\/#organization\"},\"potentialAction\":[{\"@type\":\"SearchAction\",\"target\":{\"@type\":\"EntryPoint\",\"urlTemplate\":\"https:\/\/librairie7l.com\/en\/?s={search_term_string}\"},\"query-input\":\"required name=search_term_string\"}],\"inLanguage\":\"en-US\"},{\"@type\":\"Organization\",\"@id\":\"https:\/\/librairie7l.com\/en\/#organization\",\"name\":\"Librairie 7L\",\"url\":\"https:\/\/librairie7l.com\/en\/\",\"logo\":{\"@type\":\"ImageObject\",\"inLanguage\":\"en-US\",\"@id\":\"https:\/\/librairie7l.com\/en\/#\/schema\/logo\/image\/\",\"url\":\"https:\/\/librairie7l.com\/wp-content\/uploads\/2022\/08\/logo-1.png\",\"contentUrl\":\"https:\/\/librairie7l.com\/wp-content\/uploads\/2022\/08\/logo-1.png\",\"width\":227,\"height\":301,\"caption\":\"Librairie 7L\"},\"image\":{\"@id\":\"https:\/\/librairie7l.com\/en\/#\/schema\/logo\/image\/\"}}]}<\/script>\n<!-- \/ Yoast SEO plugin. -->","yoast_head_json":{"title":"Hubert Robert &amp; Fragonard. Le sentiment de la nature - Librairie 7L","robots":{"index":"index","follow":"follow","max-snippet":"max-snippet:-1","max-image-preview":"max-image-preview:large","max-video-preview":"max-video-preview:-1"},"canonical":"https:\/\/librairie7l.com\/en\/produit\/hubert-robert-fragonard-le-sentiment-de-la-nature-2\/","og_locale":"en_US","og_type":"article","og_title":"Hubert Robert &amp; Fragonard. Le sentiment de la nature - Librairie 7L","og_description":"L&#8217;ouvrage aborde la relation artistique entre Jean-Honor\u00e9 Fragonard (1734-1806) et Hubert Robert (1733-1808) en \u00e9tudiant leur regard respectif sur la nature. Les deux artistes se sont rencontr\u00e9s au Palazzo Mancini \u00e0 Rome en 1756. Robert \u00e9tait loge \u00e0 l&#8217;Acad\u00e9mie de France depuis deux ans, tandis que Fragonard, apr\u00e8s avoir remport\u00e9 le prix de Rome, y [&hellip;]","og_url":"https:\/\/librairie7l.com\/en\/produit\/hubert-robert-fragonard-le-sentiment-de-la-nature-2\/","og_site_name":"Librairie 7L","article_modified_time":"2026-05-01T04:33:31+00:00","og_image":[{"width":600,"height":730,"url":"https:\/\/librairie7l.com\/wp-content\/uploads\/2025\/11\/9782359064902_1_75.jpg","type":"image\/jpeg"}],"twitter_card":"summary_large_image","twitter_misc":{"Est. reading time":"2 minutes"},"schema":{"@context":"https:\/\/schema.org","@graph":[{"@type":"WebPage","@id":"https:\/\/librairie7l.com\/en\/produit\/hubert-robert-fragonard-le-sentiment-de-la-nature-2\/","url":"https:\/\/librairie7l.com\/en\/produit\/hubert-robert-fragonard-le-sentiment-de-la-nature-2\/","name":"Hubert Robert &amp; Fragonard. Le sentiment de la nature - Librairie 7L","isPartOf":{"@id":"https:\/\/librairie7l.com\/en\/#website"},"datePublished":"2026-03-14T09:16:17+00:00","dateModified":"2026-05-01T04:33:31+00:00","breadcrumb":{"@id":"https:\/\/librairie7l.com\/en\/produit\/hubert-robert-fragonard-le-sentiment-de-la-nature-2\/#breadcrumb"},"inLanguage":"en-US","potentialAction":[{"@type":"ReadAction","target":["https:\/\/librairie7l.com\/en\/produit\/hubert-robert-fragonard-le-sentiment-de-la-nature-2\/"]}]},{"@type":"BreadcrumbList","@id":"https:\/\/librairie7l.com\/en\/produit\/hubert-robert-fragonard-le-sentiment-de-la-nature-2\/#breadcrumb","itemListElement":[{"@type":"ListItem","position":1,"name":"Accueil","item":"https:\/\/librairie7l.com\/en\/"},{"@type":"ListItem","position":2,"name":"Shop","item":"https:\/\/librairie7l.com\/en\/shop\/"},{"@type":"ListItem","position":3,"name":"HUBERT ROBERT &AMP; FRAGONARD. LE SENTIMENT DE LA NATURE"}]},{"@type":"WebSite","@id":"https:\/\/librairie7l.com\/en\/#website","url":"https:\/\/librairie7l.com\/en\/","name":"Librairie 7L","description":"Librairie fond\u00e9e en 1999 par Karl Lagerfeld \u00e0 Paris","publisher":{"@id":"https:\/\/librairie7l.com\/en\/#organization"},"potentialAction":[{"@type":"SearchAction","target":{"@type":"EntryPoint","urlTemplate":"https:\/\/librairie7l.com\/en\/?s={search_term_string}"},"query-input":"required name=search_term_string"}],"inLanguage":"en-US"},{"@type":"Organization","@id":"https:\/\/librairie7l.com\/en\/#organization","name":"Librairie 7L","url":"https:\/\/librairie7l.com\/en\/","logo":{"@type":"ImageObject","inLanguage":"en-US","@id":"https:\/\/librairie7l.com\/en\/#\/schema\/logo\/image\/","url":"https:\/\/librairie7l.com\/wp-content\/uploads\/2022\/08\/logo-1.png","contentUrl":"https:\/\/librairie7l.com\/wp-content\/uploads\/2022\/08\/logo-1.png","width":227,"height":301,"caption":"Librairie 7L"},"image":{"@id":"https:\/\/librairie7l.com\/en\/#\/schema\/logo\/image\/"}}]}},"_links":{"self":[{"href":"https:\/\/librairie7l.com\/en\/wp-json\/wp\/v2\/product\/55724"}],"collection":[{"href":"https:\/\/librairie7l.com\/en\/wp-json\/wp\/v2\/product"}],"about":[{"href":"https:\/\/librairie7l.com\/en\/wp-json\/wp\/v2\/types\/product"}],"wp:featuredmedia":[{"embeddable":true,"href":"https:\/\/librairie7l.com\/en\/wp-json\/wp\/v2\/media\/55722"}],"wp:attachment":[{"href":"https:\/\/librairie7l.com\/en\/wp-json\/wp\/v2\/media?parent=55724"}],"wp:term":[{"taxonomy":"product_cat","embeddable":true,"href":"https:\/\/librairie7l.com\/en\/wp-json\/wp\/v2\/product_cat?post=55724"},{"taxonomy":"product_tag","embeddable":true,"href":"https:\/\/librairie7l.com\/en\/wp-json\/wp\/v2\/product_tag?post=55724"}],"curies":[{"name":"wp","href":"https:\/\/api.w.org\/{rel}","templated":true}]}}