{"id":55757,"date":"2026-03-18T09:18:24","date_gmt":"2026-03-18T08:18:24","guid":{"rendered":"https:\/\/librairie7l.com\/?post_type=product&#038;p=55757"},"modified":"2026-04-20T04:05:34","modified_gmt":"2026-04-20T02:05:34","slug":"morandis-objects-the-complete-archive-of-casa-morandi-2","status":"publish","type":"product","link":"https:\/\/librairie7l.com\/en\/produit\/morandis-objects-the-complete-archive-of-casa-morandi-2\/","title":{"rendered":"MORANDI&#8217;S OBJECTS : THE COMPLETE ARCHIVE OF CASA MORANDI"},"content":{"rendered":"<p>Au printemps 2015, le photographe de renomm\u00e9e mondiale Joel Meyerowitz a s\u00e9journ\u00e9 dans l&#8217;atelier de Giorgio Morandi, situ\u00e9 au 36 Via Fondazza \u00e0 Bologne. Les pi\u00e8ces sobres o\u00f9 Morandi peignait sont remplies d&#8217;objets &#8211; vases, bo\u00eetes de conserve, coquillages, bouteilles et cruches &#8211; dispos\u00e9s sur des \u00e9tag\u00e8res, des buffets, des commodes et \u00e9parpill\u00e9s sur le sol. Morandi s\u00e9lectionnait et disposait ces objets sur des tables de fortune afin de les immortaliser, ainsi que la lumi\u00e8re qui les \u00e9clairait, \u00e0 l&#8217;huile, \u00e0 l&#8217;aquarelle et au crayon, cr\u00e9ant ainsi une oeuvre insaisissable qui continue d&#8217;inspirer les artistes. Quelque cinquante ans apr\u00e8s la mort de Morandi, dans ce m\u00eame espace, Meyerowitz s&#8217;est int\u00e9ress\u00e9 aux surfaces et \u00e0 la lumi\u00e8re de Morandi, laissant les m\u00eames ombres se projeter. Il a manipul\u00e9 chaque objet avec soin, les pla\u00e7ant un par un sur la table de Morandi. Meyerowitz a photographi\u00e9 tous les objets dans le studio, conf\u00e9rant \u00e0 chacun une impression d&#8217;individualit\u00e9 tout en les faisant siens.<br \/>\nMorandi&#8217;s Objects est une publication indispensable pour toute personne int\u00e9ress\u00e9e par la photographie, la nature morte et l&#8217;art de Giorgio Morandi. Publi\u00e9e \u00e0 l&#8217;origine en 2016, cette \u00e9dition augment\u00e9e et r\u00e9vis\u00e9e comprend plus de 130 nouvelles photographies, un nouvel essai d&#8217;Amanda Renshaw et une bibliographie mise \u00e0 jour.<\/p>\n","protected":false},"excerpt":{"rendered":"<p>Au printemps 2015, le photographe de renomm\u00e9e mondiale Joel Meyerowitz a s\u00e9journ\u00e9 dans l&#8217;atelier de Giorgio Morandi, situ\u00e9 au 36 Via Fondazza \u00e0 Bologne. Les pi\u00e8ces sobres o\u00f9 Morandi peignait sont remplies d&#8217;objets &#8211; vases, bo\u00eetes de conserve, coquillages, bouteilles et cruches &#8211; dispos\u00e9s sur des \u00e9tag\u00e8res, des buffets, des commodes et \u00e9parpill\u00e9s sur le [&hellip;]<\/p>\n","protected":false},"featured_media":55755,"template":"","meta":[],"product_cat":[2948],"product_tag":[],"acf":[],"yoast_head":"<!-- This site is optimized with the Yoast SEO plugin v20.11 - https:\/\/yoast.com\/wordpress\/plugins\/seo\/ -->\n<title>Morandi&#039;s Objects : The Complete Archive of Casa Morandi - Librairie 7L<\/title>\n<meta name=\"robots\" content=\"index, follow, max-snippet:-1, max-image-preview:large, max-video-preview:-1\" \/>\n<link rel=\"canonical\" href=\"https:\/\/librairie7l.com\/en\/produit\/morandis-objects-the-complete-archive-of-casa-morandi-2\/\" \/>\n<meta property=\"og:locale\" content=\"en_US\" \/>\n<meta property=\"og:type\" content=\"article\" \/>\n<meta property=\"og:title\" content=\"Morandi&#039;s Objects : The Complete Archive of Casa Morandi - Librairie 7L\" \/>\n<meta property=\"og:description\" content=\"Au printemps 2015, le photographe de renomm\u00e9e mondiale Joel Meyerowitz a s\u00e9journ\u00e9 dans l&#8217;atelier de Giorgio Morandi, situ\u00e9 au 36 Via Fondazza \u00e0 Bologne. Les pi\u00e8ces sobres o\u00f9 Morandi peignait sont remplies d&#8217;objets &#8211; vases, bo\u00eetes de conserve, coquillages, bouteilles et cruches &#8211; dispos\u00e9s sur des \u00e9tag\u00e8res, des buffets, des commodes et \u00e9parpill\u00e9s sur le [&hellip;]\" \/>\n<meta property=\"og:url\" content=\"https:\/\/librairie7l.com\/en\/produit\/morandis-objects-the-complete-archive-of-casa-morandi-2\/\" \/>\n<meta property=\"og:site_name\" content=\"Librairie 7L\" \/>\n<meta property=\"article:modified_time\" content=\"2026-04-20T02:05:34+00:00\" \/>\n<meta property=\"og:image\" content=\"https:\/\/librairie7l.com\/wp-content\/uploads\/2026\/03\/9788862088565_1_75.jpg\" \/>\n\t<meta property=\"og:image:width\" content=\"600\" \/>\n\t<meta property=\"og:image:height\" content=\"756\" \/>\n\t<meta property=\"og:image:type\" content=\"image\/jpeg\" \/>\n<meta name=\"twitter:card\" content=\"summary_large_image\" \/>\n<meta name=\"twitter:label1\" content=\"Est. reading time\" \/>\n\t<meta name=\"twitter:data1\" content=\"1 minute\" \/>\n<script type=\"application\/ld+json\" class=\"yoast-schema-graph\">{\"@context\":\"https:\/\/schema.org\",\"@graph\":[{\"@type\":\"WebPage\",\"@id\":\"https:\/\/librairie7l.com\/en\/produit\/morandis-objects-the-complete-archive-of-casa-morandi-2\/\",\"url\":\"https:\/\/librairie7l.com\/en\/produit\/morandis-objects-the-complete-archive-of-casa-morandi-2\/\",\"name\":\"Morandi's Objects : The Complete Archive of Casa Morandi - Librairie 7L\",\"isPartOf\":{\"@id\":\"https:\/\/librairie7l.com\/en\/#website\"},\"datePublished\":\"2026-03-18T08:18:24+00:00\",\"dateModified\":\"2026-04-20T02:05:34+00:00\",\"breadcrumb\":{\"@id\":\"https:\/\/librairie7l.com\/en\/produit\/morandis-objects-the-complete-archive-of-casa-morandi-2\/#breadcrumb\"},\"inLanguage\":\"en-US\",\"potentialAction\":[{\"@type\":\"ReadAction\",\"target\":[\"https:\/\/librairie7l.com\/en\/produit\/morandis-objects-the-complete-archive-of-casa-morandi-2\/\"]}]},{\"@type\":\"BreadcrumbList\",\"@id\":\"https:\/\/librairie7l.com\/en\/produit\/morandis-objects-the-complete-archive-of-casa-morandi-2\/#breadcrumb\",\"itemListElement\":[{\"@type\":\"ListItem\",\"position\":1,\"name\":\"Accueil\",\"item\":\"https:\/\/librairie7l.com\/en\/\"},{\"@type\":\"ListItem\",\"position\":2,\"name\":\"Shop\",\"item\":\"https:\/\/librairie7l.com\/en\/shop\/\"},{\"@type\":\"ListItem\",\"position\":3,\"name\":\"MORANDI&#8217;S OBJECTS : THE COMPLETE ARCHIVE OF CASA MORANDI\"}]},{\"@type\":\"WebSite\",\"@id\":\"https:\/\/librairie7l.com\/en\/#website\",\"url\":\"https:\/\/librairie7l.com\/en\/\",\"name\":\"Librairie 7L\",\"description\":\"Librairie fond\u00e9e en 1999 par Karl Lagerfeld \u00e0 Paris\",\"publisher\":{\"@id\":\"https:\/\/librairie7l.com\/en\/#organization\"},\"potentialAction\":[{\"@type\":\"SearchAction\",\"target\":{\"@type\":\"EntryPoint\",\"urlTemplate\":\"https:\/\/librairie7l.com\/en\/?s={search_term_string}\"},\"query-input\":\"required name=search_term_string\"}],\"inLanguage\":\"en-US\"},{\"@type\":\"Organization\",\"@id\":\"https:\/\/librairie7l.com\/en\/#organization\",\"name\":\"Librairie 7L\",\"url\":\"https:\/\/librairie7l.com\/en\/\",\"logo\":{\"@type\":\"ImageObject\",\"inLanguage\":\"en-US\",\"@id\":\"https:\/\/librairie7l.com\/en\/#\/schema\/logo\/image\/\",\"url\":\"https:\/\/librairie7l.com\/wp-content\/uploads\/2022\/08\/logo-1.png\",\"contentUrl\":\"https:\/\/librairie7l.com\/wp-content\/uploads\/2022\/08\/logo-1.png\",\"width\":227,\"height\":301,\"caption\":\"Librairie 7L\"},\"image\":{\"@id\":\"https:\/\/librairie7l.com\/en\/#\/schema\/logo\/image\/\"}}]}<\/script>\n<!-- \/ Yoast SEO plugin. -->","yoast_head_json":{"title":"Morandi's Objects : The Complete Archive of Casa Morandi - Librairie 7L","robots":{"index":"index","follow":"follow","max-snippet":"max-snippet:-1","max-image-preview":"max-image-preview:large","max-video-preview":"max-video-preview:-1"},"canonical":"https:\/\/librairie7l.com\/en\/produit\/morandis-objects-the-complete-archive-of-casa-morandi-2\/","og_locale":"en_US","og_type":"article","og_title":"Morandi's Objects : The Complete Archive of Casa Morandi - Librairie 7L","og_description":"Au printemps 2015, le photographe de renomm\u00e9e mondiale Joel Meyerowitz a s\u00e9journ\u00e9 dans l&#8217;atelier de Giorgio Morandi, situ\u00e9 au 36 Via Fondazza \u00e0 Bologne. Les pi\u00e8ces sobres o\u00f9 Morandi peignait sont remplies d&#8217;objets &#8211; vases, bo\u00eetes de conserve, coquillages, bouteilles et cruches &#8211; dispos\u00e9s sur des \u00e9tag\u00e8res, des buffets, des commodes et \u00e9parpill\u00e9s sur le [&hellip;]","og_url":"https:\/\/librairie7l.com\/en\/produit\/morandis-objects-the-complete-archive-of-casa-morandi-2\/","og_site_name":"Librairie 7L","article_modified_time":"2026-04-20T02:05:34+00:00","og_image":[{"width":600,"height":756,"url":"https:\/\/librairie7l.com\/wp-content\/uploads\/2026\/03\/9788862088565_1_75.jpg","type":"image\/jpeg"}],"twitter_card":"summary_large_image","twitter_misc":{"Est. reading time":"1 minute"},"schema":{"@context":"https:\/\/schema.org","@graph":[{"@type":"WebPage","@id":"https:\/\/librairie7l.com\/en\/produit\/morandis-objects-the-complete-archive-of-casa-morandi-2\/","url":"https:\/\/librairie7l.com\/en\/produit\/morandis-objects-the-complete-archive-of-casa-morandi-2\/","name":"Morandi's Objects : The Complete Archive of Casa Morandi - Librairie 7L","isPartOf":{"@id":"https:\/\/librairie7l.com\/en\/#website"},"datePublished":"2026-03-18T08:18:24+00:00","dateModified":"2026-04-20T02:05:34+00:00","breadcrumb":{"@id":"https:\/\/librairie7l.com\/en\/produit\/morandis-objects-the-complete-archive-of-casa-morandi-2\/#breadcrumb"},"inLanguage":"en-US","potentialAction":[{"@type":"ReadAction","target":["https:\/\/librairie7l.com\/en\/produit\/morandis-objects-the-complete-archive-of-casa-morandi-2\/"]}]},{"@type":"BreadcrumbList","@id":"https:\/\/librairie7l.com\/en\/produit\/morandis-objects-the-complete-archive-of-casa-morandi-2\/#breadcrumb","itemListElement":[{"@type":"ListItem","position":1,"name":"Accueil","item":"https:\/\/librairie7l.com\/en\/"},{"@type":"ListItem","position":2,"name":"Shop","item":"https:\/\/librairie7l.com\/en\/shop\/"},{"@type":"ListItem","position":3,"name":"MORANDI&#8217;S OBJECTS : THE COMPLETE ARCHIVE OF CASA MORANDI"}]},{"@type":"WebSite","@id":"https:\/\/librairie7l.com\/en\/#website","url":"https:\/\/librairie7l.com\/en\/","name":"Librairie 7L","description":"Librairie fond\u00e9e en 1999 par Karl Lagerfeld \u00e0 Paris","publisher":{"@id":"https:\/\/librairie7l.com\/en\/#organization"},"potentialAction":[{"@type":"SearchAction","target":{"@type":"EntryPoint","urlTemplate":"https:\/\/librairie7l.com\/en\/?s={search_term_string}"},"query-input":"required name=search_term_string"}],"inLanguage":"en-US"},{"@type":"Organization","@id":"https:\/\/librairie7l.com\/en\/#organization","name":"Librairie 7L","url":"https:\/\/librairie7l.com\/en\/","logo":{"@type":"ImageObject","inLanguage":"en-US","@id":"https:\/\/librairie7l.com\/en\/#\/schema\/logo\/image\/","url":"https:\/\/librairie7l.com\/wp-content\/uploads\/2022\/08\/logo-1.png","contentUrl":"https:\/\/librairie7l.com\/wp-content\/uploads\/2022\/08\/logo-1.png","width":227,"height":301,"caption":"Librairie 7L"},"image":{"@id":"https:\/\/librairie7l.com\/en\/#\/schema\/logo\/image\/"}}]}},"_links":{"self":[{"href":"https:\/\/librairie7l.com\/en\/wp-json\/wp\/v2\/product\/55757"}],"collection":[{"href":"https:\/\/librairie7l.com\/en\/wp-json\/wp\/v2\/product"}],"about":[{"href":"https:\/\/librairie7l.com\/en\/wp-json\/wp\/v2\/types\/product"}],"wp:featuredmedia":[{"embeddable":true,"href":"https:\/\/librairie7l.com\/en\/wp-json\/wp\/v2\/media\/55755"}],"wp:attachment":[{"href":"https:\/\/librairie7l.com\/en\/wp-json\/wp\/v2\/media?parent=55757"}],"wp:term":[{"taxonomy":"product_cat","embeddable":true,"href":"https:\/\/librairie7l.com\/en\/wp-json\/wp\/v2\/product_cat?post=55757"},{"taxonomy":"product_tag","embeddable":true,"href":"https:\/\/librairie7l.com\/en\/wp-json\/wp\/v2\/product_tag?post=55757"}],"curies":[{"name":"wp","href":"https:\/\/api.w.org\/{rel}","templated":true}]}}