{"id":55761,"date":"2026-03-18T10:16:10","date_gmt":"2026-03-18T09:16:10","guid":{"rendered":"https:\/\/librairie7l.com\/?post_type=product&#038;p=55761"},"modified":"2026-04-20T03:40:39","modified_gmt":"2026-04-20T01:40:39","slug":"martin-parr-grand-hotel-parr-2","status":"publish","type":"product","link":"https:\/\/librairie7l.com\/en\/produit\/martin-parr-grand-hotel-parr-2\/","title":{"rendered":"MARTIN PARR : GRAND HOTEL PARR"},"content":{"rendered":"<p>En coop\u00e9ration avec le PhotoBookMuseum de Cologne, le Neues Museum pr\u00e9sente la premi\u00e8re grande r\u00e9trospective du photographe britannique Magnum Martin Parr (n\u00e9 en 1952) centr\u00e9e sur ses livres. Martin Parr a une capacit\u00e9 unique \u00e0 restituer les absurdit\u00e9s de notre culture mondiale de consommation et de loisirs. Collectionneur passionn\u00e9 de livres, il a \u00e9galement fait entrer le livre photo dans la conscience de la photographie contemporaine depuis le tournant du mill\u00e9naire. Dans une mise en sc\u00e8ne \u00e9labor\u00e9e inspir\u00e9e par l&#8217;ambiance d&#8217;un complexe h\u00f4telier, l&#8217;exposition GRAND HOTEL PARR invite les visiteurs \u00e0 d\u00e9couvrir plus de 200 livres photo de l&#8217;artiste. La visite des diff\u00e9rentes salles de l&#8217;h\u00f4tel, telles que la salle de billard, la salle \u00e0 manger et la boutique de mode, reprend divers th\u00e8mes des livres de photos de Martin Parr. Ce catalogue rend compte de cette exposition unique en son genre.<\/p>\n","protected":false},"excerpt":{"rendered":"<p>En coop\u00e9ration avec le PhotoBookMuseum de Cologne, le Neues Museum pr\u00e9sente la premi\u00e8re grande r\u00e9trospective du photographe britannique Magnum Martin Parr (n\u00e9 en 1952) centr\u00e9e sur ses livres. Martin Parr a une capacit\u00e9 unique \u00e0 restituer les absurdit\u00e9s de notre culture mondiale de consommation et de loisirs. Collectionneur passionn\u00e9 de livres, il a \u00e9galement fait [&hellip;]<\/p>\n","protected":false},"featured_media":55759,"template":"","meta":[],"product_cat":[2948],"product_tag":[],"acf":[],"yoast_head":"<!-- This site is optimized with the Yoast SEO plugin v20.11 - https:\/\/yoast.com\/wordpress\/plugins\/seo\/ -->\n<title>Martin Parr : Grand Hotel Parr - Librairie 7L<\/title>\n<meta name=\"robots\" content=\"index, follow, max-snippet:-1, max-image-preview:large, max-video-preview:-1\" \/>\n<link rel=\"canonical\" href=\"https:\/\/librairie7l.com\/en\/produit\/martin-parr-grand-hotel-parr-2\/\" \/>\n<meta property=\"og:locale\" content=\"en_US\" \/>\n<meta property=\"og:type\" content=\"article\" \/>\n<meta property=\"og:title\" content=\"Martin Parr : Grand Hotel Parr - Librairie 7L\" \/>\n<meta property=\"og:description\" content=\"En coop\u00e9ration avec le PhotoBookMuseum de Cologne, le Neues Museum pr\u00e9sente la premi\u00e8re grande r\u00e9trospective du photographe britannique Magnum Martin Parr (n\u00e9 en 1952) centr\u00e9e sur ses livres. Martin Parr a une capacit\u00e9 unique \u00e0 restituer les absurdit\u00e9s de notre culture mondiale de consommation et de loisirs. Collectionneur passionn\u00e9 de livres, il a \u00e9galement fait [&hellip;]\" \/>\n<meta property=\"og:url\" content=\"https:\/\/librairie7l.com\/en\/produit\/martin-parr-grand-hotel-parr-2\/\" \/>\n<meta property=\"og:site_name\" content=\"Librairie 7L\" \/>\n<meta property=\"article:modified_time\" content=\"2026-04-20T01:40:39+00:00\" \/>\n<meta property=\"og:image\" content=\"https:\/\/librairie7l.com\/wp-content\/uploads\/2025\/10\/9788410290471_1_75.jpg\" \/>\n\t<meta property=\"og:image:width\" content=\"381\" \/>\n\t<meta property=\"og:image:height\" content=\"500\" \/>\n\t<meta property=\"og:image:type\" content=\"image\/jpeg\" \/>\n<meta name=\"twitter:card\" content=\"summary_large_image\" \/>\n<meta name=\"twitter:label1\" content=\"Est. reading time\" \/>\n\t<meta name=\"twitter:data1\" content=\"1 minute\" \/>\n<script type=\"application\/ld+json\" class=\"yoast-schema-graph\">{\"@context\":\"https:\/\/schema.org\",\"@graph\":[{\"@type\":\"WebPage\",\"@id\":\"https:\/\/librairie7l.com\/en\/produit\/martin-parr-grand-hotel-parr-2\/\",\"url\":\"https:\/\/librairie7l.com\/en\/produit\/martin-parr-grand-hotel-parr-2\/\",\"name\":\"Martin Parr : Grand Hotel Parr - Librairie 7L\",\"isPartOf\":{\"@id\":\"https:\/\/librairie7l.com\/en\/#website\"},\"datePublished\":\"2026-03-18T09:16:10+00:00\",\"dateModified\":\"2026-04-20T01:40:39+00:00\",\"breadcrumb\":{\"@id\":\"https:\/\/librairie7l.com\/en\/produit\/martin-parr-grand-hotel-parr-2\/#breadcrumb\"},\"inLanguage\":\"en-US\",\"potentialAction\":[{\"@type\":\"ReadAction\",\"target\":[\"https:\/\/librairie7l.com\/en\/produit\/martin-parr-grand-hotel-parr-2\/\"]}]},{\"@type\":\"BreadcrumbList\",\"@id\":\"https:\/\/librairie7l.com\/en\/produit\/martin-parr-grand-hotel-parr-2\/#breadcrumb\",\"itemListElement\":[{\"@type\":\"ListItem\",\"position\":1,\"name\":\"Accueil\",\"item\":\"https:\/\/librairie7l.com\/en\/\"},{\"@type\":\"ListItem\",\"position\":2,\"name\":\"Shop\",\"item\":\"https:\/\/librairie7l.com\/en\/shop\/\"},{\"@type\":\"ListItem\",\"position\":3,\"name\":\"MARTIN PARR : GRAND HOTEL PARR\"}]},{\"@type\":\"WebSite\",\"@id\":\"https:\/\/librairie7l.com\/en\/#website\",\"url\":\"https:\/\/librairie7l.com\/en\/\",\"name\":\"Librairie 7L\",\"description\":\"Librairie fond\u00e9e en 1999 par Karl Lagerfeld \u00e0 Paris\",\"publisher\":{\"@id\":\"https:\/\/librairie7l.com\/en\/#organization\"},\"potentialAction\":[{\"@type\":\"SearchAction\",\"target\":{\"@type\":\"EntryPoint\",\"urlTemplate\":\"https:\/\/librairie7l.com\/en\/?s={search_term_string}\"},\"query-input\":\"required name=search_term_string\"}],\"inLanguage\":\"en-US\"},{\"@type\":\"Organization\",\"@id\":\"https:\/\/librairie7l.com\/en\/#organization\",\"name\":\"Librairie 7L\",\"url\":\"https:\/\/librairie7l.com\/en\/\",\"logo\":{\"@type\":\"ImageObject\",\"inLanguage\":\"en-US\",\"@id\":\"https:\/\/librairie7l.com\/en\/#\/schema\/logo\/image\/\",\"url\":\"https:\/\/librairie7l.com\/wp-content\/uploads\/2022\/08\/logo-1.png\",\"contentUrl\":\"https:\/\/librairie7l.com\/wp-content\/uploads\/2022\/08\/logo-1.png\",\"width\":227,\"height\":301,\"caption\":\"Librairie 7L\"},\"image\":{\"@id\":\"https:\/\/librairie7l.com\/en\/#\/schema\/logo\/image\/\"}}]}<\/script>\n<!-- \/ Yoast SEO plugin. -->","yoast_head_json":{"title":"Martin Parr : Grand Hotel Parr - Librairie 7L","robots":{"index":"index","follow":"follow","max-snippet":"max-snippet:-1","max-image-preview":"max-image-preview:large","max-video-preview":"max-video-preview:-1"},"canonical":"https:\/\/librairie7l.com\/en\/produit\/martin-parr-grand-hotel-parr-2\/","og_locale":"en_US","og_type":"article","og_title":"Martin Parr : Grand Hotel Parr - Librairie 7L","og_description":"En coop\u00e9ration avec le PhotoBookMuseum de Cologne, le Neues Museum pr\u00e9sente la premi\u00e8re grande r\u00e9trospective du photographe britannique Magnum Martin Parr (n\u00e9 en 1952) centr\u00e9e sur ses livres. Martin Parr a une capacit\u00e9 unique \u00e0 restituer les absurdit\u00e9s de notre culture mondiale de consommation et de loisirs. Collectionneur passionn\u00e9 de livres, il a \u00e9galement fait [&hellip;]","og_url":"https:\/\/librairie7l.com\/en\/produit\/martin-parr-grand-hotel-parr-2\/","og_site_name":"Librairie 7L","article_modified_time":"2026-04-20T01:40:39+00:00","og_image":[{"width":381,"height":500,"url":"https:\/\/librairie7l.com\/wp-content\/uploads\/2025\/10\/9788410290471_1_75.jpg","type":"image\/jpeg"}],"twitter_card":"summary_large_image","twitter_misc":{"Est. reading time":"1 minute"},"schema":{"@context":"https:\/\/schema.org","@graph":[{"@type":"WebPage","@id":"https:\/\/librairie7l.com\/en\/produit\/martin-parr-grand-hotel-parr-2\/","url":"https:\/\/librairie7l.com\/en\/produit\/martin-parr-grand-hotel-parr-2\/","name":"Martin Parr : Grand Hotel Parr - Librairie 7L","isPartOf":{"@id":"https:\/\/librairie7l.com\/en\/#website"},"datePublished":"2026-03-18T09:16:10+00:00","dateModified":"2026-04-20T01:40:39+00:00","breadcrumb":{"@id":"https:\/\/librairie7l.com\/en\/produit\/martin-parr-grand-hotel-parr-2\/#breadcrumb"},"inLanguage":"en-US","potentialAction":[{"@type":"ReadAction","target":["https:\/\/librairie7l.com\/en\/produit\/martin-parr-grand-hotel-parr-2\/"]}]},{"@type":"BreadcrumbList","@id":"https:\/\/librairie7l.com\/en\/produit\/martin-parr-grand-hotel-parr-2\/#breadcrumb","itemListElement":[{"@type":"ListItem","position":1,"name":"Accueil","item":"https:\/\/librairie7l.com\/en\/"},{"@type":"ListItem","position":2,"name":"Shop","item":"https:\/\/librairie7l.com\/en\/shop\/"},{"@type":"ListItem","position":3,"name":"MARTIN PARR : GRAND HOTEL PARR"}]},{"@type":"WebSite","@id":"https:\/\/librairie7l.com\/en\/#website","url":"https:\/\/librairie7l.com\/en\/","name":"Librairie 7L","description":"Librairie fond\u00e9e en 1999 par Karl Lagerfeld \u00e0 Paris","publisher":{"@id":"https:\/\/librairie7l.com\/en\/#organization"},"potentialAction":[{"@type":"SearchAction","target":{"@type":"EntryPoint","urlTemplate":"https:\/\/librairie7l.com\/en\/?s={search_term_string}"},"query-input":"required name=search_term_string"}],"inLanguage":"en-US"},{"@type":"Organization","@id":"https:\/\/librairie7l.com\/en\/#organization","name":"Librairie 7L","url":"https:\/\/librairie7l.com\/en\/","logo":{"@type":"ImageObject","inLanguage":"en-US","@id":"https:\/\/librairie7l.com\/en\/#\/schema\/logo\/image\/","url":"https:\/\/librairie7l.com\/wp-content\/uploads\/2022\/08\/logo-1.png","contentUrl":"https:\/\/librairie7l.com\/wp-content\/uploads\/2022\/08\/logo-1.png","width":227,"height":301,"caption":"Librairie 7L"},"image":{"@id":"https:\/\/librairie7l.com\/en\/#\/schema\/logo\/image\/"}}]}},"_links":{"self":[{"href":"https:\/\/librairie7l.com\/en\/wp-json\/wp\/v2\/product\/55761"}],"collection":[{"href":"https:\/\/librairie7l.com\/en\/wp-json\/wp\/v2\/product"}],"about":[{"href":"https:\/\/librairie7l.com\/en\/wp-json\/wp\/v2\/types\/product"}],"wp:featuredmedia":[{"embeddable":true,"href":"https:\/\/librairie7l.com\/en\/wp-json\/wp\/v2\/media\/55759"}],"wp:attachment":[{"href":"https:\/\/librairie7l.com\/en\/wp-json\/wp\/v2\/media?parent=55761"}],"wp:term":[{"taxonomy":"product_cat","embeddable":true,"href":"https:\/\/librairie7l.com\/en\/wp-json\/wp\/v2\/product_cat?post=55761"},{"taxonomy":"product_tag","embeddable":true,"href":"https:\/\/librairie7l.com\/en\/wp-json\/wp\/v2\/product_tag?post=55761"}],"curies":[{"name":"wp","href":"https:\/\/api.w.org\/{rel}","templated":true}]}}