{"id":55767,"date":"2026-03-18T10:16:15","date_gmt":"2026-03-18T09:16:15","guid":{"rendered":"https:\/\/librairie7l.com\/?post_type=product&#038;p=55767"},"modified":"2026-04-20T03:36:09","modified_gmt":"2026-04-20T01:36:09","slug":"yderst-2","status":"publish","type":"product","link":"https:\/\/librairie7l.com\/en\/produit\/yderst-2\/","title":{"rendered":"YDERST"},"content":{"rendered":"<p>Yderst (&#8221; fronti\u00e8re lointaine &#8221; en norv\u00e9gien) dresse un portrait po\u00e9tique, culturel et politique des c\u00f4tes du nord de l&#8217;Europe \u00e0 travers le regard du photographe S\u00e9bastien Van Malleghem, accompagn\u00e9 dans son p\u00e9riple de l&#8217;auteure Kristina R. Johnsen.<br \/>\nImagin\u00e9 comme un album avec ses doubles pages images ponctu\u00e9es d&#8217;une quinzaine de portraits de femmes et d&#8217;hommes qui vivent en connexion \u00e9troite avec un territoire souvent \u00e2pre, l&#8217;ouvrage aborde, par l&#8217;image et les textes, la permanence de cultures ancestrales, parle d&#8217;\u00e9cologie, d&#8217;adaptation aux \u00e9l\u00e9ments et aux temps actuels, mais aussi de la fa\u00e7on dont les savoirs se transmettent au fil des c\u00f4tes, d&#8217;un pays \u00e0 l&#8217;autre.<br \/>\nCe long p\u00e9riple, men\u00e9 de 2021 \u00e0 2024, commence en Norv\u00e8ge, au-del\u00e0 du cercle arctique, et se poursuit sur les littoraux de la mer du Nord, jusqu&#8217;en Belgique et en France. Non exhaustif, ce parcours entend tisser le r\u00e9cit de communaut\u00e9s et de lieux choisis pour ce qu&#8217;ils nous racontent de l&#8217;Europe actuelle. Dans l&#8217;esprit de ses pr\u00e9c\u00e9dents projets, le photographe part explorer des territoires et donne \u00e0 voir une nature puissante dans des noirs et blancs fortement contrast\u00e9s.<br \/>\nPens\u00e9 tel un journal de bord, dans l&#8217;esprit du road trip de Jack Kerouac, l&#8217;ouvrage Yderst confronte deux approches, photographique et litt\u00e9raire et emm\u00e8ne le lecteur dans un voyage \u00e0 la fois contemplatif et documentaire.<\/p>\n","protected":false},"excerpt":{"rendered":"<p>Yderst (&#8221; fronti\u00e8re lointaine &#8221; en norv\u00e9gien) dresse un portrait po\u00e9tique, culturel et politique des c\u00f4tes du nord de l&#8217;Europe \u00e0 travers le regard du photographe S\u00e9bastien Van Malleghem, accompagn\u00e9 dans son p\u00e9riple de l&#8217;auteure Kristina R. Johnsen. Imagin\u00e9 comme un album avec ses doubles pages images ponctu\u00e9es d&#8217;une quinzaine de portraits de femmes et [&hellip;]<\/p>\n","protected":false},"featured_media":0,"template":"","meta":[],"product_cat":[2948],"product_tag":[],"acf":[],"yoast_head":"<!-- This site is optimized with the Yoast SEO plugin v20.11 - https:\/\/yoast.com\/wordpress\/plugins\/seo\/ -->\n<title>Yderst - Librairie 7L<\/title>\n<meta name=\"robots\" content=\"index, follow, max-snippet:-1, max-image-preview:large, max-video-preview:-1\" \/>\n<link rel=\"canonical\" href=\"https:\/\/librairie7l.com\/en\/produit\/yderst-2\/\" \/>\n<meta property=\"og:locale\" content=\"en_US\" \/>\n<meta property=\"og:type\" content=\"article\" \/>\n<meta property=\"og:title\" content=\"Yderst - Librairie 7L\" \/>\n<meta property=\"og:description\" content=\"Yderst (&#8221; fronti\u00e8re lointaine &#8221; en norv\u00e9gien) dresse un portrait po\u00e9tique, culturel et politique des c\u00f4tes du nord de l&#8217;Europe \u00e0 travers le regard du photographe S\u00e9bastien Van Malleghem, accompagn\u00e9 dans son p\u00e9riple de l&#8217;auteure Kristina R. Johnsen. Imagin\u00e9 comme un album avec ses doubles pages images ponctu\u00e9es d&#8217;une quinzaine de portraits de femmes et [&hellip;]\" \/>\n<meta property=\"og:url\" content=\"https:\/\/librairie7l.com\/en\/produit\/yderst-2\/\" \/>\n<meta property=\"og:site_name\" content=\"Librairie 7L\" \/>\n<meta property=\"article:modified_time\" content=\"2026-04-20T01:36:09+00:00\" \/>\n<meta name=\"twitter:card\" content=\"summary_large_image\" \/>\n<meta name=\"twitter:label1\" content=\"Est. reading time\" \/>\n\t<meta name=\"twitter:data1\" content=\"1 minute\" \/>\n<script type=\"application\/ld+json\" class=\"yoast-schema-graph\">{\"@context\":\"https:\/\/schema.org\",\"@graph\":[{\"@type\":\"WebPage\",\"@id\":\"https:\/\/librairie7l.com\/en\/produit\/yderst-2\/\",\"url\":\"https:\/\/librairie7l.com\/en\/produit\/yderst-2\/\",\"name\":\"Yderst - Librairie 7L\",\"isPartOf\":{\"@id\":\"https:\/\/librairie7l.com\/en\/#website\"},\"datePublished\":\"2026-03-18T09:16:15+00:00\",\"dateModified\":\"2026-04-20T01:36:09+00:00\",\"breadcrumb\":{\"@id\":\"https:\/\/librairie7l.com\/en\/produit\/yderst-2\/#breadcrumb\"},\"inLanguage\":\"en-US\",\"potentialAction\":[{\"@type\":\"ReadAction\",\"target\":[\"https:\/\/librairie7l.com\/en\/produit\/yderst-2\/\"]}]},{\"@type\":\"BreadcrumbList\",\"@id\":\"https:\/\/librairie7l.com\/en\/produit\/yderst-2\/#breadcrumb\",\"itemListElement\":[{\"@type\":\"ListItem\",\"position\":1,\"name\":\"Accueil\",\"item\":\"https:\/\/librairie7l.com\/en\/\"},{\"@type\":\"ListItem\",\"position\":2,\"name\":\"Shop\",\"item\":\"https:\/\/librairie7l.com\/en\/shop\/\"},{\"@type\":\"ListItem\",\"position\":3,\"name\":\"YDERST\"}]},{\"@type\":\"WebSite\",\"@id\":\"https:\/\/librairie7l.com\/en\/#website\",\"url\":\"https:\/\/librairie7l.com\/en\/\",\"name\":\"Librairie 7L\",\"description\":\"Librairie fond\u00e9e en 1999 par Karl Lagerfeld \u00e0 Paris\",\"publisher\":{\"@id\":\"https:\/\/librairie7l.com\/en\/#organization\"},\"potentialAction\":[{\"@type\":\"SearchAction\",\"target\":{\"@type\":\"EntryPoint\",\"urlTemplate\":\"https:\/\/librairie7l.com\/en\/?s={search_term_string}\"},\"query-input\":\"required name=search_term_string\"}],\"inLanguage\":\"en-US\"},{\"@type\":\"Organization\",\"@id\":\"https:\/\/librairie7l.com\/en\/#organization\",\"name\":\"Librairie 7L\",\"url\":\"https:\/\/librairie7l.com\/en\/\",\"logo\":{\"@type\":\"ImageObject\",\"inLanguage\":\"en-US\",\"@id\":\"https:\/\/librairie7l.com\/en\/#\/schema\/logo\/image\/\",\"url\":\"https:\/\/librairie7l.com\/wp-content\/uploads\/2022\/08\/logo-1.png\",\"contentUrl\":\"https:\/\/librairie7l.com\/wp-content\/uploads\/2022\/08\/logo-1.png\",\"width\":227,\"height\":301,\"caption\":\"Librairie 7L\"},\"image\":{\"@id\":\"https:\/\/librairie7l.com\/en\/#\/schema\/logo\/image\/\"}}]}<\/script>\n<!-- \/ Yoast SEO plugin. -->","yoast_head_json":{"title":"Yderst - Librairie 7L","robots":{"index":"index","follow":"follow","max-snippet":"max-snippet:-1","max-image-preview":"max-image-preview:large","max-video-preview":"max-video-preview:-1"},"canonical":"https:\/\/librairie7l.com\/en\/produit\/yderst-2\/","og_locale":"en_US","og_type":"article","og_title":"Yderst - Librairie 7L","og_description":"Yderst (&#8221; fronti\u00e8re lointaine &#8221; en norv\u00e9gien) dresse un portrait po\u00e9tique, culturel et politique des c\u00f4tes du nord de l&#8217;Europe \u00e0 travers le regard du photographe S\u00e9bastien Van Malleghem, accompagn\u00e9 dans son p\u00e9riple de l&#8217;auteure Kristina R. Johnsen. Imagin\u00e9 comme un album avec ses doubles pages images ponctu\u00e9es d&#8217;une quinzaine de portraits de femmes et [&hellip;]","og_url":"https:\/\/librairie7l.com\/en\/produit\/yderst-2\/","og_site_name":"Librairie 7L","article_modified_time":"2026-04-20T01:36:09+00:00","twitter_card":"summary_large_image","twitter_misc":{"Est. reading time":"1 minute"},"schema":{"@context":"https:\/\/schema.org","@graph":[{"@type":"WebPage","@id":"https:\/\/librairie7l.com\/en\/produit\/yderst-2\/","url":"https:\/\/librairie7l.com\/en\/produit\/yderst-2\/","name":"Yderst - Librairie 7L","isPartOf":{"@id":"https:\/\/librairie7l.com\/en\/#website"},"datePublished":"2026-03-18T09:16:15+00:00","dateModified":"2026-04-20T01:36:09+00:00","breadcrumb":{"@id":"https:\/\/librairie7l.com\/en\/produit\/yderst-2\/#breadcrumb"},"inLanguage":"en-US","potentialAction":[{"@type":"ReadAction","target":["https:\/\/librairie7l.com\/en\/produit\/yderst-2\/"]}]},{"@type":"BreadcrumbList","@id":"https:\/\/librairie7l.com\/en\/produit\/yderst-2\/#breadcrumb","itemListElement":[{"@type":"ListItem","position":1,"name":"Accueil","item":"https:\/\/librairie7l.com\/en\/"},{"@type":"ListItem","position":2,"name":"Shop","item":"https:\/\/librairie7l.com\/en\/shop\/"},{"@type":"ListItem","position":3,"name":"YDERST"}]},{"@type":"WebSite","@id":"https:\/\/librairie7l.com\/en\/#website","url":"https:\/\/librairie7l.com\/en\/","name":"Librairie 7L","description":"Librairie fond\u00e9e en 1999 par Karl Lagerfeld \u00e0 Paris","publisher":{"@id":"https:\/\/librairie7l.com\/en\/#organization"},"potentialAction":[{"@type":"SearchAction","target":{"@type":"EntryPoint","urlTemplate":"https:\/\/librairie7l.com\/en\/?s={search_term_string}"},"query-input":"required name=search_term_string"}],"inLanguage":"en-US"},{"@type":"Organization","@id":"https:\/\/librairie7l.com\/en\/#organization","name":"Librairie 7L","url":"https:\/\/librairie7l.com\/en\/","logo":{"@type":"ImageObject","inLanguage":"en-US","@id":"https:\/\/librairie7l.com\/en\/#\/schema\/logo\/image\/","url":"https:\/\/librairie7l.com\/wp-content\/uploads\/2022\/08\/logo-1.png","contentUrl":"https:\/\/librairie7l.com\/wp-content\/uploads\/2022\/08\/logo-1.png","width":227,"height":301,"caption":"Librairie 7L"},"image":{"@id":"https:\/\/librairie7l.com\/en\/#\/schema\/logo\/image\/"}}]}},"_links":{"self":[{"href":"https:\/\/librairie7l.com\/en\/wp-json\/wp\/v2\/product\/55767"}],"collection":[{"href":"https:\/\/librairie7l.com\/en\/wp-json\/wp\/v2\/product"}],"about":[{"href":"https:\/\/librairie7l.com\/en\/wp-json\/wp\/v2\/types\/product"}],"wp:attachment":[{"href":"https:\/\/librairie7l.com\/en\/wp-json\/wp\/v2\/media?parent=55767"}],"wp:term":[{"taxonomy":"product_cat","embeddable":true,"href":"https:\/\/librairie7l.com\/en\/wp-json\/wp\/v2\/product_cat?post=55767"},{"taxonomy":"product_tag","embeddable":true,"href":"https:\/\/librairie7l.com\/en\/wp-json\/wp\/v2\/product_tag?post=55767"}],"curies":[{"name":"wp","href":"https:\/\/api.w.org\/{rel}","templated":true}]}}