{"id":55779,"date":"2026-03-18T10:16:24","date_gmt":"2026-03-18T09:16:24","guid":{"rendered":"https:\/\/librairie7l.com\/?post_type=product&#038;p=55779"},"modified":"2026-04-20T03:39:27","modified_gmt":"2026-04-20T01:39:27","slug":"renoir-dessinateur-2","status":"publish","type":"product","link":"https:\/\/librairie7l.com\/en\/produit\/renoir-dessinateur-2\/","title":{"rendered":"RENOIR DESSINATEUR"},"content":{"rendered":"<p>Bien que moins connues que ses peintures impressionnistes embl\u00e9matiques, les oeuvres sur papier d&#8217;Auguste Renoir ont occup\u00e9 une place centrale dans sa pratique, m\u00eame si ses int\u00e9r\u00eats et ses ambitions ont \u00e9volu\u00e9 au cours de sa longue carri\u00e8re. Renoir dessinateur est le premier ouvrage \u00e0 explorer en profondeur cet aspect de la production de l&#8217;artiste. Pr\u00e9sentant plus de 110 dessins, pastels, aquarelles, estampes et une petite s\u00e9lection de peintures, il r\u00e9v\u00e8le comment Renoir utilisait le papier pour tester ses id\u00e9es, planifier ses compositions et repr\u00e9senter \u00e0 la fois le paysage et la figure humaine, offrant ainsi un aper\u00e7u de ses m\u00e9thodes artistiques sur cinq d\u00e9cennies.<\/p>\n<p>Exposition au mus\u00e9e d&#8217;Orsay du 17 mars au 5 juillet 2026.<\/p>\n","protected":false},"excerpt":{"rendered":"<p>Bien que moins connues que ses peintures impressionnistes embl\u00e9matiques, les oeuvres sur papier d&#8217;Auguste Renoir ont occup\u00e9 une place centrale dans sa pratique, m\u00eame si ses int\u00e9r\u00eats et ses ambitions ont \u00e9volu\u00e9 au cours de sa longue carri\u00e8re. Renoir dessinateur est le premier ouvrage \u00e0 explorer en profondeur cet aspect de la production de l&#8217;artiste. [&hellip;]<\/p>\n","protected":false},"featured_media":55777,"template":"","meta":[],"product_cat":[2948],"product_tag":[],"acf":[],"yoast_head":"<!-- This site is optimized with the Yoast SEO plugin v20.11 - https:\/\/yoast.com\/wordpress\/plugins\/seo\/ -->\n<title>Renoir dessinateur - Librairie 7L<\/title>\n<meta name=\"robots\" content=\"index, follow, max-snippet:-1, max-image-preview:large, max-video-preview:-1\" \/>\n<link rel=\"canonical\" href=\"https:\/\/librairie7l.com\/en\/produit\/renoir-dessinateur-2\/\" \/>\n<meta property=\"og:locale\" content=\"en_US\" \/>\n<meta property=\"og:type\" content=\"article\" \/>\n<meta property=\"og:title\" content=\"Renoir dessinateur - Librairie 7L\" \/>\n<meta property=\"og:description\" content=\"Bien que moins connues que ses peintures impressionnistes embl\u00e9matiques, les oeuvres sur papier d&#8217;Auguste Renoir ont occup\u00e9 une place centrale dans sa pratique, m\u00eame si ses int\u00e9r\u00eats et ses ambitions ont \u00e9volu\u00e9 au cours de sa longue carri\u00e8re. Renoir dessinateur est le premier ouvrage \u00e0 explorer en profondeur cet aspect de la production de l&#8217;artiste. [&hellip;]\" \/>\n<meta property=\"og:url\" content=\"https:\/\/librairie7l.com\/en\/produit\/renoir-dessinateur-2\/\" \/>\n<meta property=\"og:site_name\" content=\"Librairie 7L\" \/>\n<meta property=\"article:modified_time\" content=\"2026-04-20T01:39:27+00:00\" \/>\n<meta property=\"og:image\" content=\"https:\/\/librairie7l.com\/wp-content\/uploads\/2025\/07\/9782711881413_1_75.jpg\" \/>\n\t<meta property=\"og:image:width\" content=\"600\" \/>\n\t<meta property=\"og:image:height\" content=\"802\" \/>\n\t<meta property=\"og:image:type\" content=\"image\/jpeg\" \/>\n<meta name=\"twitter:card\" content=\"summary_large_image\" \/>\n<meta name=\"twitter:label1\" content=\"Est. reading time\" \/>\n\t<meta name=\"twitter:data1\" content=\"1 minute\" \/>\n<script type=\"application\/ld+json\" class=\"yoast-schema-graph\">{\"@context\":\"https:\/\/schema.org\",\"@graph\":[{\"@type\":\"WebPage\",\"@id\":\"https:\/\/librairie7l.com\/en\/produit\/renoir-dessinateur-2\/\",\"url\":\"https:\/\/librairie7l.com\/en\/produit\/renoir-dessinateur-2\/\",\"name\":\"Renoir dessinateur - Librairie 7L\",\"isPartOf\":{\"@id\":\"https:\/\/librairie7l.com\/en\/#website\"},\"datePublished\":\"2026-03-18T09:16:24+00:00\",\"dateModified\":\"2026-04-20T01:39:27+00:00\",\"breadcrumb\":{\"@id\":\"https:\/\/librairie7l.com\/en\/produit\/renoir-dessinateur-2\/#breadcrumb\"},\"inLanguage\":\"en-US\",\"potentialAction\":[{\"@type\":\"ReadAction\",\"target\":[\"https:\/\/librairie7l.com\/en\/produit\/renoir-dessinateur-2\/\"]}]},{\"@type\":\"BreadcrumbList\",\"@id\":\"https:\/\/librairie7l.com\/en\/produit\/renoir-dessinateur-2\/#breadcrumb\",\"itemListElement\":[{\"@type\":\"ListItem\",\"position\":1,\"name\":\"Accueil\",\"item\":\"https:\/\/librairie7l.com\/en\/\"},{\"@type\":\"ListItem\",\"position\":2,\"name\":\"Shop\",\"item\":\"https:\/\/librairie7l.com\/en\/shop\/\"},{\"@type\":\"ListItem\",\"position\":3,\"name\":\"RENOIR DESSINATEUR\"}]},{\"@type\":\"WebSite\",\"@id\":\"https:\/\/librairie7l.com\/en\/#website\",\"url\":\"https:\/\/librairie7l.com\/en\/\",\"name\":\"Librairie 7L\",\"description\":\"Librairie fond\u00e9e en 1999 par Karl Lagerfeld \u00e0 Paris\",\"publisher\":{\"@id\":\"https:\/\/librairie7l.com\/en\/#organization\"},\"potentialAction\":[{\"@type\":\"SearchAction\",\"target\":{\"@type\":\"EntryPoint\",\"urlTemplate\":\"https:\/\/librairie7l.com\/en\/?s={search_term_string}\"},\"query-input\":\"required name=search_term_string\"}],\"inLanguage\":\"en-US\"},{\"@type\":\"Organization\",\"@id\":\"https:\/\/librairie7l.com\/en\/#organization\",\"name\":\"Librairie 7L\",\"url\":\"https:\/\/librairie7l.com\/en\/\",\"logo\":{\"@type\":\"ImageObject\",\"inLanguage\":\"en-US\",\"@id\":\"https:\/\/librairie7l.com\/en\/#\/schema\/logo\/image\/\",\"url\":\"https:\/\/librairie7l.com\/wp-content\/uploads\/2022\/08\/logo-1.png\",\"contentUrl\":\"https:\/\/librairie7l.com\/wp-content\/uploads\/2022\/08\/logo-1.png\",\"width\":227,\"height\":301,\"caption\":\"Librairie 7L\"},\"image\":{\"@id\":\"https:\/\/librairie7l.com\/en\/#\/schema\/logo\/image\/\"}}]}<\/script>\n<!-- \/ Yoast SEO plugin. -->","yoast_head_json":{"title":"Renoir dessinateur - Librairie 7L","robots":{"index":"index","follow":"follow","max-snippet":"max-snippet:-1","max-image-preview":"max-image-preview:large","max-video-preview":"max-video-preview:-1"},"canonical":"https:\/\/librairie7l.com\/en\/produit\/renoir-dessinateur-2\/","og_locale":"en_US","og_type":"article","og_title":"Renoir dessinateur - Librairie 7L","og_description":"Bien que moins connues que ses peintures impressionnistes embl\u00e9matiques, les oeuvres sur papier d&#8217;Auguste Renoir ont occup\u00e9 une place centrale dans sa pratique, m\u00eame si ses int\u00e9r\u00eats et ses ambitions ont \u00e9volu\u00e9 au cours de sa longue carri\u00e8re. Renoir dessinateur est le premier ouvrage \u00e0 explorer en profondeur cet aspect de la production de l&#8217;artiste. [&hellip;]","og_url":"https:\/\/librairie7l.com\/en\/produit\/renoir-dessinateur-2\/","og_site_name":"Librairie 7L","article_modified_time":"2026-04-20T01:39:27+00:00","og_image":[{"width":600,"height":802,"url":"https:\/\/librairie7l.com\/wp-content\/uploads\/2025\/07\/9782711881413_1_75.jpg","type":"image\/jpeg"}],"twitter_card":"summary_large_image","twitter_misc":{"Est. reading time":"1 minute"},"schema":{"@context":"https:\/\/schema.org","@graph":[{"@type":"WebPage","@id":"https:\/\/librairie7l.com\/en\/produit\/renoir-dessinateur-2\/","url":"https:\/\/librairie7l.com\/en\/produit\/renoir-dessinateur-2\/","name":"Renoir dessinateur - Librairie 7L","isPartOf":{"@id":"https:\/\/librairie7l.com\/en\/#website"},"datePublished":"2026-03-18T09:16:24+00:00","dateModified":"2026-04-20T01:39:27+00:00","breadcrumb":{"@id":"https:\/\/librairie7l.com\/en\/produit\/renoir-dessinateur-2\/#breadcrumb"},"inLanguage":"en-US","potentialAction":[{"@type":"ReadAction","target":["https:\/\/librairie7l.com\/en\/produit\/renoir-dessinateur-2\/"]}]},{"@type":"BreadcrumbList","@id":"https:\/\/librairie7l.com\/en\/produit\/renoir-dessinateur-2\/#breadcrumb","itemListElement":[{"@type":"ListItem","position":1,"name":"Accueil","item":"https:\/\/librairie7l.com\/en\/"},{"@type":"ListItem","position":2,"name":"Shop","item":"https:\/\/librairie7l.com\/en\/shop\/"},{"@type":"ListItem","position":3,"name":"RENOIR DESSINATEUR"}]},{"@type":"WebSite","@id":"https:\/\/librairie7l.com\/en\/#website","url":"https:\/\/librairie7l.com\/en\/","name":"Librairie 7L","description":"Librairie fond\u00e9e en 1999 par Karl Lagerfeld \u00e0 Paris","publisher":{"@id":"https:\/\/librairie7l.com\/en\/#organization"},"potentialAction":[{"@type":"SearchAction","target":{"@type":"EntryPoint","urlTemplate":"https:\/\/librairie7l.com\/en\/?s={search_term_string}"},"query-input":"required name=search_term_string"}],"inLanguage":"en-US"},{"@type":"Organization","@id":"https:\/\/librairie7l.com\/en\/#organization","name":"Librairie 7L","url":"https:\/\/librairie7l.com\/en\/","logo":{"@type":"ImageObject","inLanguage":"en-US","@id":"https:\/\/librairie7l.com\/en\/#\/schema\/logo\/image\/","url":"https:\/\/librairie7l.com\/wp-content\/uploads\/2022\/08\/logo-1.png","contentUrl":"https:\/\/librairie7l.com\/wp-content\/uploads\/2022\/08\/logo-1.png","width":227,"height":301,"caption":"Librairie 7L"},"image":{"@id":"https:\/\/librairie7l.com\/en\/#\/schema\/logo\/image\/"}}]}},"_links":{"self":[{"href":"https:\/\/librairie7l.com\/en\/wp-json\/wp\/v2\/product\/55779"}],"collection":[{"href":"https:\/\/librairie7l.com\/en\/wp-json\/wp\/v2\/product"}],"about":[{"href":"https:\/\/librairie7l.com\/en\/wp-json\/wp\/v2\/types\/product"}],"wp:featuredmedia":[{"embeddable":true,"href":"https:\/\/librairie7l.com\/en\/wp-json\/wp\/v2\/media\/55777"}],"wp:attachment":[{"href":"https:\/\/librairie7l.com\/en\/wp-json\/wp\/v2\/media?parent=55779"}],"wp:term":[{"taxonomy":"product_cat","embeddable":true,"href":"https:\/\/librairie7l.com\/en\/wp-json\/wp\/v2\/product_cat?post=55779"},{"taxonomy":"product_tag","embeddable":true,"href":"https:\/\/librairie7l.com\/en\/wp-json\/wp\/v2\/product_tag?post=55779"}],"curies":[{"name":"wp","href":"https:\/\/api.w.org\/{rel}","templated":true}]}}