{"id":55781,"date":"2026-03-18T10:16:26","date_gmt":"2026-03-18T09:16:26","guid":{"rendered":"https:\/\/librairie7l.com\/?post_type=product&#038;p=55781"},"modified":"2026-04-20T04:49:29","modified_gmt":"2026-04-20T02:49:29","slug":"matisse-repertoire-n6-2","status":"publish","type":"product","link":"https:\/\/librairie7l.com\/en\/produit\/matisse-repertoire-n6-2\/","title":{"rendered":"MATISSE : R\u00c9PERTOIRE N\u00b06"},"content":{"rendered":"<p>Parmi la centaine de carnets d&#8217;Henri Matisse, le R\u00e9pertoire 6 est le tout premier publi\u00e9 \u00e0 r\u00e9unir textes et dessins.<br \/>\nCe fac-simil\u00e9 int\u00e9gral d\u00e9voile la gen\u00e8se de l&#8217;un des plus somptueux livres de Matisse, Jazz (1947). Il rend aussi compte du foisonnement des projets que l&#8217;artiste m\u00e8ne de front \u00e0 l&#8217;\u00e9t\u00e9 1946. Au fil des pages, outre les brouillons et essais calligraphiques pour Jazz, on d\u00e9couvre des textes totalement in\u00e9dits, des motifs d\u00e9coratifs pour diff\u00e9rents livres illustr\u00e9s, un portrait de son assistante et mod\u00e8le Lydia D\u00e9lectorskaya, un sch\u00e9ma pour la fresque La Danse, les compositions de ses tentures Polyn\u00e9sies&#8230;<br \/>\nEt entre deux esquisses, sur des pages orn\u00e9es de volutes, se glissent ici une recette, l\u00e0 un psaume, une lettre&#8230;<br \/>\nPlonger dans ce manuscrit \u00e9claire l&#8217;\u00e9volution de la pens\u00e9e de Matisse au quotidien. Une ouverture sur les coulisses de la cr\u00e9ation qui permet d&#8217;en saisir le rythme.<br \/>\n\u00abUn peintre doit se couper la langue\u00bb, disait Matisse, or le R\u00e9pertoire 6 t\u00e9moigne d&#8217;une qualit\u00e9 de plume certaine. Un \u00e9l\u00e9gant livret, gliss\u00e9 dans une reliure astucieuse, r\u00e9unit<br \/>\nla transcription int\u00e9grale des textes et l&#8217;\u00e9tude compl\u00e8te par Anne Th\u00e9ry pour mettre en lumi\u00e8re cette facette moins connue de l&#8217;oeuvre. <\/p>\n<p>Anne Th\u00e9ry est historienne de l&#8217;art, sp\u00e9cialiste des \u00e9crits et propos d&#8217;Henri Matisse.<br \/>\nElle travaille actuellement au sein des archives de l&#8217;artiste \u00e0 Issy-les-Moulineaux.<\/p>\n","protected":false},"excerpt":{"rendered":"<p>Parmi la centaine de carnets d&#8217;Henri Matisse, le R\u00e9pertoire 6 est le tout premier publi\u00e9 \u00e0 r\u00e9unir textes et dessins. Ce fac-simil\u00e9 int\u00e9gral d\u00e9voile la gen\u00e8se de l&#8217;un des plus somptueux livres de Matisse, Jazz (1947). Il rend aussi compte du foisonnement des projets que l&#8217;artiste m\u00e8ne de front \u00e0 l&#8217;\u00e9t\u00e9 1946. Au fil des [&hellip;]<\/p>\n","protected":false},"featured_media":0,"template":"","meta":[],"product_cat":[2948],"product_tag":[],"acf":[],"yoast_head":"<!-- This site is optimized with the Yoast SEO plugin v20.11 - https:\/\/yoast.com\/wordpress\/plugins\/seo\/ -->\n<title>Matisse : R\u00e9pertoire n\u00b06 - Librairie 7L<\/title>\n<meta name=\"robots\" content=\"index, follow, max-snippet:-1, max-image-preview:large, max-video-preview:-1\" \/>\n<link rel=\"canonical\" href=\"https:\/\/librairie7l.com\/en\/produit\/matisse-repertoire-n6-2\/\" \/>\n<meta property=\"og:locale\" content=\"en_US\" \/>\n<meta property=\"og:type\" content=\"article\" \/>\n<meta property=\"og:title\" content=\"Matisse : R\u00e9pertoire n\u00b06 - Librairie 7L\" \/>\n<meta property=\"og:description\" content=\"Parmi la centaine de carnets d&#8217;Henri Matisse, le R\u00e9pertoire 6 est le tout premier publi\u00e9 \u00e0 r\u00e9unir textes et dessins. Ce fac-simil\u00e9 int\u00e9gral d\u00e9voile la gen\u00e8se de l&#8217;un des plus somptueux livres de Matisse, Jazz (1947). Il rend aussi compte du foisonnement des projets que l&#8217;artiste m\u00e8ne de front \u00e0 l&#8217;\u00e9t\u00e9 1946. Au fil des [&hellip;]\" \/>\n<meta property=\"og:url\" content=\"https:\/\/librairie7l.com\/en\/produit\/matisse-repertoire-n6-2\/\" \/>\n<meta property=\"og:site_name\" content=\"Librairie 7L\" \/>\n<meta property=\"article:modified_time\" content=\"2026-04-20T02:49:29+00:00\" \/>\n<meta name=\"twitter:card\" content=\"summary_large_image\" \/>\n<meta name=\"twitter:label1\" content=\"Est. reading time\" \/>\n\t<meta name=\"twitter:data1\" content=\"1 minute\" \/>\n<script type=\"application\/ld+json\" class=\"yoast-schema-graph\">{\"@context\":\"https:\/\/schema.org\",\"@graph\":[{\"@type\":\"WebPage\",\"@id\":\"https:\/\/librairie7l.com\/en\/produit\/matisse-repertoire-n6-2\/\",\"url\":\"https:\/\/librairie7l.com\/en\/produit\/matisse-repertoire-n6-2\/\",\"name\":\"Matisse : R\u00e9pertoire n\u00b06 - Librairie 7L\",\"isPartOf\":{\"@id\":\"https:\/\/librairie7l.com\/en\/#website\"},\"datePublished\":\"2026-03-18T09:16:26+00:00\",\"dateModified\":\"2026-04-20T02:49:29+00:00\",\"breadcrumb\":{\"@id\":\"https:\/\/librairie7l.com\/en\/produit\/matisse-repertoire-n6-2\/#breadcrumb\"},\"inLanguage\":\"en-US\",\"potentialAction\":[{\"@type\":\"ReadAction\",\"target\":[\"https:\/\/librairie7l.com\/en\/produit\/matisse-repertoire-n6-2\/\"]}]},{\"@type\":\"BreadcrumbList\",\"@id\":\"https:\/\/librairie7l.com\/en\/produit\/matisse-repertoire-n6-2\/#breadcrumb\",\"itemListElement\":[{\"@type\":\"ListItem\",\"position\":1,\"name\":\"Accueil\",\"item\":\"https:\/\/librairie7l.com\/en\/\"},{\"@type\":\"ListItem\",\"position\":2,\"name\":\"Shop\",\"item\":\"https:\/\/librairie7l.com\/en\/shop\/\"},{\"@type\":\"ListItem\",\"position\":3,\"name\":\"MATISSE : R\u00c9PERTOIRE N\u00b06\"}]},{\"@type\":\"WebSite\",\"@id\":\"https:\/\/librairie7l.com\/en\/#website\",\"url\":\"https:\/\/librairie7l.com\/en\/\",\"name\":\"Librairie 7L\",\"description\":\"Librairie fond\u00e9e en 1999 par Karl Lagerfeld \u00e0 Paris\",\"publisher\":{\"@id\":\"https:\/\/librairie7l.com\/en\/#organization\"},\"potentialAction\":[{\"@type\":\"SearchAction\",\"target\":{\"@type\":\"EntryPoint\",\"urlTemplate\":\"https:\/\/librairie7l.com\/en\/?s={search_term_string}\"},\"query-input\":\"required name=search_term_string\"}],\"inLanguage\":\"en-US\"},{\"@type\":\"Organization\",\"@id\":\"https:\/\/librairie7l.com\/en\/#organization\",\"name\":\"Librairie 7L\",\"url\":\"https:\/\/librairie7l.com\/en\/\",\"logo\":{\"@type\":\"ImageObject\",\"inLanguage\":\"en-US\",\"@id\":\"https:\/\/librairie7l.com\/en\/#\/schema\/logo\/image\/\",\"url\":\"https:\/\/librairie7l.com\/wp-content\/uploads\/2022\/08\/logo-1.png\",\"contentUrl\":\"https:\/\/librairie7l.com\/wp-content\/uploads\/2022\/08\/logo-1.png\",\"width\":227,\"height\":301,\"caption\":\"Librairie 7L\"},\"image\":{\"@id\":\"https:\/\/librairie7l.com\/en\/#\/schema\/logo\/image\/\"}}]}<\/script>\n<!-- \/ Yoast SEO plugin. -->","yoast_head_json":{"title":"Matisse : R\u00e9pertoire n\u00b06 - Librairie 7L","robots":{"index":"index","follow":"follow","max-snippet":"max-snippet:-1","max-image-preview":"max-image-preview:large","max-video-preview":"max-video-preview:-1"},"canonical":"https:\/\/librairie7l.com\/en\/produit\/matisse-repertoire-n6-2\/","og_locale":"en_US","og_type":"article","og_title":"Matisse : R\u00e9pertoire n\u00b06 - Librairie 7L","og_description":"Parmi la centaine de carnets d&#8217;Henri Matisse, le R\u00e9pertoire 6 est le tout premier publi\u00e9 \u00e0 r\u00e9unir textes et dessins. Ce fac-simil\u00e9 int\u00e9gral d\u00e9voile la gen\u00e8se de l&#8217;un des plus somptueux livres de Matisse, Jazz (1947). Il rend aussi compte du foisonnement des projets que l&#8217;artiste m\u00e8ne de front \u00e0 l&#8217;\u00e9t\u00e9 1946. Au fil des [&hellip;]","og_url":"https:\/\/librairie7l.com\/en\/produit\/matisse-repertoire-n6-2\/","og_site_name":"Librairie 7L","article_modified_time":"2026-04-20T02:49:29+00:00","twitter_card":"summary_large_image","twitter_misc":{"Est. reading time":"1 minute"},"schema":{"@context":"https:\/\/schema.org","@graph":[{"@type":"WebPage","@id":"https:\/\/librairie7l.com\/en\/produit\/matisse-repertoire-n6-2\/","url":"https:\/\/librairie7l.com\/en\/produit\/matisse-repertoire-n6-2\/","name":"Matisse : R\u00e9pertoire n\u00b06 - Librairie 7L","isPartOf":{"@id":"https:\/\/librairie7l.com\/en\/#website"},"datePublished":"2026-03-18T09:16:26+00:00","dateModified":"2026-04-20T02:49:29+00:00","breadcrumb":{"@id":"https:\/\/librairie7l.com\/en\/produit\/matisse-repertoire-n6-2\/#breadcrumb"},"inLanguage":"en-US","potentialAction":[{"@type":"ReadAction","target":["https:\/\/librairie7l.com\/en\/produit\/matisse-repertoire-n6-2\/"]}]},{"@type":"BreadcrumbList","@id":"https:\/\/librairie7l.com\/en\/produit\/matisse-repertoire-n6-2\/#breadcrumb","itemListElement":[{"@type":"ListItem","position":1,"name":"Accueil","item":"https:\/\/librairie7l.com\/en\/"},{"@type":"ListItem","position":2,"name":"Shop","item":"https:\/\/librairie7l.com\/en\/shop\/"},{"@type":"ListItem","position":3,"name":"MATISSE : R\u00c9PERTOIRE N\u00b06"}]},{"@type":"WebSite","@id":"https:\/\/librairie7l.com\/en\/#website","url":"https:\/\/librairie7l.com\/en\/","name":"Librairie 7L","description":"Librairie fond\u00e9e en 1999 par Karl Lagerfeld \u00e0 Paris","publisher":{"@id":"https:\/\/librairie7l.com\/en\/#organization"},"potentialAction":[{"@type":"SearchAction","target":{"@type":"EntryPoint","urlTemplate":"https:\/\/librairie7l.com\/en\/?s={search_term_string}"},"query-input":"required name=search_term_string"}],"inLanguage":"en-US"},{"@type":"Organization","@id":"https:\/\/librairie7l.com\/en\/#organization","name":"Librairie 7L","url":"https:\/\/librairie7l.com\/en\/","logo":{"@type":"ImageObject","inLanguage":"en-US","@id":"https:\/\/librairie7l.com\/en\/#\/schema\/logo\/image\/","url":"https:\/\/librairie7l.com\/wp-content\/uploads\/2022\/08\/logo-1.png","contentUrl":"https:\/\/librairie7l.com\/wp-content\/uploads\/2022\/08\/logo-1.png","width":227,"height":301,"caption":"Librairie 7L"},"image":{"@id":"https:\/\/librairie7l.com\/en\/#\/schema\/logo\/image\/"}}]}},"_links":{"self":[{"href":"https:\/\/librairie7l.com\/en\/wp-json\/wp\/v2\/product\/55781"}],"collection":[{"href":"https:\/\/librairie7l.com\/en\/wp-json\/wp\/v2\/product"}],"about":[{"href":"https:\/\/librairie7l.com\/en\/wp-json\/wp\/v2\/types\/product"}],"wp:attachment":[{"href":"https:\/\/librairie7l.com\/en\/wp-json\/wp\/v2\/media?parent=55781"}],"wp:term":[{"taxonomy":"product_cat","embeddable":true,"href":"https:\/\/librairie7l.com\/en\/wp-json\/wp\/v2\/product_cat?post=55781"},{"taxonomy":"product_tag","embeddable":true,"href":"https:\/\/librairie7l.com\/en\/wp-json\/wp\/v2\/product_tag?post=55781"}],"curies":[{"name":"wp","href":"https:\/\/api.w.org\/{rel}","templated":true}]}}