{"id":55793,"date":"2026-03-18T10:16:33","date_gmt":"2026-03-18T09:16:33","guid":{"rendered":"https:\/\/librairie7l.com\/?post_type=product&#038;p=55793"},"modified":"2026-04-20T03:49:39","modified_gmt":"2026-04-20T01:49:39","slug":"reveler-le-feminin-mode-et-apparences-au-xviiieme-siecle-musee-cognacq-jay-2026-2","status":"publish","type":"product","link":"https:\/\/librairie7l.com\/en\/produit\/reveler-le-feminin-mode-et-apparences-au-xviiieme-siecle-musee-cognacq-jay-2026-2\/","title":{"rendered":"R\u00c9V\u00c9LER LE F\u00c9MININ : MODE ET APPARENCES AU XVIIIEME SI\u00c8CLE : MUS\u00c9E COGNACQ-JAY 2026"},"content":{"rendered":"<p>Quand le mus\u00e9e Cognacq-Jay s&#8217;associe au Palais Galliera, c&#8217;est tout un si\u00e8cle qui s&#8217;anime : celui du XVIII? si\u00e8cle, o\u00f9 la f\u00e9minit\u00e9 s&#8217;invente, se montre, se joue.<br \/>\n\u00c0 travers un dialogue entre oeuvres picturales et pi\u00e8ces textiles d&#8217;\u00e9poque, le catalogue de l&#8217;exposition met en lumi\u00e8re la fa\u00e7on dont les femmes furent repr\u00e9sent\u00e9es, id\u00e9alis\u00e9es, mises en sc\u00e8ne &#8211; entre exigence sociale, codes esth\u00e9tiques et imaginaire de la beaut\u00e9.<br \/>\nPortraits d&#8217;aristocrates, sc\u00e8nes pastorales, f\u00eates galantes : le livre retrace une \u00e9poque o\u00f9 le nouveau style fran\u00e7ais s&#8217;impose dans toute l&#8217;Europe et red\u00e9finit les canons du f\u00e9minin. Cette approche sensible et visuelle du si\u00e8cle des Lumi\u00e8res r\u00e9v\u00e8le \u00e0 la fois une r\u00e9alit\u00e9 mat\u00e9rielle &#8211; celle du v\u00eatement, du corps, du para\u00eetre &#8211; et une cr\u00e9ation imaginaire, celle du r\u00f4le et du regard port\u00e9 sur la femme.<br \/>\nProlongeant ce dialogue entre les si\u00e8cles, le propos s&#8217;ouvre sur la cr\u00e9ation contemporaine, avec des artistes tels que Cindy Sherman, Val\u00e9rie Belin, Steven Meisel, Esther S\u00e9gal ou Andrea Torres Balaguer, qui interrogent \u00e0 leur tour les images codifi\u00e9es de la f\u00e9minit\u00e9 et les clich\u00e9s qu&#8217;elles perp\u00e9tuent ou bousculent.<br \/>\n\u00c9l\u00e9gant et accessible, le catalogue d&#8217;exposition r\u00e9unit une centaine d&#8217;illustrations et des textes de conservateurs, d&#8217;historiens d&#8217;art et de mode. Il s&#8217;adresse autant aux amateurs d&#8217;art et de mode qu&#8217;\u00e0 un public curieux des repr\u00e9sentations du f\u00e9minin dans l&#8217;histoire et la cr\u00e9ation.<\/p>\n","protected":false},"excerpt":{"rendered":"<p>Quand le mus\u00e9e Cognacq-Jay s&#8217;associe au Palais Galliera, c&#8217;est tout un si\u00e8cle qui s&#8217;anime : celui du XVIII? si\u00e8cle, o\u00f9 la f\u00e9minit\u00e9 s&#8217;invente, se montre, se joue. \u00c0 travers un dialogue entre oeuvres picturales et pi\u00e8ces textiles d&#8217;\u00e9poque, le catalogue de l&#8217;exposition met en lumi\u00e8re la fa\u00e7on dont les femmes furent repr\u00e9sent\u00e9es, id\u00e9alis\u00e9es, mises en [&hellip;]<\/p>\n","protected":false},"featured_media":55791,"template":"","meta":[],"product_cat":[2948],"product_tag":[],"acf":[],"yoast_head":"<!-- This site is optimized with the Yoast SEO plugin v20.11 - https:\/\/yoast.com\/wordpress\/plugins\/seo\/ -->\n<title>R\u00e9v\u00e9ler le f\u00e9minin : Mode et apparences au XVIIIeme si\u00e8cle : Mus\u00e9e Cognacq-Jay 2026 - Librairie 7L<\/title>\n<meta name=\"robots\" content=\"index, follow, max-snippet:-1, max-image-preview:large, max-video-preview:-1\" \/>\n<link rel=\"canonical\" href=\"https:\/\/librairie7l.com\/en\/produit\/reveler-le-feminin-mode-et-apparences-au-xviiieme-siecle-musee-cognacq-jay-2026-2\/\" \/>\n<meta property=\"og:locale\" content=\"en_US\" \/>\n<meta property=\"og:type\" content=\"article\" \/>\n<meta property=\"og:title\" content=\"R\u00e9v\u00e9ler le f\u00e9minin : Mode et apparences au XVIIIeme si\u00e8cle : Mus\u00e9e Cognacq-Jay 2026 - Librairie 7L\" \/>\n<meta property=\"og:description\" content=\"Quand le mus\u00e9e Cognacq-Jay s&#8217;associe au Palais Galliera, c&#8217;est tout un si\u00e8cle qui s&#8217;anime : celui du XVIII? si\u00e8cle, o\u00f9 la f\u00e9minit\u00e9 s&#8217;invente, se montre, se joue. \u00c0 travers un dialogue entre oeuvres picturales et pi\u00e8ces textiles d&#8217;\u00e9poque, le catalogue de l&#8217;exposition met en lumi\u00e8re la fa\u00e7on dont les femmes furent repr\u00e9sent\u00e9es, id\u00e9alis\u00e9es, mises en [&hellip;]\" \/>\n<meta property=\"og:url\" content=\"https:\/\/librairie7l.com\/en\/produit\/reveler-le-feminin-mode-et-apparences-au-xviiieme-siecle-musee-cognacq-jay-2026-2\/\" \/>\n<meta property=\"og:site_name\" content=\"Librairie 7L\" \/>\n<meta property=\"article:modified_time\" content=\"2026-04-20T01:49:39+00:00\" \/>\n<meta property=\"og:image\" content=\"https:\/\/librairie7l.com\/wp-content\/uploads\/2025\/10\/9782759606382_1_75.jpg\" \/>\n\t<meta property=\"og:image:width\" content=\"600\" \/>\n\t<meta property=\"og:image:height\" content=\"769\" \/>\n\t<meta property=\"og:image:type\" content=\"image\/jpeg\" \/>\n<meta name=\"twitter:card\" content=\"summary_large_image\" \/>\n<meta name=\"twitter:label1\" content=\"Est. reading time\" \/>\n\t<meta name=\"twitter:data1\" content=\"1 minute\" \/>\n<script type=\"application\/ld+json\" class=\"yoast-schema-graph\">{\"@context\":\"https:\/\/schema.org\",\"@graph\":[{\"@type\":\"WebPage\",\"@id\":\"https:\/\/librairie7l.com\/en\/produit\/reveler-le-feminin-mode-et-apparences-au-xviiieme-siecle-musee-cognacq-jay-2026-2\/\",\"url\":\"https:\/\/librairie7l.com\/en\/produit\/reveler-le-feminin-mode-et-apparences-au-xviiieme-siecle-musee-cognacq-jay-2026-2\/\",\"name\":\"R\u00e9v\u00e9ler le f\u00e9minin : Mode et apparences au XVIIIeme si\u00e8cle : Mus\u00e9e Cognacq-Jay 2026 - Librairie 7L\",\"isPartOf\":{\"@id\":\"https:\/\/librairie7l.com\/en\/#website\"},\"datePublished\":\"2026-03-18T09:16:33+00:00\",\"dateModified\":\"2026-04-20T01:49:39+00:00\",\"breadcrumb\":{\"@id\":\"https:\/\/librairie7l.com\/en\/produit\/reveler-le-feminin-mode-et-apparences-au-xviiieme-siecle-musee-cognacq-jay-2026-2\/#breadcrumb\"},\"inLanguage\":\"en-US\",\"potentialAction\":[{\"@type\":\"ReadAction\",\"target\":[\"https:\/\/librairie7l.com\/en\/produit\/reveler-le-feminin-mode-et-apparences-au-xviiieme-siecle-musee-cognacq-jay-2026-2\/\"]}]},{\"@type\":\"BreadcrumbList\",\"@id\":\"https:\/\/librairie7l.com\/en\/produit\/reveler-le-feminin-mode-et-apparences-au-xviiieme-siecle-musee-cognacq-jay-2026-2\/#breadcrumb\",\"itemListElement\":[{\"@type\":\"ListItem\",\"position\":1,\"name\":\"Accueil\",\"item\":\"https:\/\/librairie7l.com\/en\/\"},{\"@type\":\"ListItem\",\"position\":2,\"name\":\"Shop\",\"item\":\"https:\/\/librairie7l.com\/en\/shop\/\"},{\"@type\":\"ListItem\",\"position\":3,\"name\":\"R\u00c9V\u00c9LER LE F\u00c9MININ : MODE ET APPARENCES AU XVIIIEME SI\u00c8CLE : MUS\u00c9E COGNACQ-JAY 2026\"}]},{\"@type\":\"WebSite\",\"@id\":\"https:\/\/librairie7l.com\/en\/#website\",\"url\":\"https:\/\/librairie7l.com\/en\/\",\"name\":\"Librairie 7L\",\"description\":\"Librairie fond\u00e9e en 1999 par Karl Lagerfeld \u00e0 Paris\",\"publisher\":{\"@id\":\"https:\/\/librairie7l.com\/en\/#organization\"},\"potentialAction\":[{\"@type\":\"SearchAction\",\"target\":{\"@type\":\"EntryPoint\",\"urlTemplate\":\"https:\/\/librairie7l.com\/en\/?s={search_term_string}\"},\"query-input\":\"required name=search_term_string\"}],\"inLanguage\":\"en-US\"},{\"@type\":\"Organization\",\"@id\":\"https:\/\/librairie7l.com\/en\/#organization\",\"name\":\"Librairie 7L\",\"url\":\"https:\/\/librairie7l.com\/en\/\",\"logo\":{\"@type\":\"ImageObject\",\"inLanguage\":\"en-US\",\"@id\":\"https:\/\/librairie7l.com\/en\/#\/schema\/logo\/image\/\",\"url\":\"https:\/\/librairie7l.com\/wp-content\/uploads\/2022\/08\/logo-1.png\",\"contentUrl\":\"https:\/\/librairie7l.com\/wp-content\/uploads\/2022\/08\/logo-1.png\",\"width\":227,\"height\":301,\"caption\":\"Librairie 7L\"},\"image\":{\"@id\":\"https:\/\/librairie7l.com\/en\/#\/schema\/logo\/image\/\"}}]}<\/script>\n<!-- \/ Yoast SEO plugin. -->","yoast_head_json":{"title":"R\u00e9v\u00e9ler le f\u00e9minin : Mode et apparences au XVIIIeme si\u00e8cle : Mus\u00e9e Cognacq-Jay 2026 - Librairie 7L","robots":{"index":"index","follow":"follow","max-snippet":"max-snippet:-1","max-image-preview":"max-image-preview:large","max-video-preview":"max-video-preview:-1"},"canonical":"https:\/\/librairie7l.com\/en\/produit\/reveler-le-feminin-mode-et-apparences-au-xviiieme-siecle-musee-cognacq-jay-2026-2\/","og_locale":"en_US","og_type":"article","og_title":"R\u00e9v\u00e9ler le f\u00e9minin : Mode et apparences au XVIIIeme si\u00e8cle : Mus\u00e9e Cognacq-Jay 2026 - Librairie 7L","og_description":"Quand le mus\u00e9e Cognacq-Jay s&#8217;associe au Palais Galliera, c&#8217;est tout un si\u00e8cle qui s&#8217;anime : celui du XVIII? si\u00e8cle, o\u00f9 la f\u00e9minit\u00e9 s&#8217;invente, se montre, se joue. \u00c0 travers un dialogue entre oeuvres picturales et pi\u00e8ces textiles d&#8217;\u00e9poque, le catalogue de l&#8217;exposition met en lumi\u00e8re la fa\u00e7on dont les femmes furent repr\u00e9sent\u00e9es, id\u00e9alis\u00e9es, mises en [&hellip;]","og_url":"https:\/\/librairie7l.com\/en\/produit\/reveler-le-feminin-mode-et-apparences-au-xviiieme-siecle-musee-cognacq-jay-2026-2\/","og_site_name":"Librairie 7L","article_modified_time":"2026-04-20T01:49:39+00:00","og_image":[{"width":600,"height":769,"url":"https:\/\/librairie7l.com\/wp-content\/uploads\/2025\/10\/9782759606382_1_75.jpg","type":"image\/jpeg"}],"twitter_card":"summary_large_image","twitter_misc":{"Est. reading time":"1 minute"},"schema":{"@context":"https:\/\/schema.org","@graph":[{"@type":"WebPage","@id":"https:\/\/librairie7l.com\/en\/produit\/reveler-le-feminin-mode-et-apparences-au-xviiieme-siecle-musee-cognacq-jay-2026-2\/","url":"https:\/\/librairie7l.com\/en\/produit\/reveler-le-feminin-mode-et-apparences-au-xviiieme-siecle-musee-cognacq-jay-2026-2\/","name":"R\u00e9v\u00e9ler le f\u00e9minin : Mode et apparences au XVIIIeme si\u00e8cle : Mus\u00e9e Cognacq-Jay 2026 - Librairie 7L","isPartOf":{"@id":"https:\/\/librairie7l.com\/en\/#website"},"datePublished":"2026-03-18T09:16:33+00:00","dateModified":"2026-04-20T01:49:39+00:00","breadcrumb":{"@id":"https:\/\/librairie7l.com\/en\/produit\/reveler-le-feminin-mode-et-apparences-au-xviiieme-siecle-musee-cognacq-jay-2026-2\/#breadcrumb"},"inLanguage":"en-US","potentialAction":[{"@type":"ReadAction","target":["https:\/\/librairie7l.com\/en\/produit\/reveler-le-feminin-mode-et-apparences-au-xviiieme-siecle-musee-cognacq-jay-2026-2\/"]}]},{"@type":"BreadcrumbList","@id":"https:\/\/librairie7l.com\/en\/produit\/reveler-le-feminin-mode-et-apparences-au-xviiieme-siecle-musee-cognacq-jay-2026-2\/#breadcrumb","itemListElement":[{"@type":"ListItem","position":1,"name":"Accueil","item":"https:\/\/librairie7l.com\/en\/"},{"@type":"ListItem","position":2,"name":"Shop","item":"https:\/\/librairie7l.com\/en\/shop\/"},{"@type":"ListItem","position":3,"name":"R\u00c9V\u00c9LER LE F\u00c9MININ : MODE ET APPARENCES AU XVIIIEME SI\u00c8CLE : MUS\u00c9E COGNACQ-JAY 2026"}]},{"@type":"WebSite","@id":"https:\/\/librairie7l.com\/en\/#website","url":"https:\/\/librairie7l.com\/en\/","name":"Librairie 7L","description":"Librairie fond\u00e9e en 1999 par Karl Lagerfeld \u00e0 Paris","publisher":{"@id":"https:\/\/librairie7l.com\/en\/#organization"},"potentialAction":[{"@type":"SearchAction","target":{"@type":"EntryPoint","urlTemplate":"https:\/\/librairie7l.com\/en\/?s={search_term_string}"},"query-input":"required name=search_term_string"}],"inLanguage":"en-US"},{"@type":"Organization","@id":"https:\/\/librairie7l.com\/en\/#organization","name":"Librairie 7L","url":"https:\/\/librairie7l.com\/en\/","logo":{"@type":"ImageObject","inLanguage":"en-US","@id":"https:\/\/librairie7l.com\/en\/#\/schema\/logo\/image\/","url":"https:\/\/librairie7l.com\/wp-content\/uploads\/2022\/08\/logo-1.png","contentUrl":"https:\/\/librairie7l.com\/wp-content\/uploads\/2022\/08\/logo-1.png","width":227,"height":301,"caption":"Librairie 7L"},"image":{"@id":"https:\/\/librairie7l.com\/en\/#\/schema\/logo\/image\/"}}]}},"_links":{"self":[{"href":"https:\/\/librairie7l.com\/en\/wp-json\/wp\/v2\/product\/55793"}],"collection":[{"href":"https:\/\/librairie7l.com\/en\/wp-json\/wp\/v2\/product"}],"about":[{"href":"https:\/\/librairie7l.com\/en\/wp-json\/wp\/v2\/types\/product"}],"wp:featuredmedia":[{"embeddable":true,"href":"https:\/\/librairie7l.com\/en\/wp-json\/wp\/v2\/media\/55791"}],"wp:attachment":[{"href":"https:\/\/librairie7l.com\/en\/wp-json\/wp\/v2\/media?parent=55793"}],"wp:term":[{"taxonomy":"product_cat","embeddable":true,"href":"https:\/\/librairie7l.com\/en\/wp-json\/wp\/v2\/product_cat?post=55793"},{"taxonomy":"product_tag","embeddable":true,"href":"https:\/\/librairie7l.com\/en\/wp-json\/wp\/v2\/product_tag?post=55793"}],"curies":[{"name":"wp","href":"https:\/\/api.w.org\/{rel}","templated":true}]}}