{"id":55797,"date":"2026-03-18T10:16:36","date_gmt":"2026-03-18T09:16:36","guid":{"rendered":"https:\/\/librairie7l.com\/?post_type=product&#038;p=55797"},"modified":"2026-04-20T03:42:38","modified_gmt":"2026-04-20T01:42:38","slug":"1913-1923-lesprit-du-temps-paris-celebre-les-arts-dafrique-et-doceanie-2","status":"publish","type":"product","link":"https:\/\/librairie7l.com\/en\/produit\/1913-1923-lesprit-du-temps-paris-celebre-les-arts-dafrique-et-doceanie-2\/","title":{"rendered":"1913-1923 : L&#8217;ESPRIT DU TEMPS ; PARIS C\u00c9L\u00c8BRE LES ARTS D&#8217;AFRIQUE ET D&#8217;OC\u00c9ANIE"},"content":{"rendered":"<p>Au d\u00e9but du XXe si\u00e8cle, l&#8217;histoire de l&#8217;art occidental conna\u00eet un tournant majeur avec l&#8217;introduction des arts africains et oc\u00e9aniens \u00e0 Paris. Ces objets, d&#8217;abord per\u00e7us comme ethnographiques, sont progressivement reconnus comme des oeuvres d&#8217;art \u00e0 part enti\u00e8re.<br \/>\nLes marchands, Paul Guillaume, Joseph Brummer et Charles Vignier, ainsi que les intellectuels, po\u00e8tes et \u00e9crivains comme Andr\u00e9 Level, Henri Clouzot et Guillaume Apollinaire, artistes avant-gardistes tels Vlaminck, Derain, Matisse et Picasso, sont \u00e0 l&#8217;initiative de ce mouvement. Au coeur du quartier Montparnasse, leur engagement a permis de faire \u00e9voluer la perception occidentale de ces objets.<br \/>\n\u00c0 travers des documents d&#8217;archives, des photographies et des sculptures d&#8217;Afrique et d&#8217;Oc\u00e9anie, 1913-1923 : l&#8217;esprit du temps. Paris c\u00e9l\u00e8bre les arts d&#8217;Afrique et d&#8217;Oc\u00e9anie met en lumi\u00e8re des expositions embl\u00e9matiques comme celles de la galerie Levesque (1913), de Lyre et Palette (1916), de la galerie Devambez (1919) ou du pavillon de Marsan du Louvre (1923).<br \/>\nBertrand Goy nous livre le r\u00e9cit de cette d\u00e9cennie historique, dresse le portrait de ces figures de l&#8217;avant-garde et retrace la reconnaissance artistique de ces oeuvres d&#8217;Afrique et d&#8217;Oc\u00e9anie.<\/p>\n<p>Exposition au mus\u00e9e du quai Branly &#8211; Jacques Chirac du 17 mars 2026 au 20 sept. 2026.<\/p>\n","protected":false},"excerpt":{"rendered":"<p>Au d\u00e9but du XXe si\u00e8cle, l&#8217;histoire de l&#8217;art occidental conna\u00eet un tournant majeur avec l&#8217;introduction des arts africains et oc\u00e9aniens \u00e0 Paris. Ces objets, d&#8217;abord per\u00e7us comme ethnographiques, sont progressivement reconnus comme des oeuvres d&#8217;art \u00e0 part enti\u00e8re. Les marchands, Paul Guillaume, Joseph Brummer et Charles Vignier, ainsi que les intellectuels, po\u00e8tes et \u00e9crivains comme [&hellip;]<\/p>\n","protected":false},"featured_media":55795,"template":"","meta":[],"product_cat":[2948],"product_tag":[],"acf":[],"yoast_head":"<!-- This site is optimized with the Yoast SEO plugin v20.11 - https:\/\/yoast.com\/wordpress\/plugins\/seo\/ -->\n<title>1913-1923 : L&#039;esprit du temps ; Paris c\u00e9l\u00e8bre les arts d&#039;Afrique et d&#039;Oc\u00e9anie - Librairie 7L<\/title>\n<meta name=\"robots\" content=\"index, follow, max-snippet:-1, max-image-preview:large, max-video-preview:-1\" \/>\n<link rel=\"canonical\" href=\"https:\/\/librairie7l.com\/en\/produit\/1913-1923-lesprit-du-temps-paris-celebre-les-arts-dafrique-et-doceanie-2\/\" \/>\n<meta property=\"og:locale\" content=\"en_US\" \/>\n<meta property=\"og:type\" content=\"article\" \/>\n<meta property=\"og:title\" content=\"1913-1923 : L&#039;esprit du temps ; Paris c\u00e9l\u00e8bre les arts d&#039;Afrique et d&#039;Oc\u00e9anie - Librairie 7L\" \/>\n<meta property=\"og:description\" content=\"Au d\u00e9but du XXe si\u00e8cle, l&#8217;histoire de l&#8217;art occidental conna\u00eet un tournant majeur avec l&#8217;introduction des arts africains et oc\u00e9aniens \u00e0 Paris. Ces objets, d&#8217;abord per\u00e7us comme ethnographiques, sont progressivement reconnus comme des oeuvres d&#8217;art \u00e0 part enti\u00e8re. Les marchands, Paul Guillaume, Joseph Brummer et Charles Vignier, ainsi que les intellectuels, po\u00e8tes et \u00e9crivains comme [&hellip;]\" \/>\n<meta property=\"og:url\" content=\"https:\/\/librairie7l.com\/en\/produit\/1913-1923-lesprit-du-temps-paris-celebre-les-arts-dafrique-et-doceanie-2\/\" \/>\n<meta property=\"og:site_name\" content=\"Librairie 7L\" \/>\n<meta property=\"article:modified_time\" content=\"2026-04-20T01:42:38+00:00\" \/>\n<meta property=\"og:image\" content=\"https:\/\/librairie7l.com\/wp-content\/uploads\/2025\/10\/9782711881772_1_75.jpg\" \/>\n\t<meta property=\"og:image:width\" content=\"600\" \/>\n\t<meta property=\"og:image:height\" content=\"909\" \/>\n\t<meta property=\"og:image:type\" content=\"image\/jpeg\" \/>\n<meta name=\"twitter:card\" content=\"summary_large_image\" \/>\n<meta name=\"twitter:label1\" content=\"Est. reading time\" \/>\n\t<meta name=\"twitter:data1\" content=\"1 minute\" \/>\n<script type=\"application\/ld+json\" class=\"yoast-schema-graph\">{\"@context\":\"https:\/\/schema.org\",\"@graph\":[{\"@type\":\"WebPage\",\"@id\":\"https:\/\/librairie7l.com\/en\/produit\/1913-1923-lesprit-du-temps-paris-celebre-les-arts-dafrique-et-doceanie-2\/\",\"url\":\"https:\/\/librairie7l.com\/en\/produit\/1913-1923-lesprit-du-temps-paris-celebre-les-arts-dafrique-et-doceanie-2\/\",\"name\":\"1913-1923 : L'esprit du temps ; Paris c\u00e9l\u00e8bre les arts d'Afrique et d'Oc\u00e9anie - Librairie 7L\",\"isPartOf\":{\"@id\":\"https:\/\/librairie7l.com\/en\/#website\"},\"datePublished\":\"2026-03-18T09:16:36+00:00\",\"dateModified\":\"2026-04-20T01:42:38+00:00\",\"breadcrumb\":{\"@id\":\"https:\/\/librairie7l.com\/en\/produit\/1913-1923-lesprit-du-temps-paris-celebre-les-arts-dafrique-et-doceanie-2\/#breadcrumb\"},\"inLanguage\":\"en-US\",\"potentialAction\":[{\"@type\":\"ReadAction\",\"target\":[\"https:\/\/librairie7l.com\/en\/produit\/1913-1923-lesprit-du-temps-paris-celebre-les-arts-dafrique-et-doceanie-2\/\"]}]},{\"@type\":\"BreadcrumbList\",\"@id\":\"https:\/\/librairie7l.com\/en\/produit\/1913-1923-lesprit-du-temps-paris-celebre-les-arts-dafrique-et-doceanie-2\/#breadcrumb\",\"itemListElement\":[{\"@type\":\"ListItem\",\"position\":1,\"name\":\"Accueil\",\"item\":\"https:\/\/librairie7l.com\/en\/\"},{\"@type\":\"ListItem\",\"position\":2,\"name\":\"Shop\",\"item\":\"https:\/\/librairie7l.com\/en\/shop\/\"},{\"@type\":\"ListItem\",\"position\":3,\"name\":\"1913-1923 : L&#8217;ESPRIT DU TEMPS ; PARIS C\u00c9L\u00c8BRE LES ARTS D&#8217;AFRIQUE ET D&#8217;OC\u00c9ANIE\"}]},{\"@type\":\"WebSite\",\"@id\":\"https:\/\/librairie7l.com\/en\/#website\",\"url\":\"https:\/\/librairie7l.com\/en\/\",\"name\":\"Librairie 7L\",\"description\":\"Librairie fond\u00e9e en 1999 par Karl Lagerfeld \u00e0 Paris\",\"publisher\":{\"@id\":\"https:\/\/librairie7l.com\/en\/#organization\"},\"potentialAction\":[{\"@type\":\"SearchAction\",\"target\":{\"@type\":\"EntryPoint\",\"urlTemplate\":\"https:\/\/librairie7l.com\/en\/?s={search_term_string}\"},\"query-input\":\"required name=search_term_string\"}],\"inLanguage\":\"en-US\"},{\"@type\":\"Organization\",\"@id\":\"https:\/\/librairie7l.com\/en\/#organization\",\"name\":\"Librairie 7L\",\"url\":\"https:\/\/librairie7l.com\/en\/\",\"logo\":{\"@type\":\"ImageObject\",\"inLanguage\":\"en-US\",\"@id\":\"https:\/\/librairie7l.com\/en\/#\/schema\/logo\/image\/\",\"url\":\"https:\/\/librairie7l.com\/wp-content\/uploads\/2022\/08\/logo-1.png\",\"contentUrl\":\"https:\/\/librairie7l.com\/wp-content\/uploads\/2022\/08\/logo-1.png\",\"width\":227,\"height\":301,\"caption\":\"Librairie 7L\"},\"image\":{\"@id\":\"https:\/\/librairie7l.com\/en\/#\/schema\/logo\/image\/\"}}]}<\/script>\n<!-- \/ Yoast SEO plugin. -->","yoast_head_json":{"title":"1913-1923 : L'esprit du temps ; Paris c\u00e9l\u00e8bre les arts d'Afrique et d'Oc\u00e9anie - Librairie 7L","robots":{"index":"index","follow":"follow","max-snippet":"max-snippet:-1","max-image-preview":"max-image-preview:large","max-video-preview":"max-video-preview:-1"},"canonical":"https:\/\/librairie7l.com\/en\/produit\/1913-1923-lesprit-du-temps-paris-celebre-les-arts-dafrique-et-doceanie-2\/","og_locale":"en_US","og_type":"article","og_title":"1913-1923 : L'esprit du temps ; Paris c\u00e9l\u00e8bre les arts d'Afrique et d'Oc\u00e9anie - Librairie 7L","og_description":"Au d\u00e9but du XXe si\u00e8cle, l&#8217;histoire de l&#8217;art occidental conna\u00eet un tournant majeur avec l&#8217;introduction des arts africains et oc\u00e9aniens \u00e0 Paris. Ces objets, d&#8217;abord per\u00e7us comme ethnographiques, sont progressivement reconnus comme des oeuvres d&#8217;art \u00e0 part enti\u00e8re. Les marchands, Paul Guillaume, Joseph Brummer et Charles Vignier, ainsi que les intellectuels, po\u00e8tes et \u00e9crivains comme [&hellip;]","og_url":"https:\/\/librairie7l.com\/en\/produit\/1913-1923-lesprit-du-temps-paris-celebre-les-arts-dafrique-et-doceanie-2\/","og_site_name":"Librairie 7L","article_modified_time":"2026-04-20T01:42:38+00:00","og_image":[{"width":600,"height":909,"url":"https:\/\/librairie7l.com\/wp-content\/uploads\/2025\/10\/9782711881772_1_75.jpg","type":"image\/jpeg"}],"twitter_card":"summary_large_image","twitter_misc":{"Est. reading time":"1 minute"},"schema":{"@context":"https:\/\/schema.org","@graph":[{"@type":"WebPage","@id":"https:\/\/librairie7l.com\/en\/produit\/1913-1923-lesprit-du-temps-paris-celebre-les-arts-dafrique-et-doceanie-2\/","url":"https:\/\/librairie7l.com\/en\/produit\/1913-1923-lesprit-du-temps-paris-celebre-les-arts-dafrique-et-doceanie-2\/","name":"1913-1923 : L'esprit du temps ; Paris c\u00e9l\u00e8bre les arts d'Afrique et d'Oc\u00e9anie - Librairie 7L","isPartOf":{"@id":"https:\/\/librairie7l.com\/en\/#website"},"datePublished":"2026-03-18T09:16:36+00:00","dateModified":"2026-04-20T01:42:38+00:00","breadcrumb":{"@id":"https:\/\/librairie7l.com\/en\/produit\/1913-1923-lesprit-du-temps-paris-celebre-les-arts-dafrique-et-doceanie-2\/#breadcrumb"},"inLanguage":"en-US","potentialAction":[{"@type":"ReadAction","target":["https:\/\/librairie7l.com\/en\/produit\/1913-1923-lesprit-du-temps-paris-celebre-les-arts-dafrique-et-doceanie-2\/"]}]},{"@type":"BreadcrumbList","@id":"https:\/\/librairie7l.com\/en\/produit\/1913-1923-lesprit-du-temps-paris-celebre-les-arts-dafrique-et-doceanie-2\/#breadcrumb","itemListElement":[{"@type":"ListItem","position":1,"name":"Accueil","item":"https:\/\/librairie7l.com\/en\/"},{"@type":"ListItem","position":2,"name":"Shop","item":"https:\/\/librairie7l.com\/en\/shop\/"},{"@type":"ListItem","position":3,"name":"1913-1923 : L&#8217;ESPRIT DU TEMPS ; PARIS C\u00c9L\u00c8BRE LES ARTS D&#8217;AFRIQUE ET D&#8217;OC\u00c9ANIE"}]},{"@type":"WebSite","@id":"https:\/\/librairie7l.com\/en\/#website","url":"https:\/\/librairie7l.com\/en\/","name":"Librairie 7L","description":"Librairie fond\u00e9e en 1999 par Karl Lagerfeld \u00e0 Paris","publisher":{"@id":"https:\/\/librairie7l.com\/en\/#organization"},"potentialAction":[{"@type":"SearchAction","target":{"@type":"EntryPoint","urlTemplate":"https:\/\/librairie7l.com\/en\/?s={search_term_string}"},"query-input":"required name=search_term_string"}],"inLanguage":"en-US"},{"@type":"Organization","@id":"https:\/\/librairie7l.com\/en\/#organization","name":"Librairie 7L","url":"https:\/\/librairie7l.com\/en\/","logo":{"@type":"ImageObject","inLanguage":"en-US","@id":"https:\/\/librairie7l.com\/en\/#\/schema\/logo\/image\/","url":"https:\/\/librairie7l.com\/wp-content\/uploads\/2022\/08\/logo-1.png","contentUrl":"https:\/\/librairie7l.com\/wp-content\/uploads\/2022\/08\/logo-1.png","width":227,"height":301,"caption":"Librairie 7L"},"image":{"@id":"https:\/\/librairie7l.com\/en\/#\/schema\/logo\/image\/"}}]}},"_links":{"self":[{"href":"https:\/\/librairie7l.com\/en\/wp-json\/wp\/v2\/product\/55797"}],"collection":[{"href":"https:\/\/librairie7l.com\/en\/wp-json\/wp\/v2\/product"}],"about":[{"href":"https:\/\/librairie7l.com\/en\/wp-json\/wp\/v2\/types\/product"}],"wp:featuredmedia":[{"embeddable":true,"href":"https:\/\/librairie7l.com\/en\/wp-json\/wp\/v2\/media\/55795"}],"wp:attachment":[{"href":"https:\/\/librairie7l.com\/en\/wp-json\/wp\/v2\/media?parent=55797"}],"wp:term":[{"taxonomy":"product_cat","embeddable":true,"href":"https:\/\/librairie7l.com\/en\/wp-json\/wp\/v2\/product_cat?post=55797"},{"taxonomy":"product_tag","embeddable":true,"href":"https:\/\/librairie7l.com\/en\/wp-json\/wp\/v2\/product_tag?post=55797"}],"curies":[{"name":"wp","href":"https:\/\/api.w.org\/{rel}","templated":true}]}}