{"id":55801,"date":"2026-03-18T10:16:38","date_gmt":"2026-03-18T09:16:38","guid":{"rendered":"https:\/\/librairie7l.com\/?post_type=product&#038;p=55801"},"modified":"2026-04-20T03:36:35","modified_gmt":"2026-04-20T01:36:35","slug":"licornes-2","status":"publish","type":"product","link":"https:\/\/librairie7l.com\/en\/produit\/licornes-2\/","title":{"rendered":"LICORNES !"},"content":{"rendered":"<p>\u00c9nigmatique, fascinante, la licorne traverse les si\u00e8cles et les cultures, oscillant entre r\u00e9alit\u00e9 r\u00eav\u00e9e et symbole spirituel ou populaire. Ce catalogue propose une exploration claire et approfondie de ce motif aussi familier que m\u00e9connu. Pour cela il s&#8217;appuie sur plus de 175 oeuvres majeures de l&#8217;Antiquit\u00e9 \u00e0 l&#8217;art contemporain &#8211; manuscrits enlumin\u00e9s, tapisseries m\u00e9di\u00e9vales, peintures de la Renaissance, objets de cabinets de curiosit\u00e9&#8230;<br \/>\nLes essais de grands sp\u00e9cialistes abordent les grandes th\u00e9matiques d\u00e9velopp\u00e9es dans l&#8217;exposition : la diversit\u00e9 des formes de la licorne entre Orient et Occident ; son r\u00f4le dans la Bible et les bestiaires m\u00e9di\u00e9vaux ; les r\u00e9cits de voyageurs comme Marco Polo qui en attestaient l&#8217;existence ; son interpr\u00e9tation religieuse \u00e0 travers notamment de la figure de la Vierge et la licorne ; ou encore ses usages symboliques dans les arts d\u00e9coratifs et la science, du rem\u00e8de suppos\u00e9 tir\u00e9 de sa corne aux embl\u00e8mes h\u00e9raldiques.<br \/>\nL&#8217;ouvrage m\u00eale \u00e9rudition et \u00e9merveillement, r\u00e9v\u00e9lant comment la licorne, tour \u00e0 tour sage, farouche, sensuelle ou gu\u00e9risseuse, refl\u00e8te les croyances, les savoirs et les r\u00eaves de chaque \u00e9poque. Il propose un voyage \u00e0 travers 2 500 ans d&#8217;histoire des images et des id\u00e9es, o\u00f9 l&#8217;art et la l\u00e9gende se confondent pour redonner vie \u00e0 la plus insaisissable des cr\u00e9atures. Un outil de r\u00e9f\u00e9rence aussi bien pour les amateurs d&#8217;art que pour le grand public curieux.<\/p>\n<p>Exposition au mus\u00e9e de Cluny du 10 mars au 12 juillet 2026.<\/p>\n","protected":false},"excerpt":{"rendered":"<p>\u00c9nigmatique, fascinante, la licorne traverse les si\u00e8cles et les cultures, oscillant entre r\u00e9alit\u00e9 r\u00eav\u00e9e et symbole spirituel ou populaire. Ce catalogue propose une exploration claire et approfondie de ce motif aussi familier que m\u00e9connu. Pour cela il s&#8217;appuie sur plus de 175 oeuvres majeures de l&#8217;Antiquit\u00e9 \u00e0 l&#8217;art contemporain &#8211; manuscrits enlumin\u00e9s, tapisseries m\u00e9di\u00e9vales, peintures [&hellip;]<\/p>\n","protected":false},"featured_media":55799,"template":"","meta":[],"product_cat":[2948],"product_tag":[],"acf":[],"yoast_head":"<!-- This site is optimized with the Yoast SEO plugin v20.11 - https:\/\/yoast.com\/wordpress\/plugins\/seo\/ -->\n<title>Licornes ! - Librairie 7L<\/title>\n<meta name=\"robots\" content=\"index, follow, max-snippet:-1, max-image-preview:large, max-video-preview:-1\" \/>\n<link rel=\"canonical\" href=\"https:\/\/librairie7l.com\/en\/produit\/licornes-2\/\" \/>\n<meta property=\"og:locale\" content=\"en_US\" \/>\n<meta property=\"og:type\" content=\"article\" \/>\n<meta property=\"og:title\" content=\"Licornes ! - Librairie 7L\" \/>\n<meta property=\"og:description\" content=\"\u00c9nigmatique, fascinante, la licorne traverse les si\u00e8cles et les cultures, oscillant entre r\u00e9alit\u00e9 r\u00eav\u00e9e et symbole spirituel ou populaire. Ce catalogue propose une exploration claire et approfondie de ce motif aussi familier que m\u00e9connu. Pour cela il s&#8217;appuie sur plus de 175 oeuvres majeures de l&#8217;Antiquit\u00e9 \u00e0 l&#8217;art contemporain &#8211; manuscrits enlumin\u00e9s, tapisseries m\u00e9di\u00e9vales, peintures [&hellip;]\" \/>\n<meta property=\"og:url\" content=\"https:\/\/librairie7l.com\/en\/produit\/licornes-2\/\" \/>\n<meta property=\"og:site_name\" content=\"Librairie 7L\" \/>\n<meta property=\"article:modified_time\" content=\"2026-04-20T01:36:35+00:00\" \/>\n<meta property=\"og:image\" content=\"https:\/\/librairie7l.com\/wp-content\/uploads\/2025\/10\/9782711881789_1_75.jpg\" \/>\n\t<meta property=\"og:image:width\" content=\"600\" \/>\n\t<meta property=\"og:image:height\" content=\"720\" \/>\n\t<meta property=\"og:image:type\" content=\"image\/jpeg\" \/>\n<meta name=\"twitter:card\" content=\"summary_large_image\" \/>\n<meta name=\"twitter:label1\" content=\"Est. reading time\" \/>\n\t<meta name=\"twitter:data1\" content=\"1 minute\" \/>\n<script type=\"application\/ld+json\" class=\"yoast-schema-graph\">{\"@context\":\"https:\/\/schema.org\",\"@graph\":[{\"@type\":\"WebPage\",\"@id\":\"https:\/\/librairie7l.com\/en\/produit\/licornes-2\/\",\"url\":\"https:\/\/librairie7l.com\/en\/produit\/licornes-2\/\",\"name\":\"Licornes ! - Librairie 7L\",\"isPartOf\":{\"@id\":\"https:\/\/librairie7l.com\/en\/#website\"},\"datePublished\":\"2026-03-18T09:16:38+00:00\",\"dateModified\":\"2026-04-20T01:36:35+00:00\",\"breadcrumb\":{\"@id\":\"https:\/\/librairie7l.com\/en\/produit\/licornes-2\/#breadcrumb\"},\"inLanguage\":\"en-US\",\"potentialAction\":[{\"@type\":\"ReadAction\",\"target\":[\"https:\/\/librairie7l.com\/en\/produit\/licornes-2\/\"]}]},{\"@type\":\"BreadcrumbList\",\"@id\":\"https:\/\/librairie7l.com\/en\/produit\/licornes-2\/#breadcrumb\",\"itemListElement\":[{\"@type\":\"ListItem\",\"position\":1,\"name\":\"Accueil\",\"item\":\"https:\/\/librairie7l.com\/en\/\"},{\"@type\":\"ListItem\",\"position\":2,\"name\":\"Shop\",\"item\":\"https:\/\/librairie7l.com\/en\/shop\/\"},{\"@type\":\"ListItem\",\"position\":3,\"name\":\"LICORNES !\"}]},{\"@type\":\"WebSite\",\"@id\":\"https:\/\/librairie7l.com\/en\/#website\",\"url\":\"https:\/\/librairie7l.com\/en\/\",\"name\":\"Librairie 7L\",\"description\":\"Librairie fond\u00e9e en 1999 par Karl Lagerfeld \u00e0 Paris\",\"publisher\":{\"@id\":\"https:\/\/librairie7l.com\/en\/#organization\"},\"potentialAction\":[{\"@type\":\"SearchAction\",\"target\":{\"@type\":\"EntryPoint\",\"urlTemplate\":\"https:\/\/librairie7l.com\/en\/?s={search_term_string}\"},\"query-input\":\"required name=search_term_string\"}],\"inLanguage\":\"en-US\"},{\"@type\":\"Organization\",\"@id\":\"https:\/\/librairie7l.com\/en\/#organization\",\"name\":\"Librairie 7L\",\"url\":\"https:\/\/librairie7l.com\/en\/\",\"logo\":{\"@type\":\"ImageObject\",\"inLanguage\":\"en-US\",\"@id\":\"https:\/\/librairie7l.com\/en\/#\/schema\/logo\/image\/\",\"url\":\"https:\/\/librairie7l.com\/wp-content\/uploads\/2022\/08\/logo-1.png\",\"contentUrl\":\"https:\/\/librairie7l.com\/wp-content\/uploads\/2022\/08\/logo-1.png\",\"width\":227,\"height\":301,\"caption\":\"Librairie 7L\"},\"image\":{\"@id\":\"https:\/\/librairie7l.com\/en\/#\/schema\/logo\/image\/\"}}]}<\/script>\n<!-- \/ Yoast SEO plugin. -->","yoast_head_json":{"title":"Licornes ! - Librairie 7L","robots":{"index":"index","follow":"follow","max-snippet":"max-snippet:-1","max-image-preview":"max-image-preview:large","max-video-preview":"max-video-preview:-1"},"canonical":"https:\/\/librairie7l.com\/en\/produit\/licornes-2\/","og_locale":"en_US","og_type":"article","og_title":"Licornes ! - Librairie 7L","og_description":"\u00c9nigmatique, fascinante, la licorne traverse les si\u00e8cles et les cultures, oscillant entre r\u00e9alit\u00e9 r\u00eav\u00e9e et symbole spirituel ou populaire. Ce catalogue propose une exploration claire et approfondie de ce motif aussi familier que m\u00e9connu. Pour cela il s&#8217;appuie sur plus de 175 oeuvres majeures de l&#8217;Antiquit\u00e9 \u00e0 l&#8217;art contemporain &#8211; manuscrits enlumin\u00e9s, tapisseries m\u00e9di\u00e9vales, peintures [&hellip;]","og_url":"https:\/\/librairie7l.com\/en\/produit\/licornes-2\/","og_site_name":"Librairie 7L","article_modified_time":"2026-04-20T01:36:35+00:00","og_image":[{"width":600,"height":720,"url":"https:\/\/librairie7l.com\/wp-content\/uploads\/2025\/10\/9782711881789_1_75.jpg","type":"image\/jpeg"}],"twitter_card":"summary_large_image","twitter_misc":{"Est. reading time":"1 minute"},"schema":{"@context":"https:\/\/schema.org","@graph":[{"@type":"WebPage","@id":"https:\/\/librairie7l.com\/en\/produit\/licornes-2\/","url":"https:\/\/librairie7l.com\/en\/produit\/licornes-2\/","name":"Licornes ! - Librairie 7L","isPartOf":{"@id":"https:\/\/librairie7l.com\/en\/#website"},"datePublished":"2026-03-18T09:16:38+00:00","dateModified":"2026-04-20T01:36:35+00:00","breadcrumb":{"@id":"https:\/\/librairie7l.com\/en\/produit\/licornes-2\/#breadcrumb"},"inLanguage":"en-US","potentialAction":[{"@type":"ReadAction","target":["https:\/\/librairie7l.com\/en\/produit\/licornes-2\/"]}]},{"@type":"BreadcrumbList","@id":"https:\/\/librairie7l.com\/en\/produit\/licornes-2\/#breadcrumb","itemListElement":[{"@type":"ListItem","position":1,"name":"Accueil","item":"https:\/\/librairie7l.com\/en\/"},{"@type":"ListItem","position":2,"name":"Shop","item":"https:\/\/librairie7l.com\/en\/shop\/"},{"@type":"ListItem","position":3,"name":"LICORNES !"}]},{"@type":"WebSite","@id":"https:\/\/librairie7l.com\/en\/#website","url":"https:\/\/librairie7l.com\/en\/","name":"Librairie 7L","description":"Librairie fond\u00e9e en 1999 par Karl Lagerfeld \u00e0 Paris","publisher":{"@id":"https:\/\/librairie7l.com\/en\/#organization"},"potentialAction":[{"@type":"SearchAction","target":{"@type":"EntryPoint","urlTemplate":"https:\/\/librairie7l.com\/en\/?s={search_term_string}"},"query-input":"required name=search_term_string"}],"inLanguage":"en-US"},{"@type":"Organization","@id":"https:\/\/librairie7l.com\/en\/#organization","name":"Librairie 7L","url":"https:\/\/librairie7l.com\/en\/","logo":{"@type":"ImageObject","inLanguage":"en-US","@id":"https:\/\/librairie7l.com\/en\/#\/schema\/logo\/image\/","url":"https:\/\/librairie7l.com\/wp-content\/uploads\/2022\/08\/logo-1.png","contentUrl":"https:\/\/librairie7l.com\/wp-content\/uploads\/2022\/08\/logo-1.png","width":227,"height":301,"caption":"Librairie 7L"},"image":{"@id":"https:\/\/librairie7l.com\/en\/#\/schema\/logo\/image\/"}}]}},"_links":{"self":[{"href":"https:\/\/librairie7l.com\/en\/wp-json\/wp\/v2\/product\/55801"}],"collection":[{"href":"https:\/\/librairie7l.com\/en\/wp-json\/wp\/v2\/product"}],"about":[{"href":"https:\/\/librairie7l.com\/en\/wp-json\/wp\/v2\/types\/product"}],"wp:featuredmedia":[{"embeddable":true,"href":"https:\/\/librairie7l.com\/en\/wp-json\/wp\/v2\/media\/55799"}],"wp:attachment":[{"href":"https:\/\/librairie7l.com\/en\/wp-json\/wp\/v2\/media?parent=55801"}],"wp:term":[{"taxonomy":"product_cat","embeddable":true,"href":"https:\/\/librairie7l.com\/en\/wp-json\/wp\/v2\/product_cat?post=55801"},{"taxonomy":"product_tag","embeddable":true,"href":"https:\/\/librairie7l.com\/en\/wp-json\/wp\/v2\/product_tag?post=55801"}],"curies":[{"name":"wp","href":"https:\/\/api.w.org\/{rel}","templated":true}]}}